{"id":5274,"date":"2012-04-20T03:35:58","date_gmt":"2012-04-20T03:35:58","guid":{"rendered":"http:\/\/jameshorner-filmmusic.com\/?page_id=5274"},"modified":"2013-03-12T13:32:15","modified_gmt":"2013-03-12T13:32:15","slug":"walter-hill","status":"publish","type":"page","link":"http:\/\/jameshorner-filmmusic.com\/fr\/collaborations\/walter-hill\/","title":{"rendered":"WALTER HILL"},"content":{"rendered":"<div>\n\t<center><\/p>\n<div>\n<table align=\"center\" border=\"0\" cellpadding=\"1\" cellspacing=\"1\" style=\"width: 100%;\">\n<tbody>\n<tr>\n<td style=\"width: 150px; vertical-align: top;\">\n<div>\n\t\t\t\t\t\t\t\t<img decoding=\"async\" alt=\"\" src=\"http:\/\/jameshorner-filmmusic.com\/images\/collaborations\/realisateurs\/hill.jpg\" style=\"height: 150px; width: 150px;\" \/>\n\t\t\t\t\t\t\t<\/div>\n<div style=\"text-align: center;\">\n\t\t\t\t\t\t\t\t&nbsp;\n\t\t\t\t\t\t\t<\/div>\n<\/td>\n<td style=\"vertical-align: top;\">\n<div style=\"text-align: justify;\">\n\t\t\t\t\t\t\t\t<span style=\"font-size: 16px;\"><span style=\"font-family: arial,helvetica,sans-serif;\"><span style=\"color:#4e5e99;\"><b>Walter Hill<\/b><\/span><\/span><\/span> <span style=\"font-size:16px;\"><span style=\"font-family: arial,helvetica,sans-serif;\">est un producteur, r&eacute;alisateur et sc&eacute;nariste am&eacute;ricain, n&eacute; le 10 janvier 1942 &agrave; Long Beach, en Californie (&Eacute;tats-Unis).<\/span><\/span>\n\t\t\t\t\t\t\t<\/div>\n<div style=\"text-align: justify;\">\n<div>\n\t\t\t\t\t\t\t\t\t<span style=\"font-size:16px;\"><span style=\"font-family: arial,helvetica,sans-serif;\">Il commence sa carri&egrave;re cin&eacute;matographique en 1967 en tant que r&eacute;alisateur de seconde &eacute;quipe sur <u>L&#39;Affaire Thomas Crown<\/u>, suivi de <u><span class=\"mw-redirect\">Bullitt<\/span><\/u>. Il passe &agrave; la mise en sc&egrave;ne en 1975 avec <u>Le Bagarreur. <\/u>En 1979 il r&eacute;alise le film devenu culte, <u>Les Guerriers De La Nuit<\/u> puis produit et sc&eacute;narise <u><span class=\"mw-redirect\">Alien &#8211; Le Huiti&egrave;me Passager<\/span><\/u>, de Ridley Scott.<\/span><\/span>\n\t\t\t\t\t\t\t\t<\/div>\n<div>\n\t\t\t\t\t\t\t\t\t<span style=\"font-size:16px;\"><span style=\"font-family: arial,helvetica,sans-serif;\">En 1982, Il r&eacute;alise un succ&egrave;s au box-office avec le duo Eddie Murphy &#8211; Nick Nolte &agrave; l&#39;affiche de&nbsp; <u>48 Heures<\/u>. C&#39;est le premier film d&#39;Eddy Murphy.<\/span><\/span>\n\t\t\t\t\t\t\t\t<\/div>\n<div>\n\t\t\t\t\t\t\t\t\t<span style=\"font-size:16px;\"><span style=\"font-family: arial,helvetica,sans-serif;\"><u>En 2013 il revient sur le devant de la sc&egrave;ne avec Du plomb dans la t&ecirc;te (Bullet to the Head)<\/u> avec Sulvester Stallone dans le r&ocirc;le principal.<\/span><\/span>\n\t\t\t\t\t\t\t\t<\/div>\n<div>\n\t\t\t\t\t\t\t\t\t<span style=\"font-size:16px;\"><span style=\"font-family: arial,helvetica,sans-serif;\">Il s&#39;est souvent associ&eacute; &agrave; Ry Cooder pour ses musiques de films.<\/span><\/span>\n\t\t\t\t\t\t\t\t<\/div>\n<\/p><\/div>\n<div style=\"text-align: justify;\">\n<div>\n\t\t\t\t\t\t\t\t\t<span style=\"font-family:arial,helvetica,sans-serif;\"><span style=\"font-size: 18px;\"><span style=\"color:#4e5e99;\">Source : <\/span><a href=\"http:\/\/en.wikipedia.org\/wiki\/Walter_Hill_%28filmmaker%29\" target=\"_blank\"><span style=\"color:#4e5e99;\">Wikip&eacute;dia<\/span><\/a><\/span><\/span>\n\t\t\t\t\t\t\t\t<\/div>\n<\/p><\/div>\n<\/td>\n<\/tr>\n<tr>\n<td colspan=\"2\" style=\"width: 150px;\">\n<div style=\"text-align: justify;\">\n\t\t\t\t\t\t\t\t&nbsp;\n\t\t\t\t\t\t\t<\/div>\n<div style=\"text-align: justify;\">\n\t\t\t\t\t\t\t\t<img decoding=\"async\" alt=\"\" src=\"http:\/\/jameshorner-filmmusic.com\/images\/collaborations\/projetscommuns.jpg\" style=\"width: 352px; height: 50px;\" \/>\n\t\t\t\t\t\t\t<\/div>\n<div style=\"text-align: justify;\">\n\t\t\t\t\t\t\t\t<!-- BOF Special Recent Posts PRO ver2.1 --><div class=\"srp-widget-container\"><div class=\"srp-widget-column\"><div id=\"srp-singlepost-1\" class=\"srp-widget-singlepost srp-multi-column\"><div class=\"srp-thumbnail-box\"><a class=\"srp-widget-thmblink\" href=\"http:\/\/jameshorner-filmmusic.com\/fr\/intrada-frappe-fort-avec-les-nouvelles-editions-de-48-hrs-et-another-48-hrs\/\" title=\"INTRADA FRAPPE FORT AVEC LES NOUVELLES &Eacute;DITIONS DE 48 HRS. ET ANOTHER 48 HRS..\"><img decoding=\"async\" class=\"srp-widget-thmb\" src=\"http:\/\/jameshorner-filmmusic.com\/wp-content\/plugins\/special-recent-posts\/cache\/MTAwMTAwbm80OGhycy1fcmV2aWV3LTEwMjR4NTA3.jpg\" alt=\"INTRADA FRAPPE FORT AVEC LES NOUVELLES &Eacute;DITIONS DE 48 HRS. ET ANOTHER 48 HRS..\">\n<\/a>\n<\/div>\n<\/div><div id=\"srp-singlepost-2\" class=\"srp-widget-singlepost srp-multi-column\"><div class=\"srp-thumbnail-box\"><a class=\"srp-widget-thmblink\" href=\"http:\/\/jameshorner-filmmusic.com\/fr\/discographie\/another-48-hrs\/\" title=\"ANOTHER 48 HRS\"><img decoding=\"async\" class=\"srp-widget-thmb\" src=\"http:\/\/jameshorner-filmmusic.com\/wp-content\/plugins\/special-recent-posts\/cache\/MTAwMTAwbm9hbm90aGVyMQ==.jpg\" alt=\"ANOTHER 48 HRS\">\n<\/a>\n<\/div>\n<\/div><div id=\"srp-singlepost-3\" class=\"srp-widget-singlepost srp-multi-column\"><div class=\"srp-thumbnail-box\"><a class=\"srp-widget-thmblink\" href=\"http:\/\/jameshorner-filmmusic.com\/fr\/discographie\/red-heat\/\" title=\"RED HEAT\"><img decoding=\"async\" class=\"srp-widget-thmb\" src=\"http:\/\/jameshorner-filmmusic.com\/wp-content\/plugins\/special-recent-posts\/cache\/MTAwMTAwbm9yZWRoZWF0MQ==.jpg\" alt=\"RED HEAT\">\n<\/a>\n<\/div>\n<\/div><div id=\"srp-singlepost-4\" class=\"srp-widget-singlepost srp-multi-column\"><div class=\"srp-thumbnail-box\"><a class=\"srp-widget-thmblink\" href=\"http:\/\/jameshorner-filmmusic.com\/fr\/discographie\/48-hrs\/\" title=\"48 HRS\"><img decoding=\"async\" class=\"srp-widget-thmb\" src=\"http:\/\/jameshorner-filmmusic.com\/wp-content\/plugins\/special-recent-posts\/cache\/MTAwMTAwbm80OC1IcnMtY292ZXI=.jpg\" alt=\"48 HRS\">\n<\/a>\n<\/div>\n<\/div><br style=\"clear:both; height: 0px;\">\n<\/div><!-- EOF Special Recent Posts PRO ver2.5.2 -->\n\t\t\t\t\t\t\t<\/div>\n<div style=\"text-align: justify;\">\n\t\t\t\t\t\t\t\t&nbsp;\n\t\t\t\t\t\t\t<\/div>\n<div style=\"text-align: justify;\">\n\t\t\t\t\t\t\t\t<span style=\"color:#4e5e99;\"><span style=\"font-size: 16px;\"><span style=\"font-family: arial,helvetica,sans-serif;\">Note : bande-originale refus&eacute;e pour Streets Of Fire (1984).<\/span><\/span><\/span>\n\t\t\t\t\t\t\t<\/div>\n<div style=\"text-align: justify;\">\n\t\t\t\t\t\t\t\t&nbsp;\n\t\t\t\t\t\t\t<\/div>\n<div style=\"text-align: justify;\">\n\t\t\t\t\t\t\t\t<img decoding=\"async\" alt=\"\" src=\"http:\/\/jameshorner-filmmusic.com\/images\/collaborations\/articles.jpg\" style=\"width: 352px; height: 63px;\" \/>\n\t\t\t\t\t\t\t<\/div>\n<div style=\"text-align: justify;\">\n\t\t\t\t\t\t\t\t<!-- BOF Special Recent Posts PRO ver2.1 --><div class=\"srp-widget-container\"><div id=\"srp-singlepost-1\" class=\"srp-widget-singlepost srp-single-column\"><div class=\"srp-content-box\"><h4 class=\"srp-post-title\"><a class=\"srp-post-title-link\" href=\"http:\/\/jameshorner-filmmusic.com\/fr\/intrada-frappe-fort-avec-les-nouvelles-editions-de-48-hrs-et-another-48-hrs\/\" title=\"INTRADA FRAPPE FORT AVEC LES NOUVELLES &Eacute;DITIONS DE 48 HRS. ET ANOTHER 48 HRS..\">INTRADA FRAPPE FORT AVEC LES NOUVELLES &Eacute;DITIONS DE 48 HRS. ET ANOTHER 48 HRS..<\/a>\n<\/h4>\n<\/div><\/div><br style=\"clear:both; height: 0px;\">\n<\/div><!-- EOF Special Recent Posts PRO ver2.5.2 -->\n\t\t\t\t\t\t\t<\/div>\n<\/td>\n<\/tr>\n<\/tbody>\n<\/table><\/div>\n<div>\n\t\t\t&nbsp;\n\t\t<\/div>\n<p>\n\t\t\t&nbsp;\n\t\t<\/p>\n<p>\n\t\t\t&nbsp;\n\t\t<\/p>\n<p>\n\t\t\t&nbsp;\n\t\t<\/p>\n<p>\t<\/center>\n<\/div>\n<div>\n\t&nbsp;\n<\/div>\n","protected":false},"excerpt":{"rendered":"<p>&nbsp; Walter Hill est un producteur, r&eacute;alisateur et sc&eacute;nariste am&eacute;ricain, n&eacute; le 10 janvier 1942 &agrave; Long Beach, en Californie [&hellip;]<\/p>\n","protected":false},"author":4,"featured_media":5275,"parent":4865,"menu_order":0,"comment_status":"closed","ping_status":"closed","template":"frfichescollabo.php","meta":{"site-sidebar-layout":"default","site-content-layout":"","ast-site-content-layout":"default","site-content-style":"default","site-sidebar-style":"default","ast-global-header-display":"","ast-banner-title-visibility":"","ast-main-header-display":"","ast-hfb-above-header-display":"","ast-hfb-below-header-display":"","ast-hfb-mobile-header-display":"","site-post-title":"","ast-breadcrumbs-content":"","ast-featured-img":"","footer-sml-layout":"","ast-disable-related-posts":"","theme-transparent-header-meta":"","adv-header-id-meta":"","stick-header-meta":"","header-above-stick-meta":"","header-main-stick-meta":"","header-below-stick-meta":"","astra-migrate-meta-layouts":"default","ast-page-background-enabled":"default","ast-page-background-meta":{"desktop":{"background-color":"var(--ast-global-color-4)","background-image":"","background-repeat":"repeat","background-position":"center center","background-size":"auto","background-attachment":"scroll","background-type":"","background-media":"","overlay-type":"","overlay-color":"","overlay-opacity":"","overlay-gradient":""},"tablet":{"background-color":"","background-image":"","background-repeat":"repeat","background-position":"center center","background-size":"auto","background-attachment":"scroll","background-type":"","background-media":"","overlay-type":"","overlay-color":"","overlay-opacity":"","overlay-gradient":""},"mobile":{"background-color":"","background-image":"","background-repeat":"repeat","background-position":"center center","background-size":"auto","background-attachment":"scroll","background-type":"","background-media":"","overlay-type":"","overlay-color":"","overlay-opacity":"","overlay-gradient":""}},"ast-content-background-meta":{"desktop":{"background-color":"var(--ast-global-color-5)","background-image":"","background-repeat":"repeat","background-position":"center center","background-size":"auto","background-attachment":"scroll","background-type":"","background-media":"","overlay-type":"","overlay-color":"","overlay-opacity":"","overlay-gradient":""},"tablet":{"background-color":"var(--ast-global-color-5)","background-image":"","background-repeat":"repeat","background-position":"center center","background-size":"auto","background-attachment":"scroll","background-type":"","background-media":"","overlay-type":"","overlay-color":"","overlay-opacity":"","overlay-gradient":""},"mobile":{"background-color":"var(--ast-global-color-5)","background-image":"","background-repeat":"repeat","background-position":"center center","background-size":"auto","background-attachment":"scroll","background-type":"","background-media":"","overlay-type":"","overlay-color":"","overlay-opacity":"","overlay-gradient":""}},"footnotes":""},"tags":[11,27,93,304,405],"class_list":["post-5274","page","type-page","status-publish","has-post-thumbnail","hentry","tag-48hrs","tag-another-48-hrs","tag-cutting-cards","tag-red-heat","tag-walter-hill"],"yoast_head":"<!-- This site is optimized with the Yoast SEO plugin v23.4 - https:\/\/yoast.com\/wordpress\/plugins\/seo\/ -->\n<title>WALTER HILL<\/title>\n<meta name=\"description\" content=\"Walter Hill est un producteur, r\u00e9alisateur et sc\u00e9nariste am\u00e9ricain, n\u00e9 le 10 janvier 1942 \u00e0 Long Beach, en Californie (\u00c9tats-Unis).\" \/>\n<meta name=\"robots\" content=\"index, follow, max-snippet:-1, max-image-preview:large, max-video-preview:-1\" \/>\n<link rel=\"canonical\" href=\"http:\/\/jameshorner-filmmusic.com\/fr\/collaborations\/walter-hill\/\" \/>\n<meta property=\"og:locale\" content=\"fr_FR\" \/>\n<meta property=\"og:type\" content=\"article\" \/>\n<meta property=\"og:title\" content=\"WALTER HILL\" \/>\n<meta property=\"og:description\" content=\"Walter Hill est un producteur, r\u00e9alisateur et sc\u00e9nariste am\u00e9ricain, n\u00e9 le 10 janvier 1942 \u00e0 Long Beach, en Californie (\u00c9tats-Unis).\" \/>\n<meta property=\"og:url\" content=\"http:\/\/jameshorner-filmmusic.com\/fr\/collaborations\/walter-hill\/\" \/>\n<meta property=\"og:site_name\" content=\"JAMES HORNER\" \/>\n<meta property=\"article:publisher\" content=\"https:\/\/www.facebook.com\/pages\/James-Horner-Film-Music\/100282013394913\" \/>\n<meta property=\"article:modified_time\" content=\"2013-03-12T13:32:15+00:00\" \/>\n<meta property=\"og:image\" content=\"http:\/\/jameshorner-filmmusic.com\/wp-content\/uploads\/2012\/04\/hill1.jpg\" \/>\n\t<meta property=\"og:image:width\" content=\"300\" \/>\n\t<meta property=\"og:image:height\" content=\"300\" \/>\n\t<meta property=\"og:image:type\" content=\"image\/jpeg\" \/>\n<meta name=\"twitter:label1\" content=\"Dur\u00e9e de lecture estim\u00e9e\" \/>\n\t<meta name=\"twitter:data1\" content=\"2 minutes\" \/>\n<script type=\"application\/ld+json\" class=\"yoast-schema-graph\">{\"@context\":\"https:\/\/schema.org\",\"@graph\":[{\"@type\":\"WebPage\",\"@id\":\"http:\/\/jameshorner-filmmusic.com\/fr\/collaborations\/walter-hill\/\",\"url\":\"http:\/\/jameshorner-filmmusic.com\/fr\/collaborations\/walter-hill\/\",\"name\":\"WALTER HILL\",\"isPartOf\":{\"@id\":\"https:\/\/jameshorner-filmmusic.com\/#website\"},\"primaryImageOfPage\":{\"@id\":\"http:\/\/jameshorner-filmmusic.com\/fr\/collaborations\/walter-hill\/#primaryimage\"},\"image\":{\"@id\":\"http:\/\/jameshorner-filmmusic.com\/fr\/collaborations\/walter-hill\/#primaryimage\"},\"thumbnailUrl\":\"http:\/\/jameshorner-filmmusic.com\/wp-content\/uploads\/2012\/04\/hill1.jpg\",\"datePublished\":\"2012-04-20T03:35:58+00:00\",\"dateModified\":\"2013-03-12T13:32:15+00:00\",\"description\":\"Walter Hill est un producteur, r\u00e9alisateur et sc\u00e9nariste am\u00e9ricain, n\u00e9 le 10 janvier 1942 \u00e0 Long Beach, en Californie (\u00c9tats-Unis).\",\"breadcrumb\":{\"@id\":\"http:\/\/jameshorner-filmmusic.com\/fr\/collaborations\/walter-hill\/#breadcrumb\"},\"inLanguage\":\"fr-FR\",\"potentialAction\":[{\"@type\":\"ReadAction\",\"target\":[\"http:\/\/jameshorner-filmmusic.com\/fr\/collaborations\/walter-hill\/\"]}]},{\"@type\":\"ImageObject\",\"inLanguage\":\"fr-FR\",\"@id\":\"http:\/\/jameshorner-filmmusic.com\/fr\/collaborations\/walter-hill\/#primaryimage\",\"url\":\"http:\/\/jameshorner-filmmusic.com\/wp-content\/uploads\/2012\/04\/hill1.jpg\",\"contentUrl\":\"http:\/\/jameshorner-filmmusic.com\/wp-content\/uploads\/2012\/04\/hill1.jpg\",\"width\":300,\"height\":300},{\"@type\":\"BreadcrumbList\",\"@id\":\"http:\/\/jameshorner-filmmusic.com\/fr\/collaborations\/walter-hill\/#breadcrumb\",\"itemListElement\":[{\"@type\":\"ListItem\",\"position\":1,\"name\":\"COLLABORATIONS\",\"item\":\"http:\/\/jameshorner-filmmusic.com\/fr\/collaborations\/\"},{\"@type\":\"ListItem\",\"position\":2,\"name\":\"WALTER HILL\"}]},{\"@type\":\"WebSite\",\"@id\":\"https:\/\/jameshorner-filmmusic.com\/#website\",\"url\":\"https:\/\/jameshorner-filmmusic.com\/\",\"name\":\"JAMES HORNER\",\"description\":\"JAMES HORNER FILM MUSIC\",\"publisher\":{\"@id\":\"https:\/\/jameshorner-filmmusic.com\/#organization\"},\"potentialAction\":[{\"@type\":\"SearchAction\",\"target\":{\"@type\":\"EntryPoint\",\"urlTemplate\":\"https:\/\/jameshorner-filmmusic.com\/?s={search_term_string}\"},\"query-input\":{\"@type\":\"PropertyValueSpecification\",\"valueRequired\":true,\"valueName\":\"search_term_string\"}}],\"inLanguage\":\"fr-FR\"},{\"@type\":\"Organization\",\"@id\":\"https:\/\/jameshorner-filmmusic.com\/#organization\",\"name\":\"James Horner Film Music\",\"url\":\"https:\/\/jameshorner-filmmusic.com\/\",\"logo\":{\"@type\":\"ImageObject\",\"inLanguage\":\"fr-FR\",\"@id\":\"https:\/\/jameshorner-filmmusic.com\/#\/schema\/logo\/image\/\",\"url\":\"http:\/\/jameshorner-filmmusic.com\/wp-content\/uploads\/2015\/04\/logo-JHFM-2b.png\",\"contentUrl\":\"http:\/\/jameshorner-filmmusic.com\/wp-content\/uploads\/2015\/04\/logo-JHFM-2b.png\",\"width\":250,\"height\":250,\"caption\":\"James Horner Film Music\"},\"image\":{\"@id\":\"https:\/\/jameshorner-filmmusic.com\/#\/schema\/logo\/image\/\"},\"sameAs\":[\"https:\/\/www.facebook.com\/pages\/James-Horner-Film-Music\/100282013394913\",\"https:\/\/x.com\/HORNERFILMMUSIC\",\"https:\/\/www.youtube.com\/channel\/UCzg0Lpstvu-boRkcMewxKSg\"]}]}<\/script>\n<!-- \/ Yoast SEO plugin. -->","yoast_head_json":{"title":"WALTER HILL","description":"Walter Hill est un producteur, r\u00e9alisateur et sc\u00e9nariste am\u00e9ricain, n\u00e9 le 10 janvier 1942 \u00e0 Long Beach, en Californie (\u00c9tats-Unis).","robots":{"index":"index","follow":"follow","max-snippet":"max-snippet:-1","max-image-preview":"max-image-preview:large","max-video-preview":"max-video-preview:-1"},"canonical":"http:\/\/jameshorner-filmmusic.com\/fr\/collaborations\/walter-hill\/","og_locale":"fr_FR","og_type":"article","og_title":"WALTER HILL","og_description":"Walter Hill est un producteur, r\u00e9alisateur et sc\u00e9nariste am\u00e9ricain, n\u00e9 le 10 janvier 1942 \u00e0 Long Beach, en Californie (\u00c9tats-Unis).","og_url":"http:\/\/jameshorner-filmmusic.com\/fr\/collaborations\/walter-hill\/","og_site_name":"JAMES HORNER","article_publisher":"https:\/\/www.facebook.com\/pages\/James-Horner-Film-Music\/100282013394913","article_modified_time":"2013-03-12T13:32:15+00:00","og_image":[{"width":300,"height":300,"url":"http:\/\/jameshorner-filmmusic.com\/wp-content\/uploads\/2012\/04\/hill1.jpg","type":"image\/jpeg"}],"twitter_misc":{"Dur\u00e9e de lecture estim\u00e9e":"2 minutes"},"schema":{"@context":"https:\/\/schema.org","@graph":[{"@type":"WebPage","@id":"http:\/\/jameshorner-filmmusic.com\/fr\/collaborations\/walter-hill\/","url":"http:\/\/jameshorner-filmmusic.com\/fr\/collaborations\/walter-hill\/","name":"WALTER HILL","isPartOf":{"@id":"https:\/\/jameshorner-filmmusic.com\/#website"},"primaryImageOfPage":{"@id":"http:\/\/jameshorner-filmmusic.com\/fr\/collaborations\/walter-hill\/#primaryimage"},"image":{"@id":"http:\/\/jameshorner-filmmusic.com\/fr\/collaborations\/walter-hill\/#primaryimage"},"thumbnailUrl":"http:\/\/jameshorner-filmmusic.com\/wp-content\/uploads\/2012\/04\/hill1.jpg","datePublished":"2012-04-20T03:35:58+00:00","dateModified":"2013-03-12T13:32:15+00:00","description":"Walter Hill est un producteur, r\u00e9alisateur et sc\u00e9nariste am\u00e9ricain, n\u00e9 le 10 janvier 1942 \u00e0 Long Beach, en Californie (\u00c9tats-Unis).","breadcrumb":{"@id":"http:\/\/jameshorner-filmmusic.com\/fr\/collaborations\/walter-hill\/#breadcrumb"},"inLanguage":"fr-FR","potentialAction":[{"@type":"ReadAction","target":["http:\/\/jameshorner-filmmusic.com\/fr\/collaborations\/walter-hill\/"]}]},{"@type":"ImageObject","inLanguage":"fr-FR","@id":"http:\/\/jameshorner-filmmusic.com\/fr\/collaborations\/walter-hill\/#primaryimage","url":"http:\/\/jameshorner-filmmusic.com\/wp-content\/uploads\/2012\/04\/hill1.jpg","contentUrl":"http:\/\/jameshorner-filmmusic.com\/wp-content\/uploads\/2012\/04\/hill1.jpg","width":300,"height":300},{"@type":"BreadcrumbList","@id":"http:\/\/jameshorner-filmmusic.com\/fr\/collaborations\/walter-hill\/#breadcrumb","itemListElement":[{"@type":"ListItem","position":1,"name":"COLLABORATIONS","item":"http:\/\/jameshorner-filmmusic.com\/fr\/collaborations\/"},{"@type":"ListItem","position":2,"name":"WALTER HILL"}]},{"@type":"WebSite","@id":"https:\/\/jameshorner-filmmusic.com\/#website","url":"https:\/\/jameshorner-filmmusic.com\/","name":"JAMES HORNER","description":"JAMES HORNER FILM MUSIC","publisher":{"@id":"https:\/\/jameshorner-filmmusic.com\/#organization"},"potentialAction":[{"@type":"SearchAction","target":{"@type":"EntryPoint","urlTemplate":"https:\/\/jameshorner-filmmusic.com\/?s={search_term_string}"},"query-input":{"@type":"PropertyValueSpecification","valueRequired":true,"valueName":"search_term_string"}}],"inLanguage":"fr-FR"},{"@type":"Organization","@id":"https:\/\/jameshorner-filmmusic.com\/#organization","name":"James Horner Film Music","url":"https:\/\/jameshorner-filmmusic.com\/","logo":{"@type":"ImageObject","inLanguage":"fr-FR","@id":"https:\/\/jameshorner-filmmusic.com\/#\/schema\/logo\/image\/","url":"http:\/\/jameshorner-filmmusic.com\/wp-content\/uploads\/2015\/04\/logo-JHFM-2b.png","contentUrl":"http:\/\/jameshorner-filmmusic.com\/wp-content\/uploads\/2015\/04\/logo-JHFM-2b.png","width":250,"height":250,"caption":"James Horner Film Music"},"image":{"@id":"https:\/\/jameshorner-filmmusic.com\/#\/schema\/logo\/image\/"},"sameAs":["https:\/\/www.facebook.com\/pages\/James-Horner-Film-Music\/100282013394913","https:\/\/x.com\/HORNERFILMMUSIC","https:\/\/www.youtube.com\/channel\/UCzg0Lpstvu-boRkcMewxKSg"]}]}},"_links":{"self":[{"href":"http:\/\/jameshorner-filmmusic.com\/fr\/wp-json\/wp\/v2\/pages\/5274"}],"collection":[{"href":"http:\/\/jameshorner-filmmusic.com\/fr\/wp-json\/wp\/v2\/pages"}],"about":[{"href":"http:\/\/jameshorner-filmmusic.com\/fr\/wp-json\/wp\/v2\/types\/page"}],"author":[{"embeddable":true,"href":"http:\/\/jameshorner-filmmusic.com\/fr\/wp-json\/wp\/v2\/users\/4"}],"replies":[{"embeddable":true,"href":"http:\/\/jameshorner-filmmusic.com\/fr\/wp-json\/wp\/v2\/comments?post=5274"}],"version-history":[{"count":0,"href":"http:\/\/jameshorner-filmmusic.com\/fr\/wp-json\/wp\/v2\/pages\/5274\/revisions"}],"up":[{"embeddable":true,"href":"http:\/\/jameshorner-filmmusic.com\/fr\/wp-json\/wp\/v2\/pages\/4865"}],"wp:featuredmedia":[{"embeddable":true,"href":"http:\/\/jameshorner-filmmusic.com\/fr\/wp-json\/wp\/v2\/media\/5275"}],"wp:attachment":[{"href":"http:\/\/jameshorner-filmmusic.com\/fr\/wp-json\/wp\/v2\/media?parent=5274"}],"wp:term":[{"taxonomy":"post_tag","embeddable":true,"href":"http:\/\/jameshorner-filmmusic.com\/fr\/wp-json\/wp\/v2\/tags?post=5274"}],"curies":[{"name":"wp","href":"https:\/\/api.w.org\/{rel}","templated":true}]}}