{"id":5283,"date":"2012-04-20T11:11:21","date_gmt":"2012-04-20T11:11:21","guid":{"rendered":"http:\/\/jameshorner-filmmusic.com\/?page_id=5283"},"modified":"2013-03-11T23:53:06","modified_gmt":"2013-03-11T23:53:06","slug":"michael-dinner","status":"publish","type":"page","link":"http:\/\/jameshorner-filmmusic.com\/fr\/collaborations\/michael-dinner\/","title":{"rendered":"MICHAEL DINNER"},"content":{"rendered":"<div>\n\t<center><\/p>\n<div>\n<table align=\"center\" border=\"0\" cellpadding=\"1\" cellspacing=\"1\" style=\"width: 100%;\">\n<tbody>\n<tr>\n<td style=\"width: 150px; vertical-align: top;\">\n<div>\n\t\t\t\t\t\t\t\t<img decoding=\"async\" alt=\"\" src=\"http:\/\/jameshorner-filmmusic.com\/images\/collaborations\/realisateurs\/dinner.jpg\" style=\"height: 153px; width: 150px;\" \/>\n\t\t\t\t\t\t\t<\/div>\n<div style=\"text-align: center;\">\n\t\t\t\t\t\t\t\t&nbsp;\n\t\t\t\t\t\t\t<\/div>\n<\/td>\n<td style=\"vertical-align: top;\">\n<div style=\"text-align: justify;\">\n<div>\n\t\t\t\t\t\t\t\t\t<span style=\"font-size:18px;\"><span style=\"font-family: arial,helvetica,sans-serif;\"><span style=\"color:#4e5e99;\"><b>Michael Dinner <\/b><\/span>est un directeur, producteur, et sc&eacute;nariste pour la t&eacute;l&eacute;vison, dipl&ocirc;m&eacute; de l&#39;Universit&eacute; de Harvard et de l&#39;American Film Institute. <\/span><\/span>\n\t\t\t\t\t\t\t\t<\/div>\n<div class=\"ecxMsoNormal\" style=\"text-align: justify;\">\n\t\t\t\t\t\t\t\t\t<span style=\"font-size:18px;\"><span style=\"font-family: arial,helvetica,sans-serif;\"><a -=\"\" 2000=\"\" collaborations=\"\" http:=\"\" jameshorner-filmmusic.fr=\"\" localhost=\"\" span=\"\" touchstone=\"\">Son projet dipl&ocirc;mant pour l&#39;AFI &eacute;tait <u>Miss Lonelyhearts<\/u><\/a><\/span><\/span><span style=\"font-size:18px;\"><span style=\"font-family: arial,helvetica,sans-serif;\">, avec Eric Roberts, un film qui re&ccedil;ut le Prix Sp&eacute;cial du Jury &agrave; la quinzaine des r&eacute;alisateurs du Festival de Cannes, et qui remporta plusieurs prix &agrave; l&#39;international. C&#39;est en effectuant le montage de <u>Miss Lonelyhearts<\/u> que Dinner prit connaissance du sc&eacute;nario pour le drame sur une &eacute;cole catholique de gar&ccedil;ons <u>Heaven Help Us<\/u>. Ce film fit l&#39;ouverture du Festival de Deauville en 1985. Ensuite, Dinner r&eacute;alisa la com&eacute;die <u>Off Beat<\/u> en 1986. <\/span><\/span>\n\t\t\t\t\t\t\t\t<\/div>\n<div class=\"ecxMsoNormal\" style=\"text-align: justify;\">\n\t\t\t\t\t\t\t\t\t<span style=\"font-size:18px;\"><span style=\"font-family: arial,helvetica,sans-serif;\"><a -=\"\" 2000=\"\" collaborations=\"\" http:=\"\" jameshorner-filmmusic.fr=\"\" localhost=\"\" span=\"\" touchstone=\"\">Son incursion dans la t&eacute;l&eacute;vision fut en tant que r&eacute;alisateur de l&#39;&eacute;pisode final de la saison 88-89 de la s&eacute;rie <u>The Wonder Years<\/u><\/a><\/span><\/span><span style=\"font-size:18px;\"><span style=\"font-family: arial,helvetica,sans-serif;\">, qui lui valut sa premi&egrave;re nomination aux Emmy. <\/span><\/span>\n\t\t\t\t\t\t\t\t<\/div>\n<\/p><\/div>\n<div style=\"text-align: justify;\">\n<div>\n\t\t\t\t\t\t\t\t\t&nbsp;\n\t\t\t\t\t\t\t\t<\/div>\n<div>\n\t\t\t\t\t\t\t\t\t<span style=\"font-size:18px;\"><a -=\"\" 2000=\"\" collaborations=\"\" href=\"http:\/\/www.&lt;a href=\" http:=\"\" jameshorner-filmmusic.fr=\"\" localhost=\"\" span=\"\" touchstone=\"\"><span style=\"font-family: arial,helvetica,sans-serif;\"><span style=\"color: rgb(78, 94, 153);\">Source : <\/span><\/span><\/a><span style=\"font-family: arial,helvetica,sans-serif;\"><a href=\"http:\/\/www.filmbug.com\/db\/35166\" target=\"_blank\"><span style=\"color: rgb(78, 94, 153);\">FilmBug<\/span><\/a><\/span><\/span>\n\t\t\t\t\t\t\t\t<\/div>\n<div>\n\t\t\t\t\t\t\t\t\t<span style=\"font-size:10px;\"><a -=\"\" 2000=\"\" collaborations=\"\" href=\"http:\/\/www.&lt;a href=\" http:=\"\" jameshorner-filmmusic.fr=\"\" localhost=\"\" span=\"\" touchstone=\"\">&nbsp;<\/a><\/span>\n\t\t\t\t\t\t\t\t<\/div>\n<\/p><\/div>\n<\/td>\n<\/tr>\n<tr>\n<td colspan=\"2\" style=\"width: 150px;\">\n<div style=\"text-align: justify;\">\n\t\t\t\t\t\t\t\t<span style=\"font-size:10px;\"><a -=\"\" 2000=\"\" collaborations=\"\" href=\"http:\/\/www.&lt;a href=\" http:=\"\" jameshorner-filmmusic.fr=\"\" localhost=\"\" span=\"\" touchstone=\"\">&nbsp;<\/a><\/span>\n\t\t\t\t\t\t\t<\/div>\n<div style=\"text-align: justify;\">\n\t\t\t\t\t\t\t\t<span style=\"font-size:10px;\"><a -=\"\" 2000=\"\" collaborations=\"\" href=\"http:\/\/www.&lt;a href=\" http:=\"\" jameshorner-filmmusic.fr=\"\" localhost=\"\" span=\"\" touchstone=\"\"><img decoding=\"async\" alt=\"\" src=\"http:\/\/jameshorner-filmmusic.com\/images\/collaborations\/projetscommuns.jpg\" style=\"width: 352px; height: 50px;\" \/><\/a><\/span>\n\t\t\t\t\t\t\t<\/div>\n<div style=\"text-align: justify;\">\n\t\t\t\t\t\t\t\t<span style=\"font-size:10px;\"><a -=\"\" 2000=\"\" collaborations=\"\" href=\"http:\/\/www.&lt;a href=\" http:=\"\" jameshorner-filmmusic.fr=\"\" localhost=\"\" span=\"\" touchstone=\"\"><span style=\"color:#4e5e99;\"><span style=\"font-size: 16px;\"><span style=\"font-family: arial,helvetica,sans-serif;\">Note : Aucune de ces musiques n&#39;a &eacute;t&eacute; &eacute;dit&eacute;e pour le moment.<\/span><\/span><\/span><\/a><\/span>\n\t\t\t\t\t\t\t<\/div>\n<div style=\"text-align: justify;\">\n<table border=\"0\" cellpadding=\"1\" cellspacing=\"1\" style=\"width: 200px;\">\n<tbody>\n<tr>\n<td>\n<div style=\"text-align: justify;\">\n\t\t\t\t\t\t\t\t\t\t\t\t\t<span style=\"font-size:10px;\"><a -=\"\" 2000=\"\" collaborations=\"\" href=\"http:\/\/www.&lt;a href=\" http:=\"\" jameshorner-filmmusic.fr=\"\" localhost=\"\" span=\"\" touchstone=\"\"><img decoding=\"async\" alt=\"\" src=\"http:\/\/jameshorner-filmmusic.com\/wp-content\/uploads\/2011\/01\/061_2-210x300.jpg\" style=\"width: 210px; height: 300px;\" \/><\/a><\/span>\n\t\t\t\t\t\t\t\t\t\t\t\t<\/div>\n<\/td>\n<td>\n<div style=\"text-align: justify;\">\n\t\t\t\t\t\t\t\t\t\t\t\t\t<span style=\"font-size:10px;\"><a href=\"http:\/\/jameshorner-filmmusic.com\/images\/bio\/1986-1989\/LE FLIC ETAIT PRESQUE PARFAIT.jpg\"><img decoding=\"async\" alt=\"\" src=\"http:\/\/jameshorner-filmmusic.com\/images\/bio\/1986-1989\/LE%20FLIC%20ETAIT%20PRESQUE%20PARFAIT.jpg\" style=\"width: 203px; height: 300px;\" \/><\/a><\/span>\n\t\t\t\t\t\t\t\t\t\t\t\t<\/div>\n<\/td>\n<\/tr>\n<tr>\n<td style=\"text-align: center;\">\n<div>\n\t\t\t\t\t\t\t\t\t\t\t\t\t<span style=\"font-size:10px;\"><span style=\"font-family:arial,helvetica,sans-serif;\"><span style=\"font-size: 10px;\">&copy;&nbsp;Silver Screen Partners<\/span><\/span><\/span>\n\t\t\t\t\t\t\t\t\t\t\t\t<\/div>\n<\/td>\n<td style=\"text-align: center;\">\n<div>\n\t\t\t\t\t\t\t\t\t\t\t\t\t<span style=\"font-size:10px;\"><span style=\"font-size: 10px;\"><span style=\"font-family: arial,helvetica,sans-serif;\">&copy;<\/span><\/span><span style=\"font-size:10px;\"><span style=\"font-family: arial,helvetica,sans-serif;\">Touchstone Pictures<\/span><\/span><\/span>\n\t\t\t\t\t\t\t\t\t\t\t\t<\/div>\n<\/td>\n<\/tr>\n<\/tbody>\n<\/table><\/div>\n<div style=\"text-align: justify;\">\n\t\t\t\t\t\t\t\t<span style=\"font-size:10px;\"><img decoding=\"async\" alt=\"\" src=\"http:\/\/jameshorner-filmmusic.com\/images\/collaborations\/articles.jpg\" style=\"width: 352px; height: 63px;\" \/><\/span>\n\t\t\t\t\t\t\t<\/div>\n<div style=\"text-align: justify;\">\n\t\t\t\t\t\t\t\t<span style=\"font-size:10px;\"><!-- BOF Special Recent Posts PRO ver2.1 --><div class=\"srp-widget-container\"><p>PAS D'ARTICLE POUR LE MOMENT<\/p>\n<br style=\"clear:both; height: 0px;\">\n<\/div><!-- EOF Special Recent Posts PRO ver2.5.2 --><\/span>\n\t\t\t\t\t\t\t<\/div>\n<\/td>\n<\/tr>\n<\/tbody>\n<\/table><\/div>\n<div>\n\t\t\t<span style=\"font-size:10px;\">&nbsp;<\/span>\n\t\t<\/div>\n<p>\n\t\t\t&nbsp;\n\t\t<\/p>\n<p>\n\t\t\t&nbsp;\n\t\t<\/p>\n<p>\t<\/center>\n<\/div>\n<div>\n\t<span style=\"font-size:10px;\">&nbsp;<\/span>\n<\/div>\n","protected":false},"excerpt":{"rendered":"<p>&nbsp; Michael Dinner est un directeur, producteur, et sc&eacute;nariste pour la t&eacute;l&eacute;vison, dipl&ocirc;m&eacute; de l&#39;Universit&eacute; de Harvard et de l&#39;American [&hellip;]<\/p>\n","protected":false},"author":4,"featured_media":5284,"parent":4865,"menu_order":0,"comment_status":"closed","ping_status":"closed","template":"frfichescollabo.php","meta":{"site-sidebar-layout":"default","site-content-layout":"","ast-site-content-layout":"default","site-content-style":"default","site-sidebar-style":"default","ast-global-header-display":"","ast-banner-title-visibility":"","ast-main-header-display":"","ast-hfb-above-header-display":"","ast-hfb-below-header-display":"","ast-hfb-mobile-header-display":"","site-post-title":"","ast-breadcrumbs-content":"","ast-featured-img":"","footer-sml-layout":"","ast-disable-related-posts":"","theme-transparent-header-meta":"","adv-header-id-meta":"","stick-header-meta":"","header-above-stick-meta":"","header-main-stick-meta":"","header-below-stick-meta":"","astra-migrate-meta-layouts":"default","ast-page-background-enabled":"default","ast-page-background-meta":{"desktop":{"background-color":"var(--ast-global-color-4)","background-image":"","background-repeat":"repeat","background-position":"center center","background-size":"auto","background-attachment":"scroll","background-type":"","background-media":"","overlay-type":"","overlay-color":"","overlay-opacity":"","overlay-gradient":""},"tablet":{"background-color":"","background-image":"","background-repeat":"repeat","background-position":"center center","background-size":"auto","background-attachment":"scroll","background-type":"","background-media":"","overlay-type":"","overlay-color":"","overlay-opacity":"","overlay-gradient":""},"mobile":{"background-color":"","background-image":"","background-repeat":"repeat","background-position":"center center","background-size":"auto","background-attachment":"scroll","background-type":"","background-media":"","overlay-type":"","overlay-color":"","overlay-opacity":"","overlay-gradient":""}},"ast-content-background-meta":{"desktop":{"background-color":"var(--ast-global-color-5)","background-image":"","background-repeat":"repeat","background-position":"center center","background-size":"auto","background-attachment":"scroll","background-type":"","background-media":"","overlay-type":"","overlay-color":"","overlay-opacity":"","overlay-gradient":""},"tablet":{"background-color":"var(--ast-global-color-5)","background-image":"","background-repeat":"repeat","background-position":"center center","background-size":"auto","background-attachment":"scroll","background-type":"","background-media":"","overlay-type":"","overlay-color":"","overlay-opacity":"","overlay-gradient":""},"mobile":{"background-color":"var(--ast-global-color-5)","background-image":"","background-repeat":"repeat","background-position":"center center","background-size":"auto","background-attachment":"scroll","background-type":"","background-media":"","overlay-type":"","overlay-color":"","overlay-opacity":"","overlay-gradient":""}},"footnotes":""},"tags":[165,261,275],"class_list":["post-5283","page","type-page","status-publish","has-post-thumbnail","hentry","tag-heaven-help-us","tag-michael-dinner","tag-off-beat"],"yoast_head":"<!-- This site is optimized with the Yoast SEO plugin v23.4 - https:\/\/yoast.com\/wordpress\/plugins\/seo\/ -->\n<title>MICHAEL DINNER<\/title>\n<meta name=\"description\" content=\"Michael Dinner est un directeur, producteur, et sc\u00e9nariste pour la t\u00e9l\u00e9vison, dipl\u00f4m\u00e9 de l&#039;Universit\u00e9 de Harvard et de l&#039;American Film Institute.\" \/>\n<meta name=\"robots\" content=\"index, follow, max-snippet:-1, max-image-preview:large, max-video-preview:-1\" \/>\n<link rel=\"canonical\" href=\"http:\/\/jameshorner-filmmusic.com\/fr\/collaborations\/michael-dinner\/\" \/>\n<meta property=\"og:locale\" content=\"fr_FR\" \/>\n<meta property=\"og:type\" content=\"article\" \/>\n<meta property=\"og:title\" content=\"MICHAEL DINNER\" \/>\n<meta property=\"og:description\" content=\"Michael Dinner est un directeur, producteur, et sc\u00e9nariste pour la t\u00e9l\u00e9vison, dipl\u00f4m\u00e9 de l&#039;Universit\u00e9 de Harvard et de l&#039;American Film Institute.\" \/>\n<meta property=\"og:url\" content=\"http:\/\/jameshorner-filmmusic.com\/fr\/collaborations\/michael-dinner\/\" \/>\n<meta property=\"og:site_name\" content=\"JAMES HORNER\" \/>\n<meta property=\"article:publisher\" content=\"https:\/\/www.facebook.com\/pages\/James-Horner-Film-Music\/100282013394913\" \/>\n<meta property=\"article:modified_time\" content=\"2013-03-11T23:53:06+00:00\" \/>\n<meta property=\"og:image\" content=\"http:\/\/jameshorner-filmmusic.com\/wp-content\/uploads\/2012\/04\/dinner1.png\" \/>\n\t<meta property=\"og:image:width\" content=\"300\" \/>\n\t<meta property=\"og:image:height\" content=\"300\" \/>\n\t<meta property=\"og:image:type\" content=\"image\/png\" \/>\n<meta name=\"twitter:label1\" content=\"Dur\u00e9e de lecture estim\u00e9e\" \/>\n\t<meta name=\"twitter:data1\" content=\"1 minute\" \/>\n<script type=\"application\/ld+json\" class=\"yoast-schema-graph\">{\"@context\":\"https:\/\/schema.org\",\"@graph\":[{\"@type\":\"WebPage\",\"@id\":\"http:\/\/jameshorner-filmmusic.com\/fr\/collaborations\/michael-dinner\/\",\"url\":\"http:\/\/jameshorner-filmmusic.com\/fr\/collaborations\/michael-dinner\/\",\"name\":\"MICHAEL DINNER\",\"isPartOf\":{\"@id\":\"https:\/\/jameshorner-filmmusic.com\/#website\"},\"primaryImageOfPage\":{\"@id\":\"http:\/\/jameshorner-filmmusic.com\/fr\/collaborations\/michael-dinner\/#primaryimage\"},\"image\":{\"@id\":\"http:\/\/jameshorner-filmmusic.com\/fr\/collaborations\/michael-dinner\/#primaryimage\"},\"thumbnailUrl\":\"http:\/\/jameshorner-filmmusic.com\/wp-content\/uploads\/2012\/04\/dinner1.png\",\"datePublished\":\"2012-04-20T11:11:21+00:00\",\"dateModified\":\"2013-03-11T23:53:06+00:00\",\"description\":\"Michael Dinner est un directeur, producteur, et sc\u00e9nariste pour la t\u00e9l\u00e9vison, dipl\u00f4m\u00e9 de l'Universit\u00e9 de Harvard et de l'American Film Institute.\",\"breadcrumb\":{\"@id\":\"http:\/\/jameshorner-filmmusic.com\/fr\/collaborations\/michael-dinner\/#breadcrumb\"},\"inLanguage\":\"fr-FR\",\"potentialAction\":[{\"@type\":\"ReadAction\",\"target\":[\"http:\/\/jameshorner-filmmusic.com\/fr\/collaborations\/michael-dinner\/\"]}]},{\"@type\":\"ImageObject\",\"inLanguage\":\"fr-FR\",\"@id\":\"http:\/\/jameshorner-filmmusic.com\/fr\/collaborations\/michael-dinner\/#primaryimage\",\"url\":\"http:\/\/jameshorner-filmmusic.com\/wp-content\/uploads\/2012\/04\/dinner1.png\",\"contentUrl\":\"http:\/\/jameshorner-filmmusic.com\/wp-content\/uploads\/2012\/04\/dinner1.png\",\"width\":300,\"height\":300},{\"@type\":\"BreadcrumbList\",\"@id\":\"http:\/\/jameshorner-filmmusic.com\/fr\/collaborations\/michael-dinner\/#breadcrumb\",\"itemListElement\":[{\"@type\":\"ListItem\",\"position\":1,\"name\":\"COLLABORATIONS\",\"item\":\"http:\/\/jameshorner-filmmusic.com\/fr\/collaborations\/\"},{\"@type\":\"ListItem\",\"position\":2,\"name\":\"MICHAEL DINNER\"}]},{\"@type\":\"WebSite\",\"@id\":\"https:\/\/jameshorner-filmmusic.com\/#website\",\"url\":\"https:\/\/jameshorner-filmmusic.com\/\",\"name\":\"JAMES HORNER\",\"description\":\"JAMES HORNER FILM MUSIC\",\"publisher\":{\"@id\":\"https:\/\/jameshorner-filmmusic.com\/#organization\"},\"potentialAction\":[{\"@type\":\"SearchAction\",\"target\":{\"@type\":\"EntryPoint\",\"urlTemplate\":\"https:\/\/jameshorner-filmmusic.com\/?s={search_term_string}\"},\"query-input\":{\"@type\":\"PropertyValueSpecification\",\"valueRequired\":true,\"valueName\":\"search_term_string\"}}],\"inLanguage\":\"fr-FR\"},{\"@type\":\"Organization\",\"@id\":\"https:\/\/jameshorner-filmmusic.com\/#organization\",\"name\":\"James Horner Film Music\",\"url\":\"https:\/\/jameshorner-filmmusic.com\/\",\"logo\":{\"@type\":\"ImageObject\",\"inLanguage\":\"fr-FR\",\"@id\":\"https:\/\/jameshorner-filmmusic.com\/#\/schema\/logo\/image\/\",\"url\":\"http:\/\/jameshorner-filmmusic.com\/wp-content\/uploads\/2015\/04\/logo-JHFM-2b.png\",\"contentUrl\":\"http:\/\/jameshorner-filmmusic.com\/wp-content\/uploads\/2015\/04\/logo-JHFM-2b.png\",\"width\":250,\"height\":250,\"caption\":\"James Horner Film Music\"},\"image\":{\"@id\":\"https:\/\/jameshorner-filmmusic.com\/#\/schema\/logo\/image\/\"},\"sameAs\":[\"https:\/\/www.facebook.com\/pages\/James-Horner-Film-Music\/100282013394913\",\"https:\/\/x.com\/HORNERFILMMUSIC\",\"https:\/\/www.youtube.com\/channel\/UCzg0Lpstvu-boRkcMewxKSg\"]}]}<\/script>\n<!-- \/ Yoast SEO plugin. -->","yoast_head_json":{"title":"MICHAEL DINNER","description":"Michael Dinner est un directeur, producteur, et sc\u00e9nariste pour la t\u00e9l\u00e9vison, dipl\u00f4m\u00e9 de l'Universit\u00e9 de Harvard et de l'American Film Institute.","robots":{"index":"index","follow":"follow","max-snippet":"max-snippet:-1","max-image-preview":"max-image-preview:large","max-video-preview":"max-video-preview:-1"},"canonical":"http:\/\/jameshorner-filmmusic.com\/fr\/collaborations\/michael-dinner\/","og_locale":"fr_FR","og_type":"article","og_title":"MICHAEL DINNER","og_description":"Michael Dinner est un directeur, producteur, et sc\u00e9nariste pour la t\u00e9l\u00e9vison, dipl\u00f4m\u00e9 de l'Universit\u00e9 de Harvard et de l'American Film Institute.","og_url":"http:\/\/jameshorner-filmmusic.com\/fr\/collaborations\/michael-dinner\/","og_site_name":"JAMES HORNER","article_publisher":"https:\/\/www.facebook.com\/pages\/James-Horner-Film-Music\/100282013394913","article_modified_time":"2013-03-11T23:53:06+00:00","og_image":[{"width":300,"height":300,"url":"http:\/\/jameshorner-filmmusic.com\/wp-content\/uploads\/2012\/04\/dinner1.png","type":"image\/png"}],"twitter_misc":{"Dur\u00e9e de lecture estim\u00e9e":"1 minute"},"schema":{"@context":"https:\/\/schema.org","@graph":[{"@type":"WebPage","@id":"http:\/\/jameshorner-filmmusic.com\/fr\/collaborations\/michael-dinner\/","url":"http:\/\/jameshorner-filmmusic.com\/fr\/collaborations\/michael-dinner\/","name":"MICHAEL DINNER","isPartOf":{"@id":"https:\/\/jameshorner-filmmusic.com\/#website"},"primaryImageOfPage":{"@id":"http:\/\/jameshorner-filmmusic.com\/fr\/collaborations\/michael-dinner\/#primaryimage"},"image":{"@id":"http:\/\/jameshorner-filmmusic.com\/fr\/collaborations\/michael-dinner\/#primaryimage"},"thumbnailUrl":"http:\/\/jameshorner-filmmusic.com\/wp-content\/uploads\/2012\/04\/dinner1.png","datePublished":"2012-04-20T11:11:21+00:00","dateModified":"2013-03-11T23:53:06+00:00","description":"Michael Dinner est un directeur, producteur, et sc\u00e9nariste pour la t\u00e9l\u00e9vison, dipl\u00f4m\u00e9 de l'Universit\u00e9 de Harvard et de l'American Film Institute.","breadcrumb":{"@id":"http:\/\/jameshorner-filmmusic.com\/fr\/collaborations\/michael-dinner\/#breadcrumb"},"inLanguage":"fr-FR","potentialAction":[{"@type":"ReadAction","target":["http:\/\/jameshorner-filmmusic.com\/fr\/collaborations\/michael-dinner\/"]}]},{"@type":"ImageObject","inLanguage":"fr-FR","@id":"http:\/\/jameshorner-filmmusic.com\/fr\/collaborations\/michael-dinner\/#primaryimage","url":"http:\/\/jameshorner-filmmusic.com\/wp-content\/uploads\/2012\/04\/dinner1.png","contentUrl":"http:\/\/jameshorner-filmmusic.com\/wp-content\/uploads\/2012\/04\/dinner1.png","width":300,"height":300},{"@type":"BreadcrumbList","@id":"http:\/\/jameshorner-filmmusic.com\/fr\/collaborations\/michael-dinner\/#breadcrumb","itemListElement":[{"@type":"ListItem","position":1,"name":"COLLABORATIONS","item":"http:\/\/jameshorner-filmmusic.com\/fr\/collaborations\/"},{"@type":"ListItem","position":2,"name":"MICHAEL DINNER"}]},{"@type":"WebSite","@id":"https:\/\/jameshorner-filmmusic.com\/#website","url":"https:\/\/jameshorner-filmmusic.com\/","name":"JAMES HORNER","description":"JAMES HORNER FILM MUSIC","publisher":{"@id":"https:\/\/jameshorner-filmmusic.com\/#organization"},"potentialAction":[{"@type":"SearchAction","target":{"@type":"EntryPoint","urlTemplate":"https:\/\/jameshorner-filmmusic.com\/?s={search_term_string}"},"query-input":{"@type":"PropertyValueSpecification","valueRequired":true,"valueName":"search_term_string"}}],"inLanguage":"fr-FR"},{"@type":"Organization","@id":"https:\/\/jameshorner-filmmusic.com\/#organization","name":"James Horner Film Music","url":"https:\/\/jameshorner-filmmusic.com\/","logo":{"@type":"ImageObject","inLanguage":"fr-FR","@id":"https:\/\/jameshorner-filmmusic.com\/#\/schema\/logo\/image\/","url":"http:\/\/jameshorner-filmmusic.com\/wp-content\/uploads\/2015\/04\/logo-JHFM-2b.png","contentUrl":"http:\/\/jameshorner-filmmusic.com\/wp-content\/uploads\/2015\/04\/logo-JHFM-2b.png","width":250,"height":250,"caption":"James Horner Film Music"},"image":{"@id":"https:\/\/jameshorner-filmmusic.com\/#\/schema\/logo\/image\/"},"sameAs":["https:\/\/www.facebook.com\/pages\/James-Horner-Film-Music\/100282013394913","https:\/\/x.com\/HORNERFILMMUSIC","https:\/\/www.youtube.com\/channel\/UCzg0Lpstvu-boRkcMewxKSg"]}]}},"_links":{"self":[{"href":"http:\/\/jameshorner-filmmusic.com\/fr\/wp-json\/wp\/v2\/pages\/5283"}],"collection":[{"href":"http:\/\/jameshorner-filmmusic.com\/fr\/wp-json\/wp\/v2\/pages"}],"about":[{"href":"http:\/\/jameshorner-filmmusic.com\/fr\/wp-json\/wp\/v2\/types\/page"}],"author":[{"embeddable":true,"href":"http:\/\/jameshorner-filmmusic.com\/fr\/wp-json\/wp\/v2\/users\/4"}],"replies":[{"embeddable":true,"href":"http:\/\/jameshorner-filmmusic.com\/fr\/wp-json\/wp\/v2\/comments?post=5283"}],"version-history":[{"count":0,"href":"http:\/\/jameshorner-filmmusic.com\/fr\/wp-json\/wp\/v2\/pages\/5283\/revisions"}],"up":[{"embeddable":true,"href":"http:\/\/jameshorner-filmmusic.com\/fr\/wp-json\/wp\/v2\/pages\/4865"}],"wp:featuredmedia":[{"embeddable":true,"href":"http:\/\/jameshorner-filmmusic.com\/fr\/wp-json\/wp\/v2\/media\/5284"}],"wp:attachment":[{"href":"http:\/\/jameshorner-filmmusic.com\/fr\/wp-json\/wp\/v2\/media?parent=5283"}],"wp:term":[{"taxonomy":"post_tag","embeddable":true,"href":"http:\/\/jameshorner-filmmusic.com\/fr\/wp-json\/wp\/v2\/tags?post=5283"}],"curies":[{"name":"wp","href":"https:\/\/api.w.org\/{rel}","templated":true}]}}