{"id":5306,"date":"2012-04-20T04:55:29","date_gmt":"2012-04-20T04:55:29","guid":{"rendered":"http:\/\/jameshorner-filmmusic.com\/?page_id=5306"},"modified":"2013-03-12T13:30:47","modified_gmt":"2013-03-12T13:30:47","slug":"vadim-perelman","status":"publish","type":"page","link":"http:\/\/jameshorner-filmmusic.com\/fr\/collaborations\/vadim-perelman\/","title":{"rendered":"VADIM PERELMAN"},"content":{"rendered":"<div>\n\t<center><\/p>\n<div>\n<table align=\"center\" border=\"0\" cellpadding=\"1\" cellspacing=\"1\" style=\"width: 100%;\">\n<tbody>\n<tr>\n<td style=\"width: 150px; vertical-align: top;\">\n<div>\n\t\t\t\t\t\t\t\t<img decoding=\"async\" alt=\"\" src=\"http:\/\/jameshorner-filmmusic.com\/images\/collaborations\/realisateurs\/perelman.jpg\" style=\"height: 144px; width: 150px;\" \/>\n\t\t\t\t\t\t\t<\/div>\n<div style=\"text-align: center;\">\n\t\t\t\t\t\t\t\t<span style=\"font-size:10px;\"><span style=\"font-family: arial,helvetica,sans-serif;\"><a class=\"external free\" href=\"http:\/\/oiff.com.ua\/old\/\" rel=\"nofollow\">http:\/\/oiff.com.ua\/old\/<\/a> [<a href=\"www.creativecommons.org\/licenses\/by-sa\/3.0\">CC-BY-SA-3.0<\/a>], <a href=\"http:\/\/commons.wikimedia.org\/wiki\/File%3AVadim_Perelman_Odessa_Fest.jpg\">via Wikimedia Commons<\/a><\/span><\/span>\n\t\t\t\t\t\t\t<\/div>\n<\/td>\n<td style=\"vertical-align: top;\">\n<div style=\"text-align: justify;\">\n\t\t\t\t\t\t\t\t<span style=\"font-size: 16px;\"><span style=\"font-family: arial,helvetica,sans-serif;\"><span style=\"color:#4e5e99;\"><b>Vadim Perelman<\/b><\/span><\/span><\/span> <span style=\"font-size: 16px;\"><span style=\"font-family: arial,helvetica,sans-serif;\">est un <\/span><\/span><span style=\"font-size:16px;\"><span style=\"font-family: arial,helvetica,sans-serif;\">r&eacute;alisateur et producteur russo-am&eacute;ricain n&eacute; en 1963 &agrave; Kiev (Ukraine<\/span><\/span><span style=\"font-size: 16px;\"><span style=\"font-family: arial,helvetica,sans-serif;\">).<\/span><\/span>\n\t\t\t\t\t\t\t<\/div>\n<div style=\"text-align: justify;\">\n\t\t\t\t\t\t\t\t<span style=\"font-size: 16px;\"><span style=\"font-family: arial,helvetica,sans-serif;\">Il a &eacute;tudi&eacute; &agrave; la prestigieuse universit&eacute; de Ryerson penadant deux ans avant de cr&eacute;er sa propre maison de production &agrave; Toronto. (Canned films) <\/span><\/span>\n\t\t\t\t\t\t\t<\/div>\n<div style=\"text-align: justify;\">\n\t\t\t\t\t\t\t\t<span style=\"font-size: 16px;\"><span style=\"font-family: arial,helvetica,sans-serif;\">Arriv&eacute; en californie il d&eacute;but dans la r&eacute;alisation en 2003 avec <\/span><\/span><span style=\"font-size:16px;\"><span style=\"font-family: arial,helvetica,sans-serif;\">House of Sand and Fog. Le film obtient 3 nominations aux oscars. Il est &agrave; l&#39;origine du sc&eacute;nario dans lequel il a int&eacute;gr&eacute; sa propre exp&eacute;rience d&#39;immigrant. <\/span><\/span>\n\t\t\t\t\t\t\t<\/div>\n<div style=\"text-align: justify;\">\n\t\t\t\t\t\t\t\t<span style=\"font-size: 16px;\"><span style=\"font-family: arial,helvetica,sans-serif;\">Son deuxi&egrave;me film La vie devant ses yeux (2006) (<span class=\"mw-redirect\">The Life Before Her Eyes<\/span>) a &eacute;t&eacute; financ&eacute; par le studio ind&eacute;pendant <span class=\"mw-redirect\">2929 Productions et met en sc&egrave;ne Uma Thurman et Evan Rachel Wood. Il est bas&eacute; sur le livre du m&ecirc;me nom de Laura Kasischkle.<\/span><\/span><\/span>\n\t\t\t\t\t\t\t<\/div>\n<div style=\"text-align: justify;\">\n<div>\n\t\t\t\t\t\t\t\t\t<span style=\"font-family:arial,helvetica,sans-serif;\"><span style=\"font-size: 18px;\"><span style=\"color:#4e5e99;\">Source : <\/span><a href=\"http:\/\/en.wikipedia.org\/wiki\/Vadim_Perelman\" target=\"_blank\"><span style=\"color:#4e5e99;\">Wikip&eacute;dia<\/span><\/a><\/span><\/span>\n\t\t\t\t\t\t\t\t<\/div>\n<\/p><\/div>\n<\/td>\n<\/tr>\n<tr>\n<td colspan=\"2\" style=\"width: 150px;\">\n<div style=\"text-align: justify;\">\n\t\t\t\t\t\t\t\t<img decoding=\"async\" alt=\"\" src=\"http:\/\/jameshorner-filmmusic.com\/images\/collaborations\/projetscommuns.jpg\" style=\"width: 352px; height: 50px;\" \/>\n\t\t\t\t\t\t\t<\/div>\n<div style=\"text-align: justify;\">\n\t\t\t\t\t\t\t\t<!-- BOF Special Recent Posts PRO ver2.1 --><div class=\"srp-widget-container\"><div class=\"srp-widget-column\"><div id=\"srp-singlepost-1\" class=\"srp-widget-singlepost srp-multi-column\"><div class=\"srp-thumbnail-box\"><a class=\"srp-widget-thmblink\" href=\"http:\/\/jameshorner-filmmusic.com\/fr\/discographie\/the-life-before-her-eyes\/\" title=\"THE LIFE BEFORE HER EYES\"><img decoding=\"async\" class=\"srp-widget-thmb\" src=\"http:\/\/jameshorner-filmmusic.com\/wp-content\/plugins\/special-recent-posts\/cache\/MTAwMTAwbm90aGVsaWZlMQ==.jpg\" alt=\"THE LIFE BEFORE HER EYES\">\n<\/a>\n<\/div>\n<\/div><div id=\"srp-singlepost-2\" class=\"srp-widget-singlepost srp-multi-column\"><div class=\"srp-thumbnail-box\"><a class=\"srp-widget-thmblink\" href=\"http:\/\/jameshorner-filmmusic.com\/fr\/discographie\/house-of-sand-and-fog\/\" title=\"HOUSE OF SAND AND FOG\"><img decoding=\"async\" class=\"srp-widget-thmb\" src=\"http:\/\/jameshorner-filmmusic.com\/wp-content\/plugins\/special-recent-posts\/cache\/MTAwMTAwbm9ob3VzZTE=.jpg\" alt=\"HOUSE OF SAND AND FOG\">\n<\/a>\n<\/div>\n<\/div><br style=\"clear:both; height: 0px;\">\n<\/div><!-- EOF Special Recent Posts PRO ver2.5.2 -->\n\t\t\t\t\t\t\t<\/div>\n<div style=\"text-align: justify;\">\n\t\t\t\t\t\t\t\t&nbsp;\n\t\t\t\t\t\t\t<\/div>\n<div style=\"text-align: justify;\">\n\t\t\t\t\t\t\t\t<img decoding=\"async\" alt=\"\" src=\"http:\/\/jameshorner-filmmusic.com\/images\/collaborations\/articles.jpg\" style=\"width: 352px; height: 63px;\" \/>\n\t\t\t\t\t\t\t<\/div>\n<div style=\"text-align: justify;\">\n\t\t\t\t\t\t\t\t<!-- BOF Special Recent Posts PRO ver2.1 --><div class=\"srp-widget-container\"><p>PAS D'ARTICLE POUR LE MOMENT<\/p>\n<br style=\"clear:both; height: 0px;\">\n<\/div><!-- EOF Special Recent Posts PRO ver2.5.2 -->\n\t\t\t\t\t\t\t<\/div>\n<\/td>\n<\/tr>\n<\/tbody>\n<\/table><\/div>\n<div>\n\t\t\t&nbsp;\n\t\t<\/div>\n<p>\n\t\t\t&nbsp;\n\t\t<\/p>\n<p>\n\t\t\t&nbsp;\n\t\t<\/p>\n<p>\t<\/center>\n<\/div>\n<div>\n\t&nbsp;\n<\/div>\n","protected":false},"excerpt":{"rendered":"<p>http:\/\/oiff.com.ua\/old\/ [CC-BY-SA-3.0], via Wikimedia Commons Vadim Perelman est un r&eacute;alisateur et producteur russo-am&eacute;ricain n&eacute; en 1963 &agrave; Kiev (Ukraine). Il [&hellip;]<\/p>\n","protected":false},"author":4,"featured_media":5307,"parent":4865,"menu_order":0,"comment_status":"closed","ping_status":"closed","template":"frfichescollabo.php","meta":{"site-sidebar-layout":"default","site-content-layout":"","ast-site-content-layout":"default","site-content-style":"default","site-sidebar-style":"default","ast-global-header-display":"","ast-banner-title-visibility":"","ast-main-header-display":"","ast-hfb-above-header-display":"","ast-hfb-below-header-display":"","ast-hfb-mobile-header-display":"","site-post-title":"","ast-breadcrumbs-content":"","ast-featured-img":"","footer-sml-layout":"","ast-disable-related-posts":"","theme-transparent-header-meta":"","adv-header-id-meta":"","stick-header-meta":"","header-above-stick-meta":"","header-main-stick-meta":"","header-below-stick-meta":"","astra-migrate-meta-layouts":"default","ast-page-background-enabled":"default","ast-page-background-meta":{"desktop":{"background-color":"var(--ast-global-color-4)","background-image":"","background-repeat":"repeat","background-position":"center center","background-size":"auto","background-attachment":"scroll","background-type":"","background-media":"","overlay-type":"","overlay-color":"","overlay-opacity":"","overlay-gradient":""},"tablet":{"background-color":"","background-image":"","background-repeat":"repeat","background-position":"center center","background-size":"auto","background-attachment":"scroll","background-type":"","background-media":"","overlay-type":"","overlay-color":"","overlay-opacity":"","overlay-gradient":""},"mobile":{"background-color":"","background-image":"","background-repeat":"repeat","background-position":"center center","background-size":"auto","background-attachment":"scroll","background-type":"","background-media":"","overlay-type":"","overlay-color":"","overlay-opacity":"","overlay-gradient":""}},"ast-content-background-meta":{"desktop":{"background-color":"var(--ast-global-color-5)","background-image":"","background-repeat":"repeat","background-position":"center center","background-size":"auto","background-attachment":"scroll","background-type":"","background-media":"","overlay-type":"","overlay-color":"","overlay-opacity":"","overlay-gradient":""},"tablet":{"background-color":"var(--ast-global-color-5)","background-image":"","background-repeat":"repeat","background-position":"center center","background-size":"auto","background-attachment":"scroll","background-type":"","background-media":"","overlay-type":"","overlay-color":"","overlay-opacity":"","overlay-gradient":""},"mobile":{"background-color":"var(--ast-global-color-5)","background-image":"","background-repeat":"repeat","background-position":"center center","background-size":"auto","background-attachment":"scroll","background-type":"","background-media":"","overlay-type":"","overlay-color":"","overlay-opacity":"","overlay-gradient":""}},"footnotes":""},"tags":[171,367,399],"class_list":["post-5306","page","type-page","status-publish","has-post-thumbnail","hentry","tag-house-of-sand-and-fog","tag-the-life-before-her-eyes","tag-vadim-perelman"],"yoast_head":"<!-- This site is optimized with the Yoast SEO plugin v23.4 - https:\/\/yoast.com\/wordpress\/plugins\/seo\/ -->\n<title>VADIM PERELMAN<\/title>\n<meta name=\"description\" content=\"Vadim Perelman est un r\u00e9alisateur et producteur russo-am\u00e9ricain n\u00e9 en 1963 \u00e0 Kiev (Ukraine).\" \/>\n<meta name=\"robots\" content=\"index, follow, max-snippet:-1, max-image-preview:large, max-video-preview:-1\" \/>\n<link rel=\"canonical\" href=\"https:\/\/jameshorner-filmmusic.com\/fr\/collaborations\/vadim-perelman\/\" \/>\n<meta property=\"og:locale\" content=\"fr_FR\" \/>\n<meta property=\"og:type\" content=\"article\" \/>\n<meta property=\"og:title\" content=\"VADIM PERELMAN\" \/>\n<meta property=\"og:description\" content=\"Vadim Perelman est un r\u00e9alisateur et producteur russo-am\u00e9ricain n\u00e9 en 1963 \u00e0 Kiev (Ukraine).\" \/>\n<meta property=\"og:url\" content=\"https:\/\/jameshorner-filmmusic.com\/fr\/collaborations\/vadim-perelman\/\" \/>\n<meta property=\"og:site_name\" content=\"JAMES HORNER\" \/>\n<meta property=\"article:publisher\" content=\"https:\/\/www.facebook.com\/pages\/James-Horner-Film-Music\/100282013394913\" \/>\n<meta property=\"article:modified_time\" content=\"2013-03-12T13:30:47+00:00\" \/>\n<meta property=\"og:image\" content=\"https:\/\/jameshorner-filmmusic.com\/wp-content\/uploads\/2012\/04\/perelman1.jpg\" \/>\n\t<meta property=\"og:image:width\" content=\"314\" \/>\n\t<meta property=\"og:image:height\" content=\"301\" \/>\n\t<meta property=\"og:image:type\" content=\"image\/jpeg\" \/>\n<meta name=\"twitter:label1\" content=\"Dur\u00e9e de lecture estim\u00e9e\" \/>\n\t<meta name=\"twitter:data1\" content=\"1 minute\" \/>\n<script type=\"application\/ld+json\" class=\"yoast-schema-graph\">{\"@context\":\"https:\/\/schema.org\",\"@graph\":[{\"@type\":\"WebPage\",\"@id\":\"https:\/\/jameshorner-filmmusic.com\/fr\/collaborations\/vadim-perelman\/\",\"url\":\"https:\/\/jameshorner-filmmusic.com\/fr\/collaborations\/vadim-perelman\/\",\"name\":\"VADIM PERELMAN\",\"isPartOf\":{\"@id\":\"https:\/\/jameshorner-filmmusic.com\/#website\"},\"primaryImageOfPage\":{\"@id\":\"https:\/\/jameshorner-filmmusic.com\/fr\/collaborations\/vadim-perelman\/#primaryimage\"},\"image\":{\"@id\":\"https:\/\/jameshorner-filmmusic.com\/fr\/collaborations\/vadim-perelman\/#primaryimage\"},\"thumbnailUrl\":\"http:\/\/jameshorner-filmmusic.com\/wp-content\/uploads\/2012\/04\/perelman1.jpg\",\"datePublished\":\"2012-04-20T04:55:29+00:00\",\"dateModified\":\"2013-03-12T13:30:47+00:00\",\"description\":\"Vadim Perelman est un r\u00e9alisateur et producteur russo-am\u00e9ricain n\u00e9 en 1963 \u00e0 Kiev (Ukraine).\",\"breadcrumb\":{\"@id\":\"https:\/\/jameshorner-filmmusic.com\/fr\/collaborations\/vadim-perelman\/#breadcrumb\"},\"inLanguage\":\"fr-FR\",\"potentialAction\":[{\"@type\":\"ReadAction\",\"target\":[\"https:\/\/jameshorner-filmmusic.com\/fr\/collaborations\/vadim-perelman\/\"]}]},{\"@type\":\"ImageObject\",\"inLanguage\":\"fr-FR\",\"@id\":\"https:\/\/jameshorner-filmmusic.com\/fr\/collaborations\/vadim-perelman\/#primaryimage\",\"url\":\"http:\/\/jameshorner-filmmusic.com\/wp-content\/uploads\/2012\/04\/perelman1.jpg\",\"contentUrl\":\"http:\/\/jameshorner-filmmusic.com\/wp-content\/uploads\/2012\/04\/perelman1.jpg\",\"width\":314,\"height\":301},{\"@type\":\"BreadcrumbList\",\"@id\":\"https:\/\/jameshorner-filmmusic.com\/fr\/collaborations\/vadim-perelman\/#breadcrumb\",\"itemListElement\":[{\"@type\":\"ListItem\",\"position\":1,\"name\":\"COLLABORATIONS\",\"item\":\"http:\/\/jameshorner-filmmusic.com\/fr\/collaborations\/\"},{\"@type\":\"ListItem\",\"position\":2,\"name\":\"VADIM PERELMAN\"}]},{\"@type\":\"WebSite\",\"@id\":\"https:\/\/jameshorner-filmmusic.com\/#website\",\"url\":\"https:\/\/jameshorner-filmmusic.com\/\",\"name\":\"JAMES HORNER\",\"description\":\"JAMES HORNER FILM MUSIC\",\"publisher\":{\"@id\":\"https:\/\/jameshorner-filmmusic.com\/#organization\"},\"potentialAction\":[{\"@type\":\"SearchAction\",\"target\":{\"@type\":\"EntryPoint\",\"urlTemplate\":\"https:\/\/jameshorner-filmmusic.com\/?s={search_term_string}\"},\"query-input\":{\"@type\":\"PropertyValueSpecification\",\"valueRequired\":true,\"valueName\":\"search_term_string\"}}],\"inLanguage\":\"fr-FR\"},{\"@type\":\"Organization\",\"@id\":\"https:\/\/jameshorner-filmmusic.com\/#organization\",\"name\":\"James Horner Film Music\",\"url\":\"https:\/\/jameshorner-filmmusic.com\/\",\"logo\":{\"@type\":\"ImageObject\",\"inLanguage\":\"fr-FR\",\"@id\":\"https:\/\/jameshorner-filmmusic.com\/#\/schema\/logo\/image\/\",\"url\":\"http:\/\/jameshorner-filmmusic.com\/wp-content\/uploads\/2015\/04\/logo-JHFM-2b.png\",\"contentUrl\":\"http:\/\/jameshorner-filmmusic.com\/wp-content\/uploads\/2015\/04\/logo-JHFM-2b.png\",\"width\":250,\"height\":250,\"caption\":\"James Horner Film Music\"},\"image\":{\"@id\":\"https:\/\/jameshorner-filmmusic.com\/#\/schema\/logo\/image\/\"},\"sameAs\":[\"https:\/\/www.facebook.com\/pages\/James-Horner-Film-Music\/100282013394913\",\"https:\/\/x.com\/HORNERFILMMUSIC\",\"https:\/\/www.youtube.com\/channel\/UCzg0Lpstvu-boRkcMewxKSg\"]}]}<\/script>\n<!-- \/ Yoast SEO plugin. -->","yoast_head_json":{"title":"VADIM PERELMAN","description":"Vadim Perelman est un r\u00e9alisateur et producteur russo-am\u00e9ricain n\u00e9 en 1963 \u00e0 Kiev (Ukraine).","robots":{"index":"index","follow":"follow","max-snippet":"max-snippet:-1","max-image-preview":"max-image-preview:large","max-video-preview":"max-video-preview:-1"},"canonical":"https:\/\/jameshorner-filmmusic.com\/fr\/collaborations\/vadim-perelman\/","og_locale":"fr_FR","og_type":"article","og_title":"VADIM PERELMAN","og_description":"Vadim Perelman est un r\u00e9alisateur et producteur russo-am\u00e9ricain n\u00e9 en 1963 \u00e0 Kiev (Ukraine).","og_url":"https:\/\/jameshorner-filmmusic.com\/fr\/collaborations\/vadim-perelman\/","og_site_name":"JAMES HORNER","article_publisher":"https:\/\/www.facebook.com\/pages\/James-Horner-Film-Music\/100282013394913","article_modified_time":"2013-03-12T13:30:47+00:00","og_image":[{"width":314,"height":301,"url":"https:\/\/jameshorner-filmmusic.com\/wp-content\/uploads\/2012\/04\/perelman1.jpg","type":"image\/jpeg"}],"twitter_misc":{"Dur\u00e9e de lecture estim\u00e9e":"1 minute"},"schema":{"@context":"https:\/\/schema.org","@graph":[{"@type":"WebPage","@id":"https:\/\/jameshorner-filmmusic.com\/fr\/collaborations\/vadim-perelman\/","url":"https:\/\/jameshorner-filmmusic.com\/fr\/collaborations\/vadim-perelman\/","name":"VADIM PERELMAN","isPartOf":{"@id":"https:\/\/jameshorner-filmmusic.com\/#website"},"primaryImageOfPage":{"@id":"https:\/\/jameshorner-filmmusic.com\/fr\/collaborations\/vadim-perelman\/#primaryimage"},"image":{"@id":"https:\/\/jameshorner-filmmusic.com\/fr\/collaborations\/vadim-perelman\/#primaryimage"},"thumbnailUrl":"http:\/\/jameshorner-filmmusic.com\/wp-content\/uploads\/2012\/04\/perelman1.jpg","datePublished":"2012-04-20T04:55:29+00:00","dateModified":"2013-03-12T13:30:47+00:00","description":"Vadim Perelman est un r\u00e9alisateur et producteur russo-am\u00e9ricain n\u00e9 en 1963 \u00e0 Kiev (Ukraine).","breadcrumb":{"@id":"https:\/\/jameshorner-filmmusic.com\/fr\/collaborations\/vadim-perelman\/#breadcrumb"},"inLanguage":"fr-FR","potentialAction":[{"@type":"ReadAction","target":["https:\/\/jameshorner-filmmusic.com\/fr\/collaborations\/vadim-perelman\/"]}]},{"@type":"ImageObject","inLanguage":"fr-FR","@id":"https:\/\/jameshorner-filmmusic.com\/fr\/collaborations\/vadim-perelman\/#primaryimage","url":"http:\/\/jameshorner-filmmusic.com\/wp-content\/uploads\/2012\/04\/perelman1.jpg","contentUrl":"http:\/\/jameshorner-filmmusic.com\/wp-content\/uploads\/2012\/04\/perelman1.jpg","width":314,"height":301},{"@type":"BreadcrumbList","@id":"https:\/\/jameshorner-filmmusic.com\/fr\/collaborations\/vadim-perelman\/#breadcrumb","itemListElement":[{"@type":"ListItem","position":1,"name":"COLLABORATIONS","item":"http:\/\/jameshorner-filmmusic.com\/fr\/collaborations\/"},{"@type":"ListItem","position":2,"name":"VADIM PERELMAN"}]},{"@type":"WebSite","@id":"https:\/\/jameshorner-filmmusic.com\/#website","url":"https:\/\/jameshorner-filmmusic.com\/","name":"JAMES HORNER","description":"JAMES HORNER FILM MUSIC","publisher":{"@id":"https:\/\/jameshorner-filmmusic.com\/#organization"},"potentialAction":[{"@type":"SearchAction","target":{"@type":"EntryPoint","urlTemplate":"https:\/\/jameshorner-filmmusic.com\/?s={search_term_string}"},"query-input":{"@type":"PropertyValueSpecification","valueRequired":true,"valueName":"search_term_string"}}],"inLanguage":"fr-FR"},{"@type":"Organization","@id":"https:\/\/jameshorner-filmmusic.com\/#organization","name":"James Horner Film Music","url":"https:\/\/jameshorner-filmmusic.com\/","logo":{"@type":"ImageObject","inLanguage":"fr-FR","@id":"https:\/\/jameshorner-filmmusic.com\/#\/schema\/logo\/image\/","url":"http:\/\/jameshorner-filmmusic.com\/wp-content\/uploads\/2015\/04\/logo-JHFM-2b.png","contentUrl":"http:\/\/jameshorner-filmmusic.com\/wp-content\/uploads\/2015\/04\/logo-JHFM-2b.png","width":250,"height":250,"caption":"James Horner Film Music"},"image":{"@id":"https:\/\/jameshorner-filmmusic.com\/#\/schema\/logo\/image\/"},"sameAs":["https:\/\/www.facebook.com\/pages\/James-Horner-Film-Music\/100282013394913","https:\/\/x.com\/HORNERFILMMUSIC","https:\/\/www.youtube.com\/channel\/UCzg0Lpstvu-boRkcMewxKSg"]}]}},"_links":{"self":[{"href":"http:\/\/jameshorner-filmmusic.com\/fr\/wp-json\/wp\/v2\/pages\/5306"}],"collection":[{"href":"http:\/\/jameshorner-filmmusic.com\/fr\/wp-json\/wp\/v2\/pages"}],"about":[{"href":"http:\/\/jameshorner-filmmusic.com\/fr\/wp-json\/wp\/v2\/types\/page"}],"author":[{"embeddable":true,"href":"http:\/\/jameshorner-filmmusic.com\/fr\/wp-json\/wp\/v2\/users\/4"}],"replies":[{"embeddable":true,"href":"http:\/\/jameshorner-filmmusic.com\/fr\/wp-json\/wp\/v2\/comments?post=5306"}],"version-history":[{"count":0,"href":"http:\/\/jameshorner-filmmusic.com\/fr\/wp-json\/wp\/v2\/pages\/5306\/revisions"}],"up":[{"embeddable":true,"href":"http:\/\/jameshorner-filmmusic.com\/fr\/wp-json\/wp\/v2\/pages\/4865"}],"wp:featuredmedia":[{"embeddable":true,"href":"http:\/\/jameshorner-filmmusic.com\/fr\/wp-json\/wp\/v2\/media\/5307"}],"wp:attachment":[{"href":"http:\/\/jameshorner-filmmusic.com\/fr\/wp-json\/wp\/v2\/media?parent=5306"}],"wp:term":[{"taxonomy":"post_tag","embeddable":true,"href":"http:\/\/jameshorner-filmmusic.com\/fr\/wp-json\/wp\/v2\/tags?post=5306"}],"curies":[{"name":"wp","href":"https:\/\/api.w.org\/{rel}","templated":true}]}}