{"id":5368,"date":"2012-04-22T17:18:03","date_gmt":"2012-04-22T17:18:03","guid":{"rendered":"http:\/\/jameshorner-filmmusic.com\/?page_id=5368"},"modified":"2016-01-07T23:02:39","modified_gmt":"2016-01-07T21:02:39","slug":"roger-corman","status":"publish","type":"page","link":"http:\/\/jameshorner-filmmusic.com\/fr\/collaborations\/roger-corman\/","title":{"rendered":"ROGER CORMAN"},"content":{"rendered":"<div>\n\t<center><\/p>\n<div>\n<table align=\"center\" border=\"0\" cellpadding=\"1\" cellspacing=\"1\" style=\"width: 100%;\">\n<tbody>\n<tr>\n<td style=\"width: 150px; vertical-align: top;\">\n<div>\n\t\t\t\t\t\t\t\t<img decoding=\"async\" alt=\"\" class=\"imgcollabo\" src=\"http:\/\/jameshorner-filmmusic.com\/images\/collaborations\/producteurs\/corman.jpg\" style=\"height: 150px; width: 150px;\" \/>\n\t\t\t\t\t\t\t<\/div>\n<div style=\"text-align: center;\">\n\t\t\t\t\t\t\t\t<span style=\"font-size:10px;\"><span style=\"font-family: arial,helvetica,sans-serif;\">Par JaSunni at PicasaWeb [<a href=\"http:\/\/creativecommons.org\/licenses\/by-sa\/3.0\">CC-BY-SA-3.0<\/a>], <a href=\"http:\/\/commons.wikimedia.org\/wiki\/File%3ARoger_Corman.jpg\">via Wikimedia Commons<\/a><\/span><\/span>\n\t\t\t\t\t\t\t<\/div>\n<\/td>\n<td style=\"vertical-align: top;\">\n<div style=\"text-align: justify;\">\n<div>\n\t\t\t\t\t\t\t\t\t<span style=\"font-size: 16px;\"><span style=\"font-family: arial,helvetica,sans-serif;\"><span style=\"color:#4e5e99;\"><b>Roger Corman<\/b><\/span><\/span><\/span> <span style=\"font-size: 16px;\"><span style=\"font-family: arial,helvetica,sans-serif;\">est un cin&eacute;aste am&eacute;ricain, n&eacute; le <\/span><\/span><span style=\"font-size:16px;\"><span style=\"font-family: arial,helvetica,sans-serif;\">5&nbsp;avril&nbsp;1926 &agrave; D&eacute;troit, Michigan<\/span><\/span><span style=\"font-size: 16px;\"><span style=\"font-family: arial,helvetica,sans-serif;\">. On lui doit plus d&#39;une cinquantaine de films au titre de r&eacute;alisateur et 400 au titre de producteur. <\/span><\/span>\n\t\t\t\t\t\t\t\t<\/div>\n<div>\n\t\t\t\t\t\t\t\t\t<span style=\"font-size: 16px;\"><span style=\"font-family: arial,helvetica,sans-serif;\">Formidable d&eacute;nicheur de talents, il a lanc&eacute; bon nombre de r&eacute;alisateurs aujourd&#39;hui reconnus comme <\/span><\/span><span style=\"font-size: 16px;\"><span style=\"font-family: arial,helvetica,sans-serif;\">Martin Scorsese, <a href=\"http:\/\/jameshorner-filmmusic.com\/collaborations\/ron-howard\">Ron Howard<\/a>, Francis Ford Coppola, Joe Dante, ou encore Jonathan Demme. Il a &eacute;galement diffus&eacute; des films de prestige (Truffaut, <span class=\"mw-redirect\">Fellini<\/span>, <span class=\"mw-redirect\">Bergman<\/span><\/span><\/span><span style=\"font-size: 16px;\"><span style=\"font-family: arial,helvetica,sans-serif;\">&#8230;), un peu &agrave; l&#39;oppos&eacute; de sa production.<\/span><\/span>\n\t\t\t\t\t\t\t\t<\/div>\n<div>\n\t\t\t\t\t\t\t\t\t<span style=\"font-size: 16px;\"><span style=\"font-family: arial,helvetica,sans-serif;\">Ses r&eacute;alisations sont &agrave; classer dans la <\/span><\/span><span style=\"font-size: 16px;\"><span style=\"font-family: arial,helvetica,sans-serif;\">s&eacute;rie B<\/span><\/span><span style=\"font-size: 16px;\"><span style=\"font-family: arial,helvetica,sans-serif;\">. Roger Corman avait un principe simple&nbsp;: un budget tr&egrave;s faible, un salaire de mis&egrave;re, un sujet avec de l&#39;action et une assez grande libert&eacute; pourvu que le budget ne soit pas d&eacute;pass&eacute;. Au final, les films &eacute;taient plus ou moins b&acirc;cl&eacute;s (fautes de raccords, micros dans le champ&#8230;).<\/span><\/span>\n\t\t\t\t\t\t\t\t<\/div>\n<div>\n\t\t\t\t\t\t\t\t\t<span style=\"font-size: 16px;\"><span style=\"font-family: arial,helvetica,sans-serif;\">Son cycle <\/span><\/span><span style=\"font-size: 16px;\"><span style=\"font-family: arial,helvetica,sans-serif;\"><span class=\"mw-redirect\">Edgar Poe<\/span><\/span><\/span><span style=\"font-size: 16px;\"><span style=\"font-family: arial,helvetica,sans-serif;\">, dans une veine fantastique, a donn&eacute; &agrave; Corman ses lettres de noblesse, et contribua &agrave; sa r&eacute;putation en Europe.<\/span><\/span>\n\t\t\t\t\t\t\t\t<\/div>\n<div>\n\t\t\t\t\t\t\t\t\t<span style=\"font-size: 16px;\"><span style=\"font-family: arial,helvetica,sans-serif;\">En 2010 il a re&ccedil;u un <\/span><\/span><span style=\"font-size: 16px;\"><span style=\"font-family: arial,helvetica,sans-serif;\">Oscar d&#39;honneur<\/span><\/span><span style=\"font-size: 16px;\"><span style=\"font-family: arial,helvetica,sans-serif;\">.<\/span><\/span>\n\t\t\t\t\t\t\t\t<\/div>\n<\/p><\/div>\n<div style=\"text-align: justify;\">\n<div>\n\t\t\t\t\t\t\t\t\t<span style=\"font-family:arial,helvetica,sans-serif;\"><span style=\"font-size: 18px;\"><span style=\"color:#4e5e99;\">Source : <\/span><a href=\"http:\/\/fr.wikipedia.org\/wiki\/Roger_Corman\" target=\"_blank\"><span style=\"color:#4e5e99;\">Wikip&eacute;dia<\/span><\/a><\/span><\/span>\n\t\t\t\t\t\t\t\t<\/div>\n<\/p><\/div>\n<\/td>\n<\/tr>\n<tr>\n<td colspan=\"2\" style=\"width: 150px;\">\n<div style=\"text-align: justify;\">\n\t\t\t\t\t\t\t\t<img decoding=\"async\" alt=\"\" src=\"http:\/\/jameshorner-filmmusic.com\/images\/collaborations\/projetscommuns.jpg\" style=\"width: 352px; height: 50px;\" \/>\n\t\t\t\t\t\t\t<\/div>\n<div style=\"text-align: justify;\">\n\t\t\t\t\t\t\t\t<!-- BOF Special Recent Posts PRO ver2.1 --><div class=\"srp-widget-container\"><div class=\"srp-widget-column\"><div id=\"srp-singlepost-1\" class=\"srp-widget-singlepost srp-multi-column\"><div class=\"srp-thumbnail-box\"><a class=\"srp-widget-thmblink\" href=\"http:\/\/jameshorner-filmmusic.com\/fr\/collaborations\/roger-corman\/\" title=\"ROGER CORMAN\"><img decoding=\"async\" class=\"srp-widget-thmb\" src=\"http:\/\/jameshorner-filmmusic.com\/wp-content\/plugins\/special-recent-posts\/cache\/MTAwMTAwbm9jb3JtYW4x.jpg\" alt=\"ROGER CORMAN\">\n<\/a>\n<\/div>\n<\/div><div id=\"srp-singlepost-2\" class=\"srp-widget-singlepost srp-multi-column\"><div class=\"srp-thumbnail-box\"><a class=\"srp-widget-thmblink\" href=\"http:\/\/jameshorner-filmmusic.com\/fr\/discographie\/humanoids-from-the-deep\/\" title=\"HUMANOIDS FROM THE DEEP\"><img decoding=\"async\" class=\"srp-widget-thmb\" src=\"http:\/\/jameshorner-filmmusic.com\/wp-content\/plugins\/special-recent-posts\/cache\/MTAwMTAwbm9IdW1hbm9pZHMtQlNYLWNvdmVyMQ==.jpg\" alt=\"HUMANOIDS FROM THE DEEP\">\n<\/a>\n<\/div>\n<\/div><div id=\"srp-singlepost-3\" class=\"srp-widget-singlepost srp-multi-column\"><div class=\"srp-thumbnail-box\"><a class=\"srp-widget-thmblink\" href=\"http:\/\/jameshorner-filmmusic.com\/fr\/discographie\/battle-beyond-the-stars\/\" title=\"BATTLE BEYOND THE STARS\"><img decoding=\"async\" class=\"srp-widget-thmb\" src=\"http:\/\/jameshorner-filmmusic.com\/wp-content\/plugins\/special-recent-posts\/cache\/MTAwMTAwbm9CYXR0bGVCZXlvbmRTdGFyczEx.jpg\" alt=\"BATTLE BEYOND THE STARS\">\n<\/a>\n<\/div>\n<\/div><br style=\"clear:both; height: 0px;\">\n<\/div><!-- EOF Special Recent Posts PRO ver2.5.2 -->\n\t\t\t\t\t\t\t<\/div>\n<div style=\"text-align: justify;\">\n\t\t\t\t\t\t\t\t&nbsp;\n\t\t\t\t\t\t\t<\/div>\n<div style=\"text-align: justify;\">\n<div>\n\t\t\t\t\t\t\t\t\t<span style=\"color:#4e5e99;\"><span style=\"font-size: 16px;\"><span style=\"font-family: arial,helvetica,sans-serif;\">Projets non &eacute;dit&eacute;s :<\/span><\/span><\/span>\n\t\t\t\t\t\t\t\t<\/div>\n<div>\n\t\t\t\t\t\t\t\t\t<a href=\"http:\/\/jameshorner-filmmusic.com\/wp-content\/uploads\/2011\/01\/o_sYRq2Q4pZCdVZJV-200x300.jpg\"><img decoding=\"async\" alt=\"\" src=\"http:\/\/jameshorner-filmmusic.com\/wp-content\/uploads\/2011\/01\/o_sYRq2Q4pZCdVZJV-200x300.jpg\" style=\"width: 150px; height: 225px;\" \/><\/a><a href=\"http:\/\/jameshorner-filmmusic.com\/wp-content\/uploads\/2011\/01\/lady-in-red-195x300.jpg\"><img decoding=\"async\" alt=\"\" src=\"http:\/\/jameshorner-filmmusic.com\/wp-content\/uploads\/2011\/01\/lady-in-red-195x300.jpg\" style=\"width: 146px; height: 225px;\" \/><\/a>\n\t\t\t\t\t\t\t\t<\/div>\n<div style=\"text-align: justify;\">\n\t\t\t\t\t\t\t\t\t<span style=\"font-size:10px;\"><span style=\"font-family: arial,helvetica,sans-serif;\">&nbsp;&nbsp;&nbsp;&nbsp;&nbsp;&nbsp;&nbsp;&nbsp;&nbsp;&nbsp;&nbsp;&nbsp;&nbsp;&nbsp;&nbsp;&nbsp;&nbsp;&nbsp;&nbsp;&nbsp;&nbsp;&nbsp;&nbsp;&nbsp;&nbsp;&nbsp;&nbsp;&nbsp;&nbsp;&nbsp;&nbsp; &copy;&nbsp;New World Pictures<\/span><\/span>\n\t\t\t\t\t\t\t\t<\/div>\n<div style=\"text-align: justify;\">\n\t\t\t\t\t\t\t\t\t&nbsp;\n\t\t\t\t\t\t\t\t<\/div>\n<\/p><\/div>\n<div style=\"text-align: justify;\">\n\t\t\t\t\t\t\t\t<img decoding=\"async\" alt=\"\" src=\"http:\/\/jameshorner-filmmusic.com\/images\/collaborations\/articles.jpg\" style=\"width: 352px; height: 63px;\" \/>\n\t\t\t\t\t\t\t<\/div>\n<div style=\"text-align: justify;\">\n\t\t\t\t\t\t\t\t<!-- BOF Special Recent Posts PRO ver2.1 --><div class=\"srp-widget-container\"><div id=\"srp-singlepost-1\" class=\"srp-widget-singlepost srp-single-column\"><div class=\"srp-thumbnail-box\"><a class=\"srp-widget-thmblink\" href=\"http:\/\/jameshorner-filmmusic.com\/fr\/fond-memories-episode-3-1978-1980-the-roger-corman-movies\/\" title=\"FOND MEMORIES &ndash; EPISODE 3 : 1978-1980 &ndash; LE CYCLE ROGER CORMAN\"><img decoding=\"async\" class=\"srp-widget-thmb\" src=\"http:\/\/jameshorner-filmmusic.com\/wp-content\/plugins\/special-recent-posts\/cache\/MTAwMTAwbm9iYW5uZXJfY29ybWFuLTEwMjR4NTg1.jpg\" alt=\"FOND MEMORIES &ndash; EPISODE 3 : 1978-1980 &ndash; LE CYCLE ROGER CORMAN\">\n<\/a>\n<\/div>\n<div class=\"srp-content-box\"><h4 class=\"srp-post-title\"><a class=\"srp-post-title-link\" href=\"http:\/\/jameshorner-filmmusic.com\/fr\/fond-memories-episode-3-1978-1980-the-roger-corman-movies\/\" title=\"FOND MEMORIES &ndash; EPISODE 3 : 1978-1980 &ndash; LE CYCLE ROGER CORMAN\">FOND MEMORIES - EPISODE 3 : 1978-1980 - LE CYCLE ROGER CORMAN<\/a>\n<\/h4>\n<p class=\"srp-widget-excerpt\">\r\n\tDans ce troisi&egrave;me &eacute;pisode de Fond Memories, nous revenons sur les quatre partitions &eacute;crites pour Roger Corman. Si vous avez des informations qui peuvent compl&eacute;ter cet &eacute;pisode, merci de nous contacter.\r\n\r\n\r\n\r\n\t&nbsp;\r\n\r\n\r\n\r\n\tBandes originales abord&eacute;es dans cet &eacute;pisode :\r\n\r\n\r\n\r\n\tThe Lady in Red (1979)\r\n\r\n\r\n\r\n\tUp From The Depths (1979)\r\n\r\n\r\n\r\n\tHumanoids From The Deep (1980)\r\n\r\n\r\n\r\n\tBattle Beyond The Stars (1980)\r\n\r\n\r\n\r\n\t&nbsp;\r\n\r\n\r\n\r\n\t[divider]1978-1980 - LE CYCLE ROGER CORMAN[\/divider]\r\n\r\n\r\n\r\n\t\r\n\t\t&laquo;&nbsp;Quand je me tourne vers les films &agrave; petit budget que j&#39;ai faits, je me dis &laquo; Mon Dieu &raquo;, mais vous devez vous rappeler qu&#39;ils &eacute;taient structurellement importants pour moi, j&#39;appris mon m&eacute;tier avec eux. Je ne savais rien &agrave; propos de<\/p><\/div><\/div><div id=\"srp-singlepost-2\" class=\"srp-widget-singlepost srp-single-column\"><div class=\"srp-thumbnail-box\"><a class=\"srp-widget-thmblink\" href=\"http:\/\/jameshorner-filmmusic.com\/fr\/vienne-2013-entretien-avec-james-horner-par-thor-joachim-haga\/\" title=\"VIENNE 2013&nbsp;: ENTRETIEN AVEC JAMES HORNER PAR THOR JOACHIM HAGA\"><img decoding=\"async\" class=\"srp-widget-thmb\" src=\"http:\/\/jameshorner-filmmusic.com\/wp-content\/plugins\/special-recent-posts\/cache\/MTAwMTAwbm9ob3JuZXItMTAyNHg0ODk=.jpg\" alt=\"VIENNE 2013&nbsp;: ENTRETIEN AVEC JAMES HORNER PAR THOR JOACHIM HAGA\">\n<\/a>\n<\/div>\n<div class=\"srp-content-box\"><h4 class=\"srp-post-title\"><a class=\"srp-post-title-link\" href=\"http:\/\/jameshorner-filmmusic.com\/fr\/vienne-2013-entretien-avec-james-horner-par-thor-joachim-haga\/\" title=\"VIENNE 2013&nbsp;: ENTRETIEN AVEC JAMES HORNER PAR THOR JOACHIM HAGA\">VIENNE 2013&nbsp;: ENTRETIEN AVEC JAMES HORNER PAR THOR JOACHIM HAGA<\/a>\n<\/h4>\n<p class=\"srp-widget-excerpt\">\r\n\t\r\n\t\tVendredi 4 Octobre 2013. \r\n\t\r\n\r\n\t\r\n\t\tEn plein milieu de l&#39;&eacute;v&eacute;nement musical Hollywood In Vienna, James Horner a &eacute;t&eacute; interview&eacute; par Thor Joachim Haga pour le site Tunes Celluloid et le web magazine norv&eacute;gien Montages.no.\r\n\t\r\n\r\n\t\r\n\t\tSont aussi inclus des entretiens avec le compositeur de film David Newman, qui a dirig&eacute; l&#39;orchestre lors des concerts, ainsi que la productrice du festival Sandra Tomek. Cependant, les points forts &eacute;vidents sont les quelques questions pos&eacute;es &agrave; James Horner lui-m&ecirc;me, plac&eacute;es entre des extraits du concert&nbsp;: le g&eacute;n&eacute;rique de fin de Star Trek II - La col&egrave;re de Khan, de Braveheart, ainsi que des parties d&#39;Aliens, L&eacute;gendes<\/p><\/div><\/div><br style=\"clear:both; height: 0px;\">\n<\/div><!-- EOF Special Recent Posts PRO ver2.5.2 -->\n\t\t\t\t\t\t\t<\/div>\n<\/td>\n<\/tr>\n<\/tbody>\n<\/table><\/div>\n<p>\t<\/center>\n<\/div>\n<div>\n\t&nbsp;\n<\/div>\n","protected":false},"excerpt":{"rendered":"<p>Par JaSunni at PicasaWeb [CC-BY-SA-3.0], via Wikimedia Commons Roger Corman est un cin&eacute;aste am&eacute;ricain, n&eacute; le 5&nbsp;avril&nbsp;1926 &agrave; D&eacute;troit, Michigan. [&hellip;]<\/p>\n","protected":false},"author":4,"featured_media":5370,"parent":4865,"menu_order":0,"comment_status":"closed","ping_status":"closed","template":"frfichescollabo.php","meta":{"site-sidebar-layout":"default","site-content-layout":"","ast-site-content-layout":"default","site-content-style":"default","site-sidebar-style":"default","ast-global-header-display":"","ast-banner-title-visibility":"","ast-main-header-display":"","ast-hfb-above-header-display":"","ast-hfb-below-header-display":"","ast-hfb-mobile-header-display":"","site-post-title":"","ast-breadcrumbs-content":"","ast-featured-img":"","footer-sml-layout":"","ast-disable-related-posts":"","theme-transparent-header-meta":"","adv-header-id-meta":"","stick-header-meta":"","header-above-stick-meta":"","header-main-stick-meta":"","header-below-stick-meta":"","astra-migrate-meta-layouts":"default","ast-page-background-enabled":"default","ast-page-background-meta":{"desktop":{"background-color":"var(--ast-global-color-4)","background-image":"","background-repeat":"repeat","background-position":"center center","background-size":"auto","background-attachment":"scroll","background-type":"","background-media":"","overlay-type":"","overlay-color":"","overlay-opacity":"","overlay-gradient":""},"tablet":{"background-color":"","background-image":"","background-repeat":"repeat","background-position":"center center","background-size":"auto","background-attachment":"scroll","background-type":"","background-media":"","overlay-type":"","overlay-color":"","overlay-opacity":"","overlay-gradient":""},"mobile":{"background-color":"","background-image":"","background-repeat":"repeat","background-position":"center center","background-size":"auto","background-attachment":"scroll","background-type":"","background-media":"","overlay-type":"","overlay-color":"","overlay-opacity":"","overlay-gradient":""}},"ast-content-background-meta":{"desktop":{"background-color":"var(--ast-global-color-5)","background-image":"","background-repeat":"repeat","background-position":"center center","background-size":"auto","background-attachment":"scroll","background-type":"","background-media":"","overlay-type":"","overlay-color":"","overlay-opacity":"","overlay-gradient":""},"tablet":{"background-color":"var(--ast-global-color-5)","background-image":"","background-repeat":"repeat","background-position":"center center","background-size":"auto","background-attachment":"scroll","background-type":"","background-media":"","overlay-type":"","overlay-color":"","overlay-opacity":"","overlay-gradient":""},"mobile":{"background-color":"var(--ast-global-color-5)","background-image":"","background-repeat":"repeat","background-position":"center center","background-size":"auto","background-attachment":"scroll","background-type":"","background-media":"","overlay-type":"","overlay-color":"","overlay-opacity":"","overlay-gradient":""}},"footnotes":""},"tags":[41,172,313],"class_list":["post-5368","page","type-page","status-publish","has-post-thumbnail","hentry","tag-battle-beyond-the-stars-2","tag-humanoids-from-the-deep-2","tag-roger-corman"],"yoast_head":"<!-- This site is optimized with the Yoast SEO plugin v23.4 - https:\/\/yoast.com\/wordpress\/plugins\/seo\/ -->\n<title>ROGER CORMAN<\/title>\n<meta name=\"description\" content=\"Roger Corman est un cin\u00e9aste am\u00e9ricain, n\u00e9 le 5 avril 1926 \u00e0 D\u00e9troit, Michigan. On lui doit plus d&#039;une cinquantaine de films au titre de r\u00e9alisateur et 400 au titre de producteur.\" \/>\n<meta name=\"robots\" content=\"index, follow, max-snippet:-1, max-image-preview:large, max-video-preview:-1\" \/>\n<link rel=\"canonical\" href=\"http:\/\/jameshorner-filmmusic.com\/fr\/collaborations\/roger-corman\/\" \/>\n<meta property=\"og:locale\" content=\"fr_FR\" \/>\n<meta property=\"og:type\" content=\"article\" \/>\n<meta property=\"og:title\" content=\"ROGER CORMAN\" \/>\n<meta property=\"og:description\" content=\"Roger Corman est un cin\u00e9aste am\u00e9ricain, n\u00e9 le 5 avril 1926 \u00e0 D\u00e9troit, Michigan. On lui doit plus d&#039;une cinquantaine de films au titre de r\u00e9alisateur et 400 au titre de producteur.\" \/>\n<meta property=\"og:url\" content=\"http:\/\/jameshorner-filmmusic.com\/fr\/collaborations\/roger-corman\/\" \/>\n<meta property=\"og:site_name\" content=\"JAMES HORNER\" \/>\n<meta property=\"article:publisher\" content=\"https:\/\/www.facebook.com\/pages\/James-Horner-Film-Music\/100282013394913\" \/>\n<meta property=\"article:modified_time\" content=\"2016-01-07T21:02:39+00:00\" \/>\n<meta property=\"og:image\" content=\"http:\/\/jameshorner-filmmusic.com\/wp-content\/uploads\/2012\/04\/corman1.jpg\" \/>\n\t<meta property=\"og:image:width\" content=\"269\" \/>\n\t<meta property=\"og:image:height\" content=\"269\" \/>\n\t<meta property=\"og:image:type\" content=\"image\/jpeg\" \/>\n<meta name=\"twitter:label1\" content=\"Dur\u00e9e de lecture estim\u00e9e\" \/>\n\t<meta name=\"twitter:data1\" content=\"2 minutes\" \/>\n<script type=\"application\/ld+json\" class=\"yoast-schema-graph\">{\"@context\":\"https:\/\/schema.org\",\"@graph\":[{\"@type\":\"WebPage\",\"@id\":\"http:\/\/jameshorner-filmmusic.com\/fr\/collaborations\/roger-corman\/\",\"url\":\"http:\/\/jameshorner-filmmusic.com\/fr\/collaborations\/roger-corman\/\",\"name\":\"ROGER CORMAN\",\"isPartOf\":{\"@id\":\"https:\/\/jameshorner-filmmusic.com\/#website\"},\"primaryImageOfPage\":{\"@id\":\"http:\/\/jameshorner-filmmusic.com\/fr\/collaborations\/roger-corman\/#primaryimage\"},\"image\":{\"@id\":\"http:\/\/jameshorner-filmmusic.com\/fr\/collaborations\/roger-corman\/#primaryimage\"},\"thumbnailUrl\":\"http:\/\/jameshorner-filmmusic.com\/wp-content\/uploads\/2012\/04\/corman1.jpg\",\"datePublished\":\"2012-04-22T17:18:03+00:00\",\"dateModified\":\"2016-01-07T21:02:39+00:00\",\"description\":\"Roger Corman est un cin\u00e9aste am\u00e9ricain, n\u00e9 le 5 avril 1926 \u00e0 D\u00e9troit, Michigan. On lui doit plus d'une cinquantaine de films au titre de r\u00e9alisateur et 400 au titre de producteur.\",\"breadcrumb\":{\"@id\":\"http:\/\/jameshorner-filmmusic.com\/fr\/collaborations\/roger-corman\/#breadcrumb\"},\"inLanguage\":\"fr-FR\",\"potentialAction\":[{\"@type\":\"ReadAction\",\"target\":[\"http:\/\/jameshorner-filmmusic.com\/fr\/collaborations\/roger-corman\/\"]}]},{\"@type\":\"ImageObject\",\"inLanguage\":\"fr-FR\",\"@id\":\"http:\/\/jameshorner-filmmusic.com\/fr\/collaborations\/roger-corman\/#primaryimage\",\"url\":\"http:\/\/jameshorner-filmmusic.com\/wp-content\/uploads\/2012\/04\/corman1.jpg\",\"contentUrl\":\"http:\/\/jameshorner-filmmusic.com\/wp-content\/uploads\/2012\/04\/corman1.jpg\",\"width\":269,\"height\":269},{\"@type\":\"BreadcrumbList\",\"@id\":\"http:\/\/jameshorner-filmmusic.com\/fr\/collaborations\/roger-corman\/#breadcrumb\",\"itemListElement\":[{\"@type\":\"ListItem\",\"position\":1,\"name\":\"COLLABORATIONS\",\"item\":\"http:\/\/jameshorner-filmmusic.com\/fr\/collaborations\/\"},{\"@type\":\"ListItem\",\"position\":2,\"name\":\"ROGER CORMAN\"}]},{\"@type\":\"WebSite\",\"@id\":\"https:\/\/jameshorner-filmmusic.com\/#website\",\"url\":\"https:\/\/jameshorner-filmmusic.com\/\",\"name\":\"JAMES HORNER\",\"description\":\"JAMES HORNER FILM MUSIC\",\"publisher\":{\"@id\":\"https:\/\/jameshorner-filmmusic.com\/#organization\"},\"potentialAction\":[{\"@type\":\"SearchAction\",\"target\":{\"@type\":\"EntryPoint\",\"urlTemplate\":\"https:\/\/jameshorner-filmmusic.com\/?s={search_term_string}\"},\"query-input\":{\"@type\":\"PropertyValueSpecification\",\"valueRequired\":true,\"valueName\":\"search_term_string\"}}],\"inLanguage\":\"fr-FR\"},{\"@type\":\"Organization\",\"@id\":\"https:\/\/jameshorner-filmmusic.com\/#organization\",\"name\":\"James Horner Film Music\",\"url\":\"https:\/\/jameshorner-filmmusic.com\/\",\"logo\":{\"@type\":\"ImageObject\",\"inLanguage\":\"fr-FR\",\"@id\":\"https:\/\/jameshorner-filmmusic.com\/#\/schema\/logo\/image\/\",\"url\":\"http:\/\/jameshorner-filmmusic.com\/wp-content\/uploads\/2015\/04\/logo-JHFM-2b.png\",\"contentUrl\":\"http:\/\/jameshorner-filmmusic.com\/wp-content\/uploads\/2015\/04\/logo-JHFM-2b.png\",\"width\":250,\"height\":250,\"caption\":\"James Horner Film Music\"},\"image\":{\"@id\":\"https:\/\/jameshorner-filmmusic.com\/#\/schema\/logo\/image\/\"},\"sameAs\":[\"https:\/\/www.facebook.com\/pages\/James-Horner-Film-Music\/100282013394913\",\"https:\/\/x.com\/HORNERFILMMUSIC\",\"https:\/\/www.youtube.com\/channel\/UCzg0Lpstvu-boRkcMewxKSg\"]}]}<\/script>\n<!-- \/ Yoast SEO plugin. -->","yoast_head_json":{"title":"ROGER CORMAN","description":"Roger Corman est un cin\u00e9aste am\u00e9ricain, n\u00e9 le 5 avril 1926 \u00e0 D\u00e9troit, Michigan. On lui doit plus d'une cinquantaine de films au titre de r\u00e9alisateur et 400 au titre de producteur.","robots":{"index":"index","follow":"follow","max-snippet":"max-snippet:-1","max-image-preview":"max-image-preview:large","max-video-preview":"max-video-preview:-1"},"canonical":"http:\/\/jameshorner-filmmusic.com\/fr\/collaborations\/roger-corman\/","og_locale":"fr_FR","og_type":"article","og_title":"ROGER CORMAN","og_description":"Roger Corman est un cin\u00e9aste am\u00e9ricain, n\u00e9 le 5 avril 1926 \u00e0 D\u00e9troit, Michigan. On lui doit plus d'une cinquantaine de films au titre de r\u00e9alisateur et 400 au titre de producteur.","og_url":"http:\/\/jameshorner-filmmusic.com\/fr\/collaborations\/roger-corman\/","og_site_name":"JAMES HORNER","article_publisher":"https:\/\/www.facebook.com\/pages\/James-Horner-Film-Music\/100282013394913","article_modified_time":"2016-01-07T21:02:39+00:00","og_image":[{"width":269,"height":269,"url":"http:\/\/jameshorner-filmmusic.com\/wp-content\/uploads\/2012\/04\/corman1.jpg","type":"image\/jpeg"}],"twitter_misc":{"Dur\u00e9e de lecture estim\u00e9e":"2 minutes"},"schema":{"@context":"https:\/\/schema.org","@graph":[{"@type":"WebPage","@id":"http:\/\/jameshorner-filmmusic.com\/fr\/collaborations\/roger-corman\/","url":"http:\/\/jameshorner-filmmusic.com\/fr\/collaborations\/roger-corman\/","name":"ROGER CORMAN","isPartOf":{"@id":"https:\/\/jameshorner-filmmusic.com\/#website"},"primaryImageOfPage":{"@id":"http:\/\/jameshorner-filmmusic.com\/fr\/collaborations\/roger-corman\/#primaryimage"},"image":{"@id":"http:\/\/jameshorner-filmmusic.com\/fr\/collaborations\/roger-corman\/#primaryimage"},"thumbnailUrl":"http:\/\/jameshorner-filmmusic.com\/wp-content\/uploads\/2012\/04\/corman1.jpg","datePublished":"2012-04-22T17:18:03+00:00","dateModified":"2016-01-07T21:02:39+00:00","description":"Roger Corman est un cin\u00e9aste am\u00e9ricain, n\u00e9 le 5 avril 1926 \u00e0 D\u00e9troit, Michigan. On lui doit plus d'une cinquantaine de films au titre de r\u00e9alisateur et 400 au titre de producteur.","breadcrumb":{"@id":"http:\/\/jameshorner-filmmusic.com\/fr\/collaborations\/roger-corman\/#breadcrumb"},"inLanguage":"fr-FR","potentialAction":[{"@type":"ReadAction","target":["http:\/\/jameshorner-filmmusic.com\/fr\/collaborations\/roger-corman\/"]}]},{"@type":"ImageObject","inLanguage":"fr-FR","@id":"http:\/\/jameshorner-filmmusic.com\/fr\/collaborations\/roger-corman\/#primaryimage","url":"http:\/\/jameshorner-filmmusic.com\/wp-content\/uploads\/2012\/04\/corman1.jpg","contentUrl":"http:\/\/jameshorner-filmmusic.com\/wp-content\/uploads\/2012\/04\/corman1.jpg","width":269,"height":269},{"@type":"BreadcrumbList","@id":"http:\/\/jameshorner-filmmusic.com\/fr\/collaborations\/roger-corman\/#breadcrumb","itemListElement":[{"@type":"ListItem","position":1,"name":"COLLABORATIONS","item":"http:\/\/jameshorner-filmmusic.com\/fr\/collaborations\/"},{"@type":"ListItem","position":2,"name":"ROGER CORMAN"}]},{"@type":"WebSite","@id":"https:\/\/jameshorner-filmmusic.com\/#website","url":"https:\/\/jameshorner-filmmusic.com\/","name":"JAMES HORNER","description":"JAMES HORNER FILM MUSIC","publisher":{"@id":"https:\/\/jameshorner-filmmusic.com\/#organization"},"potentialAction":[{"@type":"SearchAction","target":{"@type":"EntryPoint","urlTemplate":"https:\/\/jameshorner-filmmusic.com\/?s={search_term_string}"},"query-input":{"@type":"PropertyValueSpecification","valueRequired":true,"valueName":"search_term_string"}}],"inLanguage":"fr-FR"},{"@type":"Organization","@id":"https:\/\/jameshorner-filmmusic.com\/#organization","name":"James Horner Film Music","url":"https:\/\/jameshorner-filmmusic.com\/","logo":{"@type":"ImageObject","inLanguage":"fr-FR","@id":"https:\/\/jameshorner-filmmusic.com\/#\/schema\/logo\/image\/","url":"http:\/\/jameshorner-filmmusic.com\/wp-content\/uploads\/2015\/04\/logo-JHFM-2b.png","contentUrl":"http:\/\/jameshorner-filmmusic.com\/wp-content\/uploads\/2015\/04\/logo-JHFM-2b.png","width":250,"height":250,"caption":"James Horner Film Music"},"image":{"@id":"https:\/\/jameshorner-filmmusic.com\/#\/schema\/logo\/image\/"},"sameAs":["https:\/\/www.facebook.com\/pages\/James-Horner-Film-Music\/100282013394913","https:\/\/x.com\/HORNERFILMMUSIC","https:\/\/www.youtube.com\/channel\/UCzg0Lpstvu-boRkcMewxKSg"]}]}},"_links":{"self":[{"href":"http:\/\/jameshorner-filmmusic.com\/fr\/wp-json\/wp\/v2\/pages\/5368"}],"collection":[{"href":"http:\/\/jameshorner-filmmusic.com\/fr\/wp-json\/wp\/v2\/pages"}],"about":[{"href":"http:\/\/jameshorner-filmmusic.com\/fr\/wp-json\/wp\/v2\/types\/page"}],"author":[{"embeddable":true,"href":"http:\/\/jameshorner-filmmusic.com\/fr\/wp-json\/wp\/v2\/users\/4"}],"replies":[{"embeddable":true,"href":"http:\/\/jameshorner-filmmusic.com\/fr\/wp-json\/wp\/v2\/comments?post=5368"}],"version-history":[{"count":0,"href":"http:\/\/jameshorner-filmmusic.com\/fr\/wp-json\/wp\/v2\/pages\/5368\/revisions"}],"up":[{"embeddable":true,"href":"http:\/\/jameshorner-filmmusic.com\/fr\/wp-json\/wp\/v2\/pages\/4865"}],"wp:featuredmedia":[{"embeddable":true,"href":"http:\/\/jameshorner-filmmusic.com\/fr\/wp-json\/wp\/v2\/media\/5370"}],"wp:attachment":[{"href":"http:\/\/jameshorner-filmmusic.com\/fr\/wp-json\/wp\/v2\/media?parent=5368"}],"wp:term":[{"taxonomy":"post_tag","embeddable":true,"href":"http:\/\/jameshorner-filmmusic.com\/fr\/wp-json\/wp\/v2\/tags?post=5368"}],"curies":[{"name":"wp","href":"https:\/\/api.w.org\/{rel}","templated":true}]}}