{"id":5377,"date":"2012-04-21T20:57:41","date_gmt":"2012-04-21T20:57:41","guid":{"rendered":"http:\/\/jameshorner-filmmusic.com\/?page_id=5377"},"modified":"2013-03-12T13:07:54","modified_gmt":"2013-03-12T13:07:54","slug":"the-walt-disney-company","status":"publish","type":"page","link":"http:\/\/jameshorner-filmmusic.com\/fr\/collaborations\/the-walt-disney-company\/","title":{"rendered":"THE WALT DISNEY COMPANY"},"content":{"rendered":"<div>\n\t<center><\/p>\n<div>\n<table align=\"center\" border=\"0\" cellpadding=\"1\" cellspacing=\"1\" style=\"width: 100%;\">\n<tbody>\n<tr>\n<td style=\"width: 150px; vertical-align: top;\">\n<div>\n\t\t\t\t\t\t\t\t<img decoding=\"async\" alt=\"\" collaborations=\"\" div=\"\" http:=\"\" jameshorner-filmmusic.fr=\"\" localhost=\"\" src=\"http:\/\/jameshorner-filmmusic.com\/images\/collaborations\/producteurs\/disney.jpg\" style=\"height: 150px; width: 150px;\" \/><\/p>\n<div style=\"text-align: center;\">\n\t\t\t\t\t\t\t\t\t<span style=\"font-size:10px;\"><span style=\"font-family: arial,helvetica,sans-serif;\">By ARom&aacute;nJ (Own work) [<a href=\"http:\/\/creativecommons.org\/licenses\/by-sa\/3.0\">CC-BY-SA-3.0<\/a>], <\/span><\/span>\n\t\t\t\t\t\t\t\t<\/div>\n<\/p><\/div>\n<\/td>\n<td style=\"vertical-align: top;\">\n<div style=\"text-align: justify;\">\n<div>\n\t\t\t\t\t\t\t\t\t<span style=\"font-size:10px;\"><span style=\"font-size: 16px;\"><span style=\"font-family: arial,helvetica,sans-serif;\"><span style=\"color:#4e5e99;\"><b>The Walt Disney Company <\/b><\/span><\/span><\/span><\/span><span style=\"display: none;\">&nbsp;<\/span><span style=\"font-size: 16px;\"><span style=\"font-family: arial,helvetica,sans-serif;\"><span id=\"cke_bm_1001S\" style=\"display: none;\"> <\/span>est une <\/span><\/span><span style=\"font-size:16px;\"><span style=\"font-family: arial,helvetica,sans-serif;\">entreprise am&eacute;ricaine cr&eacute;&eacute;e en 1923 par Walt Disney<\/span><\/span><span style=\"font-size: 16px;\"><span style=\"font-family: arial,helvetica,sans-serif;\">, sous le nom Disney Brothers Studios.&nbsp;<\/span><\/span>\n\t\t\t\t\t\t\t\t<\/div>\n<div>\n\t\t\t\t\t\t\t\t\t<span style=\"font-size:10px;\"><span style=\"font-size: 16px;\"><span style=\"font-family: arial,helvetica,sans-serif;\">C&#39;est le premier groupe de divertissement au monde. Il produit : <\/span><\/span><\/span>\n\t\t\t\t\t\t\t\t<\/div>\n<div>\n\t\t\t\t\t\t\t\t\t<span style=\"font-size:10px;\"><span style=\"font-size: 16px;\"><span style=\"font-family: arial,helvetica,sans-serif;\">&#8211; des &eacute;missions et s&eacute;ries t&eacute;l&eacute;vis&eacute;es (<\/span><\/span><span style=\"font-size:16px;\"><span style=\"font-family: arial,helvetica,sans-serif;\"><u>Alias<\/u>, <u>Lost&nbsp;: Les Disparus<\/u>, <u>Desperate Housewives<\/u><\/span><\/span><span style=\"font-size: 16px;\"><span style=\"font-family: arial,helvetica,sans-serif;\"> etc.)<\/span><\/span><\/span>\n\t\t\t\t\t\t\t\t<\/div>\n<div>\n\t\t\t\t\t\t\t\t\t<span style=\"font-size:10px;\"><span style=\"font-size: 16px;\"><span style=\"font-family: arial,helvetica,sans-serif;\">&#8211; des courts et des longs m&eacute;trages d&#39;animation (<\/span><\/span><span style=\"font-size:16px;\"><span style=\"font-family: arial,helvetica,sans-serif;\">Mickey Mouse, Donald Duck, Dingo<\/span><\/span><span style=\"font-size: 16px;\"><span style=\"font-family: arial,helvetica,sans-serif;\">, etc.)<\/span><\/span><\/span>\n\t\t\t\t\t\t\t\t<\/div>\n<div>\n\t\t\t\t\t\t\t\t\t<span style=\"font-size:10px;\"><span style=\"font-size: 16px;\"><span style=\"font-family: arial,helvetica,sans-serif;\">&#8211; des films en <\/span><\/span><span style=\"font-size:16px;\"><span style=\"font-family: arial,helvetica,sans-serif;\">prises de vues r&eacute;elles<\/span><\/span><\/span>\n\t\t\t\t\t\t\t\t<\/div>\n<div>\n\t\t\t\t\t\t\t\t\t<span style=\"font-size:10px;\"><span style=\"font-size:16px;\"><span style=\"font-family: arial,helvetica,sans-serif;\">&#8211; des pars d&#39;attractions<\/span><\/span><\/span>\n\t\t\t\t\t\t\t\t<\/div>\n<div>\n\t\t\t\t\t\t\t\t\t<span style=\"font-size:10px;\"><span style=\"font-size:16px;\"><span style=\"font-family: arial,helvetica,sans-serif;\">&#8211; des produits d&eacute;riv&eacute;s (jeux et jouets, jeux vid&eacute;o, v&ecirc;tements, etc.)<span id=\"cke_bm_1001E\" style=\"display: none;\">&nbsp;<\/span><\/span><\/span><\/span>\n\t\t\t\t\t\t\t\t<\/div>\n<p>\n\t\t\t\t\t\t\t\t\t<a collaborations=\"\" href=\"http:\/\/commons.wikimedia.org\/wiki\/File%3AJuegos_&lt;a href=\" http:=\"\" jameshorner-filmmusic.fr=\"\" localhost=\"\" span=\"\" via=\"\" wikimedia=\"\"><span style=\"font-size:10px;\"><span style=\"display: none;\">&nbsp;<\/span><\/span><\/a>\n\t\t\t\t\t\t\t\t<\/p>\n<\/p><\/div>\n<div style=\"text-align: justify;\">\n<div>\n\t\t\t\t\t\t\t\t\t<span style=\"font-size:18px;\"><a collaborations=\"\" href=\"http:\/\/commons.wikimedia.org\/wiki\/File%3AJuegos_&lt;a href=\" http:=\"\" jameshorner-filmmusic.fr=\"\" localhost=\"\" span=\"\" via=\"\" wikimedia=\"\"><span style=\"font-family: arial,helvetica,sans-serif;\"><span style=\"color: rgb(78, 94, 153);\">Source : <\/span><\/span><\/a><a collaborations=\"\" href=\"http:\/\/fr.wikipedia.org\/wiki\/The_Walt_&lt;a href=\" http:=\"\" jameshorner-filmmusic.fr=\"\" localhost=\"\" span=\"\" style=\"color: rgb(78, 94, 153);\" target=\"_blank\">Wikip&eacute;dia<\/a><\/span>\n\t\t\t\t\t\t\t\t<\/div>\n<\/p><\/div>\n<\/td>\n<\/tr>\n<tr>\n<td colspan=\"2\" style=\"width: 150px;\">\n<div style=\"text-align: justify;\">\n\t\t\t\t\t\t\t\t<a collaborations=\"\" href=\"http:\/\/commons.wikimedia.org\/wiki\/File%3AJuegos_&lt;a href=\" http:=\"\" jameshorner-filmmusic.fr=\"\" localhost=\"\" span=\"\" via=\"\" wikimedia=\"\">&nbsp;<\/a>\n\t\t\t\t\t\t\t<\/div>\n<div style=\"text-align: justify;\">\n\t\t\t\t\t\t\t\t<a collaborations=\"\" href=\"http:\/\/commons.wikimedia.org\/wiki\/File%3AJuegos_&lt;a href=\" http:=\"\" jameshorner-filmmusic.fr=\"\" localhost=\"\" span=\"\" via=\"\" wikimedia=\"\"><img decoding=\"async\" alt=\"\" src=\"http:\/\/jameshorner-filmmusic.com\/images\/collaborations\/projetscommuns.jpg\" style=\"width: 352px; height: 50px;\" \/><\/a>\n\t\t\t\t\t\t\t<\/div>\n<div style=\"text-align: justify;\">\n\t\t\t\t\t\t\t\t<!-- BOF Special Recent Posts PRO ver2.1 --><div class=\"srp-widget-container\"><div class=\"srp-widget-column\"><div id=\"srp-singlepost-1\" class=\"srp-widget-singlepost srp-multi-column\"><div class=\"srp-thumbnail-box\"><a class=\"srp-widget-thmblink\" href=\"http:\/\/jameshorner-filmmusic.com\/fr\/lodyssee-musicale-de-natty-gann\/\" title=\"L&rsquo;ODYSS&Eacute;E MUSICALE DE NATTY GANN\"><img decoding=\"async\" class=\"srp-widget-thmb\" src=\"http:\/\/jameshorner-filmmusic.com\/wp-content\/plugins\/special-recent-posts\/cache\/MTAwMTAwbm9uYXR0eTE=.jpg\" alt=\"L&rsquo;ODYSS&Eacute;E MUSICALE DE NATTY GANN\">\n<\/a>\n<\/div>\n<\/div><div id=\"srp-singlepost-2\" class=\"srp-widget-singlepost srp-multi-column\"><div class=\"srp-thumbnail-box\"><a class=\"srp-widget-thmblink\" href=\"http:\/\/jameshorner-filmmusic.com\/fr\/james-horner-et-le-carnaval-des-enfers\/\" title=\"JAMES HORNER ET LE CARNAVAL DES ENFERS\"><img decoding=\"async\" class=\"srp-widget-thmb\" src=\"http:\/\/jameshorner-filmmusic.com\/wp-content\/plugins\/special-recent-posts\/cache\/MTAwMTAwbm9zb21ldGhpbmcx.jpg\" alt=\"JAMES HORNER ET LE CARNAVAL DES ENFERS\">\n<\/a>\n<\/div>\n<\/div><div id=\"srp-singlepost-3\" class=\"srp-widget-singlepost srp-multi-column\"><div class=\"srp-thumbnail-box\"><a class=\"srp-widget-thmblink\" href=\"http:\/\/jameshorner-filmmusic.com\/fr\/cherie-jai-ecoute-james-horner\/\" title=\"CH&Eacute;RIE, J&rsquo;AI &Eacute;COUT&Eacute; JAMES HORNER !\"><img decoding=\"async\" class=\"srp-widget-thmb\" src=\"http:\/\/jameshorner-filmmusic.com\/wp-content\/plugins\/special-recent-posts\/cache\/MTAwMTAwbm9ob25leTE=.jpg\" alt=\"CH&Eacute;RIE, J&rsquo;AI &Eacute;COUT&Eacute; JAMES HORNER !\">\n<\/a>\n<\/div>\n<\/div><div id=\"srp-singlepost-4\" class=\"srp-widget-singlepost srp-multi-column\"><div class=\"srp-thumbnail-box\"><a class=\"srp-widget-thmblink\" href=\"http:\/\/jameshorner-filmmusic.com\/fr\/discographie\/mighty-joe-young\/\" title=\"MIGHTY JOE YOUNG\"><img decoding=\"async\" class=\"srp-widget-thmb\" src=\"http:\/\/jameshorner-filmmusic.com\/wp-content\/plugins\/special-recent-posts\/cache\/MTAwMTAwbm9taWdodHkx.jpg\" alt=\"MIGHTY JOE YOUNG\">\n<\/a>\n<\/div>\n<\/div><div id=\"srp-singlepost-5\" class=\"srp-widget-singlepost srp-multi-column\"><div class=\"srp-thumbnail-box\"><a class=\"srp-widget-thmblink\" href=\"http:\/\/jameshorner-filmmusic.com\/fr\/discographie\/a-far-off-place\/\" title=\"A FAR OFF PLACE\"><img decoding=\"async\" class=\"srp-widget-thmb\" src=\"http:\/\/jameshorner-filmmusic.com\/wp-content\/plugins\/special-recent-posts\/cache\/MTAwMTAwbm9BLUZhci1PZmYtUGxhY2UtY292ZXI=.jpg\" alt=\"A FAR OFF PLACE\">\n<\/a>\n<\/div>\n<\/div><div id=\"srp-singlepost-6\" class=\"srp-widget-singlepost srp-multi-column\"><div class=\"srp-thumbnail-box\"><a class=\"srp-widget-thmblink\" href=\"http:\/\/jameshorner-filmmusic.com\/fr\/discographie\/the-rocketeer\/\" title=\"THE ROCKETEER\"><img decoding=\"async\" class=\"srp-widget-thmb\" src=\"http:\/\/jameshorner-filmmusic.com\/wp-content\/plugins\/special-recent-posts\/cache\/MTAwMTAwbm9yb2NrZXRlZXIx.jpg\" alt=\"THE ROCKETEER\">\n<\/a>\n<\/div>\n<\/div><div id=\"srp-singlepost-7\" class=\"srp-widget-singlepost srp-multi-column\"><div class=\"srp-thumbnail-box\"><a class=\"srp-widget-thmblink\" href=\"http:\/\/jameshorner-filmmusic.com\/fr\/discographie\/honey-i-shrunk-the-kids\/\" title=\"HONEY, I SHRUNK THE KIDS.\"><img decoding=\"async\" class=\"srp-widget-thmb\" src=\"http:\/\/jameshorner-filmmusic.com\/wp-content\/plugins\/special-recent-posts\/cache\/MTAwMTAwbm9ob25leTE=.jpg\" alt=\"HONEY, I SHRUNK THE KIDS.\">\n<\/a>\n<\/div>\n<\/div><div id=\"srp-singlepost-8\" class=\"srp-widget-singlepost srp-multi-column\"><div class=\"srp-thumbnail-box\"><a class=\"srp-widget-thmblink\" href=\"http:\/\/jameshorner-filmmusic.com\/fr\/discographie\/the-journey-of-natty-gann\/\" title=\"THE JOURNEY OF NATTY GANN\"><img decoding=\"async\" class=\"srp-widget-thmb\" src=\"http:\/\/jameshorner-filmmusic.com\/wp-content\/plugins\/special-recent-posts\/cache\/MTAwMTAwbm9uYXR0eTE=.jpg\" alt=\"THE JOURNEY OF NATTY GANN\">\n<\/a>\n<\/div>\n<\/div><div id=\"srp-singlepost-9\" class=\"srp-widget-singlepost srp-multi-column\"><div class=\"srp-thumbnail-box\"><a class=\"srp-widget-thmblink\" href=\"http:\/\/jameshorner-filmmusic.com\/fr\/discographie\/something-wicked-this-way-comes\/\" title=\"SOMETHING WICKED THIS WAY COMES\"><img decoding=\"async\" class=\"srp-widget-thmb\" src=\"http:\/\/jameshorner-filmmusic.com\/wp-content\/plugins\/special-recent-posts\/cache\/MTAwMTAwbm9zb21ldGhpbmcx.jpg\" alt=\"SOMETHING WICKED THIS WAY COMES\">\n<\/a>\n<\/div>\n<\/div><br style=\"clear:both; height: 0px;\">\n<\/div><!-- EOF Special Recent Posts PRO ver2.5.2 -->\n\t\t\t\t\t\t\t<\/div>\n<div style=\"text-align: justify;\">\n\t\t\t\t\t\t\t\t&nbsp;\n\t\t\t\t\t\t\t<\/div>\n<div style=\"text-align: justify;\">\n\t\t\t\t\t\t\t\t<img decoding=\"async\" alt=\"\" src=\"http:\/\/jameshorner-filmmusic.com\/images\/collaborations\/articles.jpg\" style=\"width: 352px; height: 63px;\" \/>\n\t\t\t\t\t\t\t<\/div>\n<div style=\"text-align: justify;\">\n<div style=\"text-align: justify;\">\n\t\t\t\t\t\t\t\t\t<!-- BOF Special Recent Posts PRO ver2.1 --><div class=\"srp-widget-container\"><div id=\"srp-singlepost-1\" class=\"srp-widget-singlepost srp-single-column\"><div class=\"srp-content-box\"><h4 class=\"srp-post-title\"><a class=\"srp-post-title-link\" href=\"http:\/\/jameshorner-filmmusic.com\/fr\/lodyssee-musicale-de-natty-gann\/\" title=\"L&rsquo;ODYSS&Eacute;E MUSICALE DE NATTY GANN\">L'ODYSS&Eacute;E MUSICALE DE NATTY GANN<\/a>\n<\/h4>\n<\/div><\/div><div id=\"srp-singlepost-2\" class=\"srp-widget-singlepost srp-single-column\"><div class=\"srp-content-box\"><h4 class=\"srp-post-title\"><a class=\"srp-post-title-link\" href=\"http:\/\/jameshorner-filmmusic.com\/fr\/james-horner-et-le-carnaval-des-enfers\/\" title=\"JAMES HORNER ET LE CARNAVAL DES ENFERS\">JAMES HORNER ET LE CARNAVAL DES ENFERS<\/a>\n<\/h4>\n<\/div><\/div><div id=\"srp-singlepost-3\" class=\"srp-widget-singlepost srp-single-column\"><div class=\"srp-content-box\"><h4 class=\"srp-post-title\"><a class=\"srp-post-title-link\" href=\"http:\/\/jameshorner-filmmusic.com\/fr\/cherie-jai-ecoute-james-horner\/\" title=\"CH&Eacute;RIE, J&rsquo;AI &Eacute;COUT&Eacute; JAMES HORNER !\">CH&Eacute;RIE, J'AI &Eacute;COUT&Eacute; JAMES HORNER !<\/a>\n<\/h4>\n<\/div><\/div><br style=\"clear:both; height: 0px;\">\n<\/div><!-- EOF Special Recent Posts PRO ver2.5.2 -->\n\t\t\t\t\t\t\t\t<\/div>\n<\/p><\/div>\n<\/td>\n<\/tr>\n<\/tbody>\n<\/table><\/div>\n<p>\n\t\t\t&nbsp;\n\t\t<\/p>\n<p>\t<\/center>\n<\/div>\n<p>\n\t&nbsp;<\/p>\n","protected":false},"excerpt":{"rendered":"<p>By ARom&aacute;nJ (Own work) [CC-BY-SA-3.0], The Walt Disney Company &nbsp; est une entreprise am&eacute;ricaine cr&eacute;&eacute;e en 1923 par Walt Disney, [&hellip;]<\/p>\n","protected":false},"author":4,"featured_media":5379,"parent":4865,"menu_order":0,"comment_status":"closed","ping_status":"closed","template":"frfichescollabo.php","meta":{"site-sidebar-layout":"default","site-content-layout":"","ast-site-content-layout":"default","site-content-style":"default","site-sidebar-style":"default","ast-global-header-display":"","ast-banner-title-visibility":"","ast-main-header-display":"","ast-hfb-above-header-display":"","ast-hfb-below-header-display":"","ast-hfb-mobile-header-display":"","site-post-title":"","ast-breadcrumbs-content":"","ast-featured-img":"","footer-sml-layout":"","ast-disable-related-posts":"","theme-transparent-header-meta":"","adv-header-id-meta":"","stick-header-meta":"","header-above-stick-meta":"","header-main-stick-meta":"","header-below-stick-meta":"","astra-migrate-meta-layouts":"default","ast-page-background-enabled":"default","ast-page-background-meta":{"desktop":{"background-color":"var(--ast-global-color-4)","background-image":"","background-repeat":"repeat","background-position":"center center","background-size":"auto","background-attachment":"scroll","background-type":"","background-media":"","overlay-type":"","overlay-color":"","overlay-opacity":"","overlay-gradient":""},"tablet":{"background-color":"","background-image":"","background-repeat":"repeat","background-position":"center center","background-size":"auto","background-attachment":"scroll","background-type":"","background-media":"","overlay-type":"","overlay-color":"","overlay-opacity":"","overlay-gradient":""},"mobile":{"background-color":"","background-image":"","background-repeat":"repeat","background-position":"center center","background-size":"auto","background-attachment":"scroll","background-type":"","background-media":"","overlay-type":"","overlay-color":"","overlay-opacity":"","overlay-gradient":""}},"ast-content-background-meta":{"desktop":{"background-color":"var(--ast-global-color-5)","background-image":"","background-repeat":"repeat","background-position":"center center","background-size":"auto","background-attachment":"scroll","background-type":"","background-media":"","overlay-type":"","overlay-color":"","overlay-opacity":"","overlay-gradient":""},"tablet":{"background-color":"var(--ast-global-color-5)","background-image":"","background-repeat":"repeat","background-position":"center center","background-size":"auto","background-attachment":"scroll","background-type":"","background-media":"","overlay-type":"","overlay-color":"","overlay-opacity":"","overlay-gradient":""},"mobile":{"background-color":"var(--ast-global-color-5)","background-image":"","background-repeat":"repeat","background-position":"center center","background-size":"auto","background-attachment":"scroll","background-type":"","background-media":"","overlay-type":"","overlay-color":"","overlay-opacity":"","overlay-gradient":""}},"footnotes":""},"tags":[525,268,331,404],"class_list":["post-5377","page","type-page","status-publish","has-post-thumbnail","hentry","tag-honey-i-shrunk-the-kids","tag-natty-gann","tag-something-wicked-this-way-comes","tag-walt-disney-studios"],"yoast_head":"<!-- This site is optimized with the Yoast SEO plugin v23.4 - https:\/\/yoast.com\/wordpress\/plugins\/seo\/ -->\n<title>THE WALT DISNEY COMPANY<\/title>\n<meta name=\"description\" content=\"The Walt Disney Company est une entreprise am\u00e9ricaine cr\u00e9\u00e9e en 1923 par Walt Disney, sous le nom Disney Brothers Studios.\" \/>\n<meta name=\"robots\" content=\"index, follow, max-snippet:-1, max-image-preview:large, max-video-preview:-1\" \/>\n<link rel=\"canonical\" href=\"http:\/\/jameshorner-filmmusic.com\/fr\/collaborations\/the-walt-disney-company\/\" \/>\n<meta property=\"og:locale\" content=\"fr_FR\" \/>\n<meta property=\"og:type\" content=\"article\" \/>\n<meta property=\"og:title\" content=\"THE WALT DISNEY COMPANY\" \/>\n<meta property=\"og:description\" content=\"The Walt Disney Company est une entreprise am\u00e9ricaine cr\u00e9\u00e9e en 1923 par Walt Disney, sous le nom Disney Brothers Studios.\" \/>\n<meta property=\"og:url\" content=\"http:\/\/jameshorner-filmmusic.com\/fr\/collaborations\/the-walt-disney-company\/\" \/>\n<meta property=\"og:site_name\" content=\"JAMES HORNER\" \/>\n<meta property=\"article:publisher\" content=\"https:\/\/www.facebook.com\/pages\/James-Horner-Film-Music\/100282013394913\" \/>\n<meta property=\"article:modified_time\" content=\"2013-03-12T13:07:54+00:00\" \/>\n<meta property=\"og:image\" content=\"http:\/\/jameshorner-filmmusic.com\/wp-content\/uploads\/2012\/04\/disney1.png\" \/>\n\t<meta property=\"og:image:width\" content=\"358\" \/>\n\t<meta property=\"og:image:height\" content=\"358\" \/>\n\t<meta property=\"og:image:type\" content=\"image\/png\" \/>\n<meta name=\"twitter:label1\" content=\"Dur\u00e9e de lecture estim\u00e9e\" \/>\n\t<meta name=\"twitter:data1\" content=\"1 minute\" \/>\n<script type=\"application\/ld+json\" class=\"yoast-schema-graph\">{\"@context\":\"https:\/\/schema.org\",\"@graph\":[{\"@type\":\"WebPage\",\"@id\":\"http:\/\/jameshorner-filmmusic.com\/fr\/collaborations\/the-walt-disney-company\/\",\"url\":\"http:\/\/jameshorner-filmmusic.com\/fr\/collaborations\/the-walt-disney-company\/\",\"name\":\"THE WALT DISNEY COMPANY\",\"isPartOf\":{\"@id\":\"http:\/\/jameshorner-filmmusic.com\/#website\"},\"primaryImageOfPage\":{\"@id\":\"http:\/\/jameshorner-filmmusic.com\/fr\/collaborations\/the-walt-disney-company\/#primaryimage\"},\"image\":{\"@id\":\"http:\/\/jameshorner-filmmusic.com\/fr\/collaborations\/the-walt-disney-company\/#primaryimage\"},\"thumbnailUrl\":\"http:\/\/jameshorner-filmmusic.com\/wp-content\/uploads\/2012\/04\/disney1.png\",\"datePublished\":\"2012-04-21T20:57:41+00:00\",\"dateModified\":\"2013-03-12T13:07:54+00:00\",\"description\":\"The Walt Disney Company est une entreprise am\u00e9ricaine cr\u00e9\u00e9e en 1923 par Walt Disney, sous le nom Disney Brothers Studios.\",\"breadcrumb\":{\"@id\":\"http:\/\/jameshorner-filmmusic.com\/fr\/collaborations\/the-walt-disney-company\/#breadcrumb\"},\"inLanguage\":\"fr-FR\",\"potentialAction\":[{\"@type\":\"ReadAction\",\"target\":[\"http:\/\/jameshorner-filmmusic.com\/fr\/collaborations\/the-walt-disney-company\/\"]}]},{\"@type\":\"ImageObject\",\"inLanguage\":\"fr-FR\",\"@id\":\"http:\/\/jameshorner-filmmusic.com\/fr\/collaborations\/the-walt-disney-company\/#primaryimage\",\"url\":\"http:\/\/jameshorner-filmmusic.com\/wp-content\/uploads\/2012\/04\/disney1.png\",\"contentUrl\":\"http:\/\/jameshorner-filmmusic.com\/wp-content\/uploads\/2012\/04\/disney1.png\",\"width\":358,\"height\":358},{\"@type\":\"BreadcrumbList\",\"@id\":\"http:\/\/jameshorner-filmmusic.com\/fr\/collaborations\/the-walt-disney-company\/#breadcrumb\",\"itemListElement\":[{\"@type\":\"ListItem\",\"position\":1,\"name\":\"COLLABORATIONS\",\"item\":\"http:\/\/jameshorner-filmmusic.com\/fr\/collaborations\/\"},{\"@type\":\"ListItem\",\"position\":2,\"name\":\"THE WALT DISNEY COMPANY\"}]},{\"@type\":\"WebSite\",\"@id\":\"http:\/\/jameshorner-filmmusic.com\/#website\",\"url\":\"http:\/\/jameshorner-filmmusic.com\/\",\"name\":\"JAMES HORNER\",\"description\":\"JAMES HORNER FILM MUSIC\",\"publisher\":{\"@id\":\"http:\/\/jameshorner-filmmusic.com\/#organization\"},\"potentialAction\":[{\"@type\":\"SearchAction\",\"target\":{\"@type\":\"EntryPoint\",\"urlTemplate\":\"http:\/\/jameshorner-filmmusic.com\/?s={search_term_string}\"},\"query-input\":{\"@type\":\"PropertyValueSpecification\",\"valueRequired\":true,\"valueName\":\"search_term_string\"}}],\"inLanguage\":\"fr-FR\"},{\"@type\":\"Organization\",\"@id\":\"http:\/\/jameshorner-filmmusic.com\/#organization\",\"name\":\"James Horner Film Music\",\"url\":\"http:\/\/jameshorner-filmmusic.com\/\",\"logo\":{\"@type\":\"ImageObject\",\"inLanguage\":\"fr-FR\",\"@id\":\"http:\/\/jameshorner-filmmusic.com\/#\/schema\/logo\/image\/\",\"url\":\"http:\/\/jameshorner-filmmusic.com\/wp-content\/uploads\/2015\/04\/logo-JHFM-2b.png\",\"contentUrl\":\"http:\/\/jameshorner-filmmusic.com\/wp-content\/uploads\/2015\/04\/logo-JHFM-2b.png\",\"width\":250,\"height\":250,\"caption\":\"James Horner Film Music\"},\"image\":{\"@id\":\"http:\/\/jameshorner-filmmusic.com\/#\/schema\/logo\/image\/\"},\"sameAs\":[\"https:\/\/www.facebook.com\/pages\/James-Horner-Film-Music\/100282013394913\",\"https:\/\/x.com\/HORNERFILMMUSIC\",\"https:\/\/www.youtube.com\/channel\/UCzg0Lpstvu-boRkcMewxKSg\"]}]}<\/script>\n<!-- \/ Yoast SEO plugin. -->","yoast_head_json":{"title":"THE WALT DISNEY COMPANY","description":"The Walt Disney Company est une entreprise am\u00e9ricaine cr\u00e9\u00e9e en 1923 par Walt Disney, sous le nom Disney Brothers Studios.","robots":{"index":"index","follow":"follow","max-snippet":"max-snippet:-1","max-image-preview":"max-image-preview:large","max-video-preview":"max-video-preview:-1"},"canonical":"http:\/\/jameshorner-filmmusic.com\/fr\/collaborations\/the-walt-disney-company\/","og_locale":"fr_FR","og_type":"article","og_title":"THE WALT DISNEY COMPANY","og_description":"The Walt Disney Company est une entreprise am\u00e9ricaine cr\u00e9\u00e9e en 1923 par Walt Disney, sous le nom Disney Brothers Studios.","og_url":"http:\/\/jameshorner-filmmusic.com\/fr\/collaborations\/the-walt-disney-company\/","og_site_name":"JAMES HORNER","article_publisher":"https:\/\/www.facebook.com\/pages\/James-Horner-Film-Music\/100282013394913","article_modified_time":"2013-03-12T13:07:54+00:00","og_image":[{"width":358,"height":358,"url":"http:\/\/jameshorner-filmmusic.com\/wp-content\/uploads\/2012\/04\/disney1.png","type":"image\/png"}],"twitter_misc":{"Dur\u00e9e de lecture estim\u00e9e":"1 minute"},"schema":{"@context":"https:\/\/schema.org","@graph":[{"@type":"WebPage","@id":"http:\/\/jameshorner-filmmusic.com\/fr\/collaborations\/the-walt-disney-company\/","url":"http:\/\/jameshorner-filmmusic.com\/fr\/collaborations\/the-walt-disney-company\/","name":"THE WALT DISNEY COMPANY","isPartOf":{"@id":"http:\/\/jameshorner-filmmusic.com\/#website"},"primaryImageOfPage":{"@id":"http:\/\/jameshorner-filmmusic.com\/fr\/collaborations\/the-walt-disney-company\/#primaryimage"},"image":{"@id":"http:\/\/jameshorner-filmmusic.com\/fr\/collaborations\/the-walt-disney-company\/#primaryimage"},"thumbnailUrl":"http:\/\/jameshorner-filmmusic.com\/wp-content\/uploads\/2012\/04\/disney1.png","datePublished":"2012-04-21T20:57:41+00:00","dateModified":"2013-03-12T13:07:54+00:00","description":"The Walt Disney Company est une entreprise am\u00e9ricaine cr\u00e9\u00e9e en 1923 par Walt Disney, sous le nom Disney Brothers Studios.","breadcrumb":{"@id":"http:\/\/jameshorner-filmmusic.com\/fr\/collaborations\/the-walt-disney-company\/#breadcrumb"},"inLanguage":"fr-FR","potentialAction":[{"@type":"ReadAction","target":["http:\/\/jameshorner-filmmusic.com\/fr\/collaborations\/the-walt-disney-company\/"]}]},{"@type":"ImageObject","inLanguage":"fr-FR","@id":"http:\/\/jameshorner-filmmusic.com\/fr\/collaborations\/the-walt-disney-company\/#primaryimage","url":"http:\/\/jameshorner-filmmusic.com\/wp-content\/uploads\/2012\/04\/disney1.png","contentUrl":"http:\/\/jameshorner-filmmusic.com\/wp-content\/uploads\/2012\/04\/disney1.png","width":358,"height":358},{"@type":"BreadcrumbList","@id":"http:\/\/jameshorner-filmmusic.com\/fr\/collaborations\/the-walt-disney-company\/#breadcrumb","itemListElement":[{"@type":"ListItem","position":1,"name":"COLLABORATIONS","item":"http:\/\/jameshorner-filmmusic.com\/fr\/collaborations\/"},{"@type":"ListItem","position":2,"name":"THE WALT DISNEY COMPANY"}]},{"@type":"WebSite","@id":"http:\/\/jameshorner-filmmusic.com\/#website","url":"http:\/\/jameshorner-filmmusic.com\/","name":"JAMES HORNER","description":"JAMES HORNER FILM MUSIC","publisher":{"@id":"http:\/\/jameshorner-filmmusic.com\/#organization"},"potentialAction":[{"@type":"SearchAction","target":{"@type":"EntryPoint","urlTemplate":"http:\/\/jameshorner-filmmusic.com\/?s={search_term_string}"},"query-input":{"@type":"PropertyValueSpecification","valueRequired":true,"valueName":"search_term_string"}}],"inLanguage":"fr-FR"},{"@type":"Organization","@id":"http:\/\/jameshorner-filmmusic.com\/#organization","name":"James Horner Film Music","url":"http:\/\/jameshorner-filmmusic.com\/","logo":{"@type":"ImageObject","inLanguage":"fr-FR","@id":"http:\/\/jameshorner-filmmusic.com\/#\/schema\/logo\/image\/","url":"http:\/\/jameshorner-filmmusic.com\/wp-content\/uploads\/2015\/04\/logo-JHFM-2b.png","contentUrl":"http:\/\/jameshorner-filmmusic.com\/wp-content\/uploads\/2015\/04\/logo-JHFM-2b.png","width":250,"height":250,"caption":"James Horner Film Music"},"image":{"@id":"http:\/\/jameshorner-filmmusic.com\/#\/schema\/logo\/image\/"},"sameAs":["https:\/\/www.facebook.com\/pages\/James-Horner-Film-Music\/100282013394913","https:\/\/x.com\/HORNERFILMMUSIC","https:\/\/www.youtube.com\/channel\/UCzg0Lpstvu-boRkcMewxKSg"]}]}},"_links":{"self":[{"href":"http:\/\/jameshorner-filmmusic.com\/fr\/wp-json\/wp\/v2\/pages\/5377"}],"collection":[{"href":"http:\/\/jameshorner-filmmusic.com\/fr\/wp-json\/wp\/v2\/pages"}],"about":[{"href":"http:\/\/jameshorner-filmmusic.com\/fr\/wp-json\/wp\/v2\/types\/page"}],"author":[{"embeddable":true,"href":"http:\/\/jameshorner-filmmusic.com\/fr\/wp-json\/wp\/v2\/users\/4"}],"replies":[{"embeddable":true,"href":"http:\/\/jameshorner-filmmusic.com\/fr\/wp-json\/wp\/v2\/comments?post=5377"}],"version-history":[{"count":0,"href":"http:\/\/jameshorner-filmmusic.com\/fr\/wp-json\/wp\/v2\/pages\/5377\/revisions"}],"up":[{"embeddable":true,"href":"http:\/\/jameshorner-filmmusic.com\/fr\/wp-json\/wp\/v2\/pages\/4865"}],"wp:featuredmedia":[{"embeddable":true,"href":"http:\/\/jameshorner-filmmusic.com\/fr\/wp-json\/wp\/v2\/media\/5379"}],"wp:attachment":[{"href":"http:\/\/jameshorner-filmmusic.com\/fr\/wp-json\/wp\/v2\/media?parent=5377"}],"wp:term":[{"taxonomy":"post_tag","embeddable":true,"href":"http:\/\/jameshorner-filmmusic.com\/fr\/wp-json\/wp\/v2\/tags?post=5377"}],"curies":[{"name":"wp","href":"https:\/\/api.w.org\/{rel}","templated":true}]}}