{"id":5401,"date":"2012-05-04T21:07:22","date_gmt":"2012-05-04T21:07:22","guid":{"rendered":"http:\/\/jameshorner-filmmusic.com\/?page_id=5401"},"modified":"2014-08-09T22:28:27","modified_gmt":"2014-08-09T20:28:27","slug":"conrad-pope","status":"publish","type":"page","link":"http:\/\/jameshorner-filmmusic.com\/fr\/collaborations\/conrad-pope\/","title":{"rendered":"CONRAD POPE"},"content":{"rendered":"<div>\n\t<center><\/p>\n<div>\n<table align=\"center\" border=\"0\" cellpadding=\"1\" cellspacing=\"1\" style=\"width: 100%;\">\n<tbody>\n<tr>\n<td style=\"width: 150px; vertical-align: top;\">\n<div>\n\t\t\t\t\t\t\t\t<img decoding=\"async\" alt=\"\" class=\"imgcollabo\" src=\"http:\/\/jameshorner-filmmusic.com\/images\/collaborations\/orchestrateurs\/pope.jpg\" style=\"height: 149px; width: 150px;\" \/>\n\t\t\t\t\t\t\t<\/div>\n<div style=\"text-align: center;\">\n\t\t\t\t\t\t\t\t&nbsp;\n\t\t\t\t\t\t\t<\/div>\n<\/td>\n<td style=\"vertical-align: top;\">\n<div style=\"text-align: justify;\">\n<div>\n<div>\n<div>\n\t\t\t\t\t\t\t\t\t\t\t<span style=\"font-size:18px;\"><span style=\"font-family: arial,helvetica,sans-serif;\"><span style=\"color: rgb(78, 94, 153);\"><b>Conrad Pope<\/b><\/span><\/span> est un compositeur reconnu &agrave; Hollywood pour ses qualifications musicales rares et pour sa musique rafra&icirc;chissante et &eacute;motionnelle. Il a particip&eacute; &agrave; plus d&#39;une centaine de films au genres et budgets tr&egrave;s vari&eacute;s. De formation classique, il a &eacute;tudi&eacute; au conservatoire de la Nouvelle-Angleterre, &agrave; l&#39;universit&eacute; de Princeton et en Europe.&nbsp; <\/span>\n\t\t\t\t\t\t\t\t\t\t<\/div>\n<div>\n\t\t\t\t\t\t\t\t\t\t\t<span style=\"font-size:18px;\">Il a travaill&eacute; comme superviseur musical pour des compositeurs comme John Williams, Alexandre Desplat, James Newton Howard, Jerry Goldsmith, James Horner, Alan Silvestri, Danny Elfman, John Powell, Hans Zimmer.<\/span>\n\t\t\t\t\t\t\t\t\t\t<\/div>\n<\/p><\/div>\n<div>\n\t\t\t\t\t\t\t\t\t\t<span style=\"font-size:18px;\"><span style=\"font-family: arial,helvetica,sans-serif;\"><span style=\"color: rgb(78, 94, 153);\">Site officiel : <\/span><a href=\"http:\/\/conradpopemusic.com\/\">ConradPopeMusic<\/a><\/span><\/span>\n\t\t\t\t\t\t\t\t\t<\/div>\n<\/p><\/div>\n<\/p><\/div>\n<\/td>\n<\/tr>\n<tr>\n<td colspan=\"2\" style=\"width: 150px;\">\n<div style=\"text-align: justify;\">\n\t\t\t\t\t\t\t\t<img decoding=\"async\" alt=\"\" src=\"http:\/\/jameshorner-filmmusic.com\/images\/collaborations\/projetscommuns.jpg\" style=\"width: 352px; height: 50px;\" \/>\n\t\t\t\t\t\t\t<\/div>\n<div style=\"text-align: justify;\">\n<div style=\"text-align: justify;\">\n<div style=\"text-align: justify;\">\n<div style=\"text-align: justify;\">\n<div style=\"text-align: justify;\">\n\t\t\t\t\t\t\t\t\t\t\t\t<!-- BOF Special Recent Posts PRO ver2.1 --><div class=\"srp-widget-container\"><div class=\"srp-widget-column\"><div id=\"srp-singlepost-1\" class=\"srp-widget-singlepost srp-multi-column\"><div class=\"srp-thumbnail-box\"><a class=\"srp-widget-thmblink\" href=\"http:\/\/jameshorner-filmmusic.com\/fr\/collaborations\/conrad-pope\/\" title=\"CONRAD POPE\"><img decoding=\"async\" class=\"srp-widget-thmb\" src=\"http:\/\/jameshorner-filmmusic.com\/wp-content\/plugins\/special-recent-posts\/cache\/MTAwMTAwbm9wb3BlMQ==.jpg\" alt=\"CONRAD POPE\">\n<\/a>\n<\/div>\n<\/div><div id=\"srp-singlepost-2\" class=\"srp-widget-singlepost srp-multi-column\"><div class=\"srp-thumbnail-box\"><a class=\"srp-widget-thmblink\" href=\"http:\/\/jameshorner-filmmusic.com\/fr\/discographie\/the-legend-of-zorro\/\" title=\"THE LEGEND OF ZORRO\"><img decoding=\"async\" class=\"srp-widget-thmb\" src=\"http:\/\/jameshorner-filmmusic.com\/wp-content\/plugins\/special-recent-posts\/cache\/MTAwMTAwbm90aGVsZWdlbmRvZnpvcnJvMQ==.jpg\" alt=\"THE LEGEND OF ZORRO\">\n<\/a>\n<\/div>\n<\/div><div id=\"srp-singlepost-3\" class=\"srp-widget-singlepost srp-multi-column\"><div class=\"srp-thumbnail-box\"><a class=\"srp-widget-thmblink\" href=\"http:\/\/jameshorner-filmmusic.com\/fr\/discographie\/flightplan\/\" title=\"FLIGHTPLAN\"><img decoding=\"async\" class=\"srp-widget-thmb\" src=\"http:\/\/jameshorner-filmmusic.com\/wp-content\/plugins\/special-recent-posts\/cache\/MTAwMTAwbm9mbGlnaHRwbGFuMQ==.jpg\" alt=\"FLIGHTPLAN\">\n<\/a>\n<\/div>\n<\/div><div id=\"srp-singlepost-4\" class=\"srp-widget-singlepost srp-multi-column\"><div class=\"srp-thumbnail-box\"><a class=\"srp-widget-thmblink\" href=\"http:\/\/jameshorner-filmmusic.com\/fr\/discographie\/troy\/\" title=\"TROY\"><img decoding=\"async\" class=\"srp-widget-thmb\" src=\"http:\/\/jameshorner-filmmusic.com\/wp-content\/plugins\/special-recent-posts\/cache\/MTAwMTAwbm90cm95MQ==.jpg\" alt=\"TROY\">\n<\/a>\n<\/div>\n<\/div><div id=\"srp-singlepost-5\" class=\"srp-widget-singlepost srp-multi-column\"><div class=\"srp-thumbnail-box\"><a class=\"srp-widget-thmblink\" href=\"http:\/\/jameshorner-filmmusic.com\/fr\/discographie\/once-upon-a-forest\/\" title=\"ONCE UPON A FOREST\"><img decoding=\"async\" class=\"srp-widget-thmb\" src=\"http:\/\/jameshorner-filmmusic.com\/wp-content\/plugins\/special-recent-posts\/cache\/MTAwMTAwbm9vbmNldXBvbmFmb3Jlc3Qx.jpg\" alt=\"ONCE UPON A FOREST\">\n<\/a>\n<\/div>\n<\/div><div id=\"srp-singlepost-6\" class=\"srp-widget-singlepost srp-multi-column\"><div class=\"srp-thumbnail-box\"><a class=\"srp-widget-thmblink\" href=\"http:\/\/jameshorner-filmmusic.com\/fr\/discographie\/patriot-games\/\" title=\"PATRIOT GAMES\"><img decoding=\"async\" class=\"srp-widget-thmb\" src=\"http:\/\/jameshorner-filmmusic.com\/wp-content\/plugins\/special-recent-posts\/cache\/MTAwMTAwbm9wYXRyaW90MQ==.jpg\" alt=\"PATRIOT GAMES\">\n<\/a>\n<\/div>\n<\/div><div id=\"srp-singlepost-7\" class=\"srp-widget-singlepost srp-multi-column\"><div class=\"srp-thumbnail-box\"><a class=\"srp-widget-thmblink\" href=\"http:\/\/jameshorner-filmmusic.com\/fr\/discographie\/the-rocketeer\/\" title=\"THE ROCKETEER\"><img decoding=\"async\" class=\"srp-widget-thmb\" src=\"http:\/\/jameshorner-filmmusic.com\/wp-content\/plugins\/special-recent-posts\/cache\/MTAwMTAwbm9yb2NrZXRlZXIx.jpg\" alt=\"THE ROCKETEER\">\n<\/a>\n<\/div>\n<\/div><br style=\"clear:both; height: 0px;\">\n<\/div><!-- EOF Special Recent Posts PRO ver2.5.2 -->\n\t\t\t\t\t\t\t\t\t\t\t<\/div>\n<div style=\"text-align: justify;\">\n\t\t\t\t\t\t\t\t\t\t\t\t&nbsp;\n\t\t\t\t\t\t\t\t\t\t\t<\/div>\n<div style=\"text-align: justify;\">\n\t\t\t\t\t\t\t\t\t\t\t\t<img decoding=\"async\" alt=\"\" src=\"http:\/\/jameshorner-filmmusic.com\/images\/collaborations\/articles.jpg\" style=\"width: 352px; height: 63px;\" \/>\n\t\t\t\t\t\t\t\t\t\t\t<\/div>\n<div style=\"text-align: justify;\">\n\t\t\t\t\t\t\t\t\t\t\t\t<!-- BOF Special Recent Posts PRO ver2.1 --><div class=\"srp-widget-container\"><div id=\"srp-singlepost-1\" class=\"srp-widget-singlepost srp-single-column\"><div class=\"srp-thumbnail-box\"><a class=\"srp-widget-thmblink\" href=\"http:\/\/jameshorner-filmmusic.com\/fr\/jon-kull-honorer-les-intentions-du-compositeur\/\" title=\"JON KULL : &ldquo;HONORER LES INTENTIONS DU COMPOSITEUR &ndash; FAIRE EN SORTE QUE SA MUSIQUE SOIT FABULEUSE !&rdquo;\"><img decoding=\"async\" class=\"srp-widget-thmb\" src=\"http:\/\/jameshorner-filmmusic.com\/wp-content\/plugins\/special-recent-posts\/cache\/MTAwMTAwbm9rdWxs.jpg\" alt=\"JON KULL : &ldquo;HONORER LES INTENTIONS DU COMPOSITEUR &ndash; FAIRE EN SORTE QUE SA MUSIQUE SOIT FABULEUSE !&rdquo;\">\n<\/a>\n<\/div>\n<div class=\"srp-content-box\"><h4 class=\"srp-post-title\"><a class=\"srp-post-title-link\" href=\"http:\/\/jameshorner-filmmusic.com\/fr\/jon-kull-honorer-les-intentions-du-compositeur\/\" title=\"JON KULL : &ldquo;HONORER LES INTENTIONS DU COMPOSITEUR &ndash; FAIRE EN SORTE QUE SA MUSIQUE SOIT FABULEUSE !&rdquo;\">JON KULL : \"HONORER LES INTENTIONS DU COMPOSITEUR - FAIRE EN SORTE QUE SA MUSIQUE SOIT FABULEUSE !\"<\/a>\n<\/h4>\n<p class=\"srp-widget-excerpt\">\r\n\tPour accompagner la mise en ligne de la section collaboration anglaise, nous avons souhait&eacute; nous int&eacute;resser &agrave; un m&eacute;tier rarement mis en avant, celui d&#39;orchestrateur. A cet effet, nous avons eu le grand plaisir d&#39;interviewer Jon Kull, qui a travaill&eacute; avec James Horner notamment sur Avatar et The Amazing Spider-Man. La finesse de ses r&eacute;ponses nous &eacute;claire sur les cr&eacute;ations des orchestrations dans la musique de films.\r\n\r\n\r\n\r\n\t&nbsp;\r\n\r\n\r\n\r\n\tComment &ecirc;tes-vous devenu orchestrateur &agrave; Hollywood ? Quel est votre parcours ?\r\n\tApr&egrave;s avoir &eacute;t&eacute; dipl&ocirc;m&eacute; en Composition et Pratique du piano &agrave; l&#39;Universit&eacute; du Colorado, je suis entr&eacute; dans le programme de musique de<\/p><\/div><\/div><br style=\"clear:both; height: 0px;\">\n<\/div><!-- EOF Special Recent Posts PRO ver2.5.2 -->\n\t\t\t\t\t\t\t\t\t\t\t<\/div>\n<\/p><\/div>\n<\/p><\/div>\n<\/p><\/div>\n<\/p><\/div>\n<\/td>\n<\/tr>\n<\/tbody>\n<\/table><\/div>\n<p>\t<\/center>\n<\/div>\n","protected":false},"excerpt":{"rendered":"<p>&nbsp; Conrad Pope est un compositeur reconnu &agrave; Hollywood pour ses qualifications musicales rares et pour sa musique rafra&icirc;chissante et [&hellip;]<\/p>\n","protected":false},"author":4,"featured_media":5402,"parent":4865,"menu_order":0,"comment_status":"closed","ping_status":"closed","template":"collaboration-page-template.php","meta":{"site-sidebar-layout":"default","site-content-layout":"","ast-site-content-layout":"default","site-content-style":"default","site-sidebar-style":"default","ast-global-header-display":"","ast-banner-title-visibility":"","ast-main-header-display":"","ast-hfb-above-header-display":"","ast-hfb-below-header-display":"","ast-hfb-mobile-header-display":"","site-post-title":"","ast-breadcrumbs-content":"","ast-featured-img":"","footer-sml-layout":"","ast-disable-related-posts":"","theme-transparent-header-meta":"","adv-header-id-meta":"","stick-header-meta":"","header-above-stick-meta":"","header-main-stick-meta":"","header-below-stick-meta":"","astra-migrate-meta-layouts":"default","ast-page-background-enabled":"default","ast-page-background-meta":{"desktop":{"background-color":"var(--ast-global-color-4)","background-image":"","background-repeat":"repeat","background-position":"center center","background-size":"auto","background-attachment":"scroll","background-type":"","background-media":"","overlay-type":"","overlay-color":"","overlay-opacity":"","overlay-gradient":""},"tablet":{"background-color":"","background-image":"","background-repeat":"repeat","background-position":"center center","background-size":"auto","background-attachment":"scroll","background-type":"","background-media":"","overlay-type":"","overlay-color":"","overlay-opacity":"","overlay-gradient":""},"mobile":{"background-color":"","background-image":"","background-repeat":"repeat","background-position":"center center","background-size":"auto","background-attachment":"scroll","background-type":"","background-media":"","overlay-type":"","overlay-color":"","overlay-opacity":"","overlay-gradient":""}},"ast-content-background-meta":{"desktop":{"background-color":"var(--ast-global-color-5)","background-image":"","background-repeat":"repeat","background-position":"center center","background-size":"auto","background-attachment":"scroll","background-type":"","background-media":"","overlay-type":"","overlay-color":"","overlay-opacity":"","overlay-gradient":""},"tablet":{"background-color":"var(--ast-global-color-5)","background-image":"","background-repeat":"repeat","background-position":"center center","background-size":"auto","background-attachment":"scroll","background-type":"","background-media":"","overlay-type":"","overlay-color":"","overlay-opacity":"","overlay-gradient":""},"mobile":{"background-color":"var(--ast-global-color-5)","background-image":"","background-repeat":"repeat","background-position":"center center","background-size":"auto","background-attachment":"scroll","background-type":"","background-media":"","overlay-type":"","overlay-color":"","overlay-opacity":"","overlay-gradient":""}},"footnotes":""},"tags":[89,140,534,280,311,366,394],"class_list":["post-5401","page","type-page","status-publish","has-post-thumbnail","hentry","tag-conrad-pope","tag-flightplan","tag-once-upon-a-forest","tag-patriot-games","tag-rocketeer","tag-the-legend-of-zorro","tag-troy"],"yoast_head":"<!-- This site is optimized with the Yoast SEO plugin v23.4 - https:\/\/yoast.com\/wordpress\/plugins\/seo\/ -->\n<title>CONRAD POPE<\/title>\n<meta name=\"description\" content=\"Conrad Pope est un compositeur reconnu \u00e0 Hollywood pour ses qualifications musicales rares et pour sa musique rafra\u00eechissante et \u00e9motionnelle.\" \/>\n<meta name=\"robots\" content=\"index, follow, max-snippet:-1, max-image-preview:large, max-video-preview:-1\" \/>\n<link rel=\"canonical\" href=\"http:\/\/jameshorner-filmmusic.com\/fr\/collaborations\/conrad-pope\/\" \/>\n<meta property=\"og:locale\" content=\"fr_FR\" \/>\n<meta property=\"og:type\" content=\"article\" \/>\n<meta property=\"og:title\" content=\"CONRAD POPE\" \/>\n<meta property=\"og:description\" content=\"Conrad Pope est un compositeur reconnu \u00e0 Hollywood pour ses qualifications musicales rares et pour sa musique rafra\u00eechissante et \u00e9motionnelle.\" \/>\n<meta property=\"og:url\" content=\"http:\/\/jameshorner-filmmusic.com\/fr\/collaborations\/conrad-pope\/\" \/>\n<meta property=\"og:site_name\" content=\"JAMES HORNER\" \/>\n<meta property=\"article:publisher\" content=\"https:\/\/www.facebook.com\/pages\/James-Horner-Film-Music\/100282013394913\" \/>\n<meta property=\"article:modified_time\" content=\"2014-08-09T20:28:27+00:00\" \/>\n<meta property=\"og:image\" content=\"http:\/\/jameshorner-filmmusic.com\/wp-content\/uploads\/2012\/04\/pope1.jpg\" \/>\n\t<meta property=\"og:image:width\" content=\"300\" \/>\n\t<meta property=\"og:image:height\" content=\"298\" \/>\n\t<meta property=\"og:image:type\" content=\"image\/jpeg\" \/>\n<meta name=\"twitter:label1\" content=\"Dur\u00e9e de lecture estim\u00e9e\" \/>\n\t<meta name=\"twitter:data1\" content=\"1 minute\" \/>\n<script type=\"application\/ld+json\" class=\"yoast-schema-graph\">{\"@context\":\"https:\/\/schema.org\",\"@graph\":[{\"@type\":\"WebPage\",\"@id\":\"http:\/\/jameshorner-filmmusic.com\/fr\/collaborations\/conrad-pope\/\",\"url\":\"http:\/\/jameshorner-filmmusic.com\/fr\/collaborations\/conrad-pope\/\",\"name\":\"CONRAD POPE\",\"isPartOf\":{\"@id\":\"https:\/\/jameshorner-filmmusic.com\/#website\"},\"primaryImageOfPage\":{\"@id\":\"http:\/\/jameshorner-filmmusic.com\/fr\/collaborations\/conrad-pope\/#primaryimage\"},\"image\":{\"@id\":\"http:\/\/jameshorner-filmmusic.com\/fr\/collaborations\/conrad-pope\/#primaryimage\"},\"thumbnailUrl\":\"http:\/\/jameshorner-filmmusic.com\/wp-content\/uploads\/2012\/04\/pope1.jpg\",\"datePublished\":\"2012-05-04T21:07:22+00:00\",\"dateModified\":\"2014-08-09T20:28:27+00:00\",\"description\":\"Conrad Pope est un compositeur reconnu \u00e0 Hollywood pour ses qualifications musicales rares et pour sa musique rafra\u00eechissante et \u00e9motionnelle.\",\"breadcrumb\":{\"@id\":\"http:\/\/jameshorner-filmmusic.com\/fr\/collaborations\/conrad-pope\/#breadcrumb\"},\"inLanguage\":\"fr-FR\",\"potentialAction\":[{\"@type\":\"ReadAction\",\"target\":[\"http:\/\/jameshorner-filmmusic.com\/fr\/collaborations\/conrad-pope\/\"]}]},{\"@type\":\"ImageObject\",\"inLanguage\":\"fr-FR\",\"@id\":\"http:\/\/jameshorner-filmmusic.com\/fr\/collaborations\/conrad-pope\/#primaryimage\",\"url\":\"http:\/\/jameshorner-filmmusic.com\/wp-content\/uploads\/2012\/04\/pope1.jpg\",\"contentUrl\":\"http:\/\/jameshorner-filmmusic.com\/wp-content\/uploads\/2012\/04\/pope1.jpg\",\"width\":300,\"height\":298},{\"@type\":\"BreadcrumbList\",\"@id\":\"http:\/\/jameshorner-filmmusic.com\/fr\/collaborations\/conrad-pope\/#breadcrumb\",\"itemListElement\":[{\"@type\":\"ListItem\",\"position\":1,\"name\":\"COLLABORATIONS\",\"item\":\"http:\/\/jameshorner-filmmusic.com\/fr\/collaborations\/\"},{\"@type\":\"ListItem\",\"position\":2,\"name\":\"CONRAD POPE\"}]},{\"@type\":\"WebSite\",\"@id\":\"https:\/\/jameshorner-filmmusic.com\/#website\",\"url\":\"https:\/\/jameshorner-filmmusic.com\/\",\"name\":\"JAMES HORNER\",\"description\":\"JAMES HORNER FILM MUSIC\",\"publisher\":{\"@id\":\"https:\/\/jameshorner-filmmusic.com\/#organization\"},\"potentialAction\":[{\"@type\":\"SearchAction\",\"target\":{\"@type\":\"EntryPoint\",\"urlTemplate\":\"https:\/\/jameshorner-filmmusic.com\/?s={search_term_string}\"},\"query-input\":{\"@type\":\"PropertyValueSpecification\",\"valueRequired\":true,\"valueName\":\"search_term_string\"}}],\"inLanguage\":\"fr-FR\"},{\"@type\":\"Organization\",\"@id\":\"https:\/\/jameshorner-filmmusic.com\/#organization\",\"name\":\"James Horner Film Music\",\"url\":\"https:\/\/jameshorner-filmmusic.com\/\",\"logo\":{\"@type\":\"ImageObject\",\"inLanguage\":\"fr-FR\",\"@id\":\"https:\/\/jameshorner-filmmusic.com\/#\/schema\/logo\/image\/\",\"url\":\"http:\/\/jameshorner-filmmusic.com\/wp-content\/uploads\/2015\/04\/logo-JHFM-2b.png\",\"contentUrl\":\"http:\/\/jameshorner-filmmusic.com\/wp-content\/uploads\/2015\/04\/logo-JHFM-2b.png\",\"width\":250,\"height\":250,\"caption\":\"James Horner Film Music\"},\"image\":{\"@id\":\"https:\/\/jameshorner-filmmusic.com\/#\/schema\/logo\/image\/\"},\"sameAs\":[\"https:\/\/www.facebook.com\/pages\/James-Horner-Film-Music\/100282013394913\",\"https:\/\/x.com\/HORNERFILMMUSIC\",\"https:\/\/www.youtube.com\/channel\/UCzg0Lpstvu-boRkcMewxKSg\"]}]}<\/script>\n<!-- \/ Yoast SEO plugin. -->","yoast_head_json":{"title":"CONRAD POPE","description":"Conrad Pope est un compositeur reconnu \u00e0 Hollywood pour ses qualifications musicales rares et pour sa musique rafra\u00eechissante et \u00e9motionnelle.","robots":{"index":"index","follow":"follow","max-snippet":"max-snippet:-1","max-image-preview":"max-image-preview:large","max-video-preview":"max-video-preview:-1"},"canonical":"http:\/\/jameshorner-filmmusic.com\/fr\/collaborations\/conrad-pope\/","og_locale":"fr_FR","og_type":"article","og_title":"CONRAD POPE","og_description":"Conrad Pope est un compositeur reconnu \u00e0 Hollywood pour ses qualifications musicales rares et pour sa musique rafra\u00eechissante et \u00e9motionnelle.","og_url":"http:\/\/jameshorner-filmmusic.com\/fr\/collaborations\/conrad-pope\/","og_site_name":"JAMES HORNER","article_publisher":"https:\/\/www.facebook.com\/pages\/James-Horner-Film-Music\/100282013394913","article_modified_time":"2014-08-09T20:28:27+00:00","og_image":[{"width":300,"height":298,"url":"http:\/\/jameshorner-filmmusic.com\/wp-content\/uploads\/2012\/04\/pope1.jpg","type":"image\/jpeg"}],"twitter_misc":{"Dur\u00e9e de lecture estim\u00e9e":"1 minute"},"schema":{"@context":"https:\/\/schema.org","@graph":[{"@type":"WebPage","@id":"http:\/\/jameshorner-filmmusic.com\/fr\/collaborations\/conrad-pope\/","url":"http:\/\/jameshorner-filmmusic.com\/fr\/collaborations\/conrad-pope\/","name":"CONRAD POPE","isPartOf":{"@id":"https:\/\/jameshorner-filmmusic.com\/#website"},"primaryImageOfPage":{"@id":"http:\/\/jameshorner-filmmusic.com\/fr\/collaborations\/conrad-pope\/#primaryimage"},"image":{"@id":"http:\/\/jameshorner-filmmusic.com\/fr\/collaborations\/conrad-pope\/#primaryimage"},"thumbnailUrl":"http:\/\/jameshorner-filmmusic.com\/wp-content\/uploads\/2012\/04\/pope1.jpg","datePublished":"2012-05-04T21:07:22+00:00","dateModified":"2014-08-09T20:28:27+00:00","description":"Conrad Pope est un compositeur reconnu \u00e0 Hollywood pour ses qualifications musicales rares et pour sa musique rafra\u00eechissante et \u00e9motionnelle.","breadcrumb":{"@id":"http:\/\/jameshorner-filmmusic.com\/fr\/collaborations\/conrad-pope\/#breadcrumb"},"inLanguage":"fr-FR","potentialAction":[{"@type":"ReadAction","target":["http:\/\/jameshorner-filmmusic.com\/fr\/collaborations\/conrad-pope\/"]}]},{"@type":"ImageObject","inLanguage":"fr-FR","@id":"http:\/\/jameshorner-filmmusic.com\/fr\/collaborations\/conrad-pope\/#primaryimage","url":"http:\/\/jameshorner-filmmusic.com\/wp-content\/uploads\/2012\/04\/pope1.jpg","contentUrl":"http:\/\/jameshorner-filmmusic.com\/wp-content\/uploads\/2012\/04\/pope1.jpg","width":300,"height":298},{"@type":"BreadcrumbList","@id":"http:\/\/jameshorner-filmmusic.com\/fr\/collaborations\/conrad-pope\/#breadcrumb","itemListElement":[{"@type":"ListItem","position":1,"name":"COLLABORATIONS","item":"http:\/\/jameshorner-filmmusic.com\/fr\/collaborations\/"},{"@type":"ListItem","position":2,"name":"CONRAD POPE"}]},{"@type":"WebSite","@id":"https:\/\/jameshorner-filmmusic.com\/#website","url":"https:\/\/jameshorner-filmmusic.com\/","name":"JAMES HORNER","description":"JAMES HORNER FILM MUSIC","publisher":{"@id":"https:\/\/jameshorner-filmmusic.com\/#organization"},"potentialAction":[{"@type":"SearchAction","target":{"@type":"EntryPoint","urlTemplate":"https:\/\/jameshorner-filmmusic.com\/?s={search_term_string}"},"query-input":{"@type":"PropertyValueSpecification","valueRequired":true,"valueName":"search_term_string"}}],"inLanguage":"fr-FR"},{"@type":"Organization","@id":"https:\/\/jameshorner-filmmusic.com\/#organization","name":"James Horner Film Music","url":"https:\/\/jameshorner-filmmusic.com\/","logo":{"@type":"ImageObject","inLanguage":"fr-FR","@id":"https:\/\/jameshorner-filmmusic.com\/#\/schema\/logo\/image\/","url":"http:\/\/jameshorner-filmmusic.com\/wp-content\/uploads\/2015\/04\/logo-JHFM-2b.png","contentUrl":"http:\/\/jameshorner-filmmusic.com\/wp-content\/uploads\/2015\/04\/logo-JHFM-2b.png","width":250,"height":250,"caption":"James Horner Film Music"},"image":{"@id":"https:\/\/jameshorner-filmmusic.com\/#\/schema\/logo\/image\/"},"sameAs":["https:\/\/www.facebook.com\/pages\/James-Horner-Film-Music\/100282013394913","https:\/\/x.com\/HORNERFILMMUSIC","https:\/\/www.youtube.com\/channel\/UCzg0Lpstvu-boRkcMewxKSg"]}]}},"_links":{"self":[{"href":"http:\/\/jameshorner-filmmusic.com\/fr\/wp-json\/wp\/v2\/pages\/5401"}],"collection":[{"href":"http:\/\/jameshorner-filmmusic.com\/fr\/wp-json\/wp\/v2\/pages"}],"about":[{"href":"http:\/\/jameshorner-filmmusic.com\/fr\/wp-json\/wp\/v2\/types\/page"}],"author":[{"embeddable":true,"href":"http:\/\/jameshorner-filmmusic.com\/fr\/wp-json\/wp\/v2\/users\/4"}],"replies":[{"embeddable":true,"href":"http:\/\/jameshorner-filmmusic.com\/fr\/wp-json\/wp\/v2\/comments?post=5401"}],"version-history":[{"count":0,"href":"http:\/\/jameshorner-filmmusic.com\/fr\/wp-json\/wp\/v2\/pages\/5401\/revisions"}],"up":[{"embeddable":true,"href":"http:\/\/jameshorner-filmmusic.com\/fr\/wp-json\/wp\/v2\/pages\/4865"}],"wp:featuredmedia":[{"embeddable":true,"href":"http:\/\/jameshorner-filmmusic.com\/fr\/wp-json\/wp\/v2\/media\/5402"}],"wp:attachment":[{"href":"http:\/\/jameshorner-filmmusic.com\/fr\/wp-json\/wp\/v2\/media?parent=5401"}],"wp:term":[{"taxonomy":"post_tag","embeddable":true,"href":"http:\/\/jameshorner-filmmusic.com\/fr\/wp-json\/wp\/v2\/tags?post=5401"}],"curies":[{"name":"wp","href":"https:\/\/api.w.org\/{rel}","templated":true}]}}