{"id":5540,"date":"2012-05-01T17:36:26","date_gmt":"2012-05-01T17:36:26","guid":{"rendered":"http:\/\/jameshorner-filmmusic.com\/?page_id=5540"},"modified":"2013-03-12T13:21:27","modified_gmt":"2013-03-12T13:21:27","slug":"thomas-pasatieri","status":"publish","type":"page","link":"http:\/\/jameshorner-filmmusic.com\/fr\/collaborations\/thomas-pasatieri\/","title":{"rendered":"THOMAS PASATIERI"},"content":{"rendered":"<div>\n\t<center><\/p>\n<div>\n<table align=\"center\" border=\"0\" cellpadding=\"1\" cellspacing=\"1\" style=\"width: 100%;\">\n<tbody>\n<tr>\n<td style=\"width: 150px; vertical-align: top;\">\n<div>\n\t\t\t\t\t\t\t\t<img decoding=\"async\" alt=\"\" src=\"http:\/\/jameshorner-filmmusic.com\/images\/collaborations\/orchestrateurs\/pasatieri.jpg\" style=\"height: 150px; width: 150px;\" \/>\n\t\t\t\t\t\t\t<\/div>\n<div style=\"text-align: center;\">\n\t\t\t\t\t\t\t\t&nbsp;\n\t\t\t\t\t\t\t<\/div>\n<\/td>\n<td style=\"vertical-align: top;\">\n<div style=\"text-align: justify;\">\n<div>\n<div>\n<div>\n<div>\n\t\t\t\t\t\t\t\t\t\t\t\t<span style=\"font-size:16px;\"><span style=\"font-family: arial,helvetica,sans-serif;\"><span style=\"color: rgb(78, 94, 153);\"><b>Thomas Pasatieri<\/b><\/span><\/span> n&eacute; le 20 octobre 1945 &agrave; New York est compositeur am&eacute;ricain d&#39;op&eacute;ra.<\/span>\n\t\t\t\t\t\t\t\t\t\t\t<\/div>\n<div>\n\t\t\t\t\t\t\t\t\t\t\t\t<span style=\"font-size:16px;\"><span style=\"font-family: arial,helvetica,sans-serif;\">Il a commenc&eacute; &agrave; composer &agrave; l&#39;&acirc;ge de 10 ans. Adolescent il a &eacute;tudi&eacute; avec Nadia Boulanger. Entr&eacute; &agrave; la&nbsp;Juilliard School &agrave; l&#39;&acirc;ge de 16 ans, il y a perfectionn&eacute; son art. <\/span><\/span>\n\t\t\t\t\t\t\t\t\t\t\t<\/div>\n<div>\n\t\t\t\t\t\t\t\t\t\t\t\t<span style=\"font-size:16px;\">Il a compos&eacute; 24 op&eacute;ras. Le plus connu est The seagull (1972). <\/span>\n\t\t\t\t\t\t\t\t\t\t\t<\/div>\n<div>\n\t\t\t\t\t\t\t\t\t\t\t\t<span style=\"font-size:16px;\">En 1984 il d&eacute;m&eacute;nage &agrave; Los Angeles. Il s&#39;occupe alors des orchestrations des musiques de film (Americain Beauty, La petite sir&egrave;ne&#8230;) <\/span>\n\t\t\t\t\t\t\t\t\t\t\t<\/div>\n<p>\t\t\t\t\t\t\t\t\t\t\t<span style=\"font-size:16px;\">En <span style=\"font-family: arial,helvetica,sans-serif;\">2003, Thomas Pasatieri retourne &agrave; New York pour reprendre sa carri&egrave;re de compositeur. <\/span><\/span>\n\t\t\t\t\t\t\t\t\t\t<\/div>\n<\/p><\/div>\n<div>\n\t\t\t\t\t\t\t\t\t\t<span style=\"font-size:16px;\"><span style=\"font-family: arial,helvetica,sans-serif;\"><span style=\"color: rgb(78, 94, 153);\">Site officiel : <\/span><a href=\"http:\/\/en.wikipedia.org\/wiki\/Thomas_Pasatieri\"><span style=\"color: rgb(78, 94, 153);\"><span style=\"text-decoration: underline;\">wikip&eacute;dia<\/span><\/span><\/a><\/span><\/span>\n\t\t\t\t\t\t\t\t\t<\/div>\n<\/p><\/div>\n<\/p><\/div>\n<\/td>\n<\/tr>\n<tr>\n<td colspan=\"2\" style=\"width: 150px;\">\n<div style=\"text-align: justify;\">\n\t\t\t\t\t\t\t\t<img decoding=\"async\" alt=\"\" src=\"http:\/\/jameshorner-filmmusic.com\/images\/collaborations\/projetscommuns.jpg\" style=\"width: 352px; height: 50px;\" \/>\n\t\t\t\t\t\t\t<\/div>\n<div style=\"text-align: justify;\">\n\t\t\t\t\t\t\t\t<!-- BOF Special Recent Posts PRO ver2.1 --><div class=\"srp-widget-container\"><div class=\"srp-widget-column\"><div id=\"srp-singlepost-1\" class=\"srp-widget-singlepost srp-multi-column\"><div class=\"srp-thumbnail-box\"><a class=\"srp-widget-thmblink\" href=\"http:\/\/jameshorner-filmmusic.com\/fr\/legends-of-the-fall-2-cds-notre-analyse-exclusive\/\" title=\"LEGENDS OF THE FALL 2 CDS: NOTRE ANALYSE EXCLUSIVE\"><img decoding=\"async\" class=\"srp-widget-thmb\" src=\"http:\/\/jameshorner-filmmusic.com\/wp-content\/plugins\/special-recent-posts\/cache\/MTAwMTAwbm9CYW5uZXJfbGVnZW5kLWZhbGxfZXhjbHVzaXZlX3Jldmlldw==.jpg\" alt=\"LEGENDS OF THE FALL 2 CDS: NOTRE ANALYSE EXCLUSIVE\">\n<\/a>\n<\/div>\n<\/div><div id=\"srp-singlepost-2\" class=\"srp-widget-singlepost srp-multi-column\"><div class=\"srp-thumbnail-box\"><a class=\"srp-widget-thmblink\" href=\"http:\/\/jameshorner-filmmusic.com\/fr\/legends-fall-analyse-des-themes\/\" title=\"LEGENDS OF THE FALL&nbsp;: ANALYSE DES THEMES\"><img decoding=\"async\" class=\"srp-widget-thmb\" src=\"http:\/\/jameshorner-filmmusic.com\/wp-content\/plugins\/special-recent-posts\/cache\/MTAwMTAwbm9sZWdlbmRzLWFubml2ZXJzYXJ5.jpg\" alt=\"LEGENDS OF THE FALL&nbsp;: ANALYSE DES THEMES\">\n<\/a>\n<\/div>\n<\/div><div id=\"srp-singlepost-3\" class=\"srp-widget-singlepost srp-multi-column\"><div class=\"srp-thumbnail-box\"><a class=\"srp-widget-thmblink\" href=\"http:\/\/jameshorner-filmmusic.com\/fr\/discographie\/legends-of-the-fall\/\" title=\"LEGENDS OF THE FALL\"><img decoding=\"async\" class=\"srp-widget-thmb\" src=\"http:\/\/jameshorner-filmmusic.com\/wp-content\/plugins\/special-recent-posts\/cache\/MTAwMTAwbm9sZWdlbmRzb2Z0aGVmYWxsMQ==.jpg\" alt=\"LEGENDS OF THE FALL\">\n<\/a>\n<\/div>\n<\/div><div id=\"srp-singlepost-4\" class=\"srp-widget-singlepost srp-multi-column\"><div class=\"srp-thumbnail-box\"><a class=\"srp-widget-thmblink\" href=\"http:\/\/jameshorner-filmmusic.com\/fr\/discographie\/the-pagemaster\/\" title=\"THE PAGEMASTER\"><img decoding=\"async\" class=\"srp-widget-thmb\" src=\"http:\/\/jameshorner-filmmusic.com\/wp-content\/plugins\/special-recent-posts\/cache\/MTAwMTAwbm90aGVwYWdlbWFzdGVyMQ==.jpg\" alt=\"THE PAGEMASTER\">\n<\/a>\n<\/div>\n<\/div><div id=\"srp-singlepost-5\" class=\"srp-widget-singlepost srp-multi-column\"><div class=\"srp-thumbnail-box\"><a class=\"srp-widget-thmblink\" href=\"http:\/\/jameshorner-filmmusic.com\/fr\/discographie\/the-pelican-brief\/\" title=\"THE PELICAN BRIEF\"><img decoding=\"async\" class=\"srp-widget-thmb\" src=\"http:\/\/jameshorner-filmmusic.com\/wp-content\/plugins\/special-recent-posts\/cache\/MTAwMTAwbm90aGVwZWxpY2FuYnJpZWYx.jpg\" alt=\"THE PELICAN BRIEF\">\n<\/a>\n<\/div>\n<\/div><div id=\"srp-singlepost-6\" class=\"srp-widget-singlepost srp-multi-column\"><div class=\"srp-thumbnail-box\"><a class=\"srp-widget-thmblink\" href=\"http:\/\/jameshorner-filmmusic.com\/fr\/discographie\/the-man-without-a-face\/\" title=\"THE MAN WITHOUT A FACE\"><img decoding=\"async\" class=\"srp-widget-thmb\" src=\"http:\/\/jameshorner-filmmusic.com\/wp-content\/plugins\/special-recent-posts\/cache\/MTAwMTAwbm90aGVtYW53aXRob3V0ZmFjZTE=.jpg\" alt=\"THE MAN WITHOUT A FACE\">\n<\/a>\n<\/div>\n<\/div><div id=\"srp-singlepost-7\" class=\"srp-widget-singlepost srp-multi-column\"><div class=\"srp-thumbnail-box\"><a class=\"srp-widget-thmblink\" href=\"http:\/\/jameshorner-filmmusic.com\/fr\/discographie\/searching-for-bobby-fischer\/\" title=\"SEARCHING FOR BOBBY FISCHER\"><img decoding=\"async\" class=\"srp-widget-thmb\" src=\"http:\/\/jameshorner-filmmusic.com\/wp-content\/plugins\/special-recent-posts\/cache\/MTAwMTAwbm9ib2JieWZpc2NoZXIx.jpg\" alt=\"SEARCHING FOR BOBBY FISCHER\">\n<\/a>\n<\/div>\n<\/div><div id=\"srp-singlepost-8\" class=\"srp-widget-singlepost srp-multi-column\"><div class=\"srp-thumbnail-box\"><a class=\"srp-widget-thmblink\" href=\"http:\/\/jameshorner-filmmusic.com\/fr\/discographie\/a-far-off-place\/\" title=\"A FAR OFF PLACE\"><img decoding=\"async\" class=\"srp-widget-thmb\" src=\"http:\/\/jameshorner-filmmusic.com\/wp-content\/plugins\/special-recent-posts\/cache\/MTAwMTAwbm9BLUZhci1PZmYtUGxhY2UtY292ZXI=.jpg\" alt=\"A FAR OFF PLACE\">\n<\/a>\n<\/div>\n<\/div><br style=\"clear:both; height: 0px;\">\n<\/div><!-- EOF Special Recent Posts PRO ver2.5.2 -->\n\t\t\t\t\t\t\t<\/div>\n<div style=\"text-align: justify;\">\n\t\t\t\t\t\t\t\t&nbsp;\n\t\t\t\t\t\t\t<\/div>\n<div style=\"text-align: justify;\">\n\t\t\t\t\t\t\t\t<img decoding=\"async\" alt=\"\" src=\"http:\/\/jameshorner-filmmusic.com\/images\/collaborations\/articles.jpg\" style=\"width: 352px; height: 63px;\" \/>\n\t\t\t\t\t\t\t<\/div>\n<div style=\"text-align: justify;\">\n<div style=\"text-align: justify;\">\n\t\t\t\t\t\t\t\t\t<!-- BOF Special Recent Posts PRO ver2.1 --><div class=\"srp-widget-container\"><div id=\"srp-singlepost-1\" class=\"srp-widget-singlepost srp-single-column\"><div class=\"srp-content-box\"><h4 class=\"srp-post-title\"><a class=\"srp-post-title-link\" href=\"http:\/\/jameshorner-filmmusic.com\/fr\/legends-of-the-fall-2-cds-notre-analyse-exclusive\/\" title=\"LEGENDS OF THE FALL 2 CDS: NOTRE ANALYSE EXCLUSIVE\">LEGENDS OF THE FALL 2 CDS: NOTRE ANALYSE EXCLUSIVE<\/a>\n<\/h4>\n<\/div><\/div><div id=\"srp-singlepost-2\" class=\"srp-widget-singlepost srp-single-column\"><div class=\"srp-content-box\"><h4 class=\"srp-post-title\"><a class=\"srp-post-title-link\" href=\"http:\/\/jameshorner-filmmusic.com\/fr\/legends-fall-analyse-des-themes\/\" title=\"LEGENDS OF THE FALL&nbsp;: ANALYSE DES THEMES\">LEGENDS OF THE FALL&nbsp;: ANALYSE DES THEMES<\/a>\n<\/h4>\n<\/div><\/div><br style=\"clear:both; height: 0px;\">\n<\/div><!-- EOF Special Recent Posts PRO ver2.5.2 -->\n\t\t\t\t\t\t\t\t<\/div>\n<\/p><\/div>\n<\/td>\n<\/tr>\n<\/tbody>\n<\/table><\/div>\n<p>\t<\/center>\n<\/div>\n<div>\n\t&nbsp;\n<\/div>\n","protected":false},"excerpt":{"rendered":"<p>&nbsp; Thomas Pasatieri n&eacute; le 20 octobre 1945 &agrave; New York est compositeur am&eacute;ricain d&#39;op&eacute;ra. Il a commenc&eacute; &agrave; composer [&hellip;]<\/p>\n","protected":false},"author":4,"featured_media":5541,"parent":4865,"menu_order":0,"comment_status":"closed","ping_status":"closed","template":"frfichescollabo.php","meta":{"site-sidebar-layout":"default","site-content-layout":"","ast-site-content-layout":"default","site-content-style":"default","site-sidebar-style":"default","ast-global-header-display":"","ast-banner-title-visibility":"","ast-main-header-display":"","ast-hfb-above-header-display":"","ast-hfb-below-header-display":"","ast-hfb-mobile-header-display":"","site-post-title":"","ast-breadcrumbs-content":"","ast-featured-img":"","footer-sml-layout":"","ast-disable-related-posts":"","theme-transparent-header-meta":"","adv-header-id-meta":"","stick-header-meta":"","header-above-stick-meta":"","header-main-stick-meta":"","header-below-stick-meta":"","astra-migrate-meta-layouts":"default","ast-page-background-enabled":"default","ast-page-background-meta":{"desktop":{"background-color":"var(--ast-global-color-4)","background-image":"","background-repeat":"repeat","background-position":"center center","background-size":"auto","background-attachment":"scroll","background-type":"","background-media":"","overlay-type":"","overlay-color":"","overlay-opacity":"","overlay-gradient":""},"tablet":{"background-color":"","background-image":"","background-repeat":"repeat","background-position":"center center","background-size":"auto","background-attachment":"scroll","background-type":"","background-media":"","overlay-type":"","overlay-color":"","overlay-opacity":"","overlay-gradient":""},"mobile":{"background-color":"","background-image":"","background-repeat":"repeat","background-position":"center center","background-size":"auto","background-attachment":"scroll","background-type":"","background-media":"","overlay-type":"","overlay-color":"","overlay-opacity":"","overlay-gradient":""}},"ast-content-background-meta":{"desktop":{"background-color":"var(--ast-global-color-5)","background-image":"","background-repeat":"repeat","background-position":"center center","background-size":"auto","background-attachment":"scroll","background-type":"","background-media":"","overlay-type":"","overlay-color":"","overlay-opacity":"","overlay-gradient":""},"tablet":{"background-color":"var(--ast-global-color-5)","background-image":"","background-repeat":"repeat","background-position":"center center","background-size":"auto","background-attachment":"scroll","background-type":"","background-media":"","overlay-type":"","overlay-color":"","overlay-opacity":"","overlay-gradient":""},"mobile":{"background-color":"var(--ast-global-color-5)","background-image":"","background-repeat":"repeat","background-position":"center center","background-size":"auto","background-attachment":"scroll","background-type":"","background-media":"","overlay-type":"","overlay-color":"","overlay-opacity":"","overlay-gradient":""}},"footnotes":""},"tags":[387],"class_list":["post-5540","page","type-page","status-publish","has-post-thumbnail","hentry","tag-tom-pasatieri"],"yoast_head":"<!-- This site is optimized with the Yoast SEO plugin v23.4 - https:\/\/yoast.com\/wordpress\/plugins\/seo\/ -->\n<title>THOMAS PASATIERI<\/title>\n<meta name=\"description\" content=\"Thomas Pasatieri n\u00e9 le 20 octobre 1945 \u00e0 New York est compositeur am\u00e9ricain d&#039;op\u00e9ra.\" \/>\n<meta name=\"robots\" content=\"index, follow, max-snippet:-1, max-image-preview:large, max-video-preview:-1\" \/>\n<link rel=\"canonical\" href=\"http:\/\/jameshorner-filmmusic.com\/fr\/collaborations\/thomas-pasatieri\/\" \/>\n<meta property=\"og:locale\" content=\"fr_FR\" \/>\n<meta property=\"og:type\" content=\"article\" \/>\n<meta property=\"og:title\" content=\"THOMAS PASATIERI\" \/>\n<meta property=\"og:description\" content=\"Thomas Pasatieri n\u00e9 le 20 octobre 1945 \u00e0 New York est compositeur am\u00e9ricain d&#039;op\u00e9ra.\" \/>\n<meta property=\"og:url\" content=\"http:\/\/jameshorner-filmmusic.com\/fr\/collaborations\/thomas-pasatieri\/\" \/>\n<meta property=\"og:site_name\" content=\"JAMES HORNER\" \/>\n<meta property=\"article:publisher\" content=\"https:\/\/www.facebook.com\/pages\/James-Horner-Film-Music\/100282013394913\" \/>\n<meta property=\"article:modified_time\" content=\"2013-03-12T13:21:27+00:00\" \/>\n<meta property=\"og:image\" content=\"http:\/\/jameshorner-filmmusic.com\/wp-content\/uploads\/2012\/05\/pasatieri1.png\" \/>\n\t<meta property=\"og:image:width\" content=\"300\" \/>\n\t<meta property=\"og:image:height\" content=\"299\" \/>\n\t<meta property=\"og:image:type\" content=\"image\/png\" \/>\n<meta name=\"twitter:label1\" content=\"Dur\u00e9e de lecture estim\u00e9e\" \/>\n\t<meta name=\"twitter:data1\" content=\"1 minute\" \/>\n<script type=\"application\/ld+json\" class=\"yoast-schema-graph\">{\"@context\":\"https:\/\/schema.org\",\"@graph\":[{\"@type\":\"WebPage\",\"@id\":\"http:\/\/jameshorner-filmmusic.com\/fr\/collaborations\/thomas-pasatieri\/\",\"url\":\"http:\/\/jameshorner-filmmusic.com\/fr\/collaborations\/thomas-pasatieri\/\",\"name\":\"THOMAS PASATIERI\",\"isPartOf\":{\"@id\":\"https:\/\/jameshorner-filmmusic.com\/#website\"},\"primaryImageOfPage\":{\"@id\":\"http:\/\/jameshorner-filmmusic.com\/fr\/collaborations\/thomas-pasatieri\/#primaryimage\"},\"image\":{\"@id\":\"http:\/\/jameshorner-filmmusic.com\/fr\/collaborations\/thomas-pasatieri\/#primaryimage\"},\"thumbnailUrl\":\"http:\/\/jameshorner-filmmusic.com\/wp-content\/uploads\/2012\/05\/pasatieri1.png\",\"datePublished\":\"2012-05-01T17:36:26+00:00\",\"dateModified\":\"2013-03-12T13:21:27+00:00\",\"description\":\"Thomas Pasatieri n\u00e9 le 20 octobre 1945 \u00e0 New York est compositeur am\u00e9ricain d'op\u00e9ra.\",\"breadcrumb\":{\"@id\":\"http:\/\/jameshorner-filmmusic.com\/fr\/collaborations\/thomas-pasatieri\/#breadcrumb\"},\"inLanguage\":\"fr-FR\",\"potentialAction\":[{\"@type\":\"ReadAction\",\"target\":[\"http:\/\/jameshorner-filmmusic.com\/fr\/collaborations\/thomas-pasatieri\/\"]}]},{\"@type\":\"ImageObject\",\"inLanguage\":\"fr-FR\",\"@id\":\"http:\/\/jameshorner-filmmusic.com\/fr\/collaborations\/thomas-pasatieri\/#primaryimage\",\"url\":\"http:\/\/jameshorner-filmmusic.com\/wp-content\/uploads\/2012\/05\/pasatieri1.png\",\"contentUrl\":\"http:\/\/jameshorner-filmmusic.com\/wp-content\/uploads\/2012\/05\/pasatieri1.png\",\"width\":300,\"height\":299},{\"@type\":\"BreadcrumbList\",\"@id\":\"http:\/\/jameshorner-filmmusic.com\/fr\/collaborations\/thomas-pasatieri\/#breadcrumb\",\"itemListElement\":[{\"@type\":\"ListItem\",\"position\":1,\"name\":\"COLLABORATIONS\",\"item\":\"http:\/\/jameshorner-filmmusic.com\/fr\/collaborations\/\"},{\"@type\":\"ListItem\",\"position\":2,\"name\":\"THOMAS PASATIERI\"}]},{\"@type\":\"WebSite\",\"@id\":\"https:\/\/jameshorner-filmmusic.com\/#website\",\"url\":\"https:\/\/jameshorner-filmmusic.com\/\",\"name\":\"JAMES HORNER\",\"description\":\"JAMES HORNER FILM MUSIC\",\"publisher\":{\"@id\":\"https:\/\/jameshorner-filmmusic.com\/#organization\"},\"potentialAction\":[{\"@type\":\"SearchAction\",\"target\":{\"@type\":\"EntryPoint\",\"urlTemplate\":\"https:\/\/jameshorner-filmmusic.com\/?s={search_term_string}\"},\"query-input\":{\"@type\":\"PropertyValueSpecification\",\"valueRequired\":true,\"valueName\":\"search_term_string\"}}],\"inLanguage\":\"fr-FR\"},{\"@type\":\"Organization\",\"@id\":\"https:\/\/jameshorner-filmmusic.com\/#organization\",\"name\":\"James Horner Film Music\",\"url\":\"https:\/\/jameshorner-filmmusic.com\/\",\"logo\":{\"@type\":\"ImageObject\",\"inLanguage\":\"fr-FR\",\"@id\":\"https:\/\/jameshorner-filmmusic.com\/#\/schema\/logo\/image\/\",\"url\":\"http:\/\/jameshorner-filmmusic.com\/wp-content\/uploads\/2015\/04\/logo-JHFM-2b.png\",\"contentUrl\":\"http:\/\/jameshorner-filmmusic.com\/wp-content\/uploads\/2015\/04\/logo-JHFM-2b.png\",\"width\":250,\"height\":250,\"caption\":\"James Horner Film Music\"},\"image\":{\"@id\":\"https:\/\/jameshorner-filmmusic.com\/#\/schema\/logo\/image\/\"},\"sameAs\":[\"https:\/\/www.facebook.com\/pages\/James-Horner-Film-Music\/100282013394913\",\"https:\/\/x.com\/HORNERFILMMUSIC\",\"https:\/\/www.youtube.com\/channel\/UCzg0Lpstvu-boRkcMewxKSg\"]}]}<\/script>\n<!-- \/ Yoast SEO plugin. -->","yoast_head_json":{"title":"THOMAS PASATIERI","description":"Thomas Pasatieri n\u00e9 le 20 octobre 1945 \u00e0 New York est compositeur am\u00e9ricain d'op\u00e9ra.","robots":{"index":"index","follow":"follow","max-snippet":"max-snippet:-1","max-image-preview":"max-image-preview:large","max-video-preview":"max-video-preview:-1"},"canonical":"http:\/\/jameshorner-filmmusic.com\/fr\/collaborations\/thomas-pasatieri\/","og_locale":"fr_FR","og_type":"article","og_title":"THOMAS PASATIERI","og_description":"Thomas Pasatieri n\u00e9 le 20 octobre 1945 \u00e0 New York est compositeur am\u00e9ricain d'op\u00e9ra.","og_url":"http:\/\/jameshorner-filmmusic.com\/fr\/collaborations\/thomas-pasatieri\/","og_site_name":"JAMES HORNER","article_publisher":"https:\/\/www.facebook.com\/pages\/James-Horner-Film-Music\/100282013394913","article_modified_time":"2013-03-12T13:21:27+00:00","og_image":[{"width":300,"height":299,"url":"http:\/\/jameshorner-filmmusic.com\/wp-content\/uploads\/2012\/05\/pasatieri1.png","type":"image\/png"}],"twitter_misc":{"Dur\u00e9e de lecture estim\u00e9e":"1 minute"},"schema":{"@context":"https:\/\/schema.org","@graph":[{"@type":"WebPage","@id":"http:\/\/jameshorner-filmmusic.com\/fr\/collaborations\/thomas-pasatieri\/","url":"http:\/\/jameshorner-filmmusic.com\/fr\/collaborations\/thomas-pasatieri\/","name":"THOMAS PASATIERI","isPartOf":{"@id":"https:\/\/jameshorner-filmmusic.com\/#website"},"primaryImageOfPage":{"@id":"http:\/\/jameshorner-filmmusic.com\/fr\/collaborations\/thomas-pasatieri\/#primaryimage"},"image":{"@id":"http:\/\/jameshorner-filmmusic.com\/fr\/collaborations\/thomas-pasatieri\/#primaryimage"},"thumbnailUrl":"http:\/\/jameshorner-filmmusic.com\/wp-content\/uploads\/2012\/05\/pasatieri1.png","datePublished":"2012-05-01T17:36:26+00:00","dateModified":"2013-03-12T13:21:27+00:00","description":"Thomas Pasatieri n\u00e9 le 20 octobre 1945 \u00e0 New York est compositeur am\u00e9ricain d'op\u00e9ra.","breadcrumb":{"@id":"http:\/\/jameshorner-filmmusic.com\/fr\/collaborations\/thomas-pasatieri\/#breadcrumb"},"inLanguage":"fr-FR","potentialAction":[{"@type":"ReadAction","target":["http:\/\/jameshorner-filmmusic.com\/fr\/collaborations\/thomas-pasatieri\/"]}]},{"@type":"ImageObject","inLanguage":"fr-FR","@id":"http:\/\/jameshorner-filmmusic.com\/fr\/collaborations\/thomas-pasatieri\/#primaryimage","url":"http:\/\/jameshorner-filmmusic.com\/wp-content\/uploads\/2012\/05\/pasatieri1.png","contentUrl":"http:\/\/jameshorner-filmmusic.com\/wp-content\/uploads\/2012\/05\/pasatieri1.png","width":300,"height":299},{"@type":"BreadcrumbList","@id":"http:\/\/jameshorner-filmmusic.com\/fr\/collaborations\/thomas-pasatieri\/#breadcrumb","itemListElement":[{"@type":"ListItem","position":1,"name":"COLLABORATIONS","item":"http:\/\/jameshorner-filmmusic.com\/fr\/collaborations\/"},{"@type":"ListItem","position":2,"name":"THOMAS PASATIERI"}]},{"@type":"WebSite","@id":"https:\/\/jameshorner-filmmusic.com\/#website","url":"https:\/\/jameshorner-filmmusic.com\/","name":"JAMES HORNER","description":"JAMES HORNER FILM MUSIC","publisher":{"@id":"https:\/\/jameshorner-filmmusic.com\/#organization"},"potentialAction":[{"@type":"SearchAction","target":{"@type":"EntryPoint","urlTemplate":"https:\/\/jameshorner-filmmusic.com\/?s={search_term_string}"},"query-input":{"@type":"PropertyValueSpecification","valueRequired":true,"valueName":"search_term_string"}}],"inLanguage":"fr-FR"},{"@type":"Organization","@id":"https:\/\/jameshorner-filmmusic.com\/#organization","name":"James Horner Film Music","url":"https:\/\/jameshorner-filmmusic.com\/","logo":{"@type":"ImageObject","inLanguage":"fr-FR","@id":"https:\/\/jameshorner-filmmusic.com\/#\/schema\/logo\/image\/","url":"http:\/\/jameshorner-filmmusic.com\/wp-content\/uploads\/2015\/04\/logo-JHFM-2b.png","contentUrl":"http:\/\/jameshorner-filmmusic.com\/wp-content\/uploads\/2015\/04\/logo-JHFM-2b.png","width":250,"height":250,"caption":"James Horner Film Music"},"image":{"@id":"https:\/\/jameshorner-filmmusic.com\/#\/schema\/logo\/image\/"},"sameAs":["https:\/\/www.facebook.com\/pages\/James-Horner-Film-Music\/100282013394913","https:\/\/x.com\/HORNERFILMMUSIC","https:\/\/www.youtube.com\/channel\/UCzg0Lpstvu-boRkcMewxKSg"]}]}},"_links":{"self":[{"href":"http:\/\/jameshorner-filmmusic.com\/fr\/wp-json\/wp\/v2\/pages\/5540"}],"collection":[{"href":"http:\/\/jameshorner-filmmusic.com\/fr\/wp-json\/wp\/v2\/pages"}],"about":[{"href":"http:\/\/jameshorner-filmmusic.com\/fr\/wp-json\/wp\/v2\/types\/page"}],"author":[{"embeddable":true,"href":"http:\/\/jameshorner-filmmusic.com\/fr\/wp-json\/wp\/v2\/users\/4"}],"replies":[{"embeddable":true,"href":"http:\/\/jameshorner-filmmusic.com\/fr\/wp-json\/wp\/v2\/comments?post=5540"}],"version-history":[{"count":0,"href":"http:\/\/jameshorner-filmmusic.com\/fr\/wp-json\/wp\/v2\/pages\/5540\/revisions"}],"up":[{"embeddable":true,"href":"http:\/\/jameshorner-filmmusic.com\/fr\/wp-json\/wp\/v2\/pages\/4865"}],"wp:featuredmedia":[{"embeddable":true,"href":"http:\/\/jameshorner-filmmusic.com\/fr\/wp-json\/wp\/v2\/media\/5541"}],"wp:attachment":[{"href":"http:\/\/jameshorner-filmmusic.com\/fr\/wp-json\/wp\/v2\/media?parent=5540"}],"wp:term":[{"taxonomy":"post_tag","embeddable":true,"href":"http:\/\/jameshorner-filmmusic.com\/fr\/wp-json\/wp\/v2\/tags?post=5540"}],"curies":[{"name":"wp","href":"https:\/\/api.w.org\/{rel}","templated":true}]}}