{"id":5706,"date":"2012-05-17T20:00:18","date_gmt":"2012-05-17T20:00:18","guid":{"rendered":"http:\/\/jameshorner-filmmusic.com\/?page_id=5706"},"modified":"2013-03-12T10:08:02","modified_gmt":"2013-03-12T10:08:02","slug":"record-plant-recordings-studios","status":"publish","type":"page","link":"http:\/\/jameshorner-filmmusic.com\/fr\/collaborations\/record-plant-recordings-studios\/","title":{"rendered":"RECORD PLANT RECORDINGS STUDIOS"},"content":{"rendered":"<div>\n\t<center><\/p>\n<div>\n<table align=\"center\" border=\"0\" cellpadding=\"1\" cellspacing=\"1\" style=\"width: 100%;\">\n<tbody>\n<tr>\n<td style=\"width: 150px; vertical-align: top;\">\n<div>\n\t\t\t\t\t\t\t\t<a href=\"http:\/\/jameshorner-filmmusic.com\/images\/collaborations\/studios\/recordplant.jpg\"><img decoding=\"async\" alt=\"\" src=\"http:\/\/jameshorner-filmmusic.com\/images\/collaborations\/studios\/recordplant.jpg\" style=\"height: 150px; width: 150px;\" \/><\/a>\n\t\t\t\t\t\t\t<\/div>\n<div style=\"text-align: center;\">\n\t\t\t\t\t\t\t\t<a href=\"http:\/\/www.deep-purple.net\/archive\/a-z\/los-angeles\/losangeles.htm\" target=\"_blank\"><span style=\"font-size:10px;\"><span style=\"font-family: arial,helvetica,sans-serif;\"><span style=\"text-decoration: underline;\">&copy; Photo by <\/span>Fin Costello,<br \/>\n\t\t\t\t\t\t\t\tPurple Records.<\/span><\/span><\/a>\n\t\t\t\t\t\t\t<\/div>\n<\/td>\n<td style=\"vertical-align: top;\">\n<div style=\"text-align: justify;\">\n<div>\n<div>\n<div>\n<div>\n<div>\n<div>\n<div>\n\t\t\t\t\t\t\t\t\t\t\t\t\t\t\t<span style=\"font-size: 18px;\"><span style=\"font-family: arial,helvetica,sans-serif;\"><span style=\"color: rgb(78, 94, 153);\"><b>Record Plant Studios<\/b><\/span><\/span><\/span><span style=\"font-weight: bold;\"> <\/span><span style=\"font-size:18px;\"><span style=\"font-family: arial,helvetica,sans-serif;\">(aussi connu comme &quot;<b>The Record Plant<\/b>&quot;) &eacute;taient &agrave; l&#39;origine trois&nbsp;studios d&#39;enregistrement situ&eacute;es &agrave; New York (ouverture en 1968),&nbsp; Los Angeles (1969), et enfin Sausalito en Californie (1969).Dans les ann&eacute;es 80 le studio de New York a ferm&eacute;.<\/span><\/span>\n\t\t\t\t\t\t\t\t\t\t\t\t\t\t<\/div>\n<div>\n\t\t\t\t\t\t\t\t\t\t\t\t\t\t\t<span style=\"font-size: 18px;\"><span style=\"font-family: arial,helvetica,sans-serif;\">Aujourd&#39;hui, le studio de Los Angeles est appel&eacute; le &quot;The Record Plant&quot;, et le studio de Sausalito est appel&eacute; &quot;The Plant.&quot;.<\/span><\/span>\n\t\t\t\t\t\t\t\t\t\t\t\t\t\t<\/div>\n<div>\n\t\t\t\t\t\t\t\t\t\t\t\t\t\t\t<span style=\"font-size:18px;\"><span style=\"font-family: arial,helvetica,sans-serif;\">L&#39;objectif de Gary Kellgren, cr&eacute;ateur de ces studios &eacute;tait de cr&eacute;er des endroits o&ugrave; les artistes auraient envie de vivre. Ainsi se sont succ&egrave;d&eacute;s des artistes tels que Jimi Hendrix, Franck Zappa, Stevie Wonder&#8230;.<\/span><\/span>\n\t\t\t\t\t\t\t\t\t\t\t\t\t\t<\/div>\n<\/p><\/div>\n<div>\n\t\t\t\t\t\t\t\t\t\t\t\t\t\t<span style=\"font-size:18px;\"><span style=\"font-family: arial,helvetica,sans-serif;\"><span style=\"color:#4e5e99;\">Site officiel : <\/span><a href=\"http:\/\/www.recordplant.com\/\" target=\"_blank\"><span style=\"color:#4e5e99;\">recordplant.com<\/span><\/a><\/span><\/span>\n\t\t\t\t\t\t\t\t\t\t\t\t\t<\/div>\n<\/p><\/div>\n<\/p><\/div>\n<div>\n\t\t\t\t\t\t\t\t\t\t\t\t<span style=\"font-size: 18px;\"><span style=\"font-family: arial,helvetica,sans-serif;\"><span style=\"color:#4e5e99;\">Source : <\/span><a href=\"http:\/\/fr.wikipedia.org\/wiki\/Studios_Abbey_Road\"><span style=\"color:#4e5e99;\"><span style=\"text-decoration: underline;\">Wikip&eacute;dia<\/span><\/span><\/a><\/span><\/span>\n\t\t\t\t\t\t\t\t\t\t\t<\/div>\n<\/p><\/div>\n<\/p><\/div>\n<\/p><\/div>\n<\/p><\/div>\n<\/td>\n<\/tr>\n<tr>\n<td colspan=\"2\" style=\"width: 150px;\">\n<div style=\"text-align: justify;\">\n\t\t\t\t\t\t\t\t&nbsp;\n\t\t\t\t\t\t\t<\/div>\n<div style=\"text-align: justify;\">\n\t\t\t\t\t\t\t\t<img decoding=\"async\" alt=\"\" src=\"http:\/\/jameshorner-filmmusic.com\/images\/collaborations\/projetscommuns.jpg\" style=\"width: 352px; height: 50px;\" \/>\n\t\t\t\t\t\t\t<\/div>\n<div style=\"text-align: justify;\">\n\t\t\t\t\t\t\t\t<!-- BOF Special Recent Posts PRO ver2.1 --><div class=\"srp-widget-container\"><div class=\"srp-widget-column\"><div id=\"srp-singlepost-1\" class=\"srp-widget-singlepost srp-multi-column\"><div class=\"srp-thumbnail-box\"><a class=\"srp-widget-thmblink\" href=\"http:\/\/jameshorner-filmmusic.com\/fr\/discographie\/48-hrs\/\" title=\"48 HRS\"><img decoding=\"async\" class=\"srp-widget-thmb\" src=\"http:\/\/jameshorner-filmmusic.com\/wp-content\/plugins\/special-recent-posts\/cache\/MTAwMTAwbm80OC1IcnMtY292ZXI=.jpg\" alt=\"48 HRS\">\n<\/a>\n<\/div>\n<\/div><div id=\"srp-singlepost-2\" class=\"srp-widget-singlepost srp-multi-column\"><div class=\"srp-thumbnail-box\"><a class=\"srp-widget-thmblink\" href=\"http:\/\/jameshorner-filmmusic.com\/fr\/discographie\/commando\/\" title=\"COMMANDO\"><img decoding=\"async\" class=\"srp-widget-thmb\" src=\"http:\/\/jameshorner-filmmusic.com\/wp-content\/plugins\/special-recent-posts\/cache\/MTAwMTAwbm9Db21tYW5kb1dlYlBpYzE=.jpg\" alt=\"COMMANDO\">\n<\/a>\n<\/div>\n<\/div><div id=\"srp-singlepost-3\" class=\"srp-widget-singlepost srp-multi-column\"><div class=\"srp-thumbnail-box\"><a class=\"srp-widget-thmblink\" href=\"http:\/\/jameshorner-filmmusic.com\/fr\/discographie\/star-trek-iii\/\" title=\"STAR TREK III\"><img decoding=\"async\" class=\"srp-widget-thmb\" src=\"http:\/\/jameshorner-filmmusic.com\/wp-content\/plugins\/special-recent-posts\/cache\/MTAwMTAwbm9TdGFyLVRyZWstMy1GU00tY292ZXIyMQ==.jpg\" alt=\"STAR TREK III\">\n<\/a>\n<\/div>\n<\/div><div id=\"srp-singlepost-4\" class=\"srp-widget-singlepost srp-multi-column\"><div class=\"srp-thumbnail-box\"><a class=\"srp-widget-thmblink\" href=\"http:\/\/jameshorner-filmmusic.com\/fr\/discographie\/uncommon-valor\/\" title=\"UNCOMMON VALOR\"><img decoding=\"async\" class=\"srp-widget-thmb\" src=\"http:\/\/jameshorner-filmmusic.com\/wp-content\/plugins\/special-recent-posts\/cache\/MTAwMTAwbm9VbmNvbW1vbi1WYWxvci1JbnRyYWRhLWNvdmVyMQ==.jpg\" alt=\"UNCOMMON VALOR\">\n<\/a>\n<\/div>\n<\/div><div id=\"srp-singlepost-5\" class=\"srp-widget-singlepost srp-multi-column\"><div class=\"srp-thumbnail-box\"><a class=\"srp-widget-thmblink\" href=\"http:\/\/jameshorner-filmmusic.com\/fr\/discographie\/gorky-park\/\" title=\"GORKY PARK\"><img decoding=\"async\" class=\"srp-widget-thmb\" src=\"http:\/\/jameshorner-filmmusic.com\/wp-content\/plugins\/special-recent-posts\/cache\/MTAwMTAwbm9Hb3JreS1QYXJrLUtyaXR6LWNvdmVyMQ==.jpg\" alt=\"GORKY PARK\">\n<\/a>\n<\/div>\n<\/div><div id=\"srp-singlepost-6\" class=\"srp-widget-singlepost srp-multi-column\"><div class=\"srp-thumbnail-box\"><a class=\"srp-widget-thmblink\" href=\"http:\/\/jameshorner-filmmusic.com\/fr\/discographie\/star-trek-ii\/\" title=\"STAR TREK II\"><img decoding=\"async\" class=\"srp-widget-thmb\" src=\"http:\/\/jameshorner-filmmusic.com\/wp-content\/plugins\/special-recent-posts\/cache\/MTAwMTAwbm9zdDJi.jpg\" alt=\"STAR TREK II\">\n<\/a>\n<\/div>\n<\/div><br style=\"clear:both; height: 0px;\">\n<\/div><!-- EOF Special Recent Posts PRO ver2.5.2 -->\n\t\t\t\t\t\t\t<\/div>\n<div style=\"text-align: justify;\">\n\t\t\t\t\t\t\t\t&nbsp;\n\t\t\t\t\t\t\t<\/div>\n<div style=\"text-align: justify;\">\n\t\t\t\t\t\t\t\t<img decoding=\"async\" alt=\"\" src=\"http:\/\/jameshorner-filmmusic.com\/images\/collaborations\/articles.jpg\" style=\"width: 352px; height: 63px;\" \/>\n\t\t\t\t\t\t\t<\/div>\n<div style=\"text-align: justify;\">\n<div style=\"text-align: justify;\">\n\t\t\t\t\t\t\t\t\t<!-- BOF Special Recent Posts PRO ver2.1 --><div class=\"srp-widget-container\"><p>PAS D'ARTICLE POUR LE MOMENT<\/p>\n<br style=\"clear:both; height: 0px;\">\n<\/div><!-- EOF Special Recent Posts PRO ver2.5.2 -->\n\t\t\t\t\t\t\t\t<\/div>\n<\/p><\/div>\n<\/td>\n<\/tr>\n<\/tbody>\n<\/table><\/div>\n<p>\t<\/center>\n<\/div>\n<p>\n\t&nbsp;<\/p>\n","protected":false},"excerpt":{"rendered":"<p>&copy; Photo by Fin Costello, Purple Records. Record Plant Studios (aussi connu comme &quot;The Record Plant&quot;) &eacute;taient &agrave; l&#39;origine trois&nbsp;studios [&hellip;]<\/p>\n","protected":false},"author":4,"featured_media":5707,"parent":4865,"menu_order":0,"comment_status":"closed","ping_status":"closed","template":"frfichescollabo.php","meta":{"site-sidebar-layout":"default","site-content-layout":"","ast-site-content-layout":"default","site-content-style":"default","site-sidebar-style":"default","ast-global-header-display":"","ast-banner-title-visibility":"","ast-main-header-display":"","ast-hfb-above-header-display":"","ast-hfb-below-header-display":"","ast-hfb-mobile-header-display":"","site-post-title":"","ast-breadcrumbs-content":"","ast-featured-img":"","footer-sml-layout":"","ast-disable-related-posts":"","theme-transparent-header-meta":"","adv-header-id-meta":"","stick-header-meta":"","header-above-stick-meta":"","header-main-stick-meta":"","header-below-stick-meta":"","astra-migrate-meta-layouts":"default","ast-page-background-enabled":"default","ast-page-background-meta":{"desktop":{"background-color":"var(--ast-global-color-4)","background-image":"","background-repeat":"repeat","background-position":"center center","background-size":"auto","background-attachment":"scroll","background-type":"","background-media":"","overlay-type":"","overlay-color":"","overlay-opacity":"","overlay-gradient":""},"tablet":{"background-color":"","background-image":"","background-repeat":"repeat","background-position":"center center","background-size":"auto","background-attachment":"scroll","background-type":"","background-media":"","overlay-type":"","overlay-color":"","overlay-opacity":"","overlay-gradient":""},"mobile":{"background-color":"","background-image":"","background-repeat":"repeat","background-position":"center center","background-size":"auto","background-attachment":"scroll","background-type":"","background-media":"","overlay-type":"","overlay-color":"","overlay-opacity":"","overlay-gradient":""}},"ast-content-background-meta":{"desktop":{"background-color":"var(--ast-global-color-5)","background-image":"","background-repeat":"repeat","background-position":"center center","background-size":"auto","background-attachment":"scroll","background-type":"","background-media":"","overlay-type":"","overlay-color":"","overlay-opacity":"","overlay-gradient":""},"tablet":{"background-color":"var(--ast-global-color-5)","background-image":"","background-repeat":"repeat","background-position":"center center","background-size":"auto","background-attachment":"scroll","background-type":"","background-media":"","overlay-type":"","overlay-color":"","overlay-opacity":"","overlay-gradient":""},"mobile":{"background-color":"var(--ast-global-color-5)","background-image":"","background-repeat":"repeat","background-position":"center center","background-size":"auto","background-attachment":"scroll","background-type":"","background-media":"","overlay-type":"","overlay-color":"","overlay-opacity":"","overlay-gradient":""}},"footnotes":""},"tags":[303],"class_list":["post-5706","page","type-page","status-publish","has-post-thumbnail","hentry","tag-recort-plant-recording-studios"],"yoast_head":"<!-- This site is optimized with the Yoast SEO plugin v23.4 - https:\/\/yoast.com\/wordpress\/plugins\/seo\/ -->\n<title>RECORD PLANT RECORDINGS STUDIOS<\/title>\n<meta name=\"description\" content=\"Record Plant Studios (aussi connu comme &quot;The Record Plant&quot;) \u00e9taient \u00e0 l&#039;origine trois studios d&#039;enregistrement situ\u00e9es \u00e0 New York (ouverture en 1968), Los Angeles (1969), et enfin Sausalito en Californie (1969).Dans les ann\u00e9es 80 le studio de New York a ferm\u00e9.\" \/>\n<meta name=\"robots\" content=\"index, follow, max-snippet:-1, max-image-preview:large, max-video-preview:-1\" \/>\n<link rel=\"canonical\" href=\"http:\/\/jameshorner-filmmusic.com\/fr\/collaborations\/record-plant-recordings-studios\/\" \/>\n<meta property=\"og:locale\" content=\"fr_FR\" \/>\n<meta property=\"og:type\" content=\"article\" \/>\n<meta property=\"og:title\" content=\"RECORD PLANT RECORDINGS STUDIOS\" \/>\n<meta property=\"og:description\" content=\"Record Plant Studios (aussi connu comme &quot;The Record Plant&quot;) \u00e9taient \u00e0 l&#039;origine trois studios d&#039;enregistrement situ\u00e9es \u00e0 New York (ouverture en 1968), Los Angeles (1969), et enfin Sausalito en Californie (1969).Dans les ann\u00e9es 80 le studio de New York a ferm\u00e9.\" \/>\n<meta property=\"og:url\" content=\"http:\/\/jameshorner-filmmusic.com\/fr\/collaborations\/record-plant-recordings-studios\/\" \/>\n<meta property=\"og:site_name\" content=\"JAMES HORNER\" \/>\n<meta property=\"article:publisher\" content=\"https:\/\/www.facebook.com\/pages\/James-Horner-Film-Music\/100282013394913\" \/>\n<meta property=\"article:modified_time\" content=\"2013-03-12T10:08:02+00:00\" \/>\n<meta property=\"og:image\" content=\"http:\/\/jameshorner-filmmusic.com\/wp-content\/uploads\/2012\/05\/recordplant1.png\" \/>\n\t<meta property=\"og:image:width\" content=\"388\" \/>\n\t<meta property=\"og:image:height\" content=\"388\" \/>\n\t<meta property=\"og:image:type\" content=\"image\/png\" \/>\n<meta name=\"twitter:label1\" content=\"Dur\u00e9e de lecture estim\u00e9e\" \/>\n\t<meta name=\"twitter:data1\" content=\"1 minute\" \/>\n<script type=\"application\/ld+json\" class=\"yoast-schema-graph\">{\"@context\":\"https:\/\/schema.org\",\"@graph\":[{\"@type\":\"WebPage\",\"@id\":\"http:\/\/jameshorner-filmmusic.com\/fr\/collaborations\/record-plant-recordings-studios\/\",\"url\":\"http:\/\/jameshorner-filmmusic.com\/fr\/collaborations\/record-plant-recordings-studios\/\",\"name\":\"RECORD PLANT RECORDINGS STUDIOS\",\"isPartOf\":{\"@id\":\"http:\/\/jameshorner-filmmusic.com\/#website\"},\"primaryImageOfPage\":{\"@id\":\"http:\/\/jameshorner-filmmusic.com\/fr\/collaborations\/record-plant-recordings-studios\/#primaryimage\"},\"image\":{\"@id\":\"http:\/\/jameshorner-filmmusic.com\/fr\/collaborations\/record-plant-recordings-studios\/#primaryimage\"},\"thumbnailUrl\":\"http:\/\/jameshorner-filmmusic.com\/wp-content\/uploads\/2012\/05\/recordplant1.png\",\"datePublished\":\"2012-05-17T20:00:18+00:00\",\"dateModified\":\"2013-03-12T10:08:02+00:00\",\"description\":\"Record Plant Studios (aussi connu comme \\\"The Record Plant\\\") \u00e9taient \u00e0 l'origine trois studios d'enregistrement situ\u00e9es \u00e0 New York (ouverture en 1968), Los Angeles (1969), et enfin Sausalito en Californie (1969).Dans les ann\u00e9es 80 le studio de New York a ferm\u00e9.\",\"breadcrumb\":{\"@id\":\"http:\/\/jameshorner-filmmusic.com\/fr\/collaborations\/record-plant-recordings-studios\/#breadcrumb\"},\"inLanguage\":\"fr-FR\",\"potentialAction\":[{\"@type\":\"ReadAction\",\"target\":[\"http:\/\/jameshorner-filmmusic.com\/fr\/collaborations\/record-plant-recordings-studios\/\"]}]},{\"@type\":\"ImageObject\",\"inLanguage\":\"fr-FR\",\"@id\":\"http:\/\/jameshorner-filmmusic.com\/fr\/collaborations\/record-plant-recordings-studios\/#primaryimage\",\"url\":\"http:\/\/jameshorner-filmmusic.com\/wp-content\/uploads\/2012\/05\/recordplant1.png\",\"contentUrl\":\"http:\/\/jameshorner-filmmusic.com\/wp-content\/uploads\/2012\/05\/recordplant1.png\",\"width\":388,\"height\":388},{\"@type\":\"BreadcrumbList\",\"@id\":\"http:\/\/jameshorner-filmmusic.com\/fr\/collaborations\/record-plant-recordings-studios\/#breadcrumb\",\"itemListElement\":[{\"@type\":\"ListItem\",\"position\":1,\"name\":\"COLLABORATIONS\",\"item\":\"http:\/\/jameshorner-filmmusic.com\/fr\/collaborations\/\"},{\"@type\":\"ListItem\",\"position\":2,\"name\":\"RECORD PLANT RECORDINGS STUDIOS\"}]},{\"@type\":\"WebSite\",\"@id\":\"http:\/\/jameshorner-filmmusic.com\/#website\",\"url\":\"http:\/\/jameshorner-filmmusic.com\/\",\"name\":\"JAMES HORNER\",\"description\":\"JAMES HORNER FILM MUSIC\",\"publisher\":{\"@id\":\"http:\/\/jameshorner-filmmusic.com\/#organization\"},\"potentialAction\":[{\"@type\":\"SearchAction\",\"target\":{\"@type\":\"EntryPoint\",\"urlTemplate\":\"http:\/\/jameshorner-filmmusic.com\/?s={search_term_string}\"},\"query-input\":{\"@type\":\"PropertyValueSpecification\",\"valueRequired\":true,\"valueName\":\"search_term_string\"}}],\"inLanguage\":\"fr-FR\"},{\"@type\":\"Organization\",\"@id\":\"http:\/\/jameshorner-filmmusic.com\/#organization\",\"name\":\"James Horner Film Music\",\"url\":\"http:\/\/jameshorner-filmmusic.com\/\",\"logo\":{\"@type\":\"ImageObject\",\"inLanguage\":\"fr-FR\",\"@id\":\"http:\/\/jameshorner-filmmusic.com\/#\/schema\/logo\/image\/\",\"url\":\"http:\/\/jameshorner-filmmusic.com\/wp-content\/uploads\/2015\/04\/logo-JHFM-2b.png\",\"contentUrl\":\"http:\/\/jameshorner-filmmusic.com\/wp-content\/uploads\/2015\/04\/logo-JHFM-2b.png\",\"width\":250,\"height\":250,\"caption\":\"James Horner Film Music\"},\"image\":{\"@id\":\"http:\/\/jameshorner-filmmusic.com\/#\/schema\/logo\/image\/\"},\"sameAs\":[\"https:\/\/www.facebook.com\/pages\/James-Horner-Film-Music\/100282013394913\",\"https:\/\/x.com\/HORNERFILMMUSIC\",\"https:\/\/www.youtube.com\/channel\/UCzg0Lpstvu-boRkcMewxKSg\"]}]}<\/script>\n<!-- \/ Yoast SEO plugin. -->","yoast_head_json":{"title":"RECORD PLANT RECORDINGS STUDIOS","description":"Record Plant Studios (aussi connu comme \"The Record Plant\") \u00e9taient \u00e0 l'origine trois studios d'enregistrement situ\u00e9es \u00e0 New York (ouverture en 1968), Los Angeles (1969), et enfin Sausalito en Californie (1969).Dans les ann\u00e9es 80 le studio de New York a ferm\u00e9.","robots":{"index":"index","follow":"follow","max-snippet":"max-snippet:-1","max-image-preview":"max-image-preview:large","max-video-preview":"max-video-preview:-1"},"canonical":"http:\/\/jameshorner-filmmusic.com\/fr\/collaborations\/record-plant-recordings-studios\/","og_locale":"fr_FR","og_type":"article","og_title":"RECORD PLANT RECORDINGS STUDIOS","og_description":"Record Plant Studios (aussi connu comme \"The Record Plant\") \u00e9taient \u00e0 l'origine trois studios d'enregistrement situ\u00e9es \u00e0 New York (ouverture en 1968), Los Angeles (1969), et enfin Sausalito en Californie (1969).Dans les ann\u00e9es 80 le studio de New York a ferm\u00e9.","og_url":"http:\/\/jameshorner-filmmusic.com\/fr\/collaborations\/record-plant-recordings-studios\/","og_site_name":"JAMES HORNER","article_publisher":"https:\/\/www.facebook.com\/pages\/James-Horner-Film-Music\/100282013394913","article_modified_time":"2013-03-12T10:08:02+00:00","og_image":[{"width":388,"height":388,"url":"http:\/\/jameshorner-filmmusic.com\/wp-content\/uploads\/2012\/05\/recordplant1.png","type":"image\/png"}],"twitter_misc":{"Dur\u00e9e de lecture estim\u00e9e":"1 minute"},"schema":{"@context":"https:\/\/schema.org","@graph":[{"@type":"WebPage","@id":"http:\/\/jameshorner-filmmusic.com\/fr\/collaborations\/record-plant-recordings-studios\/","url":"http:\/\/jameshorner-filmmusic.com\/fr\/collaborations\/record-plant-recordings-studios\/","name":"RECORD PLANT RECORDINGS STUDIOS","isPartOf":{"@id":"http:\/\/jameshorner-filmmusic.com\/#website"},"primaryImageOfPage":{"@id":"http:\/\/jameshorner-filmmusic.com\/fr\/collaborations\/record-plant-recordings-studios\/#primaryimage"},"image":{"@id":"http:\/\/jameshorner-filmmusic.com\/fr\/collaborations\/record-plant-recordings-studios\/#primaryimage"},"thumbnailUrl":"http:\/\/jameshorner-filmmusic.com\/wp-content\/uploads\/2012\/05\/recordplant1.png","datePublished":"2012-05-17T20:00:18+00:00","dateModified":"2013-03-12T10:08:02+00:00","description":"Record Plant Studios (aussi connu comme \"The Record Plant\") \u00e9taient \u00e0 l'origine trois studios d'enregistrement situ\u00e9es \u00e0 New York (ouverture en 1968), Los Angeles (1969), et enfin Sausalito en Californie (1969).Dans les ann\u00e9es 80 le studio de New York a ferm\u00e9.","breadcrumb":{"@id":"http:\/\/jameshorner-filmmusic.com\/fr\/collaborations\/record-plant-recordings-studios\/#breadcrumb"},"inLanguage":"fr-FR","potentialAction":[{"@type":"ReadAction","target":["http:\/\/jameshorner-filmmusic.com\/fr\/collaborations\/record-plant-recordings-studios\/"]}]},{"@type":"ImageObject","inLanguage":"fr-FR","@id":"http:\/\/jameshorner-filmmusic.com\/fr\/collaborations\/record-plant-recordings-studios\/#primaryimage","url":"http:\/\/jameshorner-filmmusic.com\/wp-content\/uploads\/2012\/05\/recordplant1.png","contentUrl":"http:\/\/jameshorner-filmmusic.com\/wp-content\/uploads\/2012\/05\/recordplant1.png","width":388,"height":388},{"@type":"BreadcrumbList","@id":"http:\/\/jameshorner-filmmusic.com\/fr\/collaborations\/record-plant-recordings-studios\/#breadcrumb","itemListElement":[{"@type":"ListItem","position":1,"name":"COLLABORATIONS","item":"http:\/\/jameshorner-filmmusic.com\/fr\/collaborations\/"},{"@type":"ListItem","position":2,"name":"RECORD PLANT RECORDINGS STUDIOS"}]},{"@type":"WebSite","@id":"http:\/\/jameshorner-filmmusic.com\/#website","url":"http:\/\/jameshorner-filmmusic.com\/","name":"JAMES HORNER","description":"JAMES HORNER FILM MUSIC","publisher":{"@id":"http:\/\/jameshorner-filmmusic.com\/#organization"},"potentialAction":[{"@type":"SearchAction","target":{"@type":"EntryPoint","urlTemplate":"http:\/\/jameshorner-filmmusic.com\/?s={search_term_string}"},"query-input":{"@type":"PropertyValueSpecification","valueRequired":true,"valueName":"search_term_string"}}],"inLanguage":"fr-FR"},{"@type":"Organization","@id":"http:\/\/jameshorner-filmmusic.com\/#organization","name":"James Horner Film Music","url":"http:\/\/jameshorner-filmmusic.com\/","logo":{"@type":"ImageObject","inLanguage":"fr-FR","@id":"http:\/\/jameshorner-filmmusic.com\/#\/schema\/logo\/image\/","url":"http:\/\/jameshorner-filmmusic.com\/wp-content\/uploads\/2015\/04\/logo-JHFM-2b.png","contentUrl":"http:\/\/jameshorner-filmmusic.com\/wp-content\/uploads\/2015\/04\/logo-JHFM-2b.png","width":250,"height":250,"caption":"James Horner Film Music"},"image":{"@id":"http:\/\/jameshorner-filmmusic.com\/#\/schema\/logo\/image\/"},"sameAs":["https:\/\/www.facebook.com\/pages\/James-Horner-Film-Music\/100282013394913","https:\/\/x.com\/HORNERFILMMUSIC","https:\/\/www.youtube.com\/channel\/UCzg0Lpstvu-boRkcMewxKSg"]}]}},"_links":{"self":[{"href":"http:\/\/jameshorner-filmmusic.com\/fr\/wp-json\/wp\/v2\/pages\/5706"}],"collection":[{"href":"http:\/\/jameshorner-filmmusic.com\/fr\/wp-json\/wp\/v2\/pages"}],"about":[{"href":"http:\/\/jameshorner-filmmusic.com\/fr\/wp-json\/wp\/v2\/types\/page"}],"author":[{"embeddable":true,"href":"http:\/\/jameshorner-filmmusic.com\/fr\/wp-json\/wp\/v2\/users\/4"}],"replies":[{"embeddable":true,"href":"http:\/\/jameshorner-filmmusic.com\/fr\/wp-json\/wp\/v2\/comments?post=5706"}],"version-history":[{"count":0,"href":"http:\/\/jameshorner-filmmusic.com\/fr\/wp-json\/wp\/v2\/pages\/5706\/revisions"}],"up":[{"embeddable":true,"href":"http:\/\/jameshorner-filmmusic.com\/fr\/wp-json\/wp\/v2\/pages\/4865"}],"wp:featuredmedia":[{"embeddable":true,"href":"http:\/\/jameshorner-filmmusic.com\/fr\/wp-json\/wp\/v2\/media\/5707"}],"wp:attachment":[{"href":"http:\/\/jameshorner-filmmusic.com\/fr\/wp-json\/wp\/v2\/media?parent=5706"}],"wp:term":[{"taxonomy":"post_tag","embeddable":true,"href":"http:\/\/jameshorner-filmmusic.com\/fr\/wp-json\/wp\/v2\/tags?post=5706"}],"curies":[{"name":"wp","href":"https:\/\/api.w.org\/{rel}","templated":true}]}}