{"id":5741,"date":"2012-05-17T13:42:37","date_gmt":"2012-05-17T13:42:37","guid":{"rendered":"http:\/\/jameshorner-filmmusic.com\/?page_id=5741"},"modified":"2014-08-09T22:44:49","modified_gmt":"2014-08-09T20:44:49","slug":"cynthia-weil","status":"publish","type":"page","link":"http:\/\/jameshorner-filmmusic.com\/fr\/collaborations\/cynthia-weil\/","title":{"rendered":"CYNTHIA WEIL"},"content":{"rendered":"<div>\n\t<center><\/p>\n<div>\n<table align=\"center\" border=\"0\" cellpadding=\"1\" cellspacing=\"1\" style=\"width: 100%;\">\n<tbody>\n<tr>\n<td style=\"width: 150px; vertical-align: top;\">\n<div>\n\t\t\t\t\t\t\t\t<img decoding=\"async\" alt=\"\" src=\"http:\/\/jameshorner-filmmusic.com\/images\/collaborations\/paroliers\/cynthia.jpg\" style=\"height: 150px; width: 150px;\" \/>\n\t\t\t\t\t\t\t<\/div>\n<div style=\"text-align: center;\">\n\t\t\t\t\t\t\t\t<span style=\"font-size:10px;\"><span style=\"font-family: arial,helvetica,sans-serif;\">&copy; <a href=\"http:\/\/jameshorner-filmmusic.com\/collaborations\/barry-mann\">Barry Mann<\/a> &amp; <a href=\"http:\/\/jameshorner-filmmusic.com\/collaborations\/cynthia-weil\">Cynthia Weil<\/a>. <\/span><\/span>\n\t\t\t\t\t\t\t<\/div>\n<div style=\"text-align: center;\">\n\t\t\t\t\t\t\t\t<span style=\"font-size:10px;\"><span style=\"font-family: arial,helvetica,sans-serif;\"><a href=\"http:\/\/mann-weil.com\/\"><span style=\"color: rgb(78, 94, 153);\">mann-weil.com<\/span><\/a><\/span><\/span>\n\t\t\t\t\t\t\t<\/div>\n<\/td>\n<td style=\"vertical-align: top;\">\n<div style=\"text-align: justify;\">\n<div>\n\t\t\t\t\t\t\t\t\t<span style=\"font-size:18px;\"><span style=\"font-family: arial,helvetica,sans-serif;\"><span style=\"color: rgb(78, 94, 153);\"><b>Cynthia Weil<\/b><\/span><\/span><b> <\/b>n&eacute;e le 18 octobre 1940 &agrave; New York, est une paroli&egrave;re am&eacute;ricaine. Elle est connu pour avoir &eacute;crit de nombreuses chansons avec son mari&nbsp;<a href=\"http:\/\/en.wikipedia.org\/wiki\/Barry_Mann\" title=\"Barry Mann\">Barry Mann<\/a>. Depuis les ann&eacute;es 60 c&#39;est une des cr&eacute;atrices musicales les plus connues et c&eacute;l&eacute;br&eacute;es.&nbsp;<\/span>\n\t\t\t\t\t\t\t\t<\/div>\n<div>\n\t\t\t\t\t\t\t\t\t<br \/>\n\t\t\t\t\t\t\t\t\t<span style=\"font-size: 18px;\"><span style=\"font-family: arial,helvetica,sans-serif;\"><span style=\"color:#4e5e99;\">Site officiel : <\/span><a href=\"http:\/\/mann-weil.com\/\"><span style=\"color:#4e5e99;\">mann-weil.com<\/span><\/a><\/span><\/span>\n\t\t\t\t\t\t\t\t<\/div>\n<div>\n\t\t\t\t\t\t\t\t\t<span style=\"font-size: 18px;\"><span style=\"font-family: arial,helvetica,sans-serif;\"><span style=\"color: rgb(78, 94, 153);\">Source : <\/span><a href=\"http:\/\/en.wikipedia.org\/wiki\/Cynthia_Weil\"><span style=\"color:#4e5e99;\"><span style=\"text-decoration: underline;\">Wikipedia<\/span><\/span><\/a><\/span><\/span>\n\t\t\t\t\t\t\t\t<\/div>\n<\/p><\/div>\n<\/td>\n<\/tr>\n<tr>\n<td colspan=\"2\" style=\"width: 150px;\">\n<div style=\"text-align: justify;\">\n\t\t\t\t\t\t\t\t<img decoding=\"async\" alt=\"\" src=\"http:\/\/jameshorner-filmmusic.com\/images\/collaborations\/projetscommuns.jpg\" style=\"width: 352px; height: 50px;\" \/>\n\t\t\t\t\t\t\t<\/div>\n<div style=\"text-align: justify;\">\n<div style=\"text-align: justify;\">\n<div style=\"text-align: justify;\">\n<div style=\"text-align: justify;\">\n<div style=\"text-align: justify;\">\n\t\t\t\t\t\t\t\t\t\t\t\t<!-- BOF Special Recent Posts PRO ver2.1 --><div class=\"srp-widget-container\"><div class=\"srp-widget-column\"><div id=\"srp-singlepost-1\" class=\"srp-widget-singlepost srp-multi-column\"><div class=\"srp-thumbnail-box\"><a class=\"srp-widget-thmblink\" href=\"http:\/\/jameshorner-filmmusic.com\/fr\/collaborations\/cynthia-weil\/\" title=\"CYNTHIA WEIL\"><img decoding=\"async\" class=\"srp-widget-thmb\" src=\"http:\/\/jameshorner-filmmusic.com\/wp-content\/plugins\/special-recent-posts\/cache\/MTAwMTAwbm9jeW50aGlhMQ==.jpg\" alt=\"CYNTHIA WEIL\">\n<\/a>\n<\/div>\n<\/div><div id=\"srp-singlepost-2\" class=\"srp-widget-singlepost srp-multi-column\"><div class=\"srp-thumbnail-box\"><a class=\"srp-widget-thmblink\" href=\"http:\/\/jameshorner-filmmusic.com\/fr\/discographie\/troy\/\" title=\"TROY\"><img decoding=\"async\" class=\"srp-widget-thmb\" src=\"http:\/\/jameshorner-filmmusic.com\/wp-content\/plugins\/special-recent-posts\/cache\/MTAwMTAwbm90cm95MQ==.jpg\" alt=\"TROY\">\n<\/a>\n<\/div>\n<\/div><div id=\"srp-singlepost-3\" class=\"srp-widget-singlepost srp-multi-column\"><div class=\"srp-thumbnail-box\"><a class=\"srp-widget-thmblink\" href=\"http:\/\/jameshorner-filmmusic.com\/fr\/discographie\/how-the-grinch-stole-christmas\/\" title=\"HOW THE GRINCH STOLE CHRISTMAS\"><img decoding=\"async\" class=\"srp-widget-thmb\" src=\"http:\/\/jameshorner-filmmusic.com\/wp-content\/plugins\/special-recent-posts\/cache\/MTAwMTAwbm90aGVncmluY2gx.jpg\" alt=\"HOW THE GRINCH STOLE CHRISTMAS\">\n<\/a>\n<\/div>\n<\/div><div id=\"srp-singlepost-4\" class=\"srp-widget-singlepost srp-multi-column\"><div class=\"srp-thumbnail-box\"><a class=\"srp-widget-thmblink\" href=\"http:\/\/jameshorner-filmmusic.com\/fr\/discographie\/balto\/\" title=\"BALTO\"><img decoding=\"async\" class=\"srp-widget-thmb\" src=\"http:\/\/jameshorner-filmmusic.com\/wp-content\/plugins\/special-recent-posts\/cache\/MTAwMTAwbm9CYWx0by1jb3ZlcjE=.jpg\" alt=\"BALTO\">\n<\/a>\n<\/div>\n<\/div><div id=\"srp-singlepost-5\" class=\"srp-widget-singlepost srp-multi-column\"><div class=\"srp-thumbnail-box\"><a class=\"srp-widget-thmblink\" href=\"http:\/\/jameshorner-filmmusic.com\/fr\/discographie\/the-pagemaster\/\" title=\"THE PAGEMASTER\"><img decoding=\"async\" class=\"srp-widget-thmb\" src=\"http:\/\/jameshorner-filmmusic.com\/wp-content\/plugins\/special-recent-posts\/cache\/MTAwMTAwbm90aGVwYWdlbWFzdGVyMQ==.jpg\" alt=\"THE PAGEMASTER\">\n<\/a>\n<\/div>\n<\/div><div id=\"srp-singlepost-6\" class=\"srp-widget-singlepost srp-multi-column\"><div class=\"srp-thumbnail-box\"><a class=\"srp-widget-thmblink\" href=\"http:\/\/jameshorner-filmmusic.com\/fr\/discographie\/an-american-tail\/\" title=\"AN AMERICAN TAIL\"><img decoding=\"async\" class=\"srp-widget-thmb\" src=\"http:\/\/jameshorner-filmmusic.com\/wp-content\/plugins\/special-recent-posts\/cache\/MTAwMTAwbm9hbWVyaWNhbl90YWlsX2NvdmVy.jpg\" alt=\"AN AMERICAN TAIL\">\n<\/a>\n<\/div>\n<\/div><br style=\"clear:both; height: 0px;\">\n<\/div><!-- EOF Special Recent Posts PRO ver2.5.2 -->\n\t\t\t\t\t\t\t\t\t\t\t<\/div>\n<div style=\"text-align: justify;\">\n\t\t\t\t\t\t\t\t\t\t\t\t&nbsp;\n\t\t\t\t\t\t\t\t\t\t\t<\/div>\n<div style=\"text-align: justify;\">\n\t\t\t\t\t\t\t\t\t\t\t\t<img decoding=\"async\" alt=\"\" src=\"http:\/\/jameshorner-filmmusic.com\/images\/collaborations\/articles.jpg\" style=\"width: 352px; height: 63px;\" \/>\n\t\t\t\t\t\t\t\t\t\t\t<\/div>\n<div style=\"text-align: justify;\">\n\t\t\t\t\t\t\t\t\t\t\t\t<!-- BOF Special Recent Posts PRO ver2.1 --><div class=\"srp-widget-container\"><div id=\"srp-singlepost-1\" class=\"srp-widget-singlepost srp-single-column\"><div class=\"srp-thumbnail-box\"><a class=\"srp-widget-thmblink\" href=\"http:\/\/jameshorner-filmmusic.com\/fr\/la-reedition-atttendue-de-balto-disponible-chez-intrada\/\" title=\"LA R&Eacute;&Eacute;DITION ATTTENDUE DE BALTO DISPONIBLE CHEZ INTRADA !\"><img decoding=\"async\" class=\"srp-widget-thmb\" src=\"http:\/\/jameshorner-filmmusic.com\/wp-content\/plugins\/special-recent-posts\/cache\/MTAwMTAwbm9iYWx0b19pbnRyYWRhXzIwMThfbGlnaHQ=.jpg\" alt=\"LA R&Eacute;&Eacute;DITION ATTTENDUE DE BALTO DISPONIBLE CHEZ INTRADA !\">\n<\/a>\n<\/div>\n<div class=\"srp-content-box\"><h4 class=\"srp-post-title\"><a class=\"srp-post-title-link\" href=\"http:\/\/jameshorner-filmmusic.com\/fr\/la-reedition-atttendue-de-balto-disponible-chez-intrada\/\" title=\"LA R&Eacute;&Eacute;DITION ATTTENDUE DE BALTO DISPONIBLE CHEZ INTRADA !\">LA R&Eacute;&Eacute;DITION ATTTENDUE DE BALTO DISPONIBLE CHEZ INTRADA !<\/a>\n<\/h4>\n<p class=\"srp-widget-excerpt\">\r\n\t\r\n\t\tD&eacute;cid&eacute;ment, cette ann&eacute;e 2018 rec&egrave;le bien des surprises aux amateurs de l&rsquo;&oelig;uvre de James Horner. La derni&egrave;re en date n&rsquo;est pas des moindres avec la ressortie cette semaine chez Intrada de&nbsp;Balto (id.), sorti en 1995, le dernier des huit films anim&eacute;s mis en musique par James Horner.\r\n\t\r\n\r\n\t\r\n\t\t1995 fut un cru exceptionnel, tant en termes de quantit&eacute; que de qualit&eacute;, avec des &oelig;uvres inoubliables telles que Braveheart, Apollo 13 (ces deux partitions furent nomm&eacute;es &agrave; l&rsquo;Oscar de la meilleure musique), Casper, Jumanji et bien s&ucirc;r Balto.\r\n\t\r\n\r\n\t\r\n\t\tD&rsquo;apr&egrave;s d&rsquo;une histoire vraie, le film relate l&rsquo;exploit d&rsquo;un chien de traineau &agrave; moiti&eacute; loup, Balto<\/p><\/div><\/div><div id=\"srp-singlepost-2\" class=\"srp-widget-singlepost srp-single-column\"><div class=\"srp-thumbnail-box\"><a class=\"srp-widget-thmblink\" href=\"http:\/\/jameshorner-filmmusic.com\/fr\/the-pagemaster-et-braveheart-nouvelles-editions\/\" title=\"THE PAGEMASTER et BRAVEHEART &ndash; NOUVELLES &Eacute;DITIONS\"><img decoding=\"async\" class=\"srp-widget-thmb\" src=\"http:\/\/jameshorner-filmmusic.com\/wp-content\/plugins\/special-recent-posts\/cache\/MTAwMTAwbm9wYWdlbWFzdGVyX2JyYXZlaGVhcnRfTExMXzIwMTVfYg==.jpeg\" alt=\"THE PAGEMASTER et BRAVEHEART &ndash; NOUVELLES &Eacute;DITIONS\">\n<\/a>\n<\/div>\n<div class=\"srp-content-box\"><h4 class=\"srp-post-title\"><a class=\"srp-post-title-link\" href=\"http:\/\/jameshorner-filmmusic.com\/fr\/the-pagemaster-et-braveheart-nouvelles-editions\/\" title=\"THE PAGEMASTER et BRAVEHEART &ndash; NOUVELLES &Eacute;DITIONS\">THE PAGEMASTER et BRAVEHEART &ndash; NOUVELLES &Eacute;DITIONS<\/a>\n<\/h4>\n<p class=\"srp-widget-excerpt\">\r\n\t2015 touche &agrave; sa fin, laissant le monde sans un des ses plus merveilleux talent musical. Quelques jours avant la disparition de James Horner le 22 juin 2015, La-La Land Records avait publi&eacute; une version compl&egrave;te et remasteuris&eacute; d&#39;une musique de 1993 : Searching For Bobby Fischer. Dans le m&ecirc;me temps &eacute;t&eacute; sorti le concerto Pas de Deux, tandis que le d&eacute;but de l&#39;ann&eacute;e avait &eacute;t&eacute; marqu&eacute; par l&#39;&eacute;pique partition pour Wolf Totem.\r\n\r\n\r\n\r\n\t&nbsp;\r\n\r\n\r\n\r\n\t\r\n\r\n\r\n\r\n\t&nbsp;\r\n\r\n\r\n\r\n\tPuis deux albums posthumes ont suivi : Southpaw (La rage au ventre) et derni&egrave;rement The 33 sorti &agrave; la mi-novembre. D&eacute;cembre va nous offrir deux fantastiques cadeaux :<\/p><\/div><\/div><div id=\"srp-singlepost-3\" class=\"srp-widget-singlepost srp-single-column\"><div class=\"srp-thumbnail-box\"><a class=\"srp-widget-thmblink\" href=\"http:\/\/jameshorner-filmmusic.com\/fr\/don-bluth-gary-goldman-un-duo-talenteux\/\" title=\"DON BLUTH &ndash; GARY GOLDMAN : UN DUO TALENTEUX\"><img decoding=\"async\" class=\"srp-widget-thmb\" src=\"http:\/\/jameshorner-filmmusic.com\/wp-content\/plugins\/special-recent-posts\/cache\/MTAwMTAwbm9ibHV0aGdvbGRtYW4x.jpg\" alt=\"DON BLUTH &ndash; GARY GOLDMAN : UN DUO TALENTEUX\">\n<\/a>\n<\/div>\n<div class=\"srp-content-box\"><h4 class=\"srp-post-title\"><a class=\"srp-post-title-link\" href=\"http:\/\/jameshorner-filmmusic.com\/fr\/don-bluth-gary-goldman-un-duo-talenteux\/\" title=\"DON BLUTH &ndash; GARY GOLDMAN : UN DUO TALENTEUX\">DON BLUTH - GARY GOLDMAN : UN DUO TALENTEUX<\/a>\n<\/h4>\n<p class=\"srp-widget-excerpt\">\r\n\t\r\n\r\n\r\n\r\n\t&nbsp;\r\n\r\n\r\n\r\n\t&nbsp;\r\n\r\n\r\n\r\n\t&nbsp;\r\n\r\n\r\n\r\n\t&nbsp;\r\n\r\n\r\n\r\n\t&nbsp;\r\n\r\n\r\n\r\n\tLe 20 septembre 2012\r\n\r\n\r\n\r\n\t&nbsp;\r\n\r\n\r\n\r\n\tFievel Et Le Nouveau Monde (An American Tail) (1985) et Le Petit Dinosaure Et La Vall&eacute;e Des Merveilles (The Land Before Time) (1988) font partie des musiques qui ont marqu&eacute; la carri&egrave;re de James Horner. Les auteurs de ces deux dessins anim&eacute;s (Don Bluth, le r&eacute;alisateur et Gary Goldman, le producteur) reviennent sur la cr&eacute;ation de ces deux partitions incroyables.\r\n\r\n\r\n\r\n\t&nbsp;\r\n\t\r\n\t\t&nbsp;\r\n\t\r\n\r\n\t\r\n\t\t&nbsp;\r\n\t\r\n\r\n\t\r\n\t\t\r\n\t\r\n\r\n\r\n\r\n\tSur Le Secret De NIMH, vous aviez collabor&eacute; avec Jerry Goldsmith. Pourquoi avoir choisi de travailler avec James Horner pour vos deux films suivants, Fievel Et Le Nouveau Monde et Le Petit Dinosaure Et La Vall&eacute;e Des Merveilles&nbsp;?\r\n\r\n\r\n\r\n\tGary<\/p><\/div><\/div><br style=\"clear:both; height: 0px;\">\n<\/div><!-- EOF Special Recent Posts PRO ver2.5.2 -->\n\t\t\t\t\t\t\t\t\t\t\t<\/div>\n<\/p><\/div>\n<\/p><\/div>\n<\/p><\/div>\n<\/p><\/div>\n<\/td>\n<\/tr>\n<\/tbody>\n<\/table><\/div>\n<p>\t<\/center>\n<\/div>\n","protected":false},"excerpt":{"rendered":"<p>&copy; Barry Mann &amp; Cynthia Weil. mann-weil.com Cynthia Weil n&eacute;e le 18 octobre 1940 &agrave; New York, est une paroli&egrave;re [&hellip;]<\/p>\n","protected":false},"author":4,"featured_media":5743,"parent":4865,"menu_order":0,"comment_status":"closed","ping_status":"closed","template":"collaboration-page-template.php","meta":{"site-sidebar-layout":"default","site-content-layout":"","ast-site-content-layout":"default","site-content-style":"default","site-sidebar-style":"default","ast-global-header-display":"","ast-banner-title-visibility":"","ast-main-header-display":"","ast-hfb-above-header-display":"","ast-hfb-below-header-display":"","ast-hfb-mobile-header-display":"","site-post-title":"","ast-breadcrumbs-content":"","ast-featured-img":"","footer-sml-layout":"","ast-disable-related-posts":"","theme-transparent-header-meta":"","adv-header-id-meta":"","stick-header-meta":"","header-above-stick-meta":"","header-main-stick-meta":"","header-below-stick-meta":"","astra-migrate-meta-layouts":"default","ast-page-background-enabled":"default","ast-page-background-meta":{"desktop":{"background-color":"var(--ast-global-color-4)","background-image":"","background-repeat":"repeat","background-position":"center center","background-size":"auto","background-attachment":"scroll","background-type":"","background-media":"","overlay-type":"","overlay-color":"","overlay-opacity":"","overlay-gradient":""},"tablet":{"background-color":"","background-image":"","background-repeat":"repeat","background-position":"center center","background-size":"auto","background-attachment":"scroll","background-type":"","background-media":"","overlay-type":"","overlay-color":"","overlay-opacity":"","overlay-gradient":""},"mobile":{"background-color":"","background-image":"","background-repeat":"repeat","background-position":"center center","background-size":"auto","background-attachment":"scroll","background-type":"","background-media":"","overlay-type":"","overlay-color":"","overlay-opacity":"","overlay-gradient":""}},"ast-content-background-meta":{"desktop":{"background-color":"var(--ast-global-color-5)","background-image":"","background-repeat":"repeat","background-position":"center center","background-size":"auto","background-attachment":"scroll","background-type":"","background-media":"","overlay-type":"","overlay-color":"","overlay-opacity":"","overlay-gradient":""},"tablet":{"background-color":"var(--ast-global-color-5)","background-image":"","background-repeat":"repeat","background-position":"center center","background-size":"auto","background-attachment":"scroll","background-type":"","background-media":"","overlay-type":"","overlay-color":"","overlay-opacity":"","overlay-gradient":""},"mobile":{"background-color":"var(--ast-global-color-5)","background-image":"","background-repeat":"repeat","background-position":"center center","background-size":"auto","background-attachment":"scroll","background-type":"","background-media":"","overlay-type":"","overlay-color":"","overlay-opacity":"","overlay-gradient":""}},"footnotes":""},"tags":[23,37,94,278,362,394],"class_list":["post-5741","page","type-page","status-publish","has-post-thumbnail","hentry","tag-an-american-tail","tag-balto-2","tag-cynthia-weil","tag-pagemaster","tag-the-grinch","tag-troy"],"yoast_head":"<!-- This site is optimized with the Yoast SEO plugin v23.4 - https:\/\/yoast.com\/wordpress\/plugins\/seo\/ -->\n<title>CYNTHIA WEIL<\/title>\n<meta name=\"description\" content=\"Cynthia Weil n\u00e9e le 18 octobre 1940 \u00e0 New York, est une paroli\u00e8re am\u00e9ricaine. Elle est connu pour avoir \u00e9crit de nombreuses chansons avec son mari Barry Mann.\" \/>\n<meta name=\"robots\" content=\"index, follow, max-snippet:-1, max-image-preview:large, max-video-preview:-1\" \/>\n<link rel=\"canonical\" href=\"http:\/\/jameshorner-filmmusic.com\/fr\/collaborations\/cynthia-weil\/\" \/>\n<meta property=\"og:locale\" content=\"fr_FR\" \/>\n<meta property=\"og:type\" content=\"article\" \/>\n<meta property=\"og:title\" content=\"CYNTHIA WEIL\" \/>\n<meta property=\"og:description\" content=\"Cynthia Weil n\u00e9e le 18 octobre 1940 \u00e0 New York, est une paroli\u00e8re am\u00e9ricaine. Elle est connu pour avoir \u00e9crit de nombreuses chansons avec son mari Barry Mann.\" \/>\n<meta property=\"og:url\" content=\"http:\/\/jameshorner-filmmusic.com\/fr\/collaborations\/cynthia-weil\/\" \/>\n<meta property=\"og:site_name\" content=\"JAMES HORNER\" \/>\n<meta property=\"article:publisher\" content=\"https:\/\/www.facebook.com\/pages\/James-Horner-Film-Music\/100282013394913\" \/>\n<meta property=\"article:modified_time\" content=\"2014-08-09T20:44:49+00:00\" \/>\n<meta property=\"og:image\" content=\"http:\/\/jameshorner-filmmusic.com\/wp-content\/uploads\/2012\/05\/cynthia1.jpg\" \/>\n\t<meta property=\"og:image:width\" content=\"239\" \/>\n\t<meta property=\"og:image:height\" content=\"239\" \/>\n\t<meta property=\"og:image:type\" content=\"image\/jpeg\" \/>\n<meta name=\"twitter:label1\" content=\"Dur\u00e9e de lecture estim\u00e9e\" \/>\n\t<meta name=\"twitter:data1\" content=\"1 minute\" \/>\n<script type=\"application\/ld+json\" class=\"yoast-schema-graph\">{\"@context\":\"https:\/\/schema.org\",\"@graph\":[{\"@type\":\"WebPage\",\"@id\":\"http:\/\/jameshorner-filmmusic.com\/fr\/collaborations\/cynthia-weil\/\",\"url\":\"http:\/\/jameshorner-filmmusic.com\/fr\/collaborations\/cynthia-weil\/\",\"name\":\"CYNTHIA WEIL\",\"isPartOf\":{\"@id\":\"https:\/\/jameshorner-filmmusic.com\/#website\"},\"primaryImageOfPage\":{\"@id\":\"http:\/\/jameshorner-filmmusic.com\/fr\/collaborations\/cynthia-weil\/#primaryimage\"},\"image\":{\"@id\":\"http:\/\/jameshorner-filmmusic.com\/fr\/collaborations\/cynthia-weil\/#primaryimage\"},\"thumbnailUrl\":\"http:\/\/jameshorner-filmmusic.com\/wp-content\/uploads\/2012\/05\/cynthia1.jpg\",\"datePublished\":\"2012-05-17T13:42:37+00:00\",\"dateModified\":\"2014-08-09T20:44:49+00:00\",\"description\":\"Cynthia Weil n\u00e9e le 18 octobre 1940 \u00e0 New York, est une paroli\u00e8re am\u00e9ricaine. Elle est connu pour avoir \u00e9crit de nombreuses chansons avec son mari Barry Mann.\",\"breadcrumb\":{\"@id\":\"http:\/\/jameshorner-filmmusic.com\/fr\/collaborations\/cynthia-weil\/#breadcrumb\"},\"inLanguage\":\"fr-FR\",\"potentialAction\":[{\"@type\":\"ReadAction\",\"target\":[\"http:\/\/jameshorner-filmmusic.com\/fr\/collaborations\/cynthia-weil\/\"]}]},{\"@type\":\"ImageObject\",\"inLanguage\":\"fr-FR\",\"@id\":\"http:\/\/jameshorner-filmmusic.com\/fr\/collaborations\/cynthia-weil\/#primaryimage\",\"url\":\"http:\/\/jameshorner-filmmusic.com\/wp-content\/uploads\/2012\/05\/cynthia1.jpg\",\"contentUrl\":\"http:\/\/jameshorner-filmmusic.com\/wp-content\/uploads\/2012\/05\/cynthia1.jpg\",\"width\":239,\"height\":239},{\"@type\":\"BreadcrumbList\",\"@id\":\"http:\/\/jameshorner-filmmusic.com\/fr\/collaborations\/cynthia-weil\/#breadcrumb\",\"itemListElement\":[{\"@type\":\"ListItem\",\"position\":1,\"name\":\"COLLABORATIONS\",\"item\":\"http:\/\/jameshorner-filmmusic.com\/fr\/collaborations\/\"},{\"@type\":\"ListItem\",\"position\":2,\"name\":\"CYNTHIA WEIL\"}]},{\"@type\":\"WebSite\",\"@id\":\"https:\/\/jameshorner-filmmusic.com\/#website\",\"url\":\"https:\/\/jameshorner-filmmusic.com\/\",\"name\":\"JAMES HORNER\",\"description\":\"JAMES HORNER FILM MUSIC\",\"publisher\":{\"@id\":\"https:\/\/jameshorner-filmmusic.com\/#organization\"},\"potentialAction\":[{\"@type\":\"SearchAction\",\"target\":{\"@type\":\"EntryPoint\",\"urlTemplate\":\"https:\/\/jameshorner-filmmusic.com\/?s={search_term_string}\"},\"query-input\":{\"@type\":\"PropertyValueSpecification\",\"valueRequired\":true,\"valueName\":\"search_term_string\"}}],\"inLanguage\":\"fr-FR\"},{\"@type\":\"Organization\",\"@id\":\"https:\/\/jameshorner-filmmusic.com\/#organization\",\"name\":\"James Horner Film Music\",\"url\":\"https:\/\/jameshorner-filmmusic.com\/\",\"logo\":{\"@type\":\"ImageObject\",\"inLanguage\":\"fr-FR\",\"@id\":\"https:\/\/jameshorner-filmmusic.com\/#\/schema\/logo\/image\/\",\"url\":\"http:\/\/jameshorner-filmmusic.com\/wp-content\/uploads\/2015\/04\/logo-JHFM-2b.png\",\"contentUrl\":\"http:\/\/jameshorner-filmmusic.com\/wp-content\/uploads\/2015\/04\/logo-JHFM-2b.png\",\"width\":250,\"height\":250,\"caption\":\"James Horner Film Music\"},\"image\":{\"@id\":\"https:\/\/jameshorner-filmmusic.com\/#\/schema\/logo\/image\/\"},\"sameAs\":[\"https:\/\/www.facebook.com\/pages\/James-Horner-Film-Music\/100282013394913\",\"https:\/\/x.com\/HORNERFILMMUSIC\",\"https:\/\/www.youtube.com\/channel\/UCzg0Lpstvu-boRkcMewxKSg\"]}]}<\/script>\n<!-- \/ Yoast SEO plugin. -->","yoast_head_json":{"title":"CYNTHIA WEIL","description":"Cynthia Weil n\u00e9e le 18 octobre 1940 \u00e0 New York, est une paroli\u00e8re am\u00e9ricaine. Elle est connu pour avoir \u00e9crit de nombreuses chansons avec son mari Barry Mann.","robots":{"index":"index","follow":"follow","max-snippet":"max-snippet:-1","max-image-preview":"max-image-preview:large","max-video-preview":"max-video-preview:-1"},"canonical":"http:\/\/jameshorner-filmmusic.com\/fr\/collaborations\/cynthia-weil\/","og_locale":"fr_FR","og_type":"article","og_title":"CYNTHIA WEIL","og_description":"Cynthia Weil n\u00e9e le 18 octobre 1940 \u00e0 New York, est une paroli\u00e8re am\u00e9ricaine. Elle est connu pour avoir \u00e9crit de nombreuses chansons avec son mari Barry Mann.","og_url":"http:\/\/jameshorner-filmmusic.com\/fr\/collaborations\/cynthia-weil\/","og_site_name":"JAMES HORNER","article_publisher":"https:\/\/www.facebook.com\/pages\/James-Horner-Film-Music\/100282013394913","article_modified_time":"2014-08-09T20:44:49+00:00","og_image":[{"width":239,"height":239,"url":"http:\/\/jameshorner-filmmusic.com\/wp-content\/uploads\/2012\/05\/cynthia1.jpg","type":"image\/jpeg"}],"twitter_misc":{"Dur\u00e9e de lecture estim\u00e9e":"1 minute"},"schema":{"@context":"https:\/\/schema.org","@graph":[{"@type":"WebPage","@id":"http:\/\/jameshorner-filmmusic.com\/fr\/collaborations\/cynthia-weil\/","url":"http:\/\/jameshorner-filmmusic.com\/fr\/collaborations\/cynthia-weil\/","name":"CYNTHIA WEIL","isPartOf":{"@id":"https:\/\/jameshorner-filmmusic.com\/#website"},"primaryImageOfPage":{"@id":"http:\/\/jameshorner-filmmusic.com\/fr\/collaborations\/cynthia-weil\/#primaryimage"},"image":{"@id":"http:\/\/jameshorner-filmmusic.com\/fr\/collaborations\/cynthia-weil\/#primaryimage"},"thumbnailUrl":"http:\/\/jameshorner-filmmusic.com\/wp-content\/uploads\/2012\/05\/cynthia1.jpg","datePublished":"2012-05-17T13:42:37+00:00","dateModified":"2014-08-09T20:44:49+00:00","description":"Cynthia Weil n\u00e9e le 18 octobre 1940 \u00e0 New York, est une paroli\u00e8re am\u00e9ricaine. Elle est connu pour avoir \u00e9crit de nombreuses chansons avec son mari Barry Mann.","breadcrumb":{"@id":"http:\/\/jameshorner-filmmusic.com\/fr\/collaborations\/cynthia-weil\/#breadcrumb"},"inLanguage":"fr-FR","potentialAction":[{"@type":"ReadAction","target":["http:\/\/jameshorner-filmmusic.com\/fr\/collaborations\/cynthia-weil\/"]}]},{"@type":"ImageObject","inLanguage":"fr-FR","@id":"http:\/\/jameshorner-filmmusic.com\/fr\/collaborations\/cynthia-weil\/#primaryimage","url":"http:\/\/jameshorner-filmmusic.com\/wp-content\/uploads\/2012\/05\/cynthia1.jpg","contentUrl":"http:\/\/jameshorner-filmmusic.com\/wp-content\/uploads\/2012\/05\/cynthia1.jpg","width":239,"height":239},{"@type":"BreadcrumbList","@id":"http:\/\/jameshorner-filmmusic.com\/fr\/collaborations\/cynthia-weil\/#breadcrumb","itemListElement":[{"@type":"ListItem","position":1,"name":"COLLABORATIONS","item":"http:\/\/jameshorner-filmmusic.com\/fr\/collaborations\/"},{"@type":"ListItem","position":2,"name":"CYNTHIA WEIL"}]},{"@type":"WebSite","@id":"https:\/\/jameshorner-filmmusic.com\/#website","url":"https:\/\/jameshorner-filmmusic.com\/","name":"JAMES HORNER","description":"JAMES HORNER FILM MUSIC","publisher":{"@id":"https:\/\/jameshorner-filmmusic.com\/#organization"},"potentialAction":[{"@type":"SearchAction","target":{"@type":"EntryPoint","urlTemplate":"https:\/\/jameshorner-filmmusic.com\/?s={search_term_string}"},"query-input":{"@type":"PropertyValueSpecification","valueRequired":true,"valueName":"search_term_string"}}],"inLanguage":"fr-FR"},{"@type":"Organization","@id":"https:\/\/jameshorner-filmmusic.com\/#organization","name":"James Horner Film Music","url":"https:\/\/jameshorner-filmmusic.com\/","logo":{"@type":"ImageObject","inLanguage":"fr-FR","@id":"https:\/\/jameshorner-filmmusic.com\/#\/schema\/logo\/image\/","url":"http:\/\/jameshorner-filmmusic.com\/wp-content\/uploads\/2015\/04\/logo-JHFM-2b.png","contentUrl":"http:\/\/jameshorner-filmmusic.com\/wp-content\/uploads\/2015\/04\/logo-JHFM-2b.png","width":250,"height":250,"caption":"James Horner Film Music"},"image":{"@id":"https:\/\/jameshorner-filmmusic.com\/#\/schema\/logo\/image\/"},"sameAs":["https:\/\/www.facebook.com\/pages\/James-Horner-Film-Music\/100282013394913","https:\/\/x.com\/HORNERFILMMUSIC","https:\/\/www.youtube.com\/channel\/UCzg0Lpstvu-boRkcMewxKSg"]}]}},"_links":{"self":[{"href":"http:\/\/jameshorner-filmmusic.com\/fr\/wp-json\/wp\/v2\/pages\/5741"}],"collection":[{"href":"http:\/\/jameshorner-filmmusic.com\/fr\/wp-json\/wp\/v2\/pages"}],"about":[{"href":"http:\/\/jameshorner-filmmusic.com\/fr\/wp-json\/wp\/v2\/types\/page"}],"author":[{"embeddable":true,"href":"http:\/\/jameshorner-filmmusic.com\/fr\/wp-json\/wp\/v2\/users\/4"}],"replies":[{"embeddable":true,"href":"http:\/\/jameshorner-filmmusic.com\/fr\/wp-json\/wp\/v2\/comments?post=5741"}],"version-history":[{"count":0,"href":"http:\/\/jameshorner-filmmusic.com\/fr\/wp-json\/wp\/v2\/pages\/5741\/revisions"}],"up":[{"embeddable":true,"href":"http:\/\/jameshorner-filmmusic.com\/fr\/wp-json\/wp\/v2\/pages\/4865"}],"wp:featuredmedia":[{"embeddable":true,"href":"http:\/\/jameshorner-filmmusic.com\/fr\/wp-json\/wp\/v2\/media\/5743"}],"wp:attachment":[{"href":"http:\/\/jameshorner-filmmusic.com\/fr\/wp-json\/wp\/v2\/media?parent=5741"}],"wp:term":[{"taxonomy":"post_tag","embeddable":true,"href":"http:\/\/jameshorner-filmmusic.com\/fr\/wp-json\/wp\/v2\/tags?post=5741"}],"curies":[{"name":"wp","href":"https:\/\/api.w.org\/{rel}","templated":true}]}}