{"id":5925,"date":"2012-06-07T09:19:19","date_gmt":"2012-06-07T09:19:19","guid":{"rendered":"http:\/\/jameshorner-filmmusic.com\/?page_id=5925"},"modified":"2014-08-09T00:41:06","modified_gmt":"2014-08-08T22:41:06","slug":"branford-marsalis","status":"publish","type":"page","link":"http:\/\/jameshorner-filmmusic.com\/fr\/collaborations\/branford-marsalis\/","title":{"rendered":"BRANFORD MARSALIS"},"content":{"rendered":"<div>\n\t<center><\/p>\n<table align=\"center\" border=\"0\" cellpadding=\"1\" cellspacing=\"1\" style=\"width: 100%;\">\n<tbody>\n<tr>\n<td style=\"width: 157px; vertical-align: top;\">\n<div>\n\t\t\t\t\t\t\t<img decoding=\"async\" alt=\"\" class=\"imgcollabo\" src=\"http:\/\/jameshorner-filmmusic.com\/images\/collaborations\/musiciens\/marsalis.jpg\" style=\"height: 150px; width: 150px;\" \/>\n\t\t\t\t\t\t<\/div>\n<div style=\"text-align: center;\">\n\t\t\t\t\t\t\t<span style=\"font-size:10px;\"><span style=\"font-family: arial,helvetica,sans-serif;\">By darlene susco (Flickr) [<a href=\"http:\/\/creativecommons.org\/licenses\/by\/2.0\">CC-BY-2.0<\/a>], <a href=\"http:\/\/commons.wikimedia.org\/wiki\/File%3ABMarsalis%402011WYPS1.jpg\">via Wikimedia Commons<\/a><\/span><\/span>\n\t\t\t\t\t\t<\/div>\n<\/td>\n<td style=\"vertical-align: top; width: 711px;\">\n<div style=\"text-align: justify;\">\n<div>\n<div>\n<div>\n<div>\n\t\t\t\t\t\t\t\t\t\t\t<span style=\"font-size: 18px;\"><span style=\"font-family: arial,helvetica,sans-serif;\"><span style=\"color: rgb(78, 94, 153);\"><b>Brandford Marsalis <\/b><\/span><\/span><\/span><span style=\"font-size: 18px;\"><span style=\"font-family: arial,helvetica,sans-serif;\">est un saxophoniste, compositeur de jazz et acteur am&eacute;ricain n&eacute; le <\/span><\/span><span style=\"font-size:18px;\"><span style=\"font-family: arial,helvetica,sans-serif;\">26 ao&ucirc;t 1960 &agrave; La Nouvelle-Orl&eacute;ans, Louisiane (<span class=\"mw-redirect\">&Eacute;tats-Unis<\/span>). Il est le fr&egrave;re de Wynton Marsalis<\/span><\/span><span style=\"font-size: 18px;\"><span style=\"font-family: arial,helvetica,sans-serif;\">. <\/span><\/span>\n\t\t\t\t\t\t\t\t\t\t<\/div>\n<div>\n\t\t\t\t\t\t\t\t\t\t\t<span style=\"font-size: 18px;\"><span style=\"font-family: arial,helvetica,sans-serif;\"><span itemprop=\"description\">Dans les ann&eacute;es 1970 gr&acirc;ce &agrave; <\/span><\/span><\/span><span style=\"font-size:18px;\"><span style=\"font-family: arial,helvetica,sans-serif;\"><span itemprop=\"description\"><span class=\"link_bio\">Herbie Hancock<\/span>, il joue et enregistre avec&nbsp;<span class=\"link_bio\">Dizzy Gillespie<\/span>&nbsp;ou&nbsp;<span class=\"link_bio\">Miles Davis<\/span>.<br \/>\n\t\t\t\t\t\t\t\t\t\t\tEn 1986, le saxophoniste forme son quartet, avec le pianiste&nbsp;<span class=\"link_bio\">Kenny Kirkland<\/span><\/span><\/span><\/span><span style=\"font-size: 18px;\"><span style=\"font-family: arial,helvetica,sans-serif;\"><span itemprop=\"description\">, le batteur Jeff Watts et le bassiste Bob Hurst.<br \/>\n\t\t\t\t\t\t\t\t\t\t\tEn 2001, Branford Marsalis remporte le prix du meilleur album instrumental de l&#39;ann&eacute;e pour <u>Contemporary Jazz<\/u> (2000) lors des 43&egrave;me Grammy Awards.<\/span><\/span><\/span>\n\t\t\t\t\t\t\t\t\t\t<\/div>\n<\/p><\/div>\n<\/p><\/div>\n<div>\n\t\t\t\t\t\t\t\t\t<span style=\"font-size:18px;\"><span style=\"font-family: arial,helvetica,sans-serif;\"><span style=\"color:#4e5e99;\">Sources : <\/span><a href=\"http:\/\/fr.wikipedia.org\/wiki\/Branford_Marsalis\"><span style=\"color:#4e5e99;\">Wikipedia<\/span><\/a><span style=\"color:#4e5e99;\"> &#8211; <\/span><a href=\"http:\/\/www.music-story.com\/branford-marsalis\/biographie\"><span style=\"color:#4e5e99;\">Music-story.com <\/span><\/a><\/span><\/span>\n\t\t\t\t\t\t\t\t<\/div>\n<div>\n\t\t\t\t\t\t\t\t\t<span style=\"font-size:18px;\"><span style=\"font-family: arial,helvetica,sans-serif;\"><span style=\"color:#4e5e99;\">Site officiel : <\/span><a href=\"http:\/\/www.branfordmarsalis.net\/\"><span style=\"color:#4e5e99;\">Brandfordmarsalis.net<\/span><\/a><\/span><\/span>\n\t\t\t\t\t\t\t\t<\/div>\n<\/p><\/div>\n<\/p><\/div>\n<\/td>\n<\/tr>\n<tr>\n<td colspan=\"2\" style=\"width: 150px;\">\n<div style=\"text-align: justify;\">\n\t\t\t\t\t\t\t<img decoding=\"async\" alt=\"\" src=\"http:\/\/jameshorner-filmmusic.com\/images\/collaborations\/projetscommuns.jpg\" style=\"width: 352px; height: 50px;\" \/>\n\t\t\t\t\t\t<\/div>\n<div style=\"text-align: justify;\">\n<div style=\"text-align: justify;\">\n\t\t\t\t\t\t\t\t<!-- BOF Special Recent Posts PRO ver2.1 --><div class=\"srp-widget-container\"><div class=\"srp-widget-column\"><div id=\"srp-singlepost-1\" class=\"srp-widget-singlepost srp-multi-column\"><div class=\"srp-thumbnail-box\"><a class=\"srp-widget-thmblink\" href=\"http:\/\/jameshorner-filmmusic.com\/fr\/collaborations\/branford-marsalis\/\" title=\"BRANFORD MARSALIS\"><img decoding=\"async\" class=\"srp-widget-thmb\" src=\"http:\/\/jameshorner-filmmusic.com\/wp-content\/plugins\/special-recent-posts\/cache\/MTAwMTAwbm9tYXJzYWxpczE=.png\" alt=\"BRANFORD MARSALIS\">\n<\/a>\n<\/div>\n<\/div><div id=\"srp-singlepost-2\" class=\"srp-widget-singlepost srp-multi-column\"><div class=\"srp-thumbnail-box\"><a class=\"srp-widget-thmblink\" href=\"http:\/\/jameshorner-filmmusic.com\/fr\/discographie\/sneakers\/\" title=\"SNEAKERS\"><img decoding=\"async\" class=\"srp-widget-thmb\" src=\"http:\/\/jameshorner-filmmusic.com\/wp-content\/plugins\/special-recent-posts\/cache\/MTAwMTAwbm9zbmVha2VyczE=.jpg\" alt=\"SNEAKERS\">\n<\/a>\n<\/div>\n<\/div><br style=\"clear:both; height: 0px;\">\n<\/div><!-- EOF Special Recent Posts PRO ver2.5.2 -->\n\t\t\t\t\t\t\t<\/div>\n<div style=\"text-align: justify;\">\n\t\t\t\t\t\t\t\t&nbsp;\n\t\t\t\t\t\t\t<\/div>\n<div style=\"text-align: justify;\">\n\t\t\t\t\t\t\t\t<img decoding=\"async\" alt=\"\" src=\"http:\/\/jameshorner-filmmusic.com\/images\/collaborations\/articles.jpg\" style=\"width: 352px; height: 63px;\" \/>\n\t\t\t\t\t\t\t<\/div>\n<div style=\"text-align: justify;\">\n\t\t\t\t\t\t\t\t<!-- BOF Special Recent Posts PRO ver2.1 --><div class=\"srp-widget-container\"><p>Pas d'article pour le moment<\/p>\n<br style=\"clear:both; height: 0px;\">\n<\/div><!-- EOF Special Recent Posts PRO ver2.5.2 -->\n\t\t\t\t\t\t\t<\/div>\n<\/p><\/div>\n<\/td>\n<\/tr>\n<\/tbody>\n<\/table>\n<p>\t<\/center>\n<\/div>\n","protected":false},"excerpt":{"rendered":"<p>By darlene susco (Flickr) [CC-BY-2.0], via Wikimedia Commons Brandford Marsalis est un saxophoniste, compositeur de jazz et acteur am&eacute;ricain n&eacute; [&hellip;]<\/p>\n","protected":false},"author":4,"featured_media":5926,"parent":4865,"menu_order":0,"comment_status":"closed","ping_status":"closed","template":"collaboration-page-template.php","meta":{"site-sidebar-layout":"default","site-content-layout":"","ast-site-content-layout":"default","site-content-style":"default","site-sidebar-style":"default","ast-global-header-display":"","ast-banner-title-visibility":"","ast-main-header-display":"","ast-hfb-above-header-display":"","ast-hfb-below-header-display":"","ast-hfb-mobile-header-display":"","site-post-title":"","ast-breadcrumbs-content":"","ast-featured-img":"","footer-sml-layout":"","ast-disable-related-posts":"","theme-transparent-header-meta":"","adv-header-id-meta":"","stick-header-meta":"","header-above-stick-meta":"","header-main-stick-meta":"","header-below-stick-meta":"","astra-migrate-meta-layouts":"default","ast-page-background-enabled":"default","ast-page-background-meta":{"desktop":{"background-color":"var(--ast-global-color-4)","background-image":"","background-repeat":"repeat","background-position":"center center","background-size":"auto","background-attachment":"scroll","background-type":"","background-media":"","overlay-type":"","overlay-color":"","overlay-opacity":"","overlay-gradient":""},"tablet":{"background-color":"","background-image":"","background-repeat":"repeat","background-position":"center center","background-size":"auto","background-attachment":"scroll","background-type":"","background-media":"","overlay-type":"","overlay-color":"","overlay-opacity":"","overlay-gradient":""},"mobile":{"background-color":"","background-image":"","background-repeat":"repeat","background-position":"center center","background-size":"auto","background-attachment":"scroll","background-type":"","background-media":"","overlay-type":"","overlay-color":"","overlay-opacity":"","overlay-gradient":""}},"ast-content-background-meta":{"desktop":{"background-color":"var(--ast-global-color-5)","background-image":"","background-repeat":"repeat","background-position":"center center","background-size":"auto","background-attachment":"scroll","background-type":"","background-media":"","overlay-type":"","overlay-color":"","overlay-opacity":"","overlay-gradient":""},"tablet":{"background-color":"var(--ast-global-color-5)","background-image":"","background-repeat":"repeat","background-position":"center center","background-size":"auto","background-attachment":"scroll","background-type":"","background-media":"","overlay-type":"","overlay-color":"","overlay-opacity":"","overlay-gradient":""},"mobile":{"background-color":"var(--ast-global-color-5)","background-image":"","background-repeat":"repeat","background-position":"center center","background-size":"auto","background-attachment":"scroll","background-type":"","background-media":"","overlay-type":"","overlay-color":"","overlay-opacity":"","overlay-gradient":""}},"footnotes":""},"tags":[56,330],"class_list":["post-5925","page","type-page","status-publish","has-post-thumbnail","hentry","tag-branford-marsalis","tag-sneakers-2"],"yoast_head":"<!-- This site is optimized with the Yoast SEO plugin v23.4 - https:\/\/yoast.com\/wordpress\/plugins\/seo\/ -->\n<title>BRANFORD MARSALIS<\/title>\n<meta name=\"description\" content=\"Branford Marsalis est un saxophoniste, compositeur de jazz et acteur am\u00e9ricain n\u00e9 le 26 ao\u00fbt 1960 \u00e0 La Nouvelle-Orl\u00e9ans, Louisiane (\u00c9tats-Unis).\" \/>\n<meta name=\"robots\" content=\"index, follow, max-snippet:-1, max-image-preview:large, max-video-preview:-1\" \/>\n<link rel=\"canonical\" href=\"http:\/\/jameshorner-filmmusic.com\/fr\/collaborations\/branford-marsalis\/\" \/>\n<meta property=\"og:locale\" content=\"fr_FR\" \/>\n<meta property=\"og:type\" content=\"article\" \/>\n<meta property=\"og:title\" content=\"BRANFORD MARSALIS\" \/>\n<meta property=\"og:description\" content=\"Branford Marsalis est un saxophoniste, compositeur de jazz et acteur am\u00e9ricain n\u00e9 le 26 ao\u00fbt 1960 \u00e0 La Nouvelle-Orl\u00e9ans, Louisiane (\u00c9tats-Unis).\" \/>\n<meta property=\"og:url\" content=\"http:\/\/jameshorner-filmmusic.com\/fr\/collaborations\/branford-marsalis\/\" \/>\n<meta property=\"og:site_name\" content=\"JAMES HORNER\" \/>\n<meta property=\"article:publisher\" content=\"https:\/\/www.facebook.com\/pages\/James-Horner-Film-Music\/100282013394913\" \/>\n<meta property=\"article:modified_time\" content=\"2014-08-08T22:41:06+00:00\" \/>\n<meta property=\"og:image\" content=\"http:\/\/jameshorner-filmmusic.com\/wp-content\/uploads\/2012\/06\/marsalis1.png\" \/>\n\t<meta property=\"og:image:width\" content=\"441\" \/>\n\t<meta property=\"og:image:height\" content=\"441\" \/>\n\t<meta property=\"og:image:type\" content=\"image\/png\" \/>\n<meta name=\"twitter:label1\" content=\"Dur\u00e9e de lecture estim\u00e9e\" \/>\n\t<meta name=\"twitter:data1\" content=\"1 minute\" \/>\n<script type=\"application\/ld+json\" class=\"yoast-schema-graph\">{\"@context\":\"https:\/\/schema.org\",\"@graph\":[{\"@type\":\"WebPage\",\"@id\":\"http:\/\/jameshorner-filmmusic.com\/fr\/collaborations\/branford-marsalis\/\",\"url\":\"http:\/\/jameshorner-filmmusic.com\/fr\/collaborations\/branford-marsalis\/\",\"name\":\"BRANFORD MARSALIS\",\"isPartOf\":{\"@id\":\"https:\/\/jameshorner-filmmusic.com\/fr\/#website\"},\"primaryImageOfPage\":{\"@id\":\"http:\/\/jameshorner-filmmusic.com\/fr\/collaborations\/branford-marsalis\/#primaryimage\"},\"image\":{\"@id\":\"http:\/\/jameshorner-filmmusic.com\/fr\/collaborations\/branford-marsalis\/#primaryimage\"},\"thumbnailUrl\":\"http:\/\/jameshorner-filmmusic.com\/wp-content\/uploads\/2012\/06\/marsalis1.png\",\"datePublished\":\"2012-06-07T09:19:19+00:00\",\"dateModified\":\"2014-08-08T22:41:06+00:00\",\"description\":\"Branford Marsalis est un saxophoniste, compositeur de jazz et acteur am\u00e9ricain n\u00e9 le 26 ao\u00fbt 1960 \u00e0 La Nouvelle-Orl\u00e9ans, Louisiane (\u00c9tats-Unis).\",\"breadcrumb\":{\"@id\":\"http:\/\/jameshorner-filmmusic.com\/fr\/collaborations\/branford-marsalis\/#breadcrumb\"},\"inLanguage\":\"fr-FR\",\"potentialAction\":[{\"@type\":\"ReadAction\",\"target\":[\"http:\/\/jameshorner-filmmusic.com\/fr\/collaborations\/branford-marsalis\/\"]}]},{\"@type\":\"ImageObject\",\"inLanguage\":\"fr-FR\",\"@id\":\"http:\/\/jameshorner-filmmusic.com\/fr\/collaborations\/branford-marsalis\/#primaryimage\",\"url\":\"http:\/\/jameshorner-filmmusic.com\/wp-content\/uploads\/2012\/06\/marsalis1.png\",\"contentUrl\":\"http:\/\/jameshorner-filmmusic.com\/wp-content\/uploads\/2012\/06\/marsalis1.png\",\"width\":441,\"height\":441},{\"@type\":\"BreadcrumbList\",\"@id\":\"http:\/\/jameshorner-filmmusic.com\/fr\/collaborations\/branford-marsalis\/#breadcrumb\",\"itemListElement\":[{\"@type\":\"ListItem\",\"position\":1,\"name\":\"COLLABORATIONS\",\"item\":\"http:\/\/jameshorner-filmmusic.com\/fr\/collaborations\/\"},{\"@type\":\"ListItem\",\"position\":2,\"name\":\"BRANFORD MARSALIS\"}]},{\"@type\":\"WebSite\",\"@id\":\"https:\/\/jameshorner-filmmusic.com\/fr\/#website\",\"url\":\"https:\/\/jameshorner-filmmusic.com\/fr\/\",\"name\":\"JAMES HORNER\",\"description\":\"JAMES HORNER FILM MUSIC\",\"publisher\":{\"@id\":\"https:\/\/jameshorner-filmmusic.com\/fr\/#organization\"},\"potentialAction\":[{\"@type\":\"SearchAction\",\"target\":{\"@type\":\"EntryPoint\",\"urlTemplate\":\"https:\/\/jameshorner-filmmusic.com\/fr\/?s={search_term_string}\"},\"query-input\":{\"@type\":\"PropertyValueSpecification\",\"valueRequired\":true,\"valueName\":\"search_term_string\"}}],\"inLanguage\":\"fr-FR\"},{\"@type\":\"Organization\",\"@id\":\"https:\/\/jameshorner-filmmusic.com\/fr\/#organization\",\"name\":\"James Horner Film Music\",\"url\":\"https:\/\/jameshorner-filmmusic.com\/fr\/\",\"logo\":{\"@type\":\"ImageObject\",\"inLanguage\":\"fr-FR\",\"@id\":\"https:\/\/jameshorner-filmmusic.com\/fr\/#\/schema\/logo\/image\/\",\"url\":\"http:\/\/jameshorner-filmmusic.com\/wp-content\/uploads\/2015\/04\/logo-JHFM-2b.png\",\"contentUrl\":\"http:\/\/jameshorner-filmmusic.com\/wp-content\/uploads\/2015\/04\/logo-JHFM-2b.png\",\"width\":250,\"height\":250,\"caption\":\"James Horner Film Music\"},\"image\":{\"@id\":\"https:\/\/jameshorner-filmmusic.com\/fr\/#\/schema\/logo\/image\/\"},\"sameAs\":[\"https:\/\/www.facebook.com\/pages\/James-Horner-Film-Music\/100282013394913\",\"https:\/\/x.com\/HORNERFILMMUSIC\",\"https:\/\/www.youtube.com\/channel\/UCzg0Lpstvu-boRkcMewxKSg\"]}]}<\/script>\n<!-- \/ Yoast SEO plugin. -->","yoast_head_json":{"title":"BRANFORD MARSALIS","description":"Branford Marsalis est un saxophoniste, compositeur de jazz et acteur am\u00e9ricain n\u00e9 le 26 ao\u00fbt 1960 \u00e0 La Nouvelle-Orl\u00e9ans, Louisiane (\u00c9tats-Unis).","robots":{"index":"index","follow":"follow","max-snippet":"max-snippet:-1","max-image-preview":"max-image-preview:large","max-video-preview":"max-video-preview:-1"},"canonical":"http:\/\/jameshorner-filmmusic.com\/fr\/collaborations\/branford-marsalis\/","og_locale":"fr_FR","og_type":"article","og_title":"BRANFORD MARSALIS","og_description":"Branford Marsalis est un saxophoniste, compositeur de jazz et acteur am\u00e9ricain n\u00e9 le 26 ao\u00fbt 1960 \u00e0 La Nouvelle-Orl\u00e9ans, Louisiane (\u00c9tats-Unis).","og_url":"http:\/\/jameshorner-filmmusic.com\/fr\/collaborations\/branford-marsalis\/","og_site_name":"JAMES HORNER","article_publisher":"https:\/\/www.facebook.com\/pages\/James-Horner-Film-Music\/100282013394913","article_modified_time":"2014-08-08T22:41:06+00:00","og_image":[{"width":441,"height":441,"url":"http:\/\/jameshorner-filmmusic.com\/wp-content\/uploads\/2012\/06\/marsalis1.png","type":"image\/png"}],"twitter_misc":{"Dur\u00e9e de lecture estim\u00e9e":"1 minute"},"schema":{"@context":"https:\/\/schema.org","@graph":[{"@type":"WebPage","@id":"http:\/\/jameshorner-filmmusic.com\/fr\/collaborations\/branford-marsalis\/","url":"http:\/\/jameshorner-filmmusic.com\/fr\/collaborations\/branford-marsalis\/","name":"BRANFORD MARSALIS","isPartOf":{"@id":"https:\/\/jameshorner-filmmusic.com\/fr\/#website"},"primaryImageOfPage":{"@id":"http:\/\/jameshorner-filmmusic.com\/fr\/collaborations\/branford-marsalis\/#primaryimage"},"image":{"@id":"http:\/\/jameshorner-filmmusic.com\/fr\/collaborations\/branford-marsalis\/#primaryimage"},"thumbnailUrl":"http:\/\/jameshorner-filmmusic.com\/wp-content\/uploads\/2012\/06\/marsalis1.png","datePublished":"2012-06-07T09:19:19+00:00","dateModified":"2014-08-08T22:41:06+00:00","description":"Branford Marsalis est un saxophoniste, compositeur de jazz et acteur am\u00e9ricain n\u00e9 le 26 ao\u00fbt 1960 \u00e0 La Nouvelle-Orl\u00e9ans, Louisiane (\u00c9tats-Unis).","breadcrumb":{"@id":"http:\/\/jameshorner-filmmusic.com\/fr\/collaborations\/branford-marsalis\/#breadcrumb"},"inLanguage":"fr-FR","potentialAction":[{"@type":"ReadAction","target":["http:\/\/jameshorner-filmmusic.com\/fr\/collaborations\/branford-marsalis\/"]}]},{"@type":"ImageObject","inLanguage":"fr-FR","@id":"http:\/\/jameshorner-filmmusic.com\/fr\/collaborations\/branford-marsalis\/#primaryimage","url":"http:\/\/jameshorner-filmmusic.com\/wp-content\/uploads\/2012\/06\/marsalis1.png","contentUrl":"http:\/\/jameshorner-filmmusic.com\/wp-content\/uploads\/2012\/06\/marsalis1.png","width":441,"height":441},{"@type":"BreadcrumbList","@id":"http:\/\/jameshorner-filmmusic.com\/fr\/collaborations\/branford-marsalis\/#breadcrumb","itemListElement":[{"@type":"ListItem","position":1,"name":"COLLABORATIONS","item":"http:\/\/jameshorner-filmmusic.com\/fr\/collaborations\/"},{"@type":"ListItem","position":2,"name":"BRANFORD MARSALIS"}]},{"@type":"WebSite","@id":"https:\/\/jameshorner-filmmusic.com\/fr\/#website","url":"https:\/\/jameshorner-filmmusic.com\/fr\/","name":"JAMES HORNER","description":"JAMES HORNER FILM MUSIC","publisher":{"@id":"https:\/\/jameshorner-filmmusic.com\/fr\/#organization"},"potentialAction":[{"@type":"SearchAction","target":{"@type":"EntryPoint","urlTemplate":"https:\/\/jameshorner-filmmusic.com\/fr\/?s={search_term_string}"},"query-input":{"@type":"PropertyValueSpecification","valueRequired":true,"valueName":"search_term_string"}}],"inLanguage":"fr-FR"},{"@type":"Organization","@id":"https:\/\/jameshorner-filmmusic.com\/fr\/#organization","name":"James Horner Film Music","url":"https:\/\/jameshorner-filmmusic.com\/fr\/","logo":{"@type":"ImageObject","inLanguage":"fr-FR","@id":"https:\/\/jameshorner-filmmusic.com\/fr\/#\/schema\/logo\/image\/","url":"http:\/\/jameshorner-filmmusic.com\/wp-content\/uploads\/2015\/04\/logo-JHFM-2b.png","contentUrl":"http:\/\/jameshorner-filmmusic.com\/wp-content\/uploads\/2015\/04\/logo-JHFM-2b.png","width":250,"height":250,"caption":"James Horner Film Music"},"image":{"@id":"https:\/\/jameshorner-filmmusic.com\/fr\/#\/schema\/logo\/image\/"},"sameAs":["https:\/\/www.facebook.com\/pages\/James-Horner-Film-Music\/100282013394913","https:\/\/x.com\/HORNERFILMMUSIC","https:\/\/www.youtube.com\/channel\/UCzg0Lpstvu-boRkcMewxKSg"]}]}},"_links":{"self":[{"href":"http:\/\/jameshorner-filmmusic.com\/fr\/wp-json\/wp\/v2\/pages\/5925"}],"collection":[{"href":"http:\/\/jameshorner-filmmusic.com\/fr\/wp-json\/wp\/v2\/pages"}],"about":[{"href":"http:\/\/jameshorner-filmmusic.com\/fr\/wp-json\/wp\/v2\/types\/page"}],"author":[{"embeddable":true,"href":"http:\/\/jameshorner-filmmusic.com\/fr\/wp-json\/wp\/v2\/users\/4"}],"replies":[{"embeddable":true,"href":"http:\/\/jameshorner-filmmusic.com\/fr\/wp-json\/wp\/v2\/comments?post=5925"}],"version-history":[{"count":0,"href":"http:\/\/jameshorner-filmmusic.com\/fr\/wp-json\/wp\/v2\/pages\/5925\/revisions"}],"up":[{"embeddable":true,"href":"http:\/\/jameshorner-filmmusic.com\/fr\/wp-json\/wp\/v2\/pages\/4865"}],"wp:featuredmedia":[{"embeddable":true,"href":"http:\/\/jameshorner-filmmusic.com\/fr\/wp-json\/wp\/v2\/media\/5926"}],"wp:attachment":[{"href":"http:\/\/jameshorner-filmmusic.com\/fr\/wp-json\/wp\/v2\/media?parent=5925"}],"wp:term":[{"taxonomy":"post_tag","embeddable":true,"href":"http:\/\/jameshorner-filmmusic.com\/fr\/wp-json\/wp\/v2\/tags?post=5925"}],"curies":[{"name":"wp","href":"https:\/\/api.w.org\/{rel}","templated":true}]}}