{"id":5965,"date":"2012-06-25T21:56:24","date_gmt":"2012-06-25T21:56:24","guid":{"rendered":"http:\/\/jameshorner-filmmusic.com\/?page_id=5965"},"modified":"2014-08-11T00:37:40","modified_gmt":"2014-08-10T22:37:40","slug":"josh-groban","status":"publish","type":"page","link":"http:\/\/jameshorner-filmmusic.com\/fr\/collaborations\/josh-groban\/","title":{"rendered":"JOSH GROBAN*"},"content":{"rendered":"<div>\n\t<center><\/p>\n<table align=\"center\" border=\"0\" cellpadding=\"1\" cellspacing=\"1\" style=\"width: 100%;\">\n<tbody>\n<tr>\n<td style=\"width: 157px; vertical-align: top;\">\n<div>\n\t\t\t\t\t\t\t<img decoding=\"async\" alt=\"\" class=\"imgcollabo\" src=\"http:\/\/jameshorner-filmmusic.com\/images\/collaborations\/vocalistes\/groban.jpg\" style=\"height: 149px; width: 150px;\" \/>\n\t\t\t\t\t\t<\/div>\n<div style=\"text-align: center;\">\n\t\t\t\t\t\t\t<span style=\"font-size:10px;\"><span style=\"font-family: arial,helvetica,sans-serif;\">By christopher simon (originally posted to Flickr as IMG_0106) [<a href=\"http:\/\/creativecommons.org\/licenses\/by\/2.0\">CC-BY-2.0<\/a>], <a href=\"http:\/\/commons.wikimedia.org\/wiki\/File%3AGroban.jpg\">via Wikimedia Commons<\/a><\/span><\/span>\n\t\t\t\t\t\t<\/div>\n<\/td>\n<td style=\"vertical-align: top; width: 711px;\">\n<div style=\"text-align: justify;\">\n<div>\n<div>\n<div>\n<div>\n<div>\n\t\t\t\t\t\t\t\t\t\t\t\t<span style=\"font-size: 18px;\"><span style=\"font-family: arial,helvetica,sans-serif;\"><span style=\"color: rgb(78, 94, 153);\"><b>Joshua Winslow Groban<\/b><\/span><\/span><\/span><strong><font color=\"#000000\">,<span style=\"font-size:18px;\"><span style=\"font-family: arial,helvetica,sans-serif;\"> <\/span><\/span><\/font><\/strong><span style=\"font-size: 18px;\"><span style=\"font-family: arial,helvetica,sans-serif;\">(n&eacute; le 27 f&eacute;vrier 1981), est auteur, compositeur, interpr&egrave;te am&eacute;ricain.<\/span><\/span>\n\t\t\t\t\t\t\t\t\t\t\t<\/div>\n<div>\n\t\t\t\t\t\t\t\t\t\t\t\t<span style=\"font-size:18px;\"><span style=\"font-family: arial,helvetica,sans-serif;\">&Agrave; la fin de l&#39;ann&eacute;e 1998, le jeune Josh (&acirc;g&eacute; de 17 ans) est pr&eacute;sent&eacute; par son coach vocal &agrave; <a href=\"http:\/\/jameshorner-filmmusic.com\/fr\/collaborations\/david-foster\/\">David Foster<\/a>, producteur, arrangeur et compositeur de renomm&eacute;e mondiale.<\/span><\/span>\n\t\t\t\t\t\t\t\t\t\t\t<\/div>\n<div>\n\t\t\t\t\t\t\t\t\t\t\t\t<span style=\"font-size:18px;\"><span style=\"font-family: arial,helvetica,sans-serif;\">Commence alors une carri&egrave;re internationale compos&eacute;e d&#39;albums &agrave; succ&egrave;s (Closer&#8230;), de repr&eacute;sentations lors de c&eacute;r&eacute;monies prestigieuses (Jeux olympiques, Oscars, Superbowl)&#8230;<\/span><\/span>\n\t\t\t\t\t\t\t\t\t\t\t<\/div>\n<div>\n\t\t\t\t\t\t\t\t\t\t\t\t<span style=\"font-size:18px;\"><span style=\"font-family: arial,helvetica,sans-serif;\">C&ocirc;t&eacute; musique de film, il a interpr&eacute;t&eacute; notamment <i>For Always<\/i> avec Lara Fabian extraite de la bande originale d&#39; <strong>A.I. Intelligence artificielle<\/strong> en 2001 et la chanson <i>Believe<\/i>, de la bande originale du film <strong>Le P&ocirc;le Express<i> <\/i><\/strong>en 2004.<\/span><\/span>\n\t\t\t\t\t\t\t\t\t\t\t<\/div>\n<\/p><\/div>\n<\/p><\/div>\n<\/p><\/div>\n<div>\n\t\t\t\t\t\t\t\t\t<span style=\"font-size:18px;\"><span style=\"font-family: arial,helvetica,sans-serif;\"><span style=\"color: rgb(78, 94, 153);\">Sources : <\/span><a href=\"http:\/\/fr.wikipedia.org\/wiki\/Josh_Groban\"><span style=\"color:#4e5e99;\"><span>Wikipedia<\/span><\/span><\/a><\/span><\/span>\n\t\t\t\t\t\t\t\t<\/div>\n<div>\n\t\t\t\t\t\t\t\t\t<span style=\"font-size:18px;\"><span style=\"font-family: arial,helvetica,sans-serif;\"><span style=\"color:#4e5e99;\">Site officiel : <\/span><a href=\"http:\/\/www.joshgroban.com\/\"><span style=\"color:#4e5e99;\">JoshGroban.com<\/span><\/a><\/span><\/span>\n\t\t\t\t\t\t\t\t<\/div>\n<\/p><\/div>\n<\/p><\/div>\n<\/td>\n<\/tr>\n<tr>\n<td colspan=\"2\" style=\"width: 150px;\">\n<div style=\"text-align: justify;\">\n\t\t\t\t\t\t\t<img decoding=\"async\" alt=\"\" src=\"http:\/\/jameshorner-filmmusic.com\/images\/collaborations\/projetscommuns.jpg\" style=\"width: 352px; height: 50px;\" \/>\n\t\t\t\t\t\t<\/div>\n<div style=\"text-align: justify;\">\n<div style=\"text-align: justify;\">\n<div style=\"text-align: justify;\">\n<div style=\"text-align: justify;\">\n<div style=\"text-align: justify;\">\n\t\t\t\t\t\t\t\t\t\t\t<!-- BOF Special Recent Posts PRO ver2.1 --><div class=\"srp-widget-container\"><div class=\"srp-widget-column\"><div id=\"srp-singlepost-1\" class=\"srp-widget-singlepost srp-multi-column\"><div class=\"srp-thumbnail-box\"><a class=\"srp-widget-thmblink\" href=\"http:\/\/jameshorner-filmmusic.com\/fr\/collaborations\/josh-groban\/\" title=\"JOSH GROBAN*\"><img decoding=\"async\" class=\"srp-widget-thmb\" src=\"http:\/\/jameshorner-filmmusic.com\/wp-content\/plugins\/special-recent-posts\/cache\/MTAwMTAwbm9ncm9iYW4x.jpg\" alt=\"JOSH GROBAN*\">\n<\/a>\n<\/div>\n<\/div><div id=\"srp-singlepost-2\" class=\"srp-widget-singlepost srp-multi-column\"><div class=\"srp-thumbnail-box\"><a class=\"srp-widget-thmblink\" href=\"http:\/\/jameshorner-filmmusic.com\/fr\/discographie\/troy\/\" title=\"TROY\"><img decoding=\"async\" class=\"srp-widget-thmb\" src=\"http:\/\/jameshorner-filmmusic.com\/wp-content\/plugins\/special-recent-posts\/cache\/MTAwMTAwbm90cm95MQ==.jpg\" alt=\"TROY\">\n<\/a>\n<\/div>\n<\/div><br style=\"clear:both; height: 0px;\">\n<\/div><!-- EOF Special Recent Posts PRO ver2.5.2 -->\n\t\t\t\t\t\t\t\t\t\t<\/div>\n<div style=\"text-align: justify;\">\n\t\t\t\t\t\t\t\t\t\t\t&nbsp;\n\t\t\t\t\t\t\t\t\t\t<\/div>\n<div style=\"text-align: justify;\">\n\t\t\t\t\t\t\t\t\t\t\t<img decoding=\"async\" alt=\"\" src=\"http:\/\/jameshorner-filmmusic.com\/images\/collaborations\/articles.jpg\" style=\"width: 352px; height: 63px;\" \/>\n\t\t\t\t\t\t\t\t\t\t<\/div>\n<div style=\"text-align: justify;\">\n\t\t\t\t\t\t\t\t\t\t\t<!-- BOF Special Recent Posts PRO ver2.1 --><div class=\"srp-widget-container\"><div id=\"srp-singlepost-1\" class=\"srp-widget-singlepost srp-single-column\"><div class=\"srp-thumbnail-box\"><a class=\"srp-widget-thmblink\" href=\"http:\/\/jameshorner-filmmusic.com\/fr\/apercu-troy-intrada\/\" title=\"APER&Ccedil;U EXCLUSIF DE LA NOUVELLE &Eacute;DITION DE TROY &Eacute;DIT&Eacute;E PAR INTRADA\"><img decoding=\"async\" class=\"srp-widget-thmb\" src=\"http:\/\/jameshorner-filmmusic.com\/wp-content\/plugins\/special-recent-posts\/cache\/MTAwMTAwbm90cm95XzIwMDRfQWNoaWxsZXNfbGlnaHQ=.jpg\" alt=\"APER&Ccedil;U EXCLUSIF DE LA NOUVELLE &Eacute;DITION DE TROY &Eacute;DIT&Eacute;E PAR INTRADA\">\n<\/a>\n<\/div>\n<div class=\"srp-content-box\"><h4 class=\"srp-post-title\"><a class=\"srp-post-title-link\" href=\"http:\/\/jameshorner-filmmusic.com\/fr\/apercu-troy-intrada\/\" title=\"APER&Ccedil;U EXCLUSIF DE LA NOUVELLE &Eacute;DITION DE TROY &Eacute;DIT&Eacute;E PAR INTRADA\">APER&Ccedil;U EXCLUSIF DE LA NOUVELLE &Eacute;DITION DE TROY &Eacute;DIT&Eacute;E PAR INTRADA<\/a>\n<\/h4>\n<p class=\"srp-widget-excerpt\">\r\n\t\r\n\t\tTreize ans apr&egrave;s la sortie du film, un double CD en &eacute;dition limit&eacute;e du score &eacute;pique de James Horner pour Troy est d&egrave;s &agrave; pr&eacute;sent disponible chez Intrada.\r\n\t\r\n\r\n\t\r\n\t\tEn 2004, lorsque Horner fut annonc&eacute; comme le compositeur de Troy r&eacute;alis&eacute; par Wolfgang Petersen, un autre compositeur &eacute;tait d&eacute;j&agrave; &agrave; l&rsquo;&oelig;uvre sur la musique du film depuis plus d&rsquo;un an. Mais apr&egrave;s que deux publics de s&eacute;ances-test qualifi&egrave;rent le score de &laquo;&nbsp;vieillot&nbsp;&raquo;, la production se tourna vers James Horner, qui avait auparavant compos&eacute; la musique de The Perfect Storm (2000) du m&ecirc;me r&eacute;alisateur, pour &eacute;crire une nouvelle partition.\r\n\t\r\n\r\n\t\r\n\t\tLe d&eacute;fi &eacute;tait consid&eacute;rable, puisqu&rsquo;Horner<\/p><\/div><\/div><br style=\"clear:both; height: 0px;\">\n<\/div><!-- EOF Special Recent Posts PRO ver2.5.2 -->\n\t\t\t\t\t\t\t\t\t\t<\/div>\n<\/p><\/div>\n<\/p><\/div>\n<\/p><\/div>\n<\/p><\/div>\n<\/td>\n<\/tr>\n<\/tbody>\n<\/table>\n<p>\t<\/center>\n<\/div>\n","protected":false},"excerpt":{"rendered":"<p>By christopher simon (originally posted to Flickr as IMG_0106) [CC-BY-2.0], via Wikimedia Commons Joshua Winslow Groban, (n&eacute; le 27 f&eacute;vrier [&hellip;]<\/p>\n","protected":false},"author":4,"featured_media":5966,"parent":4865,"menu_order":0,"comment_status":"closed","ping_status":"closed","template":"collaboration-page-template.php","meta":{"site-sidebar-layout":"default","site-content-layout":"","ast-site-content-layout":"default","site-content-style":"default","site-sidebar-style":"default","ast-global-header-display":"","ast-banner-title-visibility":"","ast-main-header-display":"","ast-hfb-above-header-display":"","ast-hfb-below-header-display":"","ast-hfb-mobile-header-display":"","site-post-title":"","ast-breadcrumbs-content":"","ast-featured-img":"","footer-sml-layout":"","ast-disable-related-posts":"","theme-transparent-header-meta":"","adv-header-id-meta":"","stick-header-meta":"","header-above-stick-meta":"","header-main-stick-meta":"","header-below-stick-meta":"","astra-migrate-meta-layouts":"default","ast-page-background-enabled":"default","ast-page-background-meta":{"desktop":{"background-color":"var(--ast-global-color-4)","background-image":"","background-repeat":"repeat","background-position":"center center","background-size":"auto","background-attachment":"scroll","background-type":"","background-media":"","overlay-type":"","overlay-color":"","overlay-opacity":"","overlay-gradient":""},"tablet":{"background-color":"","background-image":"","background-repeat":"repeat","background-position":"center center","background-size":"auto","background-attachment":"scroll","background-type":"","background-media":"","overlay-type":"","overlay-color":"","overlay-opacity":"","overlay-gradient":""},"mobile":{"background-color":"","background-image":"","background-repeat":"repeat","background-position":"center center","background-size":"auto","background-attachment":"scroll","background-type":"","background-media":"","overlay-type":"","overlay-color":"","overlay-opacity":"","overlay-gradient":""}},"ast-content-background-meta":{"desktop":{"background-color":"var(--ast-global-color-5)","background-image":"","background-repeat":"repeat","background-position":"center center","background-size":"auto","background-attachment":"scroll","background-type":"","background-media":"","overlay-type":"","overlay-color":"","overlay-opacity":"","overlay-gradient":""},"tablet":{"background-color":"var(--ast-global-color-5)","background-image":"","background-repeat":"repeat","background-position":"center center","background-size":"auto","background-attachment":"scroll","background-type":"","background-media":"","overlay-type":"","overlay-color":"","overlay-opacity":"","overlay-gradient":""},"mobile":{"background-color":"var(--ast-global-color-5)","background-image":"","background-repeat":"repeat","background-position":"center center","background-size":"auto","background-attachment":"scroll","background-type":"","background-media":"","overlay-type":"","overlay-color":"","overlay-opacity":"","overlay-gradient":""}},"footnotes":""},"tags":[210,394],"class_list":["post-5965","page","type-page","status-publish","has-post-thumbnail","hentry","tag-josh-groban","tag-troy"],"yoast_head":"<!-- This site is optimized with the Yoast SEO plugin v23.4 - https:\/\/yoast.com\/wordpress\/plugins\/seo\/ -->\n<title>JOSH GROBAN*<\/title>\n<meta name=\"description\" content=\"JOSH GROBAN*, (n\u00e9 le 27 f\u00e9vrier 1981), est auteur, compositeur, interpr\u00e8te am\u00e9ricain.\" \/>\n<meta name=\"robots\" content=\"index, follow, max-snippet:-1, max-image-preview:large, max-video-preview:-1\" \/>\n<link rel=\"canonical\" href=\"http:\/\/jameshorner-filmmusic.com\/fr\/collaborations\/josh-groban\/\" \/>\n<meta property=\"og:locale\" content=\"fr_FR\" \/>\n<meta property=\"og:type\" content=\"article\" \/>\n<meta property=\"og:title\" content=\"JOSH GROBAN*\" \/>\n<meta property=\"og:description\" content=\"JOSH GROBAN*, (n\u00e9 le 27 f\u00e9vrier 1981), est auteur, compositeur, interpr\u00e8te am\u00e9ricain.\" \/>\n<meta property=\"og:url\" content=\"http:\/\/jameshorner-filmmusic.com\/fr\/collaborations\/josh-groban\/\" \/>\n<meta property=\"og:site_name\" content=\"JAMES HORNER\" \/>\n<meta property=\"article:publisher\" content=\"https:\/\/www.facebook.com\/pages\/James-Horner-Film-Music\/100282013394913\" \/>\n<meta property=\"article:modified_time\" content=\"2014-08-10T22:37:40+00:00\" \/>\n<meta property=\"og:image\" content=\"http:\/\/jameshorner-filmmusic.com\/wp-content\/uploads\/2012\/06\/groban1.jpg\" \/>\n\t<meta property=\"og:image:width\" content=\"300\" \/>\n\t<meta property=\"og:image:height\" content=\"298\" \/>\n\t<meta property=\"og:image:type\" content=\"image\/jpeg\" \/>\n<meta name=\"twitter:label1\" content=\"Dur\u00e9e de lecture estim\u00e9e\" \/>\n\t<meta name=\"twitter:data1\" content=\"1 minute\" \/>\n<script type=\"application\/ld+json\" class=\"yoast-schema-graph\">{\"@context\":\"https:\/\/schema.org\",\"@graph\":[{\"@type\":\"WebPage\",\"@id\":\"http:\/\/jameshorner-filmmusic.com\/fr\/collaborations\/josh-groban\/\",\"url\":\"http:\/\/jameshorner-filmmusic.com\/fr\/collaborations\/josh-groban\/\",\"name\":\"JOSH GROBAN*\",\"isPartOf\":{\"@id\":\"https:\/\/jameshorner-filmmusic.com\/#website\"},\"primaryImageOfPage\":{\"@id\":\"http:\/\/jameshorner-filmmusic.com\/fr\/collaborations\/josh-groban\/#primaryimage\"},\"image\":{\"@id\":\"http:\/\/jameshorner-filmmusic.com\/fr\/collaborations\/josh-groban\/#primaryimage\"},\"thumbnailUrl\":\"http:\/\/jameshorner-filmmusic.com\/wp-content\/uploads\/2012\/06\/groban1.jpg\",\"datePublished\":\"2012-06-25T21:56:24+00:00\",\"dateModified\":\"2014-08-10T22:37:40+00:00\",\"description\":\"JOSH GROBAN*, (n\u00e9 le 27 f\u00e9vrier 1981), est auteur, compositeur, interpr\u00e8te am\u00e9ricain.\",\"breadcrumb\":{\"@id\":\"http:\/\/jameshorner-filmmusic.com\/fr\/collaborations\/josh-groban\/#breadcrumb\"},\"inLanguage\":\"fr-FR\",\"potentialAction\":[{\"@type\":\"ReadAction\",\"target\":[\"http:\/\/jameshorner-filmmusic.com\/fr\/collaborations\/josh-groban\/\"]}]},{\"@type\":\"ImageObject\",\"inLanguage\":\"fr-FR\",\"@id\":\"http:\/\/jameshorner-filmmusic.com\/fr\/collaborations\/josh-groban\/#primaryimage\",\"url\":\"http:\/\/jameshorner-filmmusic.com\/wp-content\/uploads\/2012\/06\/groban1.jpg\",\"contentUrl\":\"http:\/\/jameshorner-filmmusic.com\/wp-content\/uploads\/2012\/06\/groban1.jpg\",\"width\":300,\"height\":298},{\"@type\":\"BreadcrumbList\",\"@id\":\"http:\/\/jameshorner-filmmusic.com\/fr\/collaborations\/josh-groban\/#breadcrumb\",\"itemListElement\":[{\"@type\":\"ListItem\",\"position\":1,\"name\":\"COLLABORATIONS\",\"item\":\"http:\/\/jameshorner-filmmusic.com\/fr\/collaborations\/\"},{\"@type\":\"ListItem\",\"position\":2,\"name\":\"JOSH GROBAN*\"}]},{\"@type\":\"WebSite\",\"@id\":\"https:\/\/jameshorner-filmmusic.com\/#website\",\"url\":\"https:\/\/jameshorner-filmmusic.com\/\",\"name\":\"JAMES HORNER\",\"description\":\"JAMES HORNER FILM MUSIC\",\"publisher\":{\"@id\":\"https:\/\/jameshorner-filmmusic.com\/#organization\"},\"potentialAction\":[{\"@type\":\"SearchAction\",\"target\":{\"@type\":\"EntryPoint\",\"urlTemplate\":\"https:\/\/jameshorner-filmmusic.com\/?s={search_term_string}\"},\"query-input\":{\"@type\":\"PropertyValueSpecification\",\"valueRequired\":true,\"valueName\":\"search_term_string\"}}],\"inLanguage\":\"fr-FR\"},{\"@type\":\"Organization\",\"@id\":\"https:\/\/jameshorner-filmmusic.com\/#organization\",\"name\":\"James Horner Film Music\",\"url\":\"https:\/\/jameshorner-filmmusic.com\/\",\"logo\":{\"@type\":\"ImageObject\",\"inLanguage\":\"fr-FR\",\"@id\":\"https:\/\/jameshorner-filmmusic.com\/#\/schema\/logo\/image\/\",\"url\":\"http:\/\/jameshorner-filmmusic.com\/wp-content\/uploads\/2015\/04\/logo-JHFM-2b.png\",\"contentUrl\":\"http:\/\/jameshorner-filmmusic.com\/wp-content\/uploads\/2015\/04\/logo-JHFM-2b.png\",\"width\":250,\"height\":250,\"caption\":\"James Horner Film Music\"},\"image\":{\"@id\":\"https:\/\/jameshorner-filmmusic.com\/#\/schema\/logo\/image\/\"},\"sameAs\":[\"https:\/\/www.facebook.com\/pages\/James-Horner-Film-Music\/100282013394913\",\"https:\/\/x.com\/HORNERFILMMUSIC\",\"https:\/\/www.youtube.com\/channel\/UCzg0Lpstvu-boRkcMewxKSg\"]}]}<\/script>\n<!-- \/ Yoast SEO plugin. -->","yoast_head_json":{"title":"JOSH GROBAN*","description":"JOSH GROBAN*, (n\u00e9 le 27 f\u00e9vrier 1981), est auteur, compositeur, interpr\u00e8te am\u00e9ricain.","robots":{"index":"index","follow":"follow","max-snippet":"max-snippet:-1","max-image-preview":"max-image-preview:large","max-video-preview":"max-video-preview:-1"},"canonical":"http:\/\/jameshorner-filmmusic.com\/fr\/collaborations\/josh-groban\/","og_locale":"fr_FR","og_type":"article","og_title":"JOSH GROBAN*","og_description":"JOSH GROBAN*, (n\u00e9 le 27 f\u00e9vrier 1981), est auteur, compositeur, interpr\u00e8te am\u00e9ricain.","og_url":"http:\/\/jameshorner-filmmusic.com\/fr\/collaborations\/josh-groban\/","og_site_name":"JAMES HORNER","article_publisher":"https:\/\/www.facebook.com\/pages\/James-Horner-Film-Music\/100282013394913","article_modified_time":"2014-08-10T22:37:40+00:00","og_image":[{"width":300,"height":298,"url":"http:\/\/jameshorner-filmmusic.com\/wp-content\/uploads\/2012\/06\/groban1.jpg","type":"image\/jpeg"}],"twitter_misc":{"Dur\u00e9e de lecture estim\u00e9e":"1 minute"},"schema":{"@context":"https:\/\/schema.org","@graph":[{"@type":"WebPage","@id":"http:\/\/jameshorner-filmmusic.com\/fr\/collaborations\/josh-groban\/","url":"http:\/\/jameshorner-filmmusic.com\/fr\/collaborations\/josh-groban\/","name":"JOSH GROBAN*","isPartOf":{"@id":"https:\/\/jameshorner-filmmusic.com\/#website"},"primaryImageOfPage":{"@id":"http:\/\/jameshorner-filmmusic.com\/fr\/collaborations\/josh-groban\/#primaryimage"},"image":{"@id":"http:\/\/jameshorner-filmmusic.com\/fr\/collaborations\/josh-groban\/#primaryimage"},"thumbnailUrl":"http:\/\/jameshorner-filmmusic.com\/wp-content\/uploads\/2012\/06\/groban1.jpg","datePublished":"2012-06-25T21:56:24+00:00","dateModified":"2014-08-10T22:37:40+00:00","description":"JOSH GROBAN*, (n\u00e9 le 27 f\u00e9vrier 1981), est auteur, compositeur, interpr\u00e8te am\u00e9ricain.","breadcrumb":{"@id":"http:\/\/jameshorner-filmmusic.com\/fr\/collaborations\/josh-groban\/#breadcrumb"},"inLanguage":"fr-FR","potentialAction":[{"@type":"ReadAction","target":["http:\/\/jameshorner-filmmusic.com\/fr\/collaborations\/josh-groban\/"]}]},{"@type":"ImageObject","inLanguage":"fr-FR","@id":"http:\/\/jameshorner-filmmusic.com\/fr\/collaborations\/josh-groban\/#primaryimage","url":"http:\/\/jameshorner-filmmusic.com\/wp-content\/uploads\/2012\/06\/groban1.jpg","contentUrl":"http:\/\/jameshorner-filmmusic.com\/wp-content\/uploads\/2012\/06\/groban1.jpg","width":300,"height":298},{"@type":"BreadcrumbList","@id":"http:\/\/jameshorner-filmmusic.com\/fr\/collaborations\/josh-groban\/#breadcrumb","itemListElement":[{"@type":"ListItem","position":1,"name":"COLLABORATIONS","item":"http:\/\/jameshorner-filmmusic.com\/fr\/collaborations\/"},{"@type":"ListItem","position":2,"name":"JOSH GROBAN*"}]},{"@type":"WebSite","@id":"https:\/\/jameshorner-filmmusic.com\/#website","url":"https:\/\/jameshorner-filmmusic.com\/","name":"JAMES HORNER","description":"JAMES HORNER FILM MUSIC","publisher":{"@id":"https:\/\/jameshorner-filmmusic.com\/#organization"},"potentialAction":[{"@type":"SearchAction","target":{"@type":"EntryPoint","urlTemplate":"https:\/\/jameshorner-filmmusic.com\/?s={search_term_string}"},"query-input":{"@type":"PropertyValueSpecification","valueRequired":true,"valueName":"search_term_string"}}],"inLanguage":"fr-FR"},{"@type":"Organization","@id":"https:\/\/jameshorner-filmmusic.com\/#organization","name":"James Horner Film Music","url":"https:\/\/jameshorner-filmmusic.com\/","logo":{"@type":"ImageObject","inLanguage":"fr-FR","@id":"https:\/\/jameshorner-filmmusic.com\/#\/schema\/logo\/image\/","url":"http:\/\/jameshorner-filmmusic.com\/wp-content\/uploads\/2015\/04\/logo-JHFM-2b.png","contentUrl":"http:\/\/jameshorner-filmmusic.com\/wp-content\/uploads\/2015\/04\/logo-JHFM-2b.png","width":250,"height":250,"caption":"James Horner Film Music"},"image":{"@id":"https:\/\/jameshorner-filmmusic.com\/#\/schema\/logo\/image\/"},"sameAs":["https:\/\/www.facebook.com\/pages\/James-Horner-Film-Music\/100282013394913","https:\/\/x.com\/HORNERFILMMUSIC","https:\/\/www.youtube.com\/channel\/UCzg0Lpstvu-boRkcMewxKSg"]}]}},"_links":{"self":[{"href":"http:\/\/jameshorner-filmmusic.com\/fr\/wp-json\/wp\/v2\/pages\/5965"}],"collection":[{"href":"http:\/\/jameshorner-filmmusic.com\/fr\/wp-json\/wp\/v2\/pages"}],"about":[{"href":"http:\/\/jameshorner-filmmusic.com\/fr\/wp-json\/wp\/v2\/types\/page"}],"author":[{"embeddable":true,"href":"http:\/\/jameshorner-filmmusic.com\/fr\/wp-json\/wp\/v2\/users\/4"}],"replies":[{"embeddable":true,"href":"http:\/\/jameshorner-filmmusic.com\/fr\/wp-json\/wp\/v2\/comments?post=5965"}],"version-history":[{"count":0,"href":"http:\/\/jameshorner-filmmusic.com\/fr\/wp-json\/wp\/v2\/pages\/5965\/revisions"}],"up":[{"embeddable":true,"href":"http:\/\/jameshorner-filmmusic.com\/fr\/wp-json\/wp\/v2\/pages\/4865"}],"wp:featuredmedia":[{"embeddable":true,"href":"http:\/\/jameshorner-filmmusic.com\/fr\/wp-json\/wp\/v2\/media\/5966"}],"wp:attachment":[{"href":"http:\/\/jameshorner-filmmusic.com\/fr\/wp-json\/wp\/v2\/media?parent=5965"}],"wp:term":[{"taxonomy":"post_tag","embeddable":true,"href":"http:\/\/jameshorner-filmmusic.com\/fr\/wp-json\/wp\/v2\/tags?post=5965"}],"curies":[{"name":"wp","href":"https:\/\/api.w.org\/{rel}","templated":true}]}}