{"id":6125,"date":"2012-07-06T21:23:39","date_gmt":"2012-07-06T21:23:39","guid":{"rendered":"http:\/\/jameshorner-filmmusic.com\/?page_id=6125"},"modified":"2013-03-12T12:56:12","modified_gmt":"2013-03-12T12:56:12","slug":"sissel","status":"publish","type":"page","link":"http:\/\/jameshorner-filmmusic.com\/fr\/collaborations\/sissel\/","title":{"rendered":"SISSEL"},"content":{"rendered":"<div>\n\t<center><\/p>\n<table align=\"center\" border=\"0\" cellpadding=\"1\" cellspacing=\"1\" style=\"width: 100%;\">\n<tbody>\n<tr>\n<td style=\"width: 157px; vertical-align: top;\">\n<div style=\"text-align: center;\">\n\t\t\t\t\t\t\t<span style=\"font-family:arial,helvetica,sans-serif;\"><span style=\"font-size: 10px;\"><img decoding=\"async\" alt=\"\" src=\"http:\/\/jameshorner-filmmusic.com\/images\/collaborations\/vocalistes\/sissel.jpg\" style=\"width: 150px; height: 150px;\" \/><\/span><\/span>\n\t\t\t\t\t\t<\/div>\n<div style=\"text-align: center;\">\n\t\t\t\t\t\t\t<span style=\"font-family:arial,helvetica,sans-serif;\"><span style=\"font-size: 10px;\">By Bjarne Thune (Own work) [<a href=\"www.creativecommons.org\/licenses\/by-sa\/3.0\">CC-BY-SA-3.0<\/a>], <\/span><\/span>\n\t\t\t\t\t\t<\/div>\n<\/td>\n<td style=\"vertical-align: top; width: 711px;\">\n<div style=\"text-align: justify;\">\n<div>\n<div>\n<div>\n<div>\n<div>\n<div style=\"text-align: justify;\">\n<div>\n<div>\n<div>\n<div>\n\t\t\t\t\t\t\t\t\t\t\t\t\t\t\t\t\t<span style=\"font-size:18px;\"><b>Sissel Kyrkjeb&oslash; <\/b><span style=\"font-family: arial,helvetica,sans-serif;\">( n&eacute;e le 24 juin 1969) est une chanteuse d&#39;op&eacute;ra (soprano) norv&eacute;gienne.<\/span><\/span>\n\t\t\t\t\t\t\t\t\t\t\t\t\t\t\t\t<\/div>\n<div>\n\t\t\t\t\t\t\t\t\t\t\t\t\t\t\t\t\t<span style=\"font-size:18px;\"><span style=\"font-family: arial,helvetica,sans-serif;\"><span style=\"font-family: arial,helvetica,sans-serif;\">Elle n&#39;a que 17 ans quand son premier album <\/span><\/span><strong>Sissel<\/strong> se vend &agrave; 700 000 exemplaires.<\/span>\n\t\t\t\t\t\t\t\t\t\t\t\t\t\t\t\t<\/div>\n<div>\n<div>\n\t\t\t\t\t\t\t\t\t\t\t\t\t\t\t\t\t\t<span style=\"font-size:18px;\"><span style=\"font-family: arial,helvetica,sans-serif;\"><span style=\"font-family: arial,helvetica,sans-serif;\">En 1997, <\/span><\/span>Sissel participe &agrave; la bande son du film <u>Titanic<\/u><span style=\"font-family: arial,helvetica,sans-serif;\">, qui a attir&eacute; un nombre record de spectateurs en 1998,<\/span><\/span>\n\t\t\t\t\t\t\t\t\t\t\t\t\t\t\t\t\t<\/div>\n<\/p><\/div>\n<div>\n<div>\n\t\t\t\t\t\t\t\t\t\t\t\t\t\t\t\t\t\t<span style=\"font-size:18px;\"><span style=\"font-family: arial,helvetica,sans-serif;\"><span style=\"font-family: arial,helvetica,sans-serif;\">En&nbsp;2002, <\/span><\/span>Sissel sort son premier album aux &Eacute;tats-Unis. Au cours de sa carri&egrave;re elle a vendu 9 millions d&#39;albums.<\/span>\n\t\t\t\t\t\t\t\t\t\t\t\t\t\t\t\t\t<\/div>\n<div>\n\t\t\t\t\t\t\t\t\t\t\t\t\t\t\t\t\t\t&nbsp;\n\t\t\t\t\t\t\t\t\t\t\t\t\t\t\t\t\t<\/div>\n<\/p><\/div>\n<\/p><\/div>\n<\/p><\/div>\n<\/p><\/div>\n<div>\n\t\t\t\t\t\t\t\t\t\t\t\t\t\t<span style=\"font-size:18px;\"><span style=\"font-family: arial,helvetica,sans-serif;\"><span style=\"font-family: arial,helvetica,sans-serif;\">Source : <\/span><\/span>Wikipedia<\/span>\n\t\t\t\t\t\t\t\t\t\t\t\t\t<\/div>\n<div>\n\t\t\t\t\t\t\t\t\t\t\t\t\t\t<span style=\"font-size:18px;\"><span style=\"font-family: arial,helvetica,sans-serif;\">Site officiel : <\/span>Sissel.net<\/span>\n\t\t\t\t\t\t\t\t\t\t\t\t\t<\/div>\n<\/p><\/div>\n<\/p><\/div>\n<\/p><\/div>\n<\/p><\/div>\n<\/p><\/div>\n<\/p><\/div>\n<\/p><\/div>\n<\/td>\n<\/tr>\n<tr>\n<td colspan=\"2\" style=\"width: 150px;\">\n<div style=\"text-align: justify;\">\n\t\t\t\t\t\t\t<a collaborations=\"\" com=\"\" href=\"http:\/\/commons.wikimedia.org\/wiki\/File%3A&lt;a href=\" http:=\"\" localhost=\"\" span=\"\" via=\"\" wikimedia=\"\"><span style=\"font-family:arial,helvetica,sans-serif;\"><img decoding=\"async\" alt=\"\" src=\"http:\/\/jameshorner-filmmusic.com\/images\/collaborations\/projetscommuns.jpg\" style=\"width: 352px; height: 50px;\" \/><\/span><\/a>\n\t\t\t\t\t\t<\/div>\n<div style=\"text-align: justify;\">\n\t\t\t\t\t\t\t<span style=\"font-family:arial,helvetica,sans-serif;\"><!-- BOF Special Recent Posts PRO ver2.1 --><div class=\"srp-widget-container\"><div class=\"srp-widget-column\"><div id=\"srp-singlepost-1\" class=\"srp-widget-singlepost srp-multi-column\"><div class=\"srp-thumbnail-box\"><a class=\"srp-widget-thmblink\" href=\"http:\/\/jameshorner-filmmusic.com\/fr\/les-mots-de-james-horner-le-nouveau-monde\/\" title=\"LES MOTS DE JAMES HORNER : LE NOUVEAU MONDE\"><img decoding=\"async\" class=\"srp-widget-thmb\" src=\"http:\/\/jameshorner-filmmusic.com\/wp-content\/plugins\/special-recent-posts\/cache\/MTAwMTAwbm90aGVfbmV3X3dvcmQ0.jpg\" alt=\"LES MOTS DE JAMES HORNER : LE NOUVEAU MONDE\">\n<\/a>\n<\/div>\n<\/div><div id=\"srp-singlepost-2\" class=\"srp-widget-singlepost srp-multi-column\"><div class=\"srp-thumbnail-box\"><a class=\"srp-widget-thmblink\" href=\"http:\/\/jameshorner-filmmusic.com\/fr\/titanic-live-horner-remplace-par-wikititanic-live-horner-replaced-by-wicki\/\" title=\"TITANIC LIVE : HORNER REMPLAC&Eacute; PAR WIKI\"><img decoding=\"async\" class=\"srp-widget-thmb\" src=\"http:\/\/jameshorner-filmmusic.com\/wp-content\/plugins\/special-recent-posts\/cache\/MTAwMTAwbm90aXRhbmljLWxpdmUtbHV6ZXJuZS1mcmlkYXky.jpg\" alt=\"TITANIC LIVE : HORNER REMPLAC&Eacute; PAR WIKI\">\n<\/a>\n<\/div>\n<\/div><div id=\"srp-singlepost-3\" class=\"srp-widget-singlepost srp-multi-column\"><div class=\"srp-thumbnail-box\"><a class=\"srp-widget-thmblink\" href=\"http:\/\/jameshorner-filmmusic.com\/fr\/titanic-live-james-horner-a-lucerne\/\" title=\"TITANIC LIVE: JAMES HORNER &Agrave; LUCERNE\"><img decoding=\"async\" class=\"srp-widget-thmb\" src=\"http:\/\/jameshorner-filmmusic.com\/wp-content\/plugins\/special-recent-posts\/cache\/MTAwMTAwbm9KSC1sdXplcm40.jpg\" alt=\"TITANIC LIVE: JAMES HORNER &Agrave; LUCERNE\">\n<\/a>\n<\/div>\n<\/div><div id=\"srp-singlepost-4\" class=\"srp-widget-singlepost srp-multi-column\"><div class=\"srp-thumbnail-box\"><a class=\"srp-widget-thmblink\" href=\"http:\/\/jameshorner-filmmusic.com\/fr\/enregistrement-de-romeo-et-juliette\/\" title=\"ENREGISTREMENT DE ROMEO ET JULIETTE\"><img decoding=\"async\" class=\"srp-widget-thmb\" src=\"http:\/\/jameshorner-filmmusic.com\/wp-content\/plugins\/special-recent-posts\/cache\/MTAwMTAwbm9yb21lb2NvdmVyLWUxMzU0NDcyMzQ4Mzc3MQ==.jpg\" alt=\"ENREGISTREMENT DE ROMEO ET JULIETTE\">\n<\/a>\n<\/div>\n<\/div><div id=\"srp-singlepost-5\" class=\"srp-widget-singlepost srp-multi-column\"><div class=\"srp-thumbnail-box\"><a class=\"srp-widget-thmblink\" href=\"http:\/\/jameshorner-filmmusic.com\/fr\/sortie-de-titanic-en-blu-ray\/\" title=\"SORTIE DE TITANIC EN BLU-RAY\"><img decoding=\"async\" class=\"srp-widget-thmb\" src=\"http:\/\/jameshorner-filmmusic.com\/wp-content\/plugins\/special-recent-posts\/cache\/MTAwMTAwbm90aXRhbmljLTE5OTctYmx1LXJheS1qYXF1ZXR0ZS0xLTcxM3gxMDI0.jpg\" alt=\"SORTIE DE TITANIC EN BLU-RAY\">\n<\/a>\n<\/div>\n<\/div><div id=\"srp-singlepost-6\" class=\"srp-widget-singlepost srp-multi-column\"><div class=\"srp-thumbnail-box\"><a class=\"srp-widget-thmblink\" href=\"http:\/\/jameshorner-filmmusic.com\/fr\/titanic-james-horner-l-ame-du-titanic\/\" title=\"JAMES HORNER, L&rsquo;&Acirc;ME DU TITANIC\"><img decoding=\"async\" class=\"srp-widget-thmb\" src=\"http:\/\/jameshorner-filmmusic.com\/wp-content\/plugins\/special-recent-posts\/cache\/MTAwMTAwbm9UaXRhbmljLTNELXNvdW5kdHJhY2stY292ZXItdGl0YW5pYy0yOTc5NTAzNC01MDctNTA0MQ==.jpg\" alt=\"JAMES HORNER, L&rsquo;&Acirc;ME DU TITANIC\">\n<\/a>\n<\/div>\n<\/div><div id=\"srp-singlepost-7\" class=\"srp-widget-singlepost srp-multi-column\"><div class=\"srp-thumbnail-box\"><a class=\"srp-widget-thmblink\" href=\"http:\/\/jameshorner-filmmusic.com\/fr\/titanic-3d-premiere-mondiale-a-londres-avec-james-horner\/\" title=\"TITANIC 3D : PREMI&Egrave;RE MONDIALE A LONDRES AVEC JAMES HORNER\"><img decoding=\"async\" class=\"srp-widget-thmb\" src=\"http:\/\/jameshorner-filmmusic.com\/wp-content\/plugins\/special-recent-posts\/cache\/MTAwMTAwbm9ob3JuZXItc2lzc2VsLTEwMjR4NTMz.jpg\" alt=\"TITANIC 3D : PREMI&Egrave;RE MONDIALE A LONDRES AVEC JAMES HORNER\">\n<\/a>\n<\/div>\n<\/div><div id=\"srp-singlepost-8\" class=\"srp-widget-singlepost srp-multi-column\"><div class=\"srp-thumbnail-box\"><a class=\"srp-widget-thmblink\" href=\"http:\/\/jameshorner-filmmusic.com\/fr\/discographie\/back-to-titanic\/\" title=\"BACK TO TITANIC\"><img decoding=\"async\" class=\"srp-widget-thmb\" src=\"http:\/\/jameshorner-filmmusic.com\/wp-content\/plugins\/special-recent-posts\/cache\/MTAwMTAwbm9CYWNrLVRvLVRpdGFuaWMtY292ZXIx.jpg\" alt=\"BACK TO TITANIC\">\n<\/a>\n<\/div>\n<\/div><div id=\"srp-singlepost-9\" class=\"srp-widget-singlepost srp-multi-column\"><div class=\"srp-thumbnail-box\"><a class=\"srp-widget-thmblink\" href=\"http:\/\/jameshorner-filmmusic.com\/fr\/discographie\/titanic\/\" title=\"TITANIC\"><img decoding=\"async\" class=\"srp-widget-thmb\" src=\"http:\/\/jameshorner-filmmusic.com\/wp-content\/plugins\/special-recent-posts\/cache\/MTAwMTAwbm90aXRhbmljMQ==.jpg\" alt=\"TITANIC\">\n<\/a>\n<\/div>\n<\/div><br style=\"clear:both; height: 0px;\">\n<\/div><!-- EOF Special Recent Posts PRO ver2.5.2 --><\/span>\n\t\t\t\t\t\t<\/div>\n<div>\n\t\t\t\t\t\t\t&nbsp;\n\t\t\t\t\t\t<\/div>\n<div style=\"text-align: justify;\">\n<div style=\"text-align: justify;\">\n\t\t\t\t\t\t\t\t<a collaborations=\"\" com=\"\" href=\"http:\/\/commons.wikimedia.org\/wiki\/File%3A&lt;a href=\" http:=\"\" localhost=\"\" span=\"\" via=\"\" wikimedia=\"\"><span style=\"font-family:arial,helvetica,sans-serif;\"><img decoding=\"async\" alt=\"\" src=\"http:\/\/jameshorner-filmmusic.com\/images\/collaborations\/articles.jpg\" style=\"width: 352px; height: 63px;\" \/><\/span><\/a>\n\t\t\t\t\t\t\t<\/div>\n<\/p><\/div>\n<div style=\"text-align: justify;\">\n<div style=\"text-align: left;\">\n\t\t\t\t\t\t\t\t<!-- BOF Special Recent Posts PRO ver2.1 --><div class=\"srp-widget-container\"><div id=\"srp-singlepost-1\" class=\"srp-widget-singlepost srp-single-column\"><div class=\"srp-content-box\"><h4 class=\"srp-post-title\"><a class=\"srp-post-title-link\" href=\"http:\/\/jameshorner-filmmusic.com\/fr\/les-mots-de-james-horner-le-nouveau-monde\/\" title=\"LES MOTS DE JAMES HORNER : LE NOUVEAU MONDE\">LES MOTS DE JAMES HORNER : LE NOUVEAU MONDE<\/a>\n<\/h4>\n<\/div><\/div><div id=\"srp-singlepost-2\" class=\"srp-widget-singlepost srp-single-column\"><div class=\"srp-content-box\"><h4 class=\"srp-post-title\"><a class=\"srp-post-title-link\" href=\"http:\/\/jameshorner-filmmusic.com\/fr\/titanic-live-horner-remplace-par-wikititanic-live-horner-replaced-by-wicki\/\" title=\"TITANIC LIVE : HORNER REMPLAC&Eacute; PAR WIKI\">TITANIC LIVE : HORNER REMPLAC&Eacute; PAR WIKI<\/a>\n<\/h4>\n<\/div><\/div><div id=\"srp-singlepost-3\" class=\"srp-widget-singlepost srp-single-column\"><div class=\"srp-content-box\"><h4 class=\"srp-post-title\"><a class=\"srp-post-title-link\" href=\"http:\/\/jameshorner-filmmusic.com\/fr\/titanic-live-james-horner-a-lucerne\/\" title=\"TITANIC LIVE: JAMES HORNER &Agrave; LUCERNE\">TITANIC LIVE: JAMES HORNER &Agrave; LUCERNE<\/a>\n<\/h4>\n<\/div><\/div><div id=\"srp-singlepost-4\" class=\"srp-widget-singlepost srp-single-column\"><div class=\"srp-content-box\"><h4 class=\"srp-post-title\"><a class=\"srp-post-title-link\" href=\"http:\/\/jameshorner-filmmusic.com\/fr\/enregistrement-de-romeo-et-juliette\/\" title=\"ENREGISTREMENT DE ROMEO ET JULIETTE\">ENREGISTREMENT DE ROMEO ET JULIETTE<\/a>\n<\/h4>\n<\/div><\/div><div id=\"srp-singlepost-5\" class=\"srp-widget-singlepost srp-single-column\"><div class=\"srp-content-box\"><h4 class=\"srp-post-title\"><a class=\"srp-post-title-link\" href=\"http:\/\/jameshorner-filmmusic.com\/fr\/sortie-de-titanic-en-blu-ray\/\" title=\"SORTIE DE TITANIC EN BLU-RAY\">SORTIE DE TITANIC EN BLU-RAY<\/a>\n<\/h4>\n<\/div><\/div><div id=\"srp-singlepost-6\" class=\"srp-widget-singlepost srp-single-column\"><div class=\"srp-content-box\"><h4 class=\"srp-post-title\"><a class=\"srp-post-title-link\" href=\"http:\/\/jameshorner-filmmusic.com\/fr\/titanic-james-horner-l-ame-du-titanic\/\" title=\"JAMES HORNER, L&rsquo;&Acirc;ME DU TITANIC\">JAMES HORNER, L'&Acirc;ME DU TITANIC<\/a>\n<\/h4>\n<\/div><\/div><div id=\"srp-singlepost-7\" class=\"srp-widget-singlepost srp-single-column\"><div class=\"srp-content-box\"><h4 class=\"srp-post-title\"><a class=\"srp-post-title-link\" href=\"http:\/\/jameshorner-filmmusic.com\/fr\/titanic-3d-premiere-mondiale-a-londres-avec-james-horner\/\" title=\"TITANIC 3D : PREMI&Egrave;RE MONDIALE A LONDRES AVEC JAMES HORNER\">TITANIC 3D : PREMI&Egrave;RE MONDIALE A LONDRES AVEC JAMES HORNER<\/a>\n<\/h4>\n<\/div><\/div><br style=\"clear:both; height: 0px;\">\n<\/div><!-- EOF Special Recent Posts PRO ver2.5.2 -->\n\t\t\t\t\t\t\t<\/div>\n<\/p><\/div>\n<\/td>\n<\/tr>\n<\/tbody>\n<\/table>\n<p>\t<\/center>\n<\/div>\n<div>\n\t<a collaborations=\"\" com=\"\" href=\"http:\/\/commons.wikimedia.org\/wiki\/File%3A&lt;a href=\" http:=\"\" localhost=\"\" span=\"\" via=\"\" wikimedia=\"\">&nbsp;<\/a>\n<\/div>\n","protected":false},"excerpt":{"rendered":"<p>By Bjarne Thune (Own work) [CC-BY-SA-3.0], Sissel Kyrkjeb&oslash; ( n&eacute;e le 24 juin 1969) est une chanteuse d&#39;op&eacute;ra (soprano) norv&eacute;gienne. [&hellip;]<\/p>\n","protected":false},"author":4,"featured_media":6126,"parent":4865,"menu_order":0,"comment_status":"closed","ping_status":"closed","template":"frfichescollabo.php","meta":{"site-sidebar-layout":"default","site-content-layout":"","ast-site-content-layout":"default","site-content-style":"default","site-sidebar-style":"default","ast-global-header-display":"","ast-banner-title-visibility":"","ast-main-header-display":"","ast-hfb-above-header-display":"","ast-hfb-below-header-display":"","ast-hfb-mobile-header-display":"","site-post-title":"","ast-breadcrumbs-content":"","ast-featured-img":"","footer-sml-layout":"","ast-disable-related-posts":"","theme-transparent-header-meta":"","adv-header-id-meta":"","stick-header-meta":"","header-above-stick-meta":"","header-main-stick-meta":"","header-below-stick-meta":"","astra-migrate-meta-layouts":"default","ast-page-background-enabled":"default","ast-page-background-meta":{"desktop":{"background-color":"var(--ast-global-color-4)","background-image":"","background-repeat":"repeat","background-position":"center center","background-size":"auto","background-attachment":"scroll","background-type":"","background-media":"","overlay-type":"","overlay-color":"","overlay-opacity":"","overlay-gradient":""},"tablet":{"background-color":"","background-image":"","background-repeat":"repeat","background-position":"center center","background-size":"auto","background-attachment":"scroll","background-type":"","background-media":"","overlay-type":"","overlay-color":"","overlay-opacity":"","overlay-gradient":""},"mobile":{"background-color":"","background-image":"","background-repeat":"repeat","background-position":"center center","background-size":"auto","background-attachment":"scroll","background-type":"","background-media":"","overlay-type":"","overlay-color":"","overlay-opacity":"","overlay-gradient":""}},"ast-content-background-meta":{"desktop":{"background-color":"var(--ast-global-color-5)","background-image":"","background-repeat":"repeat","background-position":"center center","background-size":"auto","background-attachment":"scroll","background-type":"","background-media":"","overlay-type":"","overlay-color":"","overlay-opacity":"","overlay-gradient":""},"tablet":{"background-color":"var(--ast-global-color-5)","background-image":"","background-repeat":"repeat","background-position":"center center","background-size":"auto","background-attachment":"scroll","background-type":"","background-media":"","overlay-type":"","overlay-color":"","overlay-opacity":"","overlay-gradient":""},"mobile":{"background-color":"var(--ast-global-color-5)","background-image":"","background-repeat":"repeat","background-position":"center center","background-size":"auto","background-attachment":"scroll","background-type":"","background-media":"","overlay-type":"","overlay-color":"","overlay-opacity":"","overlay-gradient":""}},"footnotes":""},"tags":[35,314,328,382],"class_list":["post-6125","page","type-page","status-publish","has-post-thumbnail","hentry","tag-back-to-titanic","tag-romeo-et-juliette","tag-sissel","tag-titanic-2"],"yoast_head":"<!-- This site is optimized with the Yoast SEO plugin v23.4 - https:\/\/yoast.com\/wordpress\/plugins\/seo\/ -->\n<title>SISSEL<\/title>\n<meta name=\"description\" content=\"Sissel Kyrkjeb\u00f8 ( n\u00e9e le 24 juin 1969) est une chanteuse d&#039;op\u00e9ra (soprano) norv\u00e9gienne.\" \/>\n<meta name=\"robots\" content=\"index, follow, max-snippet:-1, max-image-preview:large, max-video-preview:-1\" \/>\n<link rel=\"canonical\" href=\"https:\/\/jameshorner-filmmusic.com\/fr\/collaborations\/sissel\/\" \/>\n<meta property=\"og:locale\" content=\"fr_FR\" \/>\n<meta property=\"og:type\" content=\"article\" \/>\n<meta property=\"og:title\" content=\"SISSEL\" \/>\n<meta property=\"og:description\" content=\"Sissel Kyrkjeb\u00f8 ( n\u00e9e le 24 juin 1969) est une chanteuse d&#039;op\u00e9ra (soprano) norv\u00e9gienne.\" \/>\n<meta property=\"og:url\" content=\"https:\/\/jameshorner-filmmusic.com\/fr\/collaborations\/sissel\/\" \/>\n<meta property=\"og:site_name\" content=\"JAMES HORNER\" \/>\n<meta property=\"article:publisher\" content=\"https:\/\/www.facebook.com\/pages\/James-Horner-Film-Music\/100282013394913\" \/>\n<meta property=\"article:modified_time\" content=\"2013-03-12T12:56:12+00:00\" \/>\n<meta property=\"og:image\" content=\"https:\/\/jameshorner-filmmusic.com\/wp-content\/uploads\/2012\/06\/sissel1.png\" \/>\n\t<meta property=\"og:image:width\" content=\"459\" \/>\n\t<meta property=\"og:image:height\" content=\"459\" \/>\n\t<meta property=\"og:image:type\" content=\"image\/png\" \/>\n<meta name=\"twitter:label1\" content=\"Dur\u00e9e de lecture estim\u00e9e\" \/>\n\t<meta name=\"twitter:data1\" content=\"1 minute\" \/>\n<script type=\"application\/ld+json\" class=\"yoast-schema-graph\">{\"@context\":\"https:\/\/schema.org\",\"@graph\":[{\"@type\":\"WebPage\",\"@id\":\"https:\/\/jameshorner-filmmusic.com\/fr\/collaborations\/sissel\/\",\"url\":\"https:\/\/jameshorner-filmmusic.com\/fr\/collaborations\/sissel\/\",\"name\":\"SISSEL\",\"isPartOf\":{\"@id\":\"https:\/\/jameshorner-filmmusic.com\/#website\"},\"primaryImageOfPage\":{\"@id\":\"https:\/\/jameshorner-filmmusic.com\/fr\/collaborations\/sissel\/#primaryimage\"},\"image\":{\"@id\":\"https:\/\/jameshorner-filmmusic.com\/fr\/collaborations\/sissel\/#primaryimage\"},\"thumbnailUrl\":\"http:\/\/jameshorner-filmmusic.com\/wp-content\/uploads\/2012\/06\/sissel1.png\",\"datePublished\":\"2012-07-06T21:23:39+00:00\",\"dateModified\":\"2013-03-12T12:56:12+00:00\",\"description\":\"Sissel Kyrkjeb\u00f8 ( n\u00e9e le 24 juin 1969) est une chanteuse d'op\u00e9ra (soprano) norv\u00e9gienne.\",\"breadcrumb\":{\"@id\":\"https:\/\/jameshorner-filmmusic.com\/fr\/collaborations\/sissel\/#breadcrumb\"},\"inLanguage\":\"fr-FR\",\"potentialAction\":[{\"@type\":\"ReadAction\",\"target\":[\"https:\/\/jameshorner-filmmusic.com\/fr\/collaborations\/sissel\/\"]}]},{\"@type\":\"ImageObject\",\"inLanguage\":\"fr-FR\",\"@id\":\"https:\/\/jameshorner-filmmusic.com\/fr\/collaborations\/sissel\/#primaryimage\",\"url\":\"http:\/\/jameshorner-filmmusic.com\/wp-content\/uploads\/2012\/06\/sissel1.png\",\"contentUrl\":\"http:\/\/jameshorner-filmmusic.com\/wp-content\/uploads\/2012\/06\/sissel1.png\",\"width\":459,\"height\":459},{\"@type\":\"BreadcrumbList\",\"@id\":\"https:\/\/jameshorner-filmmusic.com\/fr\/collaborations\/sissel\/#breadcrumb\",\"itemListElement\":[{\"@type\":\"ListItem\",\"position\":1,\"name\":\"COLLABORATIONS\",\"item\":\"http:\/\/jameshorner-filmmusic.com\/fr\/collaborations\/\"},{\"@type\":\"ListItem\",\"position\":2,\"name\":\"SISSEL\"}]},{\"@type\":\"WebSite\",\"@id\":\"https:\/\/jameshorner-filmmusic.com\/#website\",\"url\":\"https:\/\/jameshorner-filmmusic.com\/\",\"name\":\"JAMES HORNER\",\"description\":\"JAMES HORNER FILM MUSIC\",\"publisher\":{\"@id\":\"https:\/\/jameshorner-filmmusic.com\/#organization\"},\"potentialAction\":[{\"@type\":\"SearchAction\",\"target\":{\"@type\":\"EntryPoint\",\"urlTemplate\":\"https:\/\/jameshorner-filmmusic.com\/?s={search_term_string}\"},\"query-input\":{\"@type\":\"PropertyValueSpecification\",\"valueRequired\":true,\"valueName\":\"search_term_string\"}}],\"inLanguage\":\"fr-FR\"},{\"@type\":\"Organization\",\"@id\":\"https:\/\/jameshorner-filmmusic.com\/#organization\",\"name\":\"James Horner Film Music\",\"url\":\"https:\/\/jameshorner-filmmusic.com\/\",\"logo\":{\"@type\":\"ImageObject\",\"inLanguage\":\"fr-FR\",\"@id\":\"https:\/\/jameshorner-filmmusic.com\/#\/schema\/logo\/image\/\",\"url\":\"http:\/\/jameshorner-filmmusic.com\/wp-content\/uploads\/2015\/04\/logo-JHFM-2b.png\",\"contentUrl\":\"http:\/\/jameshorner-filmmusic.com\/wp-content\/uploads\/2015\/04\/logo-JHFM-2b.png\",\"width\":250,\"height\":250,\"caption\":\"James Horner Film Music\"},\"image\":{\"@id\":\"https:\/\/jameshorner-filmmusic.com\/#\/schema\/logo\/image\/\"},\"sameAs\":[\"https:\/\/www.facebook.com\/pages\/James-Horner-Film-Music\/100282013394913\",\"https:\/\/x.com\/HORNERFILMMUSIC\",\"https:\/\/www.youtube.com\/channel\/UCzg0Lpstvu-boRkcMewxKSg\"]}]}<\/script>\n<!-- \/ Yoast SEO plugin. -->","yoast_head_json":{"title":"SISSEL","description":"Sissel Kyrkjeb\u00f8 ( n\u00e9e le 24 juin 1969) est une chanteuse d'op\u00e9ra (soprano) norv\u00e9gienne.","robots":{"index":"index","follow":"follow","max-snippet":"max-snippet:-1","max-image-preview":"max-image-preview:large","max-video-preview":"max-video-preview:-1"},"canonical":"https:\/\/jameshorner-filmmusic.com\/fr\/collaborations\/sissel\/","og_locale":"fr_FR","og_type":"article","og_title":"SISSEL","og_description":"Sissel Kyrkjeb\u00f8 ( n\u00e9e le 24 juin 1969) est une chanteuse d'op\u00e9ra (soprano) norv\u00e9gienne.","og_url":"https:\/\/jameshorner-filmmusic.com\/fr\/collaborations\/sissel\/","og_site_name":"JAMES HORNER","article_publisher":"https:\/\/www.facebook.com\/pages\/James-Horner-Film-Music\/100282013394913","article_modified_time":"2013-03-12T12:56:12+00:00","og_image":[{"width":459,"height":459,"url":"https:\/\/jameshorner-filmmusic.com\/wp-content\/uploads\/2012\/06\/sissel1.png","type":"image\/png"}],"twitter_misc":{"Dur\u00e9e de lecture estim\u00e9e":"1 minute"},"schema":{"@context":"https:\/\/schema.org","@graph":[{"@type":"WebPage","@id":"https:\/\/jameshorner-filmmusic.com\/fr\/collaborations\/sissel\/","url":"https:\/\/jameshorner-filmmusic.com\/fr\/collaborations\/sissel\/","name":"SISSEL","isPartOf":{"@id":"https:\/\/jameshorner-filmmusic.com\/#website"},"primaryImageOfPage":{"@id":"https:\/\/jameshorner-filmmusic.com\/fr\/collaborations\/sissel\/#primaryimage"},"image":{"@id":"https:\/\/jameshorner-filmmusic.com\/fr\/collaborations\/sissel\/#primaryimage"},"thumbnailUrl":"http:\/\/jameshorner-filmmusic.com\/wp-content\/uploads\/2012\/06\/sissel1.png","datePublished":"2012-07-06T21:23:39+00:00","dateModified":"2013-03-12T12:56:12+00:00","description":"Sissel Kyrkjeb\u00f8 ( n\u00e9e le 24 juin 1969) est une chanteuse d'op\u00e9ra (soprano) norv\u00e9gienne.","breadcrumb":{"@id":"https:\/\/jameshorner-filmmusic.com\/fr\/collaborations\/sissel\/#breadcrumb"},"inLanguage":"fr-FR","potentialAction":[{"@type":"ReadAction","target":["https:\/\/jameshorner-filmmusic.com\/fr\/collaborations\/sissel\/"]}]},{"@type":"ImageObject","inLanguage":"fr-FR","@id":"https:\/\/jameshorner-filmmusic.com\/fr\/collaborations\/sissel\/#primaryimage","url":"http:\/\/jameshorner-filmmusic.com\/wp-content\/uploads\/2012\/06\/sissel1.png","contentUrl":"http:\/\/jameshorner-filmmusic.com\/wp-content\/uploads\/2012\/06\/sissel1.png","width":459,"height":459},{"@type":"BreadcrumbList","@id":"https:\/\/jameshorner-filmmusic.com\/fr\/collaborations\/sissel\/#breadcrumb","itemListElement":[{"@type":"ListItem","position":1,"name":"COLLABORATIONS","item":"http:\/\/jameshorner-filmmusic.com\/fr\/collaborations\/"},{"@type":"ListItem","position":2,"name":"SISSEL"}]},{"@type":"WebSite","@id":"https:\/\/jameshorner-filmmusic.com\/#website","url":"https:\/\/jameshorner-filmmusic.com\/","name":"JAMES HORNER","description":"JAMES HORNER FILM MUSIC","publisher":{"@id":"https:\/\/jameshorner-filmmusic.com\/#organization"},"potentialAction":[{"@type":"SearchAction","target":{"@type":"EntryPoint","urlTemplate":"https:\/\/jameshorner-filmmusic.com\/?s={search_term_string}"},"query-input":{"@type":"PropertyValueSpecification","valueRequired":true,"valueName":"search_term_string"}}],"inLanguage":"fr-FR"},{"@type":"Organization","@id":"https:\/\/jameshorner-filmmusic.com\/#organization","name":"James Horner Film Music","url":"https:\/\/jameshorner-filmmusic.com\/","logo":{"@type":"ImageObject","inLanguage":"fr-FR","@id":"https:\/\/jameshorner-filmmusic.com\/#\/schema\/logo\/image\/","url":"http:\/\/jameshorner-filmmusic.com\/wp-content\/uploads\/2015\/04\/logo-JHFM-2b.png","contentUrl":"http:\/\/jameshorner-filmmusic.com\/wp-content\/uploads\/2015\/04\/logo-JHFM-2b.png","width":250,"height":250,"caption":"James Horner Film Music"},"image":{"@id":"https:\/\/jameshorner-filmmusic.com\/#\/schema\/logo\/image\/"},"sameAs":["https:\/\/www.facebook.com\/pages\/James-Horner-Film-Music\/100282013394913","https:\/\/x.com\/HORNERFILMMUSIC","https:\/\/www.youtube.com\/channel\/UCzg0Lpstvu-boRkcMewxKSg"]}]}},"_links":{"self":[{"href":"http:\/\/jameshorner-filmmusic.com\/fr\/wp-json\/wp\/v2\/pages\/6125"}],"collection":[{"href":"http:\/\/jameshorner-filmmusic.com\/fr\/wp-json\/wp\/v2\/pages"}],"about":[{"href":"http:\/\/jameshorner-filmmusic.com\/fr\/wp-json\/wp\/v2\/types\/page"}],"author":[{"embeddable":true,"href":"http:\/\/jameshorner-filmmusic.com\/fr\/wp-json\/wp\/v2\/users\/4"}],"replies":[{"embeddable":true,"href":"http:\/\/jameshorner-filmmusic.com\/fr\/wp-json\/wp\/v2\/comments?post=6125"}],"version-history":[{"count":0,"href":"http:\/\/jameshorner-filmmusic.com\/fr\/wp-json\/wp\/v2\/pages\/6125\/revisions"}],"up":[{"embeddable":true,"href":"http:\/\/jameshorner-filmmusic.com\/fr\/wp-json\/wp\/v2\/pages\/4865"}],"wp:featuredmedia":[{"embeddable":true,"href":"http:\/\/jameshorner-filmmusic.com\/fr\/wp-json\/wp\/v2\/media\/6126"}],"wp:attachment":[{"href":"http:\/\/jameshorner-filmmusic.com\/fr\/wp-json\/wp\/v2\/media?parent=6125"}],"wp:term":[{"taxonomy":"post_tag","embeddable":true,"href":"http:\/\/jameshorner-filmmusic.com\/fr\/wp-json\/wp\/v2\/tags?post=6125"}],"curies":[{"name":"wp","href":"https:\/\/api.w.org\/{rel}","templated":true}]}}