{"id":6128,"date":"2012-06-29T21:34:25","date_gmt":"2012-06-29T21:34:25","guid":{"rendered":"http:\/\/jameshorner-filmmusic.com\/?page_id=6128"},"modified":"2013-03-11T23:41:16","modified_gmt":"2013-03-11T23:41:16","slug":"marc-anthony","status":"publish","type":"page","link":"http:\/\/jameshorner-filmmusic.com\/fr\/collaborations\/marc-anthony\/","title":{"rendered":"MARC ANTHONY*"},"content":{"rendered":"<div>\n\t<center><\/p>\n<table align=\"center\" border=\"0\" cellpadding=\"1\" cellspacing=\"1\" style=\"width: 100%;\">\n<tbody>\n<tr>\n<td style=\"width: 157px; vertical-align: top;\">\n<div style=\"text-align: center;\">\n\t\t\t\t\t\t\t<span style=\"font-family:arial,helvetica,sans-serif;\"><span style=\"font-size: 10px;\"><img decoding=\"async\" alt=\"\" src=\"http:\/\/jameshorner-filmmusic.com\/images\/collaborations\/vocalistes\/anthony.jpg\" style=\"width: 150px; height: 150px;\" \/><\/span><\/span>\n\t\t\t\t\t\t<\/div>\n<div style=\"text-align: center;\">\n\t\t\t\t\t\t\t<span style=\"font-family:arial,helvetica,sans-serif;\"><span style=\"font-size: 10px;\">By miggell1 http:\/\/flickr.com\/photos\/barbarroja\/ (http:\/\/flickr.com\/photos\/barbarroja\/216477359\/) [<a href=\"http:\/\/creativecommons.org\/licenses\/by\/2.0\">CC-BY-2.0<\/a>], <a href=\"http:\/\/commons.wikimedia.org\/wiki\/File%3AMarc_Anthony_Juntos1.jpg\">via Wikimedia Commons<\/a><\/span><\/span>\n\t\t\t\t\t\t<\/div>\n<\/td>\n<td style=\"vertical-align: top; width: 711px;\">\n<div style=\"text-align: justify;\">\n<div>\n<div>\n<div>\n<div>\n<div>\n<div style=\"text-align: justify;\">\n<div>\n<div>\n<div>\n<div>\n<div>\n\t\t\t\t\t\t\t\t\t\t\t\t\t\t\t\t\t\t<span style=\"font-family: arial,helvetica,sans-serif;\"><span style=\"font-size: 18px;\"><span style=\"color: rgb(78, 94, 153);\"><b>Marc Anthonio Mu&ntilde;iz<\/b><\/span><\/span><\/span> <span style=\"font-size: 18px;\"><span style=\"font-family: arial,helvetica,sans-serif;\">(n&eacute; le <\/span><\/span><span style=\"font-size:18px;\"><span style=\"font-family: arial,helvetica,sans-serif;\">16&nbsp;septembre&nbsp;1968 &agrave; New York<\/span><\/span><span style=\"font-size: 18px;\"><span style=\"font-family: arial,helvetica,sans-serif;\">) est un chanteur auteur-interpr&egrave;te am&eacute;ricain.<\/span><\/span>\n\t\t\t\t\t\t\t\t\t\t\t\t\t\t\t\t\t<\/div>\n<div>\n\t\t\t\t\t\t\t\t\t\t\t\t\t\t\t\t\t\t<span style=\"font-size: 18px;\"><span style=\"font-family: arial,helvetica,sans-serif;\">Il est surtout connu en&nbsp;<\/span><\/span><span style=\"font-size:18px;\"><span style=\"font-family: arial,helvetica,sans-serif;\">Am&eacute;rique latine pour ses musiques de salsa et pop latino<\/span><\/span><span style=\"font-size: 18px;\"><span style=\"font-family: arial,helvetica,sans-serif;\">.<\/span><\/span>\n\t\t\t\t\t\t\t\t\t\t\t\t\t\t\t\t\t<\/div>\n<div>\n\t\t\t\t\t\t\t\t\t\t\t\t\t\t\t\t\t\t&nbsp;\n\t\t\t\t\t\t\t\t\t\t\t\t\t\t\t\t\t<\/div>\n<\/p><\/div>\n<\/p><\/div>\n<\/p><\/div>\n<\/p><\/div>\n<div>\n\t\t\t\t\t\t\t\t\t\t\t\t\t\t<span style=\"font-family:arial,helvetica,sans-serif;\"><span style=\"font-size: 18px;\"><span style=\"color: rgb(78, 94, 153);\">Source : <\/span><a href=\"http:\/\/fr.wikipedia.org\/wiki\/Marc_Anthony\" target=\"_blank\"><span style=\"color: rgb(78, 94, 153);\">Wikipedia<\/span><\/a><\/span><\/span>\n\t\t\t\t\t\t\t\t\t\t\t\t\t<\/div>\n<div>\n\t\t\t\t\t\t\t\t\t\t\t\t\t\t<span style=\"font-family: arial,helvetica,sans-serif;\"><span style=\"font-size: 18px;\"><span style=\"color: rgb(78, 94, 153);\">Site officiel :<\/span><span style=\"color:#4e5e99;\"> <\/span><a href=\"http:\/\/www.marcanthonyonline.com\/us\/home\" target=\"_blank\"><span style=\"color:#4e5e99;\">MarcAnthonyonline.com<\/span><\/a><\/span><\/span>\n\t\t\t\t\t\t\t\t\t\t\t\t\t<\/div>\n<\/p><\/div>\n<\/p><\/div>\n<\/p><\/div>\n<\/p><\/div>\n<\/p><\/div>\n<\/p><\/div>\n<\/p><\/div>\n<\/td>\n<\/tr>\n<tr>\n<td colspan=\"2\" style=\"width: 150px;\">\n<div style=\"text-align: justify;\">\n\t\t\t\t\t\t\t<span style=\"font-family:arial,helvetica,sans-serif;\"><img decoding=\"async\" alt=\"\" src=\"http:\/\/jameshorner-filmmusic.com\/images\/collaborations\/projetscommuns.jpg\" style=\"width: 352px; height: 50px;\" \/><\/span>\n\t\t\t\t\t\t<\/div>\n<div style=\"text-align: justify;\">\n\t\t\t\t\t\t\t<span style=\"font-family:arial,helvetica,sans-serif;\"><!-- BOF Special Recent Posts PRO ver2.1 --><div class=\"srp-widget-container\"><div class=\"srp-widget-column\"><div id=\"srp-singlepost-1\" class=\"srp-widget-singlepost srp-multi-column\"><div class=\"srp-thumbnail-box\"><a class=\"srp-widget-thmblink\" href=\"http:\/\/jameshorner-filmmusic.com\/fr\/discographie\/the-mask-of-zorro\/\" title=\"THE MASK OF ZORRO\"><img decoding=\"async\" class=\"srp-widget-thmb\" src=\"http:\/\/jameshorner-filmmusic.com\/wp-content\/plugins\/special-recent-posts\/cache\/MTAwMTAwbm90aGVtYXNrb2Z6b3JybzE=.jpg\" alt=\"THE MASK OF ZORRO\">\n<\/a>\n<\/div>\n<\/div><br style=\"clear:both; height: 0px;\">\n<\/div><!-- EOF Special Recent Posts PRO ver2.5.2 --><\/span>\n\t\t\t\t\t\t<\/div>\n<div>\n\t\t\t\t\t\t\t&nbsp;\n\t\t\t\t\t\t<\/div>\n<div style=\"text-align: justify;\">\n<div style=\"text-align: justify;\">\n\t\t\t\t\t\t\t\t<span style=\"font-family:arial,helvetica,sans-serif;\"><span style=\"font-size: 16px;\"><span style=\"color: rgb(78, 94, 153);\">&nbsp;<\/span><\/span><img decoding=\"async\" alt=\"\" src=\"http:\/\/jameshorner-filmmusic.com\/images\/collaborations\/articles.jpg\" style=\"width: 352px; height: 63px;\" \/><\/span>\n\t\t\t\t\t\t\t<\/div>\n<\/p><\/div>\n<div style=\"text-align: justify;\">\n<div style=\"text-align: justify;\">\n\t\t\t\t\t\t\t\t<span style=\"font-family:arial,helvetica,sans-serif;\"><!-- BOF Special Recent Posts PRO ver2.1 --><div class=\"srp-widget-container\"><p>PAS D'ARTICLE POUR LE MOMENT<\/p>\n<br style=\"clear:both; height: 0px;\">\n<\/div><!-- EOF Special Recent Posts PRO ver2.5.2 --><\/span>\n\t\t\t\t\t\t\t<\/div>\n<\/p><\/div>\n<\/td>\n<\/tr>\n<\/tbody>\n<\/table>\n<div>\n\t\t\t&nbsp;\n\t\t<\/div>\n<p>\n\t\t\t&nbsp;\n\t\t<\/p>\n<p>\t<\/center>\n<\/div>\n<p>\n\t&nbsp;<\/p>\n","protected":false},"excerpt":{"rendered":"<p>By miggell1 http:\/\/flickr.com\/photos\/barbarroja\/ (http:\/\/flickr.com\/photos\/barbarroja\/216477359\/) [CC-BY-2.0], via Wikimedia Commons Marc Anthonio Mu&ntilde;iz (n&eacute; le 16&nbsp;septembre&nbsp;1968 &agrave; New York) est un chanteur [&hellip;]<\/p>\n","protected":false},"author":4,"featured_media":6130,"parent":4865,"menu_order":0,"comment_status":"closed","ping_status":"closed","template":"frfichescollabo.php","meta":{"site-sidebar-layout":"default","site-content-layout":"","ast-site-content-layout":"default","site-content-style":"default","site-sidebar-style":"default","ast-global-header-display":"","ast-banner-title-visibility":"","ast-main-header-display":"","ast-hfb-above-header-display":"","ast-hfb-below-header-display":"","ast-hfb-mobile-header-display":"","site-post-title":"","ast-breadcrumbs-content":"","ast-featured-img":"","footer-sml-layout":"","ast-disable-related-posts":"","theme-transparent-header-meta":"","adv-header-id-meta":"","stick-header-meta":"","header-above-stick-meta":"","header-main-stick-meta":"","header-below-stick-meta":"","astra-migrate-meta-layouts":"default","ast-page-background-enabled":"default","ast-page-background-meta":{"desktop":{"background-color":"var(--ast-global-color-4)","background-image":"","background-repeat":"repeat","background-position":"center center","background-size":"auto","background-attachment":"scroll","background-type":"","background-media":"","overlay-type":"","overlay-color":"","overlay-opacity":"","overlay-gradient":""},"tablet":{"background-color":"","background-image":"","background-repeat":"repeat","background-position":"center center","background-size":"auto","background-attachment":"scroll","background-type":"","background-media":"","overlay-type":"","overlay-color":"","overlay-opacity":"","overlay-gradient":""},"mobile":{"background-color":"","background-image":"","background-repeat":"repeat","background-position":"center center","background-size":"auto","background-attachment":"scroll","background-type":"","background-media":"","overlay-type":"","overlay-color":"","overlay-opacity":"","overlay-gradient":""}},"ast-content-background-meta":{"desktop":{"background-color":"var(--ast-global-color-5)","background-image":"","background-repeat":"repeat","background-position":"center center","background-size":"auto","background-attachment":"scroll","background-type":"","background-media":"","overlay-type":"","overlay-color":"","overlay-opacity":"","overlay-gradient":""},"tablet":{"background-color":"var(--ast-global-color-5)","background-image":"","background-repeat":"repeat","background-position":"center center","background-size":"auto","background-attachment":"scroll","background-type":"","background-media":"","overlay-type":"","overlay-color":"","overlay-opacity":"","overlay-gradient":""},"mobile":{"background-color":"var(--ast-global-color-5)","background-image":"","background-repeat":"repeat","background-position":"center center","background-size":"auto","background-attachment":"scroll","background-type":"","background-media":"","overlay-type":"","overlay-color":"","overlay-opacity":"","overlay-gradient":""}},"footnotes":""},"tags":[252,369],"class_list":["post-6128","page","type-page","status-publish","has-post-thumbnail","hentry","tag-marc-anthony","tag-the-mask-of-zorro"],"yoast_head":"<!-- This site is optimized with the Yoast SEO plugin v23.4 - https:\/\/yoast.com\/wordpress\/plugins\/seo\/ -->\n<title>MARC ANTHONY*<\/title>\n<meta name=\"description\" content=\"Marc Anthonio Mu\u00f1iz (n\u00e9 le 16 septembre 1968 \u00e0 New York) est un chanteur auteur-interpr\u00e8te am\u00e9ricain.\" \/>\n<meta name=\"robots\" content=\"index, follow, max-snippet:-1, max-image-preview:large, max-video-preview:-1\" \/>\n<link rel=\"canonical\" href=\"http:\/\/jameshorner-filmmusic.com\/fr\/collaborations\/marc-anthony\/\" \/>\n<meta property=\"og:locale\" content=\"fr_FR\" \/>\n<meta property=\"og:type\" content=\"article\" \/>\n<meta property=\"og:title\" content=\"MARC ANTHONY*\" \/>\n<meta property=\"og:description\" content=\"Marc Anthonio Mu\u00f1iz (n\u00e9 le 16 septembre 1968 \u00e0 New York) est un chanteur auteur-interpr\u00e8te am\u00e9ricain.\" \/>\n<meta property=\"og:url\" content=\"http:\/\/jameshorner-filmmusic.com\/fr\/collaborations\/marc-anthony\/\" \/>\n<meta property=\"og:site_name\" content=\"JAMES HORNER\" \/>\n<meta property=\"article:publisher\" content=\"https:\/\/www.facebook.com\/pages\/James-Horner-Film-Music\/100282013394913\" \/>\n<meta property=\"article:modified_time\" content=\"2013-03-11T23:41:16+00:00\" \/>\n<meta property=\"og:image\" content=\"http:\/\/jameshorner-filmmusic.com\/wp-content\/uploads\/2012\/06\/anthony1.png\" \/>\n\t<meta property=\"og:image:width\" content=\"169\" \/>\n\t<meta property=\"og:image:height\" content=\"169\" \/>\n\t<meta property=\"og:image:type\" content=\"image\/png\" \/>\n<meta name=\"twitter:label1\" content=\"Dur\u00e9e de lecture estim\u00e9e\" \/>\n\t<meta name=\"twitter:data1\" content=\"1 minute\" \/>\n<script type=\"application\/ld+json\" class=\"yoast-schema-graph\">{\"@context\":\"https:\/\/schema.org\",\"@graph\":[{\"@type\":\"WebPage\",\"@id\":\"http:\/\/jameshorner-filmmusic.com\/fr\/collaborations\/marc-anthony\/\",\"url\":\"http:\/\/jameshorner-filmmusic.com\/fr\/collaborations\/marc-anthony\/\",\"name\":\"MARC ANTHONY*\",\"isPartOf\":{\"@id\":\"http:\/\/jameshorner-filmmusic.com\/#website\"},\"primaryImageOfPage\":{\"@id\":\"http:\/\/jameshorner-filmmusic.com\/fr\/collaborations\/marc-anthony\/#primaryimage\"},\"image\":{\"@id\":\"http:\/\/jameshorner-filmmusic.com\/fr\/collaborations\/marc-anthony\/#primaryimage\"},\"thumbnailUrl\":\"http:\/\/jameshorner-filmmusic.com\/wp-content\/uploads\/2012\/06\/anthony1.png\",\"datePublished\":\"2012-06-29T21:34:25+00:00\",\"dateModified\":\"2013-03-11T23:41:16+00:00\",\"description\":\"Marc Anthonio Mu\u00f1iz (n\u00e9 le 16 septembre 1968 \u00e0 New York) est un chanteur auteur-interpr\u00e8te am\u00e9ricain.\",\"breadcrumb\":{\"@id\":\"http:\/\/jameshorner-filmmusic.com\/fr\/collaborations\/marc-anthony\/#breadcrumb\"},\"inLanguage\":\"fr-FR\",\"potentialAction\":[{\"@type\":\"ReadAction\",\"target\":[\"http:\/\/jameshorner-filmmusic.com\/fr\/collaborations\/marc-anthony\/\"]}]},{\"@type\":\"ImageObject\",\"inLanguage\":\"fr-FR\",\"@id\":\"http:\/\/jameshorner-filmmusic.com\/fr\/collaborations\/marc-anthony\/#primaryimage\",\"url\":\"http:\/\/jameshorner-filmmusic.com\/wp-content\/uploads\/2012\/06\/anthony1.png\",\"contentUrl\":\"http:\/\/jameshorner-filmmusic.com\/wp-content\/uploads\/2012\/06\/anthony1.png\",\"width\":169,\"height\":169},{\"@type\":\"BreadcrumbList\",\"@id\":\"http:\/\/jameshorner-filmmusic.com\/fr\/collaborations\/marc-anthony\/#breadcrumb\",\"itemListElement\":[{\"@type\":\"ListItem\",\"position\":1,\"name\":\"COLLABORATIONS\",\"item\":\"http:\/\/jameshorner-filmmusic.com\/fr\/collaborations\/\"},{\"@type\":\"ListItem\",\"position\":2,\"name\":\"MARC ANTHONY*\"}]},{\"@type\":\"WebSite\",\"@id\":\"http:\/\/jameshorner-filmmusic.com\/#website\",\"url\":\"http:\/\/jameshorner-filmmusic.com\/\",\"name\":\"JAMES HORNER\",\"description\":\"JAMES HORNER FILM MUSIC\",\"publisher\":{\"@id\":\"http:\/\/jameshorner-filmmusic.com\/#organization\"},\"potentialAction\":[{\"@type\":\"SearchAction\",\"target\":{\"@type\":\"EntryPoint\",\"urlTemplate\":\"http:\/\/jameshorner-filmmusic.com\/?s={search_term_string}\"},\"query-input\":{\"@type\":\"PropertyValueSpecification\",\"valueRequired\":true,\"valueName\":\"search_term_string\"}}],\"inLanguage\":\"fr-FR\"},{\"@type\":\"Organization\",\"@id\":\"http:\/\/jameshorner-filmmusic.com\/#organization\",\"name\":\"James Horner Film Music\",\"url\":\"http:\/\/jameshorner-filmmusic.com\/\",\"logo\":{\"@type\":\"ImageObject\",\"inLanguage\":\"fr-FR\",\"@id\":\"http:\/\/jameshorner-filmmusic.com\/#\/schema\/logo\/image\/\",\"url\":\"http:\/\/jameshorner-filmmusic.com\/wp-content\/uploads\/2015\/04\/logo-JHFM-2b.png\",\"contentUrl\":\"http:\/\/jameshorner-filmmusic.com\/wp-content\/uploads\/2015\/04\/logo-JHFM-2b.png\",\"width\":250,\"height\":250,\"caption\":\"James Horner Film Music\"},\"image\":{\"@id\":\"http:\/\/jameshorner-filmmusic.com\/#\/schema\/logo\/image\/\"},\"sameAs\":[\"https:\/\/www.facebook.com\/pages\/James-Horner-Film-Music\/100282013394913\",\"https:\/\/x.com\/HORNERFILMMUSIC\",\"https:\/\/www.youtube.com\/channel\/UCzg0Lpstvu-boRkcMewxKSg\"]}]}<\/script>\n<!-- \/ Yoast SEO plugin. -->","yoast_head_json":{"title":"MARC ANTHONY*","description":"Marc Anthonio Mu\u00f1iz (n\u00e9 le 16 septembre 1968 \u00e0 New York) est un chanteur auteur-interpr\u00e8te am\u00e9ricain.","robots":{"index":"index","follow":"follow","max-snippet":"max-snippet:-1","max-image-preview":"max-image-preview:large","max-video-preview":"max-video-preview:-1"},"canonical":"http:\/\/jameshorner-filmmusic.com\/fr\/collaborations\/marc-anthony\/","og_locale":"fr_FR","og_type":"article","og_title":"MARC ANTHONY*","og_description":"Marc Anthonio Mu\u00f1iz (n\u00e9 le 16 septembre 1968 \u00e0 New York) est un chanteur auteur-interpr\u00e8te am\u00e9ricain.","og_url":"http:\/\/jameshorner-filmmusic.com\/fr\/collaborations\/marc-anthony\/","og_site_name":"JAMES HORNER","article_publisher":"https:\/\/www.facebook.com\/pages\/James-Horner-Film-Music\/100282013394913","article_modified_time":"2013-03-11T23:41:16+00:00","og_image":[{"width":169,"height":169,"url":"http:\/\/jameshorner-filmmusic.com\/wp-content\/uploads\/2012\/06\/anthony1.png","type":"image\/png"}],"twitter_misc":{"Dur\u00e9e de lecture estim\u00e9e":"1 minute"},"schema":{"@context":"https:\/\/schema.org","@graph":[{"@type":"WebPage","@id":"http:\/\/jameshorner-filmmusic.com\/fr\/collaborations\/marc-anthony\/","url":"http:\/\/jameshorner-filmmusic.com\/fr\/collaborations\/marc-anthony\/","name":"MARC ANTHONY*","isPartOf":{"@id":"http:\/\/jameshorner-filmmusic.com\/#website"},"primaryImageOfPage":{"@id":"http:\/\/jameshorner-filmmusic.com\/fr\/collaborations\/marc-anthony\/#primaryimage"},"image":{"@id":"http:\/\/jameshorner-filmmusic.com\/fr\/collaborations\/marc-anthony\/#primaryimage"},"thumbnailUrl":"http:\/\/jameshorner-filmmusic.com\/wp-content\/uploads\/2012\/06\/anthony1.png","datePublished":"2012-06-29T21:34:25+00:00","dateModified":"2013-03-11T23:41:16+00:00","description":"Marc Anthonio Mu\u00f1iz (n\u00e9 le 16 septembre 1968 \u00e0 New York) est un chanteur auteur-interpr\u00e8te am\u00e9ricain.","breadcrumb":{"@id":"http:\/\/jameshorner-filmmusic.com\/fr\/collaborations\/marc-anthony\/#breadcrumb"},"inLanguage":"fr-FR","potentialAction":[{"@type":"ReadAction","target":["http:\/\/jameshorner-filmmusic.com\/fr\/collaborations\/marc-anthony\/"]}]},{"@type":"ImageObject","inLanguage":"fr-FR","@id":"http:\/\/jameshorner-filmmusic.com\/fr\/collaborations\/marc-anthony\/#primaryimage","url":"http:\/\/jameshorner-filmmusic.com\/wp-content\/uploads\/2012\/06\/anthony1.png","contentUrl":"http:\/\/jameshorner-filmmusic.com\/wp-content\/uploads\/2012\/06\/anthony1.png","width":169,"height":169},{"@type":"BreadcrumbList","@id":"http:\/\/jameshorner-filmmusic.com\/fr\/collaborations\/marc-anthony\/#breadcrumb","itemListElement":[{"@type":"ListItem","position":1,"name":"COLLABORATIONS","item":"http:\/\/jameshorner-filmmusic.com\/fr\/collaborations\/"},{"@type":"ListItem","position":2,"name":"MARC ANTHONY*"}]},{"@type":"WebSite","@id":"http:\/\/jameshorner-filmmusic.com\/#website","url":"http:\/\/jameshorner-filmmusic.com\/","name":"JAMES HORNER","description":"JAMES HORNER FILM MUSIC","publisher":{"@id":"http:\/\/jameshorner-filmmusic.com\/#organization"},"potentialAction":[{"@type":"SearchAction","target":{"@type":"EntryPoint","urlTemplate":"http:\/\/jameshorner-filmmusic.com\/?s={search_term_string}"},"query-input":{"@type":"PropertyValueSpecification","valueRequired":true,"valueName":"search_term_string"}}],"inLanguage":"fr-FR"},{"@type":"Organization","@id":"http:\/\/jameshorner-filmmusic.com\/#organization","name":"James Horner Film Music","url":"http:\/\/jameshorner-filmmusic.com\/","logo":{"@type":"ImageObject","inLanguage":"fr-FR","@id":"http:\/\/jameshorner-filmmusic.com\/#\/schema\/logo\/image\/","url":"http:\/\/jameshorner-filmmusic.com\/wp-content\/uploads\/2015\/04\/logo-JHFM-2b.png","contentUrl":"http:\/\/jameshorner-filmmusic.com\/wp-content\/uploads\/2015\/04\/logo-JHFM-2b.png","width":250,"height":250,"caption":"James Horner Film Music"},"image":{"@id":"http:\/\/jameshorner-filmmusic.com\/#\/schema\/logo\/image\/"},"sameAs":["https:\/\/www.facebook.com\/pages\/James-Horner-Film-Music\/100282013394913","https:\/\/x.com\/HORNERFILMMUSIC","https:\/\/www.youtube.com\/channel\/UCzg0Lpstvu-boRkcMewxKSg"]}]}},"_links":{"self":[{"href":"http:\/\/jameshorner-filmmusic.com\/fr\/wp-json\/wp\/v2\/pages\/6128"}],"collection":[{"href":"http:\/\/jameshorner-filmmusic.com\/fr\/wp-json\/wp\/v2\/pages"}],"about":[{"href":"http:\/\/jameshorner-filmmusic.com\/fr\/wp-json\/wp\/v2\/types\/page"}],"author":[{"embeddable":true,"href":"http:\/\/jameshorner-filmmusic.com\/fr\/wp-json\/wp\/v2\/users\/4"}],"replies":[{"embeddable":true,"href":"http:\/\/jameshorner-filmmusic.com\/fr\/wp-json\/wp\/v2\/comments?post=6128"}],"version-history":[{"count":0,"href":"http:\/\/jameshorner-filmmusic.com\/fr\/wp-json\/wp\/v2\/pages\/6128\/revisions"}],"up":[{"embeddable":true,"href":"http:\/\/jameshorner-filmmusic.com\/fr\/wp-json\/wp\/v2\/pages\/4865"}],"wp:featuredmedia":[{"embeddable":true,"href":"http:\/\/jameshorner-filmmusic.com\/fr\/wp-json\/wp\/v2\/media\/6130"}],"wp:attachment":[{"href":"http:\/\/jameshorner-filmmusic.com\/fr\/wp-json\/wp\/v2\/media?parent=6128"}],"wp:term":[{"taxonomy":"post_tag","embeddable":true,"href":"http:\/\/jameshorner-filmmusic.com\/fr\/wp-json\/wp\/v2\/tags?post=6128"}],"curies":[{"name":"wp","href":"https:\/\/api.w.org\/{rel}","templated":true}]}}