{"id":9846,"date":"2013-02-25T21:08:17","date_gmt":"2013-02-25T21:08:17","guid":{"rendered":"http:\/\/jameshorner-filmmusic.com\/?page_id=9846"},"modified":"2025-05-11T14:37:55","modified_gmt":"2025-05-11T12:37:55","slug":"mentions-legales","status":"publish","type":"page","link":"http:\/\/jameshorner-filmmusic.com\/fr\/mentions-legales\/","title":{"rendered":"MENTIONS L\u00c9GALES"},"content":{"rendered":"\t\t<div data-elementor-type=\"wp-page\" data-elementor-id=\"9846\" class=\"elementor elementor-9846 elementor-7711\" data-elementor-post-type=\"page\">\n\t\t\t\t<div class=\"elementor-element elementor-element-7cb82936 e-flex e-con-boxed e-con e-parent\" data-id=\"7cb82936\" data-element_type=\"container\">\n\t\t\t\t\t<div class=\"e-con-inner\">\n\t\t\t\t<div class=\"elementor-element elementor-element-6db5014 elementor-widget elementor-widget-text-editor\" data-id=\"6db5014\" data-element_type=\"widget\" data-widget_type=\"text-editor.default\">\n\t\t\t\t<div class=\"elementor-widget-container\">\n\t\t\t\t\t\t\t<div style=\"line-height: 23px;font-family: inherit;font-style: inherit;font-weight: inherit;margin-right: 0px;margin-bottom: 0px;margin-left: 0px;padding: 0px;vertical-align: baseline;text-align: center;border: 0px initial initial\"><span style=\"font-family: arial,helvetica,sans-serif\"><span style=\"color: #000000\"><span style=\"font-size: 18px\">Ce site est la propri\u00e9t\u00e9 de <strong>Jean-Baptiste Martin<\/strong><\/span><\/span><\/span><div style=\"text-align: center\">\u00a0<\/div><div style=\"text-align: center\"><span style=\"font-size: 18px\">Si\u00e8ge social :<\/span><\/div><strong>9 Rue du Clos des Gardins<br \/><\/strong><\/div><div style=\"line-height: 23px;font-family: inherit;font-style: inherit;font-weight: inherit;margin-right: 0px;margin-bottom: 0px;margin-left: 0px;padding: 0px;vertical-align: baseline;text-align: center;border: 0px initial initial\"><div style=\"text-align: center\"><strong><span style=\"font-size: 18px\">50460 La Hague &#8211; France<\/span><\/strong><\/div><div style=\"text-align: center\"><span style=\"font-size: 18px\">T\u00e9l\u00e9phone : <strong>06 70 59 85 55<\/strong><\/span><\/div><div style=\"text-align: center\">\u00a0<\/div><div style=\"text-align: center\"><span style=\"font-size: 18px\">Le site est hebrg\u00e9 par <strong>OVH<\/strong>, 2 rue Kellermann \u2013 59100 Roubaix \u2013 France<br \/>Pour contacter cet h\u00e9bergeur, rendez-vous \u00e0 l&#8217;adresse suivante :\u00a0 <a href=\"http:\/\/www.ovh.com\/fr\/support\/\">http:\/\/www.ovh.com\/fr\/support\/<\/a><\/span><\/div><\/div><div style=\"line-height: 23px;font-family: inherit;font-style: inherit;font-weight: inherit;margin-right: 0px;margin-bottom: 0px;margin-left: 0px;padding: 0px;vertical-align: baseline;text-align: justify;border: 0px initial initial\">\u00a0<\/div><div style=\"line-height: 23px;font-family: inherit;font-style: inherit;font-weight: inherit;margin-right: 0px;margin-bottom: 0px;margin-left: 0px;padding: 0px;vertical-align: baseline;text-align: justify;border: 0px initial initial\"><span style=\"font-family: arial,helvetica,sans-serif\"><span style=\"color: #000000\"><span style=\"font-size: 18px\">Ce site est le r\u00e9sultat d&#8217;une admiration de longue date pour James Horner. Le but est d&#8217;apporter des informations exhaustives, ainsi que de pr\u00e9senter des articles sur ses oeuvres. <\/span><\/span><\/span><\/div><div style=\"line-height: 23px;font-family: inherit;font-style: inherit;font-weight: inherit;margin-right: 0px;margin-bottom: 0px;margin-left: 0px;padding: 0px;vertical-align: baseline;text-align: justify;border: 0px initial initial\"><strong><span style=\"font-family: arial,helvetica,sans-serif\"><span style=\"color: #000000\"><span style=\"font-size: 18px\">C&#8217;est un site non officiel, qui n&#8217;engage pas la responsabilit\u00e9 des ayants droit de M. Horner et dont le contenu ne peut faire l&#8217;objet d&#8217;une quelconque approbation par les ayants droit de M. Horner.<\/span><\/span><\/span><\/strong><\/div>\t\t\t\t\t\t<\/div>\n\t\t\t\t<\/div>\n\t\t\t\t\t<\/div>\n\t\t\t\t<\/div>\n\t\t\t\t<\/div>\n\t\t","protected":false},"excerpt":{"rendered":"<p>Ce site est la propri\u00e9t\u00e9 de Jean-Baptiste Martin\u00a0Si\u00e8ge social :9 Rue du Clos des Gardins50460 La Hague &#8211; FranceT\u00e9l\u00e9phone : [&hellip;]<\/p>\n","protected":false},"author":4,"featured_media":19721,"parent":0,"menu_order":0,"comment_status":"closed","ping_status":"closed","template":"","meta":{"site-sidebar-layout":"default","site-content-layout":"","ast-site-content-layout":"default","site-content-style":"default","site-sidebar-style":"default","ast-global-header-display":"","ast-banner-title-visibility":"","ast-main-header-display":"","ast-hfb-above-header-display":"","ast-hfb-below-header-display":"","ast-hfb-mobile-header-display":"","site-post-title":"","ast-breadcrumbs-content":"","ast-featured-img":"","footer-sml-layout":"","ast-disable-related-posts":"","theme-transparent-header-meta":"","adv-header-id-meta":"","stick-header-meta":"","header-above-stick-meta":"","header-main-stick-meta":"","header-below-stick-meta":"","astra-migrate-meta-layouts":"default","ast-page-background-enabled":"default","ast-page-background-meta":{"desktop":{"background-color":"var(--ast-global-color-4)","background-image":"","background-repeat":"repeat","background-position":"center center","background-size":"auto","background-attachment":"scroll","background-type":"","background-media":"","overlay-type":"","overlay-color":"","overlay-opacity":"","overlay-gradient":""},"tablet":{"background-color":"","background-image":"","background-repeat":"repeat","background-position":"center center","background-size":"auto","background-attachment":"scroll","background-type":"","background-media":"","overlay-type":"","overlay-color":"","overlay-opacity":"","overlay-gradient":""},"mobile":{"background-color":"","background-image":"","background-repeat":"repeat","background-position":"center center","background-size":"auto","background-attachment":"scroll","background-type":"","background-media":"","overlay-type":"","overlay-color":"","overlay-opacity":"","overlay-gradient":""}},"ast-content-background-meta":{"desktop":{"background-color":"var(--ast-global-color-5)","background-image":"","background-repeat":"repeat","background-position":"center center","background-size":"auto","background-attachment":"scroll","background-type":"","background-media":"","overlay-type":"","overlay-color":"","overlay-opacity":"","overlay-gradient":""},"tablet":{"background-color":"var(--ast-global-color-5)","background-image":"","background-repeat":"repeat","background-position":"center center","background-size":"auto","background-attachment":"scroll","background-type":"","background-media":"","overlay-type":"","overlay-color":"","overlay-opacity":"","overlay-gradient":""},"mobile":{"background-color":"var(--ast-global-color-5)","background-image":"","background-repeat":"repeat","background-position":"center center","background-size":"auto","background-attachment":"scroll","background-type":"","background-media":"","overlay-type":"","overlay-color":"","overlay-opacity":"","overlay-gradient":""}},"footnotes":""},"tags":[531],"class_list":["post-9846","page","type-page","status-publish","has-post-thumbnail","hentry","tag-mentions-legales"],"yoast_head":"<!-- This site is optimized with the Yoast SEO plugin v23.4 - https:\/\/yoast.com\/wordpress\/plugins\/seo\/ -->\n<title>MENTIONS L\u00c9GALES JAMES HORNER FILM MUSIC<\/title>\n<meta name=\"description\" content=\"Cette page pr\u00e9sente le site JAMES HORNER FILM MUSIC.\" \/>\n<meta name=\"robots\" content=\"index, follow, max-snippet:-1, max-image-preview:large, max-video-preview:-1\" \/>\n<link rel=\"canonical\" href=\"http:\/\/jameshorner-filmmusic.com\/fr\/mentions-legales\/\" \/>\n<meta property=\"og:locale\" content=\"fr_FR\" \/>\n<meta property=\"og:type\" content=\"article\" \/>\n<meta property=\"og:title\" content=\"MENTIONS L\u00c9GALES JAMES HORNER FILM MUSIC\" \/>\n<meta property=\"og:description\" content=\"Cette page pr\u00e9sente le site JAMES HORNER FILM MUSIC.\" \/>\n<meta property=\"og:url\" content=\"http:\/\/jameshorner-filmmusic.com\/fr\/mentions-legales\/\" \/>\n<meta property=\"og:site_name\" content=\"JAMES HORNER\" \/>\n<meta property=\"article:publisher\" content=\"https:\/\/www.facebook.com\/pages\/James-Horner-Film-Music\/100282013394913\" \/>\n<meta property=\"article:modified_time\" content=\"2025-05-11T12:37:55+00:00\" \/>\n<meta property=\"og:image\" content=\"http:\/\/jameshorner-filmmusic.com\/wp-content\/uploads\/2011\/06\/fbsquare.png\" \/>\n\t<meta property=\"og:image:width\" content=\"180\" \/>\n\t<meta property=\"og:image:height\" content=\"180\" \/>\n\t<meta property=\"og:image:type\" content=\"image\/png\" \/>\n<meta name=\"twitter:label1\" content=\"Dur\u00e9e de lecture estim\u00e9e\" \/>\n\t<meta name=\"twitter:data1\" content=\"1 minute\" \/>\n<script type=\"application\/ld+json\" class=\"yoast-schema-graph\">{\"@context\":\"https:\/\/schema.org\",\"@graph\":[{\"@type\":\"WebPage\",\"@id\":\"http:\/\/jameshorner-filmmusic.com\/fr\/mentions-legales\/\",\"url\":\"http:\/\/jameshorner-filmmusic.com\/fr\/mentions-legales\/\",\"name\":\"MENTIONS L\u00c9GALES JAMES HORNER FILM MUSIC\",\"isPartOf\":{\"@id\":\"https:\/\/jameshorner-filmmusic.com\/#website\"},\"primaryImageOfPage\":{\"@id\":\"http:\/\/jameshorner-filmmusic.com\/fr\/mentions-legales\/#primaryimage\"},\"image\":{\"@id\":\"http:\/\/jameshorner-filmmusic.com\/fr\/mentions-legales\/#primaryimage\"},\"thumbnailUrl\":\"http:\/\/jameshorner-filmmusic.com\/wp-content\/uploads\/2011\/06\/fbsquare.png\",\"datePublished\":\"2013-02-25T21:08:17+00:00\",\"dateModified\":\"2025-05-11T12:37:55+00:00\",\"description\":\"Cette page pr\u00e9sente le site JAMES HORNER FILM MUSIC.\",\"inLanguage\":\"fr-FR\",\"potentialAction\":[{\"@type\":\"ReadAction\",\"target\":[\"http:\/\/jameshorner-filmmusic.com\/fr\/mentions-legales\/\"]}]},{\"@type\":\"ImageObject\",\"inLanguage\":\"fr-FR\",\"@id\":\"http:\/\/jameshorner-filmmusic.com\/fr\/mentions-legales\/#primaryimage\",\"url\":\"http:\/\/jameshorner-filmmusic.com\/wp-content\/uploads\/2011\/06\/fbsquare.png\",\"contentUrl\":\"http:\/\/jameshorner-filmmusic.com\/wp-content\/uploads\/2011\/06\/fbsquare.png\",\"width\":180,\"height\":180},{\"@type\":\"WebSite\",\"@id\":\"https:\/\/jameshorner-filmmusic.com\/#website\",\"url\":\"https:\/\/jameshorner-filmmusic.com\/\",\"name\":\"JAMES HORNER\",\"description\":\"JAMES HORNER FILM MUSIC\",\"publisher\":{\"@id\":\"https:\/\/jameshorner-filmmusic.com\/#organization\"},\"potentialAction\":[{\"@type\":\"SearchAction\",\"target\":{\"@type\":\"EntryPoint\",\"urlTemplate\":\"https:\/\/jameshorner-filmmusic.com\/?s={search_term_string}\"},\"query-input\":{\"@type\":\"PropertyValueSpecification\",\"valueRequired\":true,\"valueName\":\"search_term_string\"}}],\"inLanguage\":\"fr-FR\"},{\"@type\":\"Organization\",\"@id\":\"https:\/\/jameshorner-filmmusic.com\/#organization\",\"name\":\"James Horner Film Music\",\"url\":\"https:\/\/jameshorner-filmmusic.com\/\",\"logo\":{\"@type\":\"ImageObject\",\"inLanguage\":\"fr-FR\",\"@id\":\"https:\/\/jameshorner-filmmusic.com\/#\/schema\/logo\/image\/\",\"url\":\"http:\/\/jameshorner-filmmusic.com\/wp-content\/uploads\/2015\/04\/logo-JHFM-2b.png\",\"contentUrl\":\"http:\/\/jameshorner-filmmusic.com\/wp-content\/uploads\/2015\/04\/logo-JHFM-2b.png\",\"width\":250,\"height\":250,\"caption\":\"James Horner Film Music\"},\"image\":{\"@id\":\"https:\/\/jameshorner-filmmusic.com\/#\/schema\/logo\/image\/\"},\"sameAs\":[\"https:\/\/www.facebook.com\/pages\/James-Horner-Film-Music\/100282013394913\",\"https:\/\/x.com\/HORNERFILMMUSIC\",\"https:\/\/www.youtube.com\/channel\/UCzg0Lpstvu-boRkcMewxKSg\"]}]}<\/script>\n<!-- \/ Yoast SEO plugin. -->","yoast_head_json":{"title":"MENTIONS L\u00c9GALES JAMES HORNER FILM MUSIC","description":"Cette page pr\u00e9sente le site JAMES HORNER FILM MUSIC.","robots":{"index":"index","follow":"follow","max-snippet":"max-snippet:-1","max-image-preview":"max-image-preview:large","max-video-preview":"max-video-preview:-1"},"canonical":"http:\/\/jameshorner-filmmusic.com\/fr\/mentions-legales\/","og_locale":"fr_FR","og_type":"article","og_title":"MENTIONS L\u00c9GALES JAMES HORNER FILM MUSIC","og_description":"Cette page pr\u00e9sente le site JAMES HORNER FILM MUSIC.","og_url":"http:\/\/jameshorner-filmmusic.com\/fr\/mentions-legales\/","og_site_name":"JAMES HORNER","article_publisher":"https:\/\/www.facebook.com\/pages\/James-Horner-Film-Music\/100282013394913","article_modified_time":"2025-05-11T12:37:55+00:00","og_image":[{"width":180,"height":180,"url":"http:\/\/jameshorner-filmmusic.com\/wp-content\/uploads\/2011\/06\/fbsquare.png","type":"image\/png"}],"twitter_misc":{"Dur\u00e9e de lecture estim\u00e9e":"1 minute"},"schema":{"@context":"https:\/\/schema.org","@graph":[{"@type":"WebPage","@id":"http:\/\/jameshorner-filmmusic.com\/fr\/mentions-legales\/","url":"http:\/\/jameshorner-filmmusic.com\/fr\/mentions-legales\/","name":"MENTIONS L\u00c9GALES JAMES HORNER FILM MUSIC","isPartOf":{"@id":"https:\/\/jameshorner-filmmusic.com\/#website"},"primaryImageOfPage":{"@id":"http:\/\/jameshorner-filmmusic.com\/fr\/mentions-legales\/#primaryimage"},"image":{"@id":"http:\/\/jameshorner-filmmusic.com\/fr\/mentions-legales\/#primaryimage"},"thumbnailUrl":"http:\/\/jameshorner-filmmusic.com\/wp-content\/uploads\/2011\/06\/fbsquare.png","datePublished":"2013-02-25T21:08:17+00:00","dateModified":"2025-05-11T12:37:55+00:00","description":"Cette page pr\u00e9sente le site JAMES HORNER FILM MUSIC.","inLanguage":"fr-FR","potentialAction":[{"@type":"ReadAction","target":["http:\/\/jameshorner-filmmusic.com\/fr\/mentions-legales\/"]}]},{"@type":"ImageObject","inLanguage":"fr-FR","@id":"http:\/\/jameshorner-filmmusic.com\/fr\/mentions-legales\/#primaryimage","url":"http:\/\/jameshorner-filmmusic.com\/wp-content\/uploads\/2011\/06\/fbsquare.png","contentUrl":"http:\/\/jameshorner-filmmusic.com\/wp-content\/uploads\/2011\/06\/fbsquare.png","width":180,"height":180},{"@type":"WebSite","@id":"https:\/\/jameshorner-filmmusic.com\/#website","url":"https:\/\/jameshorner-filmmusic.com\/","name":"JAMES HORNER","description":"JAMES HORNER FILM MUSIC","publisher":{"@id":"https:\/\/jameshorner-filmmusic.com\/#organization"},"potentialAction":[{"@type":"SearchAction","target":{"@type":"EntryPoint","urlTemplate":"https:\/\/jameshorner-filmmusic.com\/?s={search_term_string}"},"query-input":{"@type":"PropertyValueSpecification","valueRequired":true,"valueName":"search_term_string"}}],"inLanguage":"fr-FR"},{"@type":"Organization","@id":"https:\/\/jameshorner-filmmusic.com\/#organization","name":"James Horner Film Music","url":"https:\/\/jameshorner-filmmusic.com\/","logo":{"@type":"ImageObject","inLanguage":"fr-FR","@id":"https:\/\/jameshorner-filmmusic.com\/#\/schema\/logo\/image\/","url":"http:\/\/jameshorner-filmmusic.com\/wp-content\/uploads\/2015\/04\/logo-JHFM-2b.png","contentUrl":"http:\/\/jameshorner-filmmusic.com\/wp-content\/uploads\/2015\/04\/logo-JHFM-2b.png","width":250,"height":250,"caption":"James Horner Film Music"},"image":{"@id":"https:\/\/jameshorner-filmmusic.com\/#\/schema\/logo\/image\/"},"sameAs":["https:\/\/www.facebook.com\/pages\/James-Horner-Film-Music\/100282013394913","https:\/\/x.com\/HORNERFILMMUSIC","https:\/\/www.youtube.com\/channel\/UCzg0Lpstvu-boRkcMewxKSg"]}]}},"_links":{"self":[{"href":"http:\/\/jameshorner-filmmusic.com\/fr\/wp-json\/wp\/v2\/pages\/9846"}],"collection":[{"href":"http:\/\/jameshorner-filmmusic.com\/fr\/wp-json\/wp\/v2\/pages"}],"about":[{"href":"http:\/\/jameshorner-filmmusic.com\/fr\/wp-json\/wp\/v2\/types\/page"}],"author":[{"embeddable":true,"href":"http:\/\/jameshorner-filmmusic.com\/fr\/wp-json\/wp\/v2\/users\/4"}],"replies":[{"embeddable":true,"href":"http:\/\/jameshorner-filmmusic.com\/fr\/wp-json\/wp\/v2\/comments?post=9846"}],"version-history":[{"count":5,"href":"http:\/\/jameshorner-filmmusic.com\/fr\/wp-json\/wp\/v2\/pages\/9846\/revisions"}],"predecessor-version":[{"id":30485,"href":"http:\/\/jameshorner-filmmusic.com\/fr\/wp-json\/wp\/v2\/pages\/9846\/revisions\/30485"}],"wp:featuredmedia":[{"embeddable":true,"href":"http:\/\/jameshorner-filmmusic.com\/fr\/wp-json\/wp\/v2\/media\/19721"}],"wp:attachment":[{"href":"http:\/\/jameshorner-filmmusic.com\/fr\/wp-json\/wp\/v2\/media?parent=9846"}],"wp:term":[{"taxonomy":"post_tag","embeddable":true,"href":"http:\/\/jameshorner-filmmusic.com\/fr\/wp-json\/wp\/v2\/tags?post=9846"}],"curies":[{"name":"wp","href":"https:\/\/api.w.org\/{rel}","templated":true}]}}