{"id":5642,"date":"2012-07-13T23:02:05","date_gmt":"2012-07-13T23:02:05","guid":{"rendered":"http:\/\/jameshorner-filmmusic.com\/?page_id=5642"},"modified":"2014-08-09T01:11:12","modified_gmt":"2014-08-08T23:11:12","slug":"charlotte-church","status":"publish","type":"page","link":"https:\/\/jameshorner-filmmusic.com\/fr\/collaborations\/charlotte-church\/","title":{"rendered":"CHARLOTTE CHURCH"},"content":{"rendered":"<div>\n\t<center><\/p>\n<div>\n<table align=\"center\" border=\"0\" cellpadding=\"1\" cellspacing=\"1\" style=\"width: 100%;\">\n<tbody>\n<tr>\n<td style=\"width: 150px; vertical-align: top;\">\n<div>\n\t\t\t\t\t\t\t\t<img decoding=\"async\" alt=\"\" class=\"imgcollabo\" src=\"http:\/\/jameshorner-filmmusic.com\/images\/collaborations\/vocalistes\/church.jpg\" style=\"height: 150px; width: 150px;\" \/>\n\t\t\t\t\t\t\t<\/div>\n<div style=\"text-align: center;\">\n\t\t\t\t\t\t\t\t<span style=\"font-size:10px;\"><span style=\"font-family: arial,helvetica,sans-serif;\">By Keven Law from Los Angeles, USA [<a href=\"www.creativecommons.org\/licenses\/by-sa\/2.0\">CC-BY-SA-2.0<\/a>], <a href=\"http:\/\/commons.wikimedia.org\/wiki\/File%3ACharlotte_Church_by_Law_Keven.jpg\">via Wikimedia Commons<\/a><\/span><\/span>\n\t\t\t\t\t\t\t<\/div>\n<\/td>\n<td style=\"vertical-align: top;\">\n<div style=\"text-align: justify;\">\n<div>\n<div>\n<div>\n<div>\n<div>\n\t\t\t\t\t\t\t\t\t\t\t\t\t<span style=\"font-size: 18px;\"><span style=\"font-family: arial,helvetica,sans-serif;\"><span style=\"color: rgb(78, 94, 153);\"><b>Charlotte Church <\/b><\/span><\/span><\/span><span style=\"font-size: 18px;\"><span style=\"font-family: arial,helvetica,sans-serif;\">(n&eacute;e Charlotte Maria Reed le <\/span><\/span><span style=\"font-size:18px;\"><span style=\"font-family: arial,helvetica,sans-serif;\">21 f&eacute;vrier 1986 &agrave; Cardiff) est une chanteuse soprano et pr&eacute;sentatrice de t&eacute;l&eacute;vision galloise<\/span><\/span><span style=\"font-size: 18px;\"><span style=\"font-family: arial,helvetica,sans-serif;\">. <\/span><\/span>\n\t\t\t\t\t\t\t\t\t\t\t\t<\/div>\n<div>\n\t\t\t\t\t\t\t\t\t\t\t\t\t<span style=\"font-size: 18px;\"><span style=\"font-family: arial,helvetica,sans-serif;\">Elle signe &agrave; 12 ans un contrat de disque avec <\/span><\/span><span style=\"font-size:18px;\"><span style=\"font-family: arial,helvetica,sans-serif;\"><span class=\"mw-redirect\">Sony Classical<\/span>. Son premier album de chants sacr&eacute;s, <strong><span class=\"new\">Voice of an Angel<\/span><\/strong><\/span><\/span><span style=\"font-size: 18px;\"><span style=\"font-family: arial,helvetica,sans-serif;\"><strong> (La voix d&#39;un ange)<\/strong>, se vend&nbsp; &agrave; des millions de copies &agrave; travers le monde. Ses deux albums suivants sont &eacute;galement des disques de musique classique. <\/span><\/span>\n\t\t\t\t\t\t\t\t\t\t\t\t<\/div>\n<div>\n\t\t\t\t\t\t\t\t\t\t\t\t\t<span style=\"font-size:18px;\"><span style=\"font-family: arial,helvetica,sans-serif;\">A 15 ans elle participe &agrave; la bande originale du film <strong>Un homme d&#39;exception<\/strong> sign&eacute;e James Horner. <\/span><\/span>\n\t\t\t\t\t\t\t\t\t\t\t\t<\/div>\n<div>\n\t\t\t\t\t\t\t\t\t\t\t\t\t<span style=\"font-size:18px;\"><span style=\"font-family: arial,helvetica,sans-serif;\">Depuis 2005 elle s&#39;est tourn&eacute; vers une carri&egrave;re Pop, mais les ventes sont nettement inf&eacute;rieures &agrave; celles de son d&eacute;but de carri&egrave;re. <\/span><\/span>\n\t\t\t\t\t\t\t\t\t\t\t\t<\/div>\n<div>\n\t\t\t\t\t\t\t\t\t\t\t\t\t<span style=\"font-size: 18px;\"><span style=\"font-family: arial,helvetica,sans-serif;\">Durant l&#39;&eacute;t&eacute; 2006 elle commence &agrave; travailler sur sa propre &eacute;mission t&eacute;l&eacute;, <\/span><\/span><span style=\"font-size:18px;\"><span style=\"font-family: arial,helvetica,sans-serif;\"><strong><span class=\"new\">The Charlotte Church Show<\/span><\/strong>, m&eacute;lange de sketches, <span class=\"mw-redirect\">t&eacute;l&eacute; r&eacute;alit&eacute;<\/span><\/span><\/span><span style=\"font-size: 18px;\"><span style=\"font-family: arial,helvetica,sans-serif;\">, entrevues et musique.<\/span><\/span>\n\t\t\t\t\t\t\t\t\t\t\t\t<\/div>\n<div>\n\t\t\t\t\t\t\t\t\t\t\t\t\t<span style=\"font-size:18px;\"><span style=\"font-family: arial,helvetica,sans-serif;\"><span style=\"color:#4e5e99;\">Site officiel : <\/span><a href=\"http:\/\/www.charlottechurch.co\/\"><span style=\"color:#4e5e99;\"><span style=\"text-decoration: underline;\">charlottechurch.co<\/span><\/span><\/a><\/span><\/span>\n\t\t\t\t\t\t\t\t\t\t\t\t<\/div>\n<\/p><\/div>\n<div>\n\t\t\t\t\t\t\t\t\t\t\t\t<span style=\"font-size: 18px;\"><span style=\"font-family: arial,helvetica,sans-serif;\"><span style=\"color:#4e5e99;\">Source : <\/span><a href=\"http:\/\/fr.wikipedia.org\/wiki\/Charlotte_Church\"><span style=\"color:#4e5e99;\"><span style=\"text-decoration: underline;\">wikip&eacute;dia<\/span><\/span><\/a><\/span><\/span>\n\t\t\t\t\t\t\t\t\t\t\t<\/div>\n<\/p><\/div>\n<\/p><\/div>\n<\/p><\/div>\n<\/p><\/div>\n<\/td>\n<\/tr>\n<tr>\n<td colspan=\"2\" style=\"width: 150px;\">\n<div style=\"text-align: justify;\">\n\t\t\t\t\t\t\t\t<img decoding=\"async\" alt=\"\" src=\"http:\/\/jameshorner-filmmusic.com\/images\/collaborations\/projetscommuns.jpg\" style=\"width: 352px; height: 50px;\" \/>\n\t\t\t\t\t\t\t<\/div>\n<div style=\"text-align: justify;\">\n<div style=\"text-align: justify;\">\n\t\t\t\t\t\t\t\t\t<!-- BOF Special Recent Posts PRO ver2.1 --><div class=\"srp-widget-container\"><div class=\"srp-widget-column\"><div id=\"srp-singlepost-1\" class=\"srp-widget-singlepost srp-multi-column\"><div class=\"srp-thumbnail-box\"><a class=\"srp-widget-thmblink\" href=\"https:\/\/jameshorner-filmmusic.com\/fr\/collaborations\/charlotte-church\/\" title=\"CHARLOTTE CHURCH\"><img decoding=\"async\" class=\"srp-widget-thmb\" src=\"https:\/\/jameshorner-filmmusic.com\/wp-content\/plugins\/special-recent-posts\/cache\/MTAwMTAwbm9jaHVyY2gx.jpg\" alt=\"CHARLOTTE CHURCH\">\n<\/a>\n<\/div>\n<\/div><br style=\"clear:both; height: 0px;\">\n<\/div><!-- EOF Special Recent Posts PRO ver2.5.2 -->\n\t\t\t\t\t\t\t\t<\/div>\n<div style=\"text-align: justify;\">\n\t\t\t\t\t\t\t\t\t&nbsp;\n\t\t\t\t\t\t\t\t<\/div>\n<div style=\"text-align: justify;\">\n\t\t\t\t\t\t\t\t\t<img decoding=\"async\" alt=\"\" src=\"http:\/\/jameshorner-filmmusic.com\/images\/collaborations\/articles.jpg\" style=\"width: 352px; height: 63px;\" \/>\n\t\t\t\t\t\t\t\t<\/div>\n<div style=\"text-align: justify;\">\n\t\t\t\t\t\t\t\t\t<!-- BOF Special Recent Posts PRO ver2.1 --><div class=\"srp-widget-container\"><div id=\"srp-singlepost-1\" class=\"srp-widget-singlepost srp-single-column\"><div class=\"srp-thumbnail-box\"><a class=\"srp-widget-thmblink\" href=\"https:\/\/jameshorner-filmmusic.com\/fr\/les-mots-de-james-horner-le-nouveau-monde\/\" title=\"LES MOTS DE JAMES HORNER : LE NOUVEAU MONDE\"><img decoding=\"async\" class=\"srp-widget-thmb\" src=\"https:\/\/jameshorner-filmmusic.com\/wp-content\/plugins\/special-recent-posts\/cache\/MTAwMTAwbm90aGVfbmV3X3dvcmQ0.jpg\" alt=\"LES MOTS DE JAMES HORNER : LE NOUVEAU MONDE\">\n<\/a>\n<\/div>\n<div class=\"srp-content-box\"><h4 class=\"srp-post-title\"><a class=\"srp-post-title-link\" href=\"https:\/\/jameshorner-filmmusic.com\/fr\/les-mots-de-james-horner-le-nouveau-monde\/\" title=\"LES MOTS DE JAMES HORNER : LE NOUVEAU MONDE\">LES MOTS DE JAMES HORNER : LE NOUVEAU MONDE<\/a>\n<\/h4>\n<p class=\"srp-widget-excerpt\">\r\n\tCin&eacute;fonia Magazine, f&eacute;vrier 2006.\r\n\r\n\r\n\r\n\tEntretien r&eacute;alis&eacute; par Didier Lepr&ecirc;tre et Jean-Christophe Arlon\r\n\r\n\r\n\r\n\t&nbsp;\r\n\r\n\r\n\r\n\t&nbsp;\r\n\r\n\r\n\r\n\tCin&eacute;fonia Magazine) A l&#39;arriv&eacute;e, Le Nouveau Monde nous laisse un go&ucirc;t bizarre. Comment tout cela a-t-il r&eacute;ellement commenc&eacute; ?\r\n\r\n\r\n\r\n\tJames Horner) Terrence Malick m&#39;a convi&eacute; &agrave; un rendez-vous, et il m&#39;a expliqu&eacute; Le Nouveau Monde comme un film sur la vie de Pocahontas dans lequel il souhaitait un amalgame total entre la po&eacute;sie, la lumi&egrave;re et la musique: une v&eacute;ritable ode &agrave; la Nature. Je connaissais le style de M. Malick &agrave; travers ses pr&eacute;c&eacute;dents films et je savais qu&#39;il pousserait &agrave; l&#39;extr&ecirc;me ses choix esth&eacute;tiques, qui pour la plupart rejoignaient<\/p><\/div><\/div><br style=\"clear:both; height: 0px;\">\n<\/div><!-- EOF Special Recent Posts PRO ver2.5.2 -->\n\t\t\t\t\t\t\t\t<\/div>\n<\/p><\/div>\n<\/td>\n<\/tr>\n<\/tbody>\n<\/table><\/div>\n<p>\t<\/center>\n<\/div>\n<div>\n\t&nbsp;\n<\/div>\n","protected":false},"excerpt":{"rendered":"<p>By Keven Law from Los Angeles, USA [CC-BY-SA-2.0], via Wikimedia Commons Charlotte Church (n&eacute;e Charlotte Maria Reed le 21 f&eacute;vrier [&hellip;]<\/p>\n","protected":false},"author":4,"featured_media":5643,"parent":4865,"menu_order":0,"comment_status":"closed","ping_status":"closed","template":"collaboration-page-template.php","meta":{"site-sidebar-layout":"default","site-content-layout":"","ast-site-content-layout":"default","site-content-style":"default","site-sidebar-style":"default","ast-global-header-display":"","ast-banner-title-visibility":"","ast-main-header-display":"","ast-hfb-above-header-display":"","ast-hfb-below-header-display":"","ast-hfb-mobile-header-display":"","site-post-title":"","ast-breadcrumbs-content":"","ast-featured-img":"","footer-sml-layout":"","ast-disable-related-posts":"","theme-transparent-header-meta":"","adv-header-id-meta":"","stick-header-meta":"","header-above-stick-meta":"","header-main-stick-meta":"","header-below-stick-meta":"","astra-migrate-meta-layouts":"default","ast-page-background-enabled":"default","ast-page-background-meta":{"desktop":{"background-color":"var(--ast-global-color-4)","background-image":"","background-repeat":"repeat","background-position":"center center","background-size":"auto","background-attachment":"scroll","background-type":"","background-media":"","overlay-type":"","overlay-color":"","overlay-opacity":"","overlay-gradient":""},"tablet":{"background-color":"","background-image":"","background-repeat":"repeat","background-position":"center center","background-size":"auto","background-attachment":"scroll","background-type":"","background-media":"","overlay-type":"","overlay-color":"","overlay-opacity":"","overlay-gradient":""},"mobile":{"background-color":"","background-image":"","background-repeat":"repeat","background-position":"center center","background-size":"auto","background-attachment":"scroll","background-type":"","background-media":"","overlay-type":"","overlay-color":"","overlay-opacity":"","overlay-gradient":""}},"ast-content-background-meta":{"desktop":{"background-color":"var(--ast-global-color-5)","background-image":"","background-repeat":"repeat","background-position":"center center","background-size":"auto","background-attachment":"scroll","background-type":"","background-media":"","overlay-type":"","overlay-color":"","overlay-opacity":"","overlay-gradient":""},"tablet":{"background-color":"var(--ast-global-color-5)","background-image":"","background-repeat":"repeat","background-position":"center center","background-size":"auto","background-attachment":"scroll","background-type":"","background-media":"","overlay-type":"","overlay-color":"","overlay-opacity":"","overlay-gradient":""},"mobile":{"background-color":"var(--ast-global-color-5)","background-image":"","background-repeat":"repeat","background-position":"center center","background-size":"auto","background-attachment":"scroll","background-type":"","background-media":"","overlay-type":"","overlay-color":"","overlay-opacity":"","overlay-gradient":""}},"footnotes":""},"tags":[12,73],"class_list":["post-5642","page","type-page","status-publish","has-post-thumbnail","hentry","tag-a-beautiful-mind","tag-charlotte-church"],"yoast_head":"<!-- This site is optimized with the Yoast SEO plugin v23.4 - https:\/\/yoast.com\/wordpress\/plugins\/seo\/ -->\n<title>CHARLOTTE CHURCH<\/title>\n<meta name=\"description\" content=\"Charlotte Church (n\u00e9e Charlotte Maria Reed le 21 f\u00e9vrier 1986 \u00e0 Cardiff) est une chanteuse soprano et pr\u00e9sentatrice de t\u00e9l\u00e9vision galloise.\" \/>\n<meta name=\"robots\" content=\"index, follow, max-snippet:-1, max-image-preview:large, max-video-preview:-1\" \/>\n<link rel=\"canonical\" href=\"http:\/\/jameshorner-filmmusic.com\/fr\/collaborations\/charlotte-church\/\" \/>\n<meta property=\"og:locale\" content=\"fr_FR\" \/>\n<meta property=\"og:type\" content=\"article\" \/>\n<meta property=\"og:title\" content=\"CHARLOTTE CHURCH\" \/>\n<meta property=\"og:description\" content=\"Charlotte Church (n\u00e9e Charlotte Maria Reed le 21 f\u00e9vrier 1986 \u00e0 Cardiff) est une chanteuse soprano et pr\u00e9sentatrice de t\u00e9l\u00e9vision galloise.\" \/>\n<meta property=\"og:url\" content=\"http:\/\/jameshorner-filmmusic.com\/fr\/collaborations\/charlotte-church\/\" \/>\n<meta property=\"og:site_name\" content=\"JAMES HORNER\" \/>\n<meta property=\"article:publisher\" content=\"https:\/\/www.facebook.com\/pages\/James-Horner-Film-Music\/100282013394913\" \/>\n<meta property=\"article:modified_time\" content=\"2014-08-08T23:11:12+00:00\" \/>\n<meta property=\"og:image\" content=\"http:\/\/jameshorner-filmmusic.com\/wp-content\/uploads\/2012\/05\/church1.jpg\" \/>\n\t<meta property=\"og:image:width\" content=\"231\" \/>\n\t<meta property=\"og:image:height\" content=\"231\" \/>\n\t<meta property=\"og:image:type\" content=\"image\/jpeg\" \/>\n<meta name=\"twitter:label1\" content=\"Dur\u00e9e de lecture estim\u00e9e\" \/>\n\t<meta name=\"twitter:data1\" content=\"2 minutes\" \/>\n<script type=\"application\/ld+json\" class=\"yoast-schema-graph\">{\"@context\":\"https:\/\/schema.org\",\"@graph\":[{\"@type\":\"WebPage\",\"@id\":\"http:\/\/jameshorner-filmmusic.com\/fr\/collaborations\/charlotte-church\/\",\"url\":\"http:\/\/jameshorner-filmmusic.com\/fr\/collaborations\/charlotte-church\/\",\"name\":\"CHARLOTTE CHURCH\",\"isPartOf\":{\"@id\":\"https:\/\/jameshorner-filmmusic.com\/#website\"},\"primaryImageOfPage\":{\"@id\":\"http:\/\/jameshorner-filmmusic.com\/fr\/collaborations\/charlotte-church\/#primaryimage\"},\"image\":{\"@id\":\"http:\/\/jameshorner-filmmusic.com\/fr\/collaborations\/charlotte-church\/#primaryimage\"},\"thumbnailUrl\":\"https:\/\/jameshorner-filmmusic.com\/wp-content\/uploads\/2012\/05\/church1.jpg\",\"datePublished\":\"2012-07-13T23:02:05+00:00\",\"dateModified\":\"2014-08-08T23:11:12+00:00\",\"description\":\"Charlotte Church (n\u00e9e Charlotte Maria Reed le 21 f\u00e9vrier 1986 \u00e0 Cardiff) est une chanteuse soprano et pr\u00e9sentatrice de t\u00e9l\u00e9vision galloise.\",\"breadcrumb\":{\"@id\":\"http:\/\/jameshorner-filmmusic.com\/fr\/collaborations\/charlotte-church\/#breadcrumb\"},\"inLanguage\":\"fr-FR\",\"potentialAction\":[{\"@type\":\"ReadAction\",\"target\":[\"http:\/\/jameshorner-filmmusic.com\/fr\/collaborations\/charlotte-church\/\"]}]},{\"@type\":\"ImageObject\",\"inLanguage\":\"fr-FR\",\"@id\":\"http:\/\/jameshorner-filmmusic.com\/fr\/collaborations\/charlotte-church\/#primaryimage\",\"url\":\"https:\/\/jameshorner-filmmusic.com\/wp-content\/uploads\/2012\/05\/church1.jpg\",\"contentUrl\":\"https:\/\/jameshorner-filmmusic.com\/wp-content\/uploads\/2012\/05\/church1.jpg\",\"width\":231,\"height\":231},{\"@type\":\"BreadcrumbList\",\"@id\":\"http:\/\/jameshorner-filmmusic.com\/fr\/collaborations\/charlotte-church\/#breadcrumb\",\"itemListElement\":[{\"@type\":\"ListItem\",\"position\":1,\"name\":\"COLLABORATIONS\",\"item\":\"http:\/\/jameshorner-filmmusic.com\/fr\/collaborations\/\"},{\"@type\":\"ListItem\",\"position\":2,\"name\":\"CHARLOTTE CHURCH\"}]},{\"@type\":\"WebSite\",\"@id\":\"https:\/\/jameshorner-filmmusic.com\/#website\",\"url\":\"https:\/\/jameshorner-filmmusic.com\/\",\"name\":\"JAMES HORNER\",\"description\":\"JAMES HORNER FILM MUSIC\",\"publisher\":{\"@id\":\"https:\/\/jameshorner-filmmusic.com\/#organization\"},\"potentialAction\":[{\"@type\":\"SearchAction\",\"target\":{\"@type\":\"EntryPoint\",\"urlTemplate\":\"https:\/\/jameshorner-filmmusic.com\/?s={search_term_string}\"},\"query-input\":{\"@type\":\"PropertyValueSpecification\",\"valueRequired\":true,\"valueName\":\"search_term_string\"}}],\"inLanguage\":\"fr-FR\"},{\"@type\":\"Organization\",\"@id\":\"https:\/\/jameshorner-filmmusic.com\/#organization\",\"name\":\"James Horner Film Music\",\"url\":\"https:\/\/jameshorner-filmmusic.com\/\",\"logo\":{\"@type\":\"ImageObject\",\"inLanguage\":\"fr-FR\",\"@id\":\"https:\/\/jameshorner-filmmusic.com\/#\/schema\/logo\/image\/\",\"url\":\"http:\/\/jameshorner-filmmusic.com\/wp-content\/uploads\/2015\/04\/logo-JHFM-2b.png\",\"contentUrl\":\"http:\/\/jameshorner-filmmusic.com\/wp-content\/uploads\/2015\/04\/logo-JHFM-2b.png\",\"width\":250,\"height\":250,\"caption\":\"James Horner Film Music\"},\"image\":{\"@id\":\"https:\/\/jameshorner-filmmusic.com\/#\/schema\/logo\/image\/\"},\"sameAs\":[\"https:\/\/www.facebook.com\/pages\/James-Horner-Film-Music\/100282013394913\",\"https:\/\/x.com\/HORNERFILMMUSIC\",\"https:\/\/www.youtube.com\/channel\/UCzg0Lpstvu-boRkcMewxKSg\"]}]}<\/script>\n<!-- \/ Yoast SEO plugin. -->","yoast_head_json":{"title":"CHARLOTTE CHURCH","description":"Charlotte Church (n\u00e9e Charlotte Maria Reed le 21 f\u00e9vrier 1986 \u00e0 Cardiff) est une chanteuse soprano et pr\u00e9sentatrice de t\u00e9l\u00e9vision galloise.","robots":{"index":"index","follow":"follow","max-snippet":"max-snippet:-1","max-image-preview":"max-image-preview:large","max-video-preview":"max-video-preview:-1"},"canonical":"http:\/\/jameshorner-filmmusic.com\/fr\/collaborations\/charlotte-church\/","og_locale":"fr_FR","og_type":"article","og_title":"CHARLOTTE CHURCH","og_description":"Charlotte Church (n\u00e9e Charlotte Maria Reed le 21 f\u00e9vrier 1986 \u00e0 Cardiff) est une chanteuse soprano et pr\u00e9sentatrice de t\u00e9l\u00e9vision galloise.","og_url":"http:\/\/jameshorner-filmmusic.com\/fr\/collaborations\/charlotte-church\/","og_site_name":"JAMES HORNER","article_publisher":"https:\/\/www.facebook.com\/pages\/James-Horner-Film-Music\/100282013394913","article_modified_time":"2014-08-08T23:11:12+00:00","og_image":[{"width":231,"height":231,"url":"http:\/\/jameshorner-filmmusic.com\/wp-content\/uploads\/2012\/05\/church1.jpg","type":"image\/jpeg"}],"twitter_misc":{"Dur\u00e9e de lecture estim\u00e9e":"2 minutes"},"schema":{"@context":"https:\/\/schema.org","@graph":[{"@type":"WebPage","@id":"http:\/\/jameshorner-filmmusic.com\/fr\/collaborations\/charlotte-church\/","url":"http:\/\/jameshorner-filmmusic.com\/fr\/collaborations\/charlotte-church\/","name":"CHARLOTTE CHURCH","isPartOf":{"@id":"https:\/\/jameshorner-filmmusic.com\/#website"},"primaryImageOfPage":{"@id":"http:\/\/jameshorner-filmmusic.com\/fr\/collaborations\/charlotte-church\/#primaryimage"},"image":{"@id":"http:\/\/jameshorner-filmmusic.com\/fr\/collaborations\/charlotte-church\/#primaryimage"},"thumbnailUrl":"https:\/\/jameshorner-filmmusic.com\/wp-content\/uploads\/2012\/05\/church1.jpg","datePublished":"2012-07-13T23:02:05+00:00","dateModified":"2014-08-08T23:11:12+00:00","description":"Charlotte Church (n\u00e9e Charlotte Maria Reed le 21 f\u00e9vrier 1986 \u00e0 Cardiff) est une chanteuse soprano et pr\u00e9sentatrice de t\u00e9l\u00e9vision galloise.","breadcrumb":{"@id":"http:\/\/jameshorner-filmmusic.com\/fr\/collaborations\/charlotte-church\/#breadcrumb"},"inLanguage":"fr-FR","potentialAction":[{"@type":"ReadAction","target":["http:\/\/jameshorner-filmmusic.com\/fr\/collaborations\/charlotte-church\/"]}]},{"@type":"ImageObject","inLanguage":"fr-FR","@id":"http:\/\/jameshorner-filmmusic.com\/fr\/collaborations\/charlotte-church\/#primaryimage","url":"https:\/\/jameshorner-filmmusic.com\/wp-content\/uploads\/2012\/05\/church1.jpg","contentUrl":"https:\/\/jameshorner-filmmusic.com\/wp-content\/uploads\/2012\/05\/church1.jpg","width":231,"height":231},{"@type":"BreadcrumbList","@id":"http:\/\/jameshorner-filmmusic.com\/fr\/collaborations\/charlotte-church\/#breadcrumb","itemListElement":[{"@type":"ListItem","position":1,"name":"COLLABORATIONS","item":"http:\/\/jameshorner-filmmusic.com\/fr\/collaborations\/"},{"@type":"ListItem","position":2,"name":"CHARLOTTE CHURCH"}]},{"@type":"WebSite","@id":"https:\/\/jameshorner-filmmusic.com\/#website","url":"https:\/\/jameshorner-filmmusic.com\/","name":"JAMES HORNER","description":"JAMES HORNER FILM MUSIC","publisher":{"@id":"https:\/\/jameshorner-filmmusic.com\/#organization"},"potentialAction":[{"@type":"SearchAction","target":{"@type":"EntryPoint","urlTemplate":"https:\/\/jameshorner-filmmusic.com\/?s={search_term_string}"},"query-input":{"@type":"PropertyValueSpecification","valueRequired":true,"valueName":"search_term_string"}}],"inLanguage":"fr-FR"},{"@type":"Organization","@id":"https:\/\/jameshorner-filmmusic.com\/#organization","name":"James Horner Film Music","url":"https:\/\/jameshorner-filmmusic.com\/","logo":{"@type":"ImageObject","inLanguage":"fr-FR","@id":"https:\/\/jameshorner-filmmusic.com\/#\/schema\/logo\/image\/","url":"http:\/\/jameshorner-filmmusic.com\/wp-content\/uploads\/2015\/04\/logo-JHFM-2b.png","contentUrl":"http:\/\/jameshorner-filmmusic.com\/wp-content\/uploads\/2015\/04\/logo-JHFM-2b.png","width":250,"height":250,"caption":"James Horner Film Music"},"image":{"@id":"https:\/\/jameshorner-filmmusic.com\/#\/schema\/logo\/image\/"},"sameAs":["https:\/\/www.facebook.com\/pages\/James-Horner-Film-Music\/100282013394913","https:\/\/x.com\/HORNERFILMMUSIC","https:\/\/www.youtube.com\/channel\/UCzg0Lpstvu-boRkcMewxKSg"]}]}},"_links":{"self":[{"href":"https:\/\/jameshorner-filmmusic.com\/fr\/wp-json\/wp\/v2\/pages\/5642"}],"collection":[{"href":"https:\/\/jameshorner-filmmusic.com\/fr\/wp-json\/wp\/v2\/pages"}],"about":[{"href":"https:\/\/jameshorner-filmmusic.com\/fr\/wp-json\/wp\/v2\/types\/page"}],"author":[{"embeddable":true,"href":"https:\/\/jameshorner-filmmusic.com\/fr\/wp-json\/wp\/v2\/users\/4"}],"replies":[{"embeddable":true,"href":"https:\/\/jameshorner-filmmusic.com\/fr\/wp-json\/wp\/v2\/comments?post=5642"}],"version-history":[{"count":0,"href":"https:\/\/jameshorner-filmmusic.com\/fr\/wp-json\/wp\/v2\/pages\/5642\/revisions"}],"up":[{"embeddable":true,"href":"https:\/\/jameshorner-filmmusic.com\/fr\/wp-json\/wp\/v2\/pages\/4865"}],"wp:featuredmedia":[{"embeddable":true,"href":"https:\/\/jameshorner-filmmusic.com\/fr\/wp-json\/wp\/v2\/media\/5643"}],"wp:attachment":[{"href":"https:\/\/jameshorner-filmmusic.com\/fr\/wp-json\/wp\/v2\/media?parent=5642"}],"wp:term":[{"taxonomy":"post_tag","embeddable":true,"href":"https:\/\/jameshorner-filmmusic.com\/fr\/wp-json\/wp\/v2\/tags?post=5642"}],"curies":[{"name":"wp","href":"https:\/\/api.w.org\/{rel}","templated":true}]}}